{"id":17122,"date":"2026-04-10T15:24:12","date_gmt":"2026-04-10T19:24:12","guid":{"rendered":"https:\/\/www.cos-sco.ca\/?page_id=17122"},"modified":"2026-04-10T16:02:06","modified_gmt":"2026-04-10T20:02:06","slug":"2026-lifetime-achievement-award-winner-dr-john-tyson-harvey","status":"publish","type":"page","link":"https:\/\/www.cos-sco.ca\/fr\/membership\/awards\/lifetime-award-recipient\/2026-lifetime-achievement-award-winner-dr-john-tyson-harvey\/","title":{"rendered":"2026 Lifetime Achievement Award Winner \u2013 Dr. John Tyson Harvey"},"content":{"rendered":"\n<div class=\"wp-block-cover alignfull\" style=\"min-height:343px;aspect-ratio:unset;\"><img loading=\"lazy\" decoding=\"async\" width=\"1024\" height=\"702\" class=\"wp-block-cover__image-background wp-image-208 size-large\" alt=\"\" src=\"https:\/\/www.cos-sco.ca\/wp-content\/uploads\/2025\/10\/impact-bg-1024x702.png\" data-object-fit=\"cover\" srcset=\"https:\/\/www.cos-sco.ca\/wp-content\/uploads\/2025\/10\/impact-bg-1024x702.png 1024w, https:\/\/www.cos-sco.ca\/wp-content\/uploads\/2025\/10\/impact-bg-300x206.png 300w, https:\/\/www.cos-sco.ca\/wp-content\/uploads\/2025\/10\/impact-bg-768x526.png 768w, https:\/\/www.cos-sco.ca\/wp-content\/uploads\/2025\/10\/impact-bg-1536x1052.png 1536w, https:\/\/www.cos-sco.ca\/wp-content\/uploads\/2025\/10\/impact-bg-2048x1403.png 2048w\" sizes=\"auto, (max-width: 1024px) 100vw, 1024px\" \/><span aria-hidden=\"true\" class=\"wp-block-cover__background has-background-dim\" style=\"background-color:#3f4460\"><\/span><div class=\"wp-block-cover__inner-container is-layout-constrained wp-block-cover-is-layout-constrained\">\n<h1 class=\"wp-block-heading has-text-align-center\"><strong><strong><strong>Laur\u00e9at du Prix de reconnaissance pour l\u2019ensemble d\u2019une carri\u00e8re de 2026 : D<sup>r<\/sup>&nbsp;John Tyson Harvey<\/strong><\/strong><\/strong><\/h1>\n<\/div><\/div>\n\n\n<div class=\"yoast-breadcrumbs\"><span><span><a href=\"https:\/\/www.cos-sco.ca\/fr\/\">Home<\/a><\/span> \/ <span class=\"breadcrumb_last\" aria-current=\"page\">2026 Lifetime Achievement Award Winner \u2013 Dr. John Tyson Harvey<\/span><\/span><\/div>\n\n\n<h2 class=\"wp-block-heading\"><strong><strong><strong>La Soci\u00e9t\u00e9 canadienne d\u2019ophtalmologie (SCO) est fi\u00e8re d\u2019annoncer que le D<sup>r<\/sup>&nbsp;John Harvey est le laur\u00e9at du Prix de reconnaissance pour l\u2019ensemble d\u2019une carri\u00e8re de 2026.<\/strong><\/strong><\/strong><\/h2>\n\n\n\n<figure class=\"wp-block-image aligncenter size-full is-resized is-style-rounded\" style=\"margin-bottom:var(--wp--preset--spacing--md)\"><img loading=\"lazy\" decoding=\"async\" width=\"385\" height=\"512\" src=\"https:\/\/www.cos-sco.ca\/wp-content\/uploads\/2026\/04\/Harvey-LAA-1.jpg\" alt=\"\" class=\"wp-image-17120\" style=\"aspect-ratio:1;object-fit:cover;width:294px;height:auto\" srcset=\"https:\/\/www.cos-sco.ca\/wp-content\/uploads\/2026\/04\/Harvey-LAA-1.jpg 385w, https:\/\/www.cos-sco.ca\/wp-content\/uploads\/2026\/04\/Harvey-LAA-1-226x300.jpg 226w\" sizes=\"auto, (max-width: 385px) 100vw, 385px\" \/><\/figure>\n\n\n\n<p>Ce prix est d\u00e9cern\u00e9 chaque ann\u00e9e pour honorer un membre de la SCO qui a apport\u00e9 des contributions significatives aux soins visuels et oculaires, qui a eu un impact durable \u00e0 l\u2019\u00e9chelle nationale et internationale sur le d\u00e9veloppement de la profession, et qui a maintenu le niveau le plus \u00e9lev\u00e9 de soins aux patients dans sa pratique.<\/p>\n\n\n\n<p id=\"E472\">Le D<sup>r<\/sup>&nbsp;John Harvey a obtenu son dipl\u00f4me de premier cycle en m\u00e9decine de l\u2019Universit\u00e9 Western en 1975 et a effectu\u00e9 sa r\u00e9sidence en ophtalmologie \u00e0 l\u2019Universit\u00e9 d\u2019Ottawa. Il a ensuite r\u00e9alis\u00e9 un stage de recherche en oculoplastie et chirurgie orbitaire \u00e0 l\u2019Universit\u00e9 de l\u2019Iowa en 1980, suivi d\u2019une exp\u00e9rience clinique suppl\u00e9mentaire au St. John Eye Hospital de J\u00e9rusalem.<\/p>\n\n\n\n<p id=\"E582\">En 1983, le D<sup>r<\/sup>&nbsp;Harvey s\u2019est joint \u00e0 l\u2019Universit\u00e9 McMaster, o\u00f9 il a occup\u00e9 des fonctions universitaires \u00e0 temps plein jusqu\u2019\u00e0 sa retraite en juin 2023. Il a largement contribu\u00e9 \u00e0 la formation des r\u00e9sidents et boursiers, est l\u2019auteur de plus de 60 publications r\u00e9vis\u00e9es par des pairs et de chapitres de livres, et a occup\u00e9 plusieurs postes de direction \u00e0 l\u2019Universit\u00e9 et dans les h\u00f4pitaux affili\u00e9s.<\/p>\n\n\n\n<p id=\"E691\">Deux projets lui ont \u00e9t\u00e9 particuli\u00e8rement chers : le r\u00e9tablissement du programme de r\u00e9sidence en<\/p>\n\n\n\n<p>ophtalmologie de l\u2019Universit\u00e9 McMaster en 2002 (avec l\u2019entr\u00e9e du premier r\u00e9sident en 2005) et la fondation du Hamilton Regional Eye Institute en 2008, qui a regroup\u00e9 les services d\u2019ophtalmologie hospitaliers de la r\u00e9gion.<\/p>\n\n\n\n<p id=\"E780\">Tout au long de sa carri\u00e8re, le D<sup>r<\/sup>&nbsp;Harvey s\u2019est consacr\u00e9 aux soins ophtalmiques mondiaux et a particip\u00e9 \u00e0 plus de 50 projets de sensibilisation r\u00e9partis dans 20 pays. Sa carri\u00e8re t\u00e9moigne d\u2019un profond engagement en faveur de l\u2019\u00e9ducation, de la collaboration et du service. Il exprime sa sinc\u00e8re gratitude aux coll\u00e8gues, aux stagiaires et aux patients ayant rendu ce travail possible.<\/p>\n","protected":false},"excerpt":{"rendered":"<p>La Soci\u00e9t\u00e9 canadienne d\u2019ophtalmologie (SCO) est fi\u00e8re d\u2019annoncer que le Dr&nbsp;John Harvey est le laur\u00e9at du Prix de reconnaissance pour l\u2019ensemble d\u2019une carri\u00e8re de 2026. Ce prix est d\u00e9cern\u00e9 chaque ann\u00e9e pour honorer un membre de la SCO qui a apport\u00e9 des contributions significatives aux soins visuels et oculaires, qui a eu un impact durable [&hellip;]<\/p>\n","protected":false},"author":9,"featured_media":0,"parent":15137,"menu_order":0,"comment_status":"closed","ping_status":"closed","template":"","meta":{"footnotes":""},"class_list":["post-17122","page","type-page","status-publish","hentry"],"yoast_head":"<!-- This site is optimized with the Yoast SEO plugin v27.3 - https:\/\/yoast.com\/product\/yoast-seo-wordpress\/ -->\n<title>2026 Lifetime Achievement Award Winner \u2013 Dr. John Tyson Harvey - COS-SCO<\/title>\n<meta name=\"robots\" content=\"index, follow, max-snippet:-1, max-image-preview:large, max-video-preview:-1\" \/>\n<link rel=\"canonical\" href=\"https:\/\/www.cos-sco.ca\/fr\/membership\/awards\/lifetime-award-recipient\/2026-lifetime-achievement-award-winner-dr-john-tyson-harvey\/\" \/>\n<meta property=\"og:locale\" content=\"fr_FR\" \/>\n<meta property=\"og:type\" content=\"article\" \/>\n<meta property=\"og:title\" content=\"2026 Lifetime Achievement Award Winner \u2013 Dr. John Tyson Harvey - COS-SCO\" \/>\n<meta property=\"og:description\" content=\"La Soci\u00e9t\u00e9 canadienne d\u2019ophtalmologie (SCO) est fi\u00e8re d\u2019annoncer que le Dr&nbsp;John Harvey est le laur\u00e9at du Prix de reconnaissance pour l\u2019ensemble d\u2019une carri\u00e8re de 2026. Ce prix est d\u00e9cern\u00e9 chaque ann\u00e9e pour honorer un membre de la SCO qui a apport\u00e9 des contributions significatives aux soins visuels et oculaires, qui a eu un impact durable [&hellip;]\" \/>\n<meta property=\"og:url\" content=\"https:\/\/www.cos-sco.ca\/fr\/membership\/awards\/lifetime-award-recipient\/2026-lifetime-achievement-award-winner-dr-john-tyson-harvey\/\" \/>\n<meta property=\"og:site_name\" content=\"COS-SCO\" \/>\n<meta property=\"article:modified_time\" content=\"2026-04-10T20:02:06+00:00\" \/>\n<meta property=\"og:image\" content=\"https:\/\/www.cos-sco.ca\/wp-content\/uploads\/2025\/10\/impact-bg-1024x702.png\" \/>\n<meta name=\"twitter:card\" content=\"summary_large_image\" \/>\n<meta name=\"twitter:label1\" content=\"Dur\u00e9e de lecture estim\u00e9e\" \/>\n\t<meta name=\"twitter:data1\" content=\"2 minutes\" \/>\n<script type=\"application\/ld+json\" class=\"yoast-schema-graph\">{\"@context\":\"https:\\\/\\\/schema.org\",\"@graph\":[{\"@type\":\"WebPage\",\"@id\":\"https:\\\/\\\/www.cos-sco.ca\\\/fr\\\/membership\\\/awards\\\/lifetime-award-recipient\\\/2026-lifetime-achievement-award-winner-dr-john-tyson-harvey\\\/\",\"url\":\"https:\\\/\\\/www.cos-sco.ca\\\/fr\\\/membership\\\/awards\\\/lifetime-award-recipient\\\/2026-lifetime-achievement-award-winner-dr-john-tyson-harvey\\\/\",\"name\":\"2026 Lifetime Achievement Award Winner \u2013 Dr. John Tyson Harvey - COS-SCO\",\"isPartOf\":{\"@id\":\"https:\\\/\\\/www.cos-sco.ca\\\/fr\\\/#website\"},\"primaryImageOfPage\":{\"@id\":\"https:\\\/\\\/www.cos-sco.ca\\\/fr\\\/membership\\\/awards\\\/lifetime-award-recipient\\\/2026-lifetime-achievement-award-winner-dr-john-tyson-harvey\\\/#primaryimage\"},\"image\":{\"@id\":\"https:\\\/\\\/www.cos-sco.ca\\\/fr\\\/membership\\\/awards\\\/lifetime-award-recipient\\\/2026-lifetime-achievement-award-winner-dr-john-tyson-harvey\\\/#primaryimage\"},\"thumbnailUrl\":\"https:\\\/\\\/www.cos-sco.ca\\\/wp-content\\\/uploads\\\/2025\\\/10\\\/impact-bg-1024x702.png\",\"datePublished\":\"2026-04-10T19:24:12+00:00\",\"dateModified\":\"2026-04-10T20:02:06+00:00\",\"breadcrumb\":{\"@id\":\"https:\\\/\\\/www.cos-sco.ca\\\/fr\\\/membership\\\/awards\\\/lifetime-award-recipient\\\/2026-lifetime-achievement-award-winner-dr-john-tyson-harvey\\\/#breadcrumb\"},\"inLanguage\":\"fr-FR\",\"potentialAction\":[{\"@type\":\"ReadAction\",\"target\":[\"https:\\\/\\\/www.cos-sco.ca\\\/fr\\\/membership\\\/awards\\\/lifetime-award-recipient\\\/2026-lifetime-achievement-award-winner-dr-john-tyson-harvey\\\/\"]}]},{\"@type\":\"ImageObject\",\"inLanguage\":\"fr-FR\",\"@id\":\"https:\\\/\\\/www.cos-sco.ca\\\/fr\\\/membership\\\/awards\\\/lifetime-award-recipient\\\/2026-lifetime-achievement-award-winner-dr-john-tyson-harvey\\\/#primaryimage\",\"url\":\"https:\\\/\\\/www.cos-sco.ca\\\/wp-content\\\/uploads\\\/2025\\\/10\\\/impact-bg-1024x702.png\",\"contentUrl\":\"https:\\\/\\\/www.cos-sco.ca\\\/wp-content\\\/uploads\\\/2025\\\/10\\\/impact-bg-1024x702.png\"},{\"@type\":\"BreadcrumbList\",\"@id\":\"https:\\\/\\\/www.cos-sco.ca\\\/fr\\\/membership\\\/awards\\\/lifetime-award-recipient\\\/2026-lifetime-achievement-award-winner-dr-john-tyson-harvey\\\/#breadcrumb\",\"itemListElement\":[{\"@type\":\"ListItem\",\"position\":1,\"name\":\"Home\",\"item\":\"https:\\\/\\\/www.cos-sco.ca\\\/fr\\\/\"},{\"@type\":\"ListItem\",\"position\":2,\"name\":\"2026 Lifetime Achievement Award Winner \u2013 Dr. John Tyson Harvey\"}]},{\"@type\":\"WebSite\",\"@id\":\"https:\\\/\\\/www.cos-sco.ca\\\/fr\\\/#website\",\"url\":\"https:\\\/\\\/www.cos-sco.ca\\\/fr\\\/\",\"name\":\"COS-SCO\",\"description\":\"\",\"publisher\":{\"@id\":\"https:\\\/\\\/www.cos-sco.ca\\\/fr\\\/#organization\"},\"potentialAction\":[{\"@type\":\"SearchAction\",\"target\":{\"@type\":\"EntryPoint\",\"urlTemplate\":\"https:\\\/\\\/www.cos-sco.ca\\\/fr\\\/?s={search_term_string}\"},\"query-input\":{\"@type\":\"PropertyValueSpecification\",\"valueRequired\":true,\"valueName\":\"search_term_string\"}}],\"inLanguage\":\"fr-FR\"},{\"@type\":\"Organization\",\"@id\":\"https:\\\/\\\/www.cos-sco.ca\\\/fr\\\/#organization\",\"name\":\"COS-SCO\",\"url\":\"https:\\\/\\\/www.cos-sco.ca\\\/fr\\\/\",\"logo\":{\"@type\":\"ImageObject\",\"inLanguage\":\"fr-FR\",\"@id\":\"https:\\\/\\\/www.cos-sco.ca\\\/fr\\\/#\\\/schema\\\/logo\\\/image\\\/\",\"url\":\"https:\\\/\\\/www.cos-sco.ca\\\/wp-content\\\/uploads\\\/2025\\\/10\\\/logo.png\",\"contentUrl\":\"https:\\\/\\\/www.cos-sco.ca\\\/wp-content\\\/uploads\\\/2025\\\/10\\\/logo.png\",\"width\":316,\"height\":180,\"caption\":\"COS-SCO\"},\"image\":{\"@id\":\"https:\\\/\\\/www.cos-sco.ca\\\/fr\\\/#\\\/schema\\\/logo\\\/image\\\/\"}}]}<\/script>\n<!-- \/ Yoast SEO plugin. -->","yoast_head_json":{"title":"2026 Lifetime Achievement Award Winner \u2013 Dr. John Tyson Harvey - COS-SCO","robots":{"index":"index","follow":"follow","max-snippet":"max-snippet:-1","max-image-preview":"max-image-preview:large","max-video-preview":"max-video-preview:-1"},"canonical":"https:\/\/www.cos-sco.ca\/fr\/membership\/awards\/lifetime-award-recipient\/2026-lifetime-achievement-award-winner-dr-john-tyson-harvey\/","og_locale":"fr_FR","og_type":"article","og_title":"2026 Lifetime Achievement Award Winner \u2013 Dr. John Tyson Harvey - COS-SCO","og_description":"La Soci\u00e9t\u00e9 canadienne d\u2019ophtalmologie (SCO) est fi\u00e8re d\u2019annoncer que le Dr&nbsp;John Harvey est le laur\u00e9at du Prix de reconnaissance pour l\u2019ensemble d\u2019une carri\u00e8re de 2026. Ce prix est d\u00e9cern\u00e9 chaque ann\u00e9e pour honorer un membre de la SCO qui a apport\u00e9 des contributions significatives aux soins visuels et oculaires, qui a eu un impact durable [&hellip;]","og_url":"https:\/\/www.cos-sco.ca\/fr\/membership\/awards\/lifetime-award-recipient\/2026-lifetime-achievement-award-winner-dr-john-tyson-harvey\/","og_site_name":"COS-SCO","article_modified_time":"2026-04-10T20:02:06+00:00","og_image":[{"url":"https:\/\/www.cos-sco.ca\/wp-content\/uploads\/2025\/10\/impact-bg-1024x702.png","type":"","width":"","height":""}],"twitter_card":"summary_large_image","twitter_misc":{"Dur\u00e9e de lecture estim\u00e9e":"2 minutes"},"schema":{"@context":"https:\/\/schema.org","@graph":[{"@type":"WebPage","@id":"https:\/\/www.cos-sco.ca\/fr\/membership\/awards\/lifetime-award-recipient\/2026-lifetime-achievement-award-winner-dr-john-tyson-harvey\/","url":"https:\/\/www.cos-sco.ca\/fr\/membership\/awards\/lifetime-award-recipient\/2026-lifetime-achievement-award-winner-dr-john-tyson-harvey\/","name":"2026 Lifetime Achievement Award Winner \u2013 Dr. John Tyson Harvey - COS-SCO","isPartOf":{"@id":"https:\/\/www.cos-sco.ca\/fr\/#website"},"primaryImageOfPage":{"@id":"https:\/\/www.cos-sco.ca\/fr\/membership\/awards\/lifetime-award-recipient\/2026-lifetime-achievement-award-winner-dr-john-tyson-harvey\/#primaryimage"},"image":{"@id":"https:\/\/www.cos-sco.ca\/fr\/membership\/awards\/lifetime-award-recipient\/2026-lifetime-achievement-award-winner-dr-john-tyson-harvey\/#primaryimage"},"thumbnailUrl":"https:\/\/www.cos-sco.ca\/wp-content\/uploads\/2025\/10\/impact-bg-1024x702.png","datePublished":"2026-04-10T19:24:12+00:00","dateModified":"2026-04-10T20:02:06+00:00","breadcrumb":{"@id":"https:\/\/www.cos-sco.ca\/fr\/membership\/awards\/lifetime-award-recipient\/2026-lifetime-achievement-award-winner-dr-john-tyson-harvey\/#breadcrumb"},"inLanguage":"fr-FR","potentialAction":[{"@type":"ReadAction","target":["https:\/\/www.cos-sco.ca\/fr\/membership\/awards\/lifetime-award-recipient\/2026-lifetime-achievement-award-winner-dr-john-tyson-harvey\/"]}]},{"@type":"ImageObject","inLanguage":"fr-FR","@id":"https:\/\/www.cos-sco.ca\/fr\/membership\/awards\/lifetime-award-recipient\/2026-lifetime-achievement-award-winner-dr-john-tyson-harvey\/#primaryimage","url":"https:\/\/www.cos-sco.ca\/wp-content\/uploads\/2025\/10\/impact-bg-1024x702.png","contentUrl":"https:\/\/www.cos-sco.ca\/wp-content\/uploads\/2025\/10\/impact-bg-1024x702.png"},{"@type":"BreadcrumbList","@id":"https:\/\/www.cos-sco.ca\/fr\/membership\/awards\/lifetime-award-recipient\/2026-lifetime-achievement-award-winner-dr-john-tyson-harvey\/#breadcrumb","itemListElement":[{"@type":"ListItem","position":1,"name":"Home","item":"https:\/\/www.cos-sco.ca\/fr\/"},{"@type":"ListItem","position":2,"name":"2026 Lifetime Achievement Award Winner \u2013 Dr. John Tyson Harvey"}]},{"@type":"WebSite","@id":"https:\/\/www.cos-sco.ca\/fr\/#website","url":"https:\/\/www.cos-sco.ca\/fr\/","name":"COS-SCO","description":"","publisher":{"@id":"https:\/\/www.cos-sco.ca\/fr\/#organization"},"potentialAction":[{"@type":"SearchAction","target":{"@type":"EntryPoint","urlTemplate":"https:\/\/www.cos-sco.ca\/fr\/?s={search_term_string}"},"query-input":{"@type":"PropertyValueSpecification","valueRequired":true,"valueName":"search_term_string"}}],"inLanguage":"fr-FR"},{"@type":"Organization","@id":"https:\/\/www.cos-sco.ca\/fr\/#organization","name":"COS-SCO","url":"https:\/\/www.cos-sco.ca\/fr\/","logo":{"@type":"ImageObject","inLanguage":"fr-FR","@id":"https:\/\/www.cos-sco.ca\/fr\/#\/schema\/logo\/image\/","url":"https:\/\/www.cos-sco.ca\/wp-content\/uploads\/2025\/10\/logo.png","contentUrl":"https:\/\/www.cos-sco.ca\/wp-content\/uploads\/2025\/10\/logo.png","width":316,"height":180,"caption":"COS-SCO"},"image":{"@id":"https:\/\/www.cos-sco.ca\/fr\/#\/schema\/logo\/image\/"}}]}},"_links":{"self":[{"href":"https:\/\/www.cos-sco.ca\/fr\/wp-json\/wp\/v2\/pages\/17122","targetHints":{"allow":["GET"]}}],"collection":[{"href":"https:\/\/www.cos-sco.ca\/fr\/wp-json\/wp\/v2\/pages"}],"about":[{"href":"https:\/\/www.cos-sco.ca\/fr\/wp-json\/wp\/v2\/types\/page"}],"author":[{"embeddable":true,"href":"https:\/\/www.cos-sco.ca\/fr\/wp-json\/wp\/v2\/users\/9"}],"replies":[{"embeddable":true,"href":"https:\/\/www.cos-sco.ca\/fr\/wp-json\/wp\/v2\/comments?post=17122"}],"version-history":[{"count":3,"href":"https:\/\/www.cos-sco.ca\/fr\/wp-json\/wp\/v2\/pages\/17122\/revisions"}],"predecessor-version":[{"id":17139,"href":"https:\/\/www.cos-sco.ca\/fr\/wp-json\/wp\/v2\/pages\/17122\/revisions\/17139"}],"up":[{"embeddable":true,"href":"https:\/\/www.cos-sco.ca\/fr\/wp-json\/wp\/v2\/pages\/15137"}],"wp:attachment":[{"href":"https:\/\/www.cos-sco.ca\/fr\/wp-json\/wp\/v2\/media?parent=17122"}],"curies":[{"name":"wp","href":"https:\/\/api.w.org\/{rel}","templated":true}]}}