{"id":17084,"date":"2026-04-10T11:23:53","date_gmt":"2026-04-10T15:23:53","guid":{"rendered":"https:\/\/www.cos-sco.ca\/?page_id=17084"},"modified":"2026-04-10T11:56:16","modified_gmt":"2026-04-10T15:56:16","slug":"2026-leadership-in-advocacy-award-winner-dr-phil-hooper","status":"publish","type":"page","link":"https:\/\/www.cos-sco.ca\/fr\/membership\/awards\/leadership-in-advocacy-award\/2026-leadership-in-advocacy-award-winner-dr-phil-hooper\/","title":{"rendered":"Laur\u00e9at du\u00a0prix du leadership pour la d\u00e9fense des droits et des int\u00e9r\u00eats de la SCO 2026\u00a0 \u2013 Dr. Phil Hooper"},"content":{"rendered":"\n<div class=\"wp-block-cover alignfull\" style=\"min-height:343px;aspect-ratio:unset;\"><img loading=\"lazy\" decoding=\"async\" width=\"1024\" height=\"702\" class=\"wp-block-cover__image-background wp-image-208 size-large\" alt=\"\" src=\"https:\/\/www.cos-sco.ca\/wp-content\/uploads\/2025\/10\/impact-bg-1024x702.png\" data-object-fit=\"cover\" srcset=\"https:\/\/www.cos-sco.ca\/wp-content\/uploads\/2025\/10\/impact-bg-1024x702.png 1024w, https:\/\/www.cos-sco.ca\/wp-content\/uploads\/2025\/10\/impact-bg-300x206.png 300w, https:\/\/www.cos-sco.ca\/wp-content\/uploads\/2025\/10\/impact-bg-768x526.png 768w, https:\/\/www.cos-sco.ca\/wp-content\/uploads\/2025\/10\/impact-bg-1536x1052.png 1536w, https:\/\/www.cos-sco.ca\/wp-content\/uploads\/2025\/10\/impact-bg-2048x1403.png 2048w\" sizes=\"auto, (max-width: 1024px) 100vw, 1024px\" \/><span aria-hidden=\"true\" class=\"wp-block-cover__background has-background-dim\" style=\"background-color:#3f4460\"><\/span><div class=\"wp-block-cover__inner-container is-layout-constrained wp-block-cover-is-layout-constrained\">\n<h1 class=\"wp-block-heading has-text-align-center\">Laur\u00e9at du\u00a0prix du leadership pour la d\u00e9fense des droits et des int\u00e9r\u00eats de la SCO 2026 \u2013 Dr. Phil Hooper<\/h1>\n<\/div><\/div>\n\n\n<div class=\"yoast-breadcrumbs\"><span><span><a href=\"https:\/\/www.cos-sco.ca\/fr\/\">Home<\/a><\/span> \/ <span class=\"breadcrumb_last\" aria-current=\"page\">Laur\u00e9at du\u00a0prix du leadership pour la d\u00e9fense des droits et des int\u00e9r\u00eats de la SCO 2026\u00a0 \u2013 Dr. Phil Hooper<\/span><\/span><\/div>\n\n\n<h2 class=\"wp-block-heading\"><strong>La Soci\u00e9t\u00e9 canadienne d\u2019ophtalmologie (SCO) est fi\u00e8re d\u2019annoncer que la\u00a0<\/strong>Dr. Phil Hooper <strong>est la laur\u00e9ate du<\/strong>\u00a0prix du leadership pour la d\u00e9fense des droits et des int\u00e9r\u00eats de la SCO 2026.<\/h2>\n\n\n\n<figure class=\"wp-block-image aligncenter size-full is-resized is-style-rounded\" style=\"margin-bottom:var(--wp--preset--spacing--md)\"><img loading=\"lazy\" decoding=\"async\" width=\"2560\" height=\"2560\" src=\"https:\/\/www.cos-sco.ca\/wp-content\/uploads\/2025\/11\/2022-06-09-Hooper-square-scaled.jpg\" alt=\"\" class=\"wp-image-14753\" style=\"aspect-ratio:1;object-fit:cover;width:202px;height:auto\" srcset=\"https:\/\/www.cos-sco.ca\/wp-content\/uploads\/2025\/11\/2022-06-09-Hooper-square-scaled.jpg 2560w, https:\/\/www.cos-sco.ca\/wp-content\/uploads\/2025\/11\/2022-06-09-Hooper-square-300x300.jpg 300w, https:\/\/www.cos-sco.ca\/wp-content\/uploads\/2025\/11\/2022-06-09-Hooper-square-1024x1024.jpg 1024w, https:\/\/www.cos-sco.ca\/wp-content\/uploads\/2025\/11\/2022-06-09-Hooper-square-150x150.jpg 150w, https:\/\/www.cos-sco.ca\/wp-content\/uploads\/2025\/11\/2022-06-09-Hooper-square-768x768.jpg 768w, https:\/\/www.cos-sco.ca\/wp-content\/uploads\/2025\/11\/2022-06-09-Hooper-square-1536x1536.jpg 1536w, https:\/\/www.cos-sco.ca\/wp-content\/uploads\/2025\/11\/2022-06-09-Hooper-square-2048x2048.jpg 2048w\" sizes=\"auto, (max-width: 2560px) 100vw, 2560px\" \/><\/figure>\n\n\n\n<p id=\"E261\">Dr Phil Hooper est un ophtalmologiste canadien dont la r\u00e9ussite professionnelle repose sur l\u2019excellence clinique, un leadership universitaire affirm\u00e9 et un engagement profond visant \u00e0 am\u00e9liorer l\u2019acc\u00e8s aux soins ophtalmologiques partout au Canada.<\/p>\n\n\n\n<p id=\"E280\">Le Dr Hooper est dipl\u00f4m\u00e9 de l\u2019Universit\u00e9 de Western \u00e0 London, en Ontario, o\u00f9 il a obtenu son doctorat en m\u00e9decine avec mention. Il a \u00e9galement suivi une formation sp\u00e9cialis\u00e9e en ophtalmologie, puis des formations compl\u00e9mentaires en inflammation oculaire et en maladies r\u00e9tiniennes \u00e0 l\u2019institut de l\u2019\u0153il Doheny Eye Institute \u00e0 Los Angeles et \u00e0 l\u2019Universit\u00e9 Washington de\u00a0Saint-Louis. Cette double sp\u00e9cialisation en uv\u00e9ite et en maladies r\u00e9tiniennes a contribu\u00e9 \u00e0 lui b\u00e2tir une carri\u00e8re le destinant \u00e0 prendre en charge des patients atteints d\u2019affections complexes pouvant lourdement troubler la vision.<\/p>\n\n\n\n<p id=\"E318\">Depuis qu\u2019il s\u2019est joint au corps professoral de l\u2019Universit\u00e9 Western en 1990, le Dr Hooper a exerc\u00e9 les fonctions de clinicien, de formateur, de chercheur et de directeur de d\u00e9partement. En tant qu\u2019ancien pr\u00e9sident et directeur du d\u00e9partement d\u2019ophtalmologie, il a collabor\u00e9 \u00e0 d\u00e9finir les objectifs de croissance du programme et \u00e0 solidifier les assises des services chirurgicaux, tout en servant de mentor \u00e0 la prochaine g\u00e9n\u00e9ration d\u2019ophtalmologistes.<\/p>\n\n\n\n<p id=\"E356\">\u00c0 l\u2019\u00e9chelle nationale, le Dr Hooper est largement reconnu pour son travail de repr\u00e9sentation et de d\u00e9fense des int\u00e9r\u00eats de la profession. En tant que pr\u00e9sident de la Soci\u00e9t\u00e9 canadienne d\u2019ophtalmologie de 2022 \u00e0 2024 et premier pr\u00e9sident du Conseil des grands enjeux de la profession, il a \u0153uvr\u00e9 \u00e0 renforcer la voix de la profession dans les politiques en mati\u00e8re de sant\u00e9. Il a jou\u00e9 un r\u00f4le cl\u00e9 dans l\u2019\u00e9laboration de la trousse d\u2019outils de repr\u00e9sentation de la SCO, laquelle fournit aux ophtalmologistes des moyens pour dialoguer efficacement avec le gouvernement et les m\u00e9dias. Il a \u00e9galement \u00e9t\u00e9 la figure de proue de la campagne nationale \u00ab\u2009Voir les possibilit\u00e9s\u2009\u00bb, dont l\u2019objectif \u00e9tait \u2013 et demeure toujours \u2013 de sensibiliser le public \u00e0 la sant\u00e9 oculaire et au r\u00f4le des ophtalmologistes dans la pr\u00e9servation de la vision.<\/p>\n\n\n\n<p id=\"E394\">Le Dr Hooper reste tout aussi actif au niveau provincial. En tant que responsable de l\u2019ophtalmologie pour le programme ontarien de r\u00e9duction des d\u00e9lais d\u2019attente et copr\u00e9sident du groupe de travail sur les soins de la vue en Ontario, il a travaill\u00e9 en collaboration avec les d\u00e9cideurs politiques et les responsables cliniques afin de r\u00e9duire les d\u00e9lais d\u2019attente pour les interventions chirurgicales, de moderniser la prestation des soins et d\u2019am\u00e9liorer l\u2019acc\u00e8s pour les patients \u2013 en particulier les personnes \u00e2g\u00e9es qui doivent faire face \u00e0 la r\u00e9alit\u00e9 d\u2019un recours croissant \u00e0 des services de soins de la vue.<\/p>\n\n\n\n<p id=\"E261\">De 2008 \u00e0 2018, il a occup\u00e9 le poste de r\u00e9dacteur en chef du Journal canadien d\u2019ophtalmologie, et a contribu\u00e9 \u00e0 \u00e9largir sa port\u00e9e et \u00e0 faire valoir son importance en s\u2019appuyant sur des soins fond\u00e9s sur des donn\u00e9es probantes \u00e0 travers le pays.<\/p>\n\n\n\n<p><br><\/p>\n","protected":false},"excerpt":{"rendered":"<p>La Soci\u00e9t\u00e9 canadienne d\u2019ophtalmologie (SCO) est fi\u00e8re d\u2019annoncer que la\u00a0Dr. Phil Hooper est la laur\u00e9ate du\u00a0prix du leadership pour la d\u00e9fense des droits et des int\u00e9r\u00eats de la SCO 2026. Dr Phil Hooper est un ophtalmologiste canadien dont la r\u00e9ussite professionnelle repose sur l\u2019excellence clinique, un leadership universitaire affirm\u00e9 et un engagement profond visant \u00e0 [&hellip;]<\/p>\n","protected":false},"author":4,"featured_media":0,"parent":17061,"menu_order":0,"comment_status":"closed","ping_status":"closed","template":"","meta":{"footnotes":""},"class_list":["post-17084","page","type-page","status-publish","hentry"],"yoast_head":"<!-- This site is optimized with the Yoast SEO plugin v27.4 - https:\/\/yoast.com\/product\/yoast-seo-wordpress\/ -->\n<title>Laur\u00e9at du\u00a0prix du leadership pour la d\u00e9fense des droits et des int\u00e9r\u00eats de la SCO 2026\u00a0 \u2013 Dr. Phil Hooper - COS-SCO<\/title>\n<meta name=\"robots\" content=\"index, follow, max-snippet:-1, max-image-preview:large, max-video-preview:-1\" \/>\n<link rel=\"canonical\" href=\"https:\/\/www.cos-sco.ca\/fr\/membership\/awards\/leadership-in-advocacy-award\/2026-leadership-in-advocacy-award-winner-dr-phil-hooper\/\" \/>\n<meta property=\"og:locale\" content=\"fr_FR\" \/>\n<meta property=\"og:type\" content=\"article\" \/>\n<meta property=\"og:title\" content=\"Laur\u00e9at du\u00a0prix du leadership pour la d\u00e9fense des droits et des int\u00e9r\u00eats de la SCO 2026\u00a0 \u2013 Dr. Phil Hooper - COS-SCO\" \/>\n<meta property=\"og:description\" content=\"La Soci\u00e9t\u00e9 canadienne d\u2019ophtalmologie (SCO) est fi\u00e8re d\u2019annoncer que la\u00a0Dr. Phil Hooper est la laur\u00e9ate du\u00a0prix du leadership pour la d\u00e9fense des droits et des int\u00e9r\u00eats de la SCO 2026. Dr Phil Hooper est un ophtalmologiste canadien dont la r\u00e9ussite professionnelle repose sur l\u2019excellence clinique, un leadership universitaire affirm\u00e9 et un engagement profond visant \u00e0 [&hellip;]\" \/>\n<meta property=\"og:url\" content=\"https:\/\/www.cos-sco.ca\/fr\/membership\/awards\/leadership-in-advocacy-award\/2026-leadership-in-advocacy-award-winner-dr-phil-hooper\/\" \/>\n<meta property=\"og:site_name\" content=\"COS-SCO\" \/>\n<meta property=\"article:modified_time\" content=\"2026-04-10T15:56:16+00:00\" \/>\n<meta property=\"og:image\" content=\"https:\/\/www.cos-sco.ca\/wp-content\/uploads\/2025\/10\/impact-bg-1024x702.png\" \/>\n<meta name=\"twitter:card\" content=\"summary_large_image\" \/>\n<meta name=\"twitter:label1\" content=\"Dur\u00e9e de lecture estim\u00e9e\" \/>\n\t<meta name=\"twitter:data1\" content=\"3 minutes\" \/>\n<script type=\"application\/ld+json\" class=\"yoast-schema-graph\">{\"@context\":\"https:\\\/\\\/schema.org\",\"@graph\":[{\"@type\":\"WebPage\",\"@id\":\"https:\\\/\\\/www.cos-sco.ca\\\/fr\\\/membership\\\/awards\\\/leadership-in-advocacy-award\\\/2026-leadership-in-advocacy-award-winner-dr-phil-hooper\\\/\",\"url\":\"https:\\\/\\\/www.cos-sco.ca\\\/fr\\\/membership\\\/awards\\\/leadership-in-advocacy-award\\\/2026-leadership-in-advocacy-award-winner-dr-phil-hooper\\\/\",\"name\":\"Laur\u00e9at du\u00a0prix du leadership pour la d\u00e9fense des droits et des int\u00e9r\u00eats de la SCO 2026\u00a0 \u2013 Dr. Phil Hooper - COS-SCO\",\"isPartOf\":{\"@id\":\"https:\\\/\\\/www.cos-sco.ca\\\/fr\\\/#website\"},\"primaryImageOfPage\":{\"@id\":\"https:\\\/\\\/www.cos-sco.ca\\\/fr\\\/membership\\\/awards\\\/leadership-in-advocacy-award\\\/2026-leadership-in-advocacy-award-winner-dr-phil-hooper\\\/#primaryimage\"},\"image\":{\"@id\":\"https:\\\/\\\/www.cos-sco.ca\\\/fr\\\/membership\\\/awards\\\/leadership-in-advocacy-award\\\/2026-leadership-in-advocacy-award-winner-dr-phil-hooper\\\/#primaryimage\"},\"thumbnailUrl\":\"https:\\\/\\\/www.cos-sco.ca\\\/wp-content\\\/uploads\\\/2025\\\/10\\\/impact-bg-1024x702.png\",\"datePublished\":\"2026-04-10T15:23:53+00:00\",\"dateModified\":\"2026-04-10T15:56:16+00:00\",\"breadcrumb\":{\"@id\":\"https:\\\/\\\/www.cos-sco.ca\\\/fr\\\/membership\\\/awards\\\/leadership-in-advocacy-award\\\/2026-leadership-in-advocacy-award-winner-dr-phil-hooper\\\/#breadcrumb\"},\"inLanguage\":\"fr-FR\",\"potentialAction\":[{\"@type\":\"ReadAction\",\"target\":[\"https:\\\/\\\/www.cos-sco.ca\\\/fr\\\/membership\\\/awards\\\/leadership-in-advocacy-award\\\/2026-leadership-in-advocacy-award-winner-dr-phil-hooper\\\/\"]}]},{\"@type\":\"ImageObject\",\"inLanguage\":\"fr-FR\",\"@id\":\"https:\\\/\\\/www.cos-sco.ca\\\/fr\\\/membership\\\/awards\\\/leadership-in-advocacy-award\\\/2026-leadership-in-advocacy-award-winner-dr-phil-hooper\\\/#primaryimage\",\"url\":\"https:\\\/\\\/www.cos-sco.ca\\\/wp-content\\\/uploads\\\/2025\\\/10\\\/impact-bg-1024x702.png\",\"contentUrl\":\"https:\\\/\\\/www.cos-sco.ca\\\/wp-content\\\/uploads\\\/2025\\\/10\\\/impact-bg-1024x702.png\"},{\"@type\":\"BreadcrumbList\",\"@id\":\"https:\\\/\\\/www.cos-sco.ca\\\/fr\\\/membership\\\/awards\\\/leadership-in-advocacy-award\\\/2026-leadership-in-advocacy-award-winner-dr-phil-hooper\\\/#breadcrumb\",\"itemListElement\":[{\"@type\":\"ListItem\",\"position\":1,\"name\":\"Home\",\"item\":\"https:\\\/\\\/www.cos-sco.ca\\\/fr\\\/\"},{\"@type\":\"ListItem\",\"position\":2,\"name\":\"Laur\u00e9at du\u00a0prix du leadership pour la d\u00e9fense des droits et des int\u00e9r\u00eats de la SCO 2026\u00a0 \u2013 Dr. Phil Hooper\"}]},{\"@type\":\"WebSite\",\"@id\":\"https:\\\/\\\/www.cos-sco.ca\\\/fr\\\/#website\",\"url\":\"https:\\\/\\\/www.cos-sco.ca\\\/fr\\\/\",\"name\":\"COS-SCO\",\"description\":\"\",\"publisher\":{\"@id\":\"https:\\\/\\\/www.cos-sco.ca\\\/fr\\\/#organization\"},\"potentialAction\":[{\"@type\":\"SearchAction\",\"target\":{\"@type\":\"EntryPoint\",\"urlTemplate\":\"https:\\\/\\\/www.cos-sco.ca\\\/fr\\\/?s={search_term_string}\"},\"query-input\":{\"@type\":\"PropertyValueSpecification\",\"valueRequired\":true,\"valueName\":\"search_term_string\"}}],\"inLanguage\":\"fr-FR\"},{\"@type\":\"Organization\",\"@id\":\"https:\\\/\\\/www.cos-sco.ca\\\/fr\\\/#organization\",\"name\":\"COS-SCO\",\"url\":\"https:\\\/\\\/www.cos-sco.ca\\\/fr\\\/\",\"logo\":{\"@type\":\"ImageObject\",\"inLanguage\":\"fr-FR\",\"@id\":\"https:\\\/\\\/www.cos-sco.ca\\\/fr\\\/#\\\/schema\\\/logo\\\/image\\\/\",\"url\":\"https:\\\/\\\/www.cos-sco.ca\\\/wp-content\\\/uploads\\\/2025\\\/10\\\/logo.png\",\"contentUrl\":\"https:\\\/\\\/www.cos-sco.ca\\\/wp-content\\\/uploads\\\/2025\\\/10\\\/logo.png\",\"width\":316,\"height\":180,\"caption\":\"COS-SCO\"},\"image\":{\"@id\":\"https:\\\/\\\/www.cos-sco.ca\\\/fr\\\/#\\\/schema\\\/logo\\\/image\\\/\"}}]}<\/script>\n<!-- \/ Yoast SEO plugin. -->","yoast_head_json":{"title":"Laur\u00e9at du\u00a0prix du leadership pour la d\u00e9fense des droits et des int\u00e9r\u00eats de la SCO 2026\u00a0 \u2013 Dr. Phil Hooper - COS-SCO","robots":{"index":"index","follow":"follow","max-snippet":"max-snippet:-1","max-image-preview":"max-image-preview:large","max-video-preview":"max-video-preview:-1"},"canonical":"https:\/\/www.cos-sco.ca\/fr\/membership\/awards\/leadership-in-advocacy-award\/2026-leadership-in-advocacy-award-winner-dr-phil-hooper\/","og_locale":"fr_FR","og_type":"article","og_title":"Laur\u00e9at du\u00a0prix du leadership pour la d\u00e9fense des droits et des int\u00e9r\u00eats de la SCO 2026\u00a0 \u2013 Dr. Phil Hooper - COS-SCO","og_description":"La Soci\u00e9t\u00e9 canadienne d\u2019ophtalmologie (SCO) est fi\u00e8re d\u2019annoncer que la\u00a0Dr. Phil Hooper est la laur\u00e9ate du\u00a0prix du leadership pour la d\u00e9fense des droits et des int\u00e9r\u00eats de la SCO 2026. Dr Phil Hooper est un ophtalmologiste canadien dont la r\u00e9ussite professionnelle repose sur l\u2019excellence clinique, un leadership universitaire affirm\u00e9 et un engagement profond visant \u00e0 [&hellip;]","og_url":"https:\/\/www.cos-sco.ca\/fr\/membership\/awards\/leadership-in-advocacy-award\/2026-leadership-in-advocacy-award-winner-dr-phil-hooper\/","og_site_name":"COS-SCO","article_modified_time":"2026-04-10T15:56:16+00:00","og_image":[{"url":"https:\/\/www.cos-sco.ca\/wp-content\/uploads\/2025\/10\/impact-bg-1024x702.png","type":"","width":"","height":""}],"twitter_card":"summary_large_image","twitter_misc":{"Dur\u00e9e de lecture estim\u00e9e":"3 minutes"},"schema":{"@context":"https:\/\/schema.org","@graph":[{"@type":"WebPage","@id":"https:\/\/www.cos-sco.ca\/fr\/membership\/awards\/leadership-in-advocacy-award\/2026-leadership-in-advocacy-award-winner-dr-phil-hooper\/","url":"https:\/\/www.cos-sco.ca\/fr\/membership\/awards\/leadership-in-advocacy-award\/2026-leadership-in-advocacy-award-winner-dr-phil-hooper\/","name":"Laur\u00e9at du\u00a0prix du leadership pour la d\u00e9fense des droits et des int\u00e9r\u00eats de la SCO 2026\u00a0 \u2013 Dr. Phil Hooper - COS-SCO","isPartOf":{"@id":"https:\/\/www.cos-sco.ca\/fr\/#website"},"primaryImageOfPage":{"@id":"https:\/\/www.cos-sco.ca\/fr\/membership\/awards\/leadership-in-advocacy-award\/2026-leadership-in-advocacy-award-winner-dr-phil-hooper\/#primaryimage"},"image":{"@id":"https:\/\/www.cos-sco.ca\/fr\/membership\/awards\/leadership-in-advocacy-award\/2026-leadership-in-advocacy-award-winner-dr-phil-hooper\/#primaryimage"},"thumbnailUrl":"https:\/\/www.cos-sco.ca\/wp-content\/uploads\/2025\/10\/impact-bg-1024x702.png","datePublished":"2026-04-10T15:23:53+00:00","dateModified":"2026-04-10T15:56:16+00:00","breadcrumb":{"@id":"https:\/\/www.cos-sco.ca\/fr\/membership\/awards\/leadership-in-advocacy-award\/2026-leadership-in-advocacy-award-winner-dr-phil-hooper\/#breadcrumb"},"inLanguage":"fr-FR","potentialAction":[{"@type":"ReadAction","target":["https:\/\/www.cos-sco.ca\/fr\/membership\/awards\/leadership-in-advocacy-award\/2026-leadership-in-advocacy-award-winner-dr-phil-hooper\/"]}]},{"@type":"ImageObject","inLanguage":"fr-FR","@id":"https:\/\/www.cos-sco.ca\/fr\/membership\/awards\/leadership-in-advocacy-award\/2026-leadership-in-advocacy-award-winner-dr-phil-hooper\/#primaryimage","url":"https:\/\/www.cos-sco.ca\/wp-content\/uploads\/2025\/10\/impact-bg-1024x702.png","contentUrl":"https:\/\/www.cos-sco.ca\/wp-content\/uploads\/2025\/10\/impact-bg-1024x702.png"},{"@type":"BreadcrumbList","@id":"https:\/\/www.cos-sco.ca\/fr\/membership\/awards\/leadership-in-advocacy-award\/2026-leadership-in-advocacy-award-winner-dr-phil-hooper\/#breadcrumb","itemListElement":[{"@type":"ListItem","position":1,"name":"Home","item":"https:\/\/www.cos-sco.ca\/fr\/"},{"@type":"ListItem","position":2,"name":"Laur\u00e9at du\u00a0prix du leadership pour la d\u00e9fense des droits et des int\u00e9r\u00eats de la SCO 2026\u00a0 \u2013 Dr. Phil Hooper"}]},{"@type":"WebSite","@id":"https:\/\/www.cos-sco.ca\/fr\/#website","url":"https:\/\/www.cos-sco.ca\/fr\/","name":"COS-SCO","description":"","publisher":{"@id":"https:\/\/www.cos-sco.ca\/fr\/#organization"},"potentialAction":[{"@type":"SearchAction","target":{"@type":"EntryPoint","urlTemplate":"https:\/\/www.cos-sco.ca\/fr\/?s={search_term_string}"},"query-input":{"@type":"PropertyValueSpecification","valueRequired":true,"valueName":"search_term_string"}}],"inLanguage":"fr-FR"},{"@type":"Organization","@id":"https:\/\/www.cos-sco.ca\/fr\/#organization","name":"COS-SCO","url":"https:\/\/www.cos-sco.ca\/fr\/","logo":{"@type":"ImageObject","inLanguage":"fr-FR","@id":"https:\/\/www.cos-sco.ca\/fr\/#\/schema\/logo\/image\/","url":"https:\/\/www.cos-sco.ca\/wp-content\/uploads\/2025\/10\/logo.png","contentUrl":"https:\/\/www.cos-sco.ca\/wp-content\/uploads\/2025\/10\/logo.png","width":316,"height":180,"caption":"COS-SCO"},"image":{"@id":"https:\/\/www.cos-sco.ca\/fr\/#\/schema\/logo\/image\/"}}]}},"_links":{"self":[{"href":"https:\/\/www.cos-sco.ca\/fr\/wp-json\/wp\/v2\/pages\/17084","targetHints":{"allow":["GET"]}}],"collection":[{"href":"https:\/\/www.cos-sco.ca\/fr\/wp-json\/wp\/v2\/pages"}],"about":[{"href":"https:\/\/www.cos-sco.ca\/fr\/wp-json\/wp\/v2\/types\/page"}],"author":[{"embeddable":true,"href":"https:\/\/www.cos-sco.ca\/fr\/wp-json\/wp\/v2\/users\/4"}],"replies":[{"embeddable":true,"href":"https:\/\/www.cos-sco.ca\/fr\/wp-json\/wp\/v2\/comments?post=17084"}],"version-history":[{"count":5,"href":"https:\/\/www.cos-sco.ca\/fr\/wp-json\/wp\/v2\/pages\/17084\/revisions"}],"predecessor-version":[{"id":17111,"href":"https:\/\/www.cos-sco.ca\/fr\/wp-json\/wp\/v2\/pages\/17084\/revisions\/17111"}],"up":[{"embeddable":true,"href":"https:\/\/www.cos-sco.ca\/fr\/wp-json\/wp\/v2\/pages\/17061"}],"wp:attachment":[{"href":"https:\/\/www.cos-sco.ca\/fr\/wp-json\/wp\/v2\/media?parent=17084"}],"curies":[{"name":"wp","href":"https:\/\/api.w.org\/{rel}","templated":true}]}}