{"id":17073,"date":"2026-04-10T11:05:55","date_gmt":"2026-04-10T15:05:55","guid":{"rendered":"https:\/\/www.cos-sco.ca\/?page_id=17073"},"modified":"2026-04-10T11:50:37","modified_gmt":"2026-04-10T15:50:37","slug":"2026-humanitarian-service-award-winner-dr-leonard-smith","status":"publish","type":"page","link":"https:\/\/www.cos-sco.ca\/fr\/membership\/awards\/humanitarian-service-award\/2026-humanitarian-service-award-winner-dr-leonard-smith\/","title":{"rendered":"Laur\u00e9at du prix du service humanitaire 2026 \u2013 Dr. Leonard Smith"},"content":{"rendered":"\n<div class=\"wp-block-cover alignfull\" style=\"min-height:343px;aspect-ratio:unset;\"><img loading=\"lazy\" decoding=\"async\" width=\"1024\" height=\"702\" class=\"wp-block-cover__image-background wp-image-208 size-large\" alt=\"\" src=\"https:\/\/www.cos-sco.ca\/wp-content\/uploads\/2025\/10\/impact-bg-1024x702.png\" data-object-fit=\"cover\" srcset=\"https:\/\/www.cos-sco.ca\/wp-content\/uploads\/2025\/10\/impact-bg-1024x702.png 1024w, https:\/\/www.cos-sco.ca\/wp-content\/uploads\/2025\/10\/impact-bg-300x206.png 300w, https:\/\/www.cos-sco.ca\/wp-content\/uploads\/2025\/10\/impact-bg-768x526.png 768w, https:\/\/www.cos-sco.ca\/wp-content\/uploads\/2025\/10\/impact-bg-1536x1052.png 1536w, https:\/\/www.cos-sco.ca\/wp-content\/uploads\/2025\/10\/impact-bg-2048x1403.png 2048w\" sizes=\"auto, (max-width: 1024px) 100vw, 1024px\" \/><span aria-hidden=\"true\" class=\"wp-block-cover__background has-background-dim\" style=\"background-color:#3f4460\"><\/span><div class=\"wp-block-cover__inner-container is-layout-constrained wp-block-cover-is-layout-constrained\">\n<h1 class=\"wp-block-heading has-text-align-center\">Laur\u00e9at du prix du service humanitaire 2026 \u2013 Dr. Leonard Smith<\/h1>\n<\/div><\/div>\n\n\n<div class=\"yoast-breadcrumbs\"><span><span><a href=\"https:\/\/www.cos-sco.ca\/fr\/\">Home<\/a><\/span> \/ <span class=\"breadcrumb_last\" aria-current=\"page\">Laur\u00e9at du prix du service humanitaire 2026 \u2013 Dr. Leonard Smith<\/span><\/span><\/div>\n\n\n<h2 class=\"wp-block-heading\"><strong><strong>La Soci\u00e9t\u00e9 canadienne d\u2019ophtalmologie (SCO) est fi\u00e8re d\u2019annoncer que la<\/strong> Dr. Leonard Smith<\/strong> <strong>est la laur\u00e9ate du<\/strong> prix du service humanitaire 2026.<\/h2>\n\n\n\n<figure class=\"wp-block-image aligncenter size-full is-resized is-style-rounded\" style=\"margin-bottom:var(--wp--preset--spacing--md)\"><img loading=\"lazy\" decoding=\"async\" width=\"745\" height=\"991\" src=\"https:\/\/www.cos-sco.ca\/wp-content\/uploads\/2026\/04\/Len-Smith.jpg\" alt=\"\" class=\"wp-image-17045\" style=\"aspect-ratio:1;object-fit:cover;width:202px;height:auto\" srcset=\"https:\/\/www.cos-sco.ca\/wp-content\/uploads\/2026\/04\/Len-Smith.jpg 745w, https:\/\/www.cos-sco.ca\/wp-content\/uploads\/2026\/04\/Len-Smith-226x300.jpg 226w\" sizes=\"auto, (max-width: 745px) 100vw, 745px\" \/><\/figure>\n\n\n\n<p id=\"E261\">Depuis plus de 40&nbsp;ans, le Dr Leonard Smith est le seul ophtalmologiste \u00e0 temps plein des Territoires du Nord-Ouest, au Canada. Il dispense, \u00e0 des communaut\u00e9s les plus isol\u00e9es du pays, des soins ophtalmologiques complets, tant m\u00e9dicaux que chirurgicaux.<\/p>\n\n\n\n<p id=\"E274\">Originaire de l\u2019Alberta, le Dr Smith s\u2019est install\u00e9 \u00e0 Yellowknife en 1985 pour pratiquer dans les Territoires du Nord-Ouest et dans la r\u00e9gion de Kitikmeot, laquelle fait aujourd\u2019hui partie du Nunavut. Cette exp\u00e9rience, qui devait initialement \u00eatre une simple incursion professionnelle, s\u2019est transform\u00e9e en un engagement pour la vie. Depuis quatre d\u00e9cennies, il prodigue des soins ophtalmologiques complets, y compris des chirurgies de la cataracte et du glaucome, des chirurgies correctrices du strabisme, des interventions sur les paupi\u00e8res et les voies lacrymales, ainsi que des traitements au laser de la r\u00e9tine et des injections intravitr\u00e9ennes. Il permet ainsi aux patients du Nord de b\u00e9n\u00e9ficier des meilleurs soins possibles, \u00e0 proximit\u00e9 de chez eux, pour pr\u00e9server leur vue.<\/p>\n\n\n\n<p id=\"E329\">Conscient des r\u00e9alit\u00e9s g\u00e9ographiques du Nord, le Dr Smith a maintenu des liens avec le programme NOCS (<em>Northern <\/em><em>Outreach<\/em><em> and <\/em><em>Clinical<\/em><em> Services<\/em>) d\u00e9j\u00e0 en place et ax\u00e9 sur les soins de proximit\u00e9 et les services cliniques. Il continue ainsi \u00e0 offrir directement des services de chirurgie r\u00e9fractive et d\u2019ophtalmologie g\u00e9n\u00e9rale dans 29&nbsp;communaut\u00e9s isol\u00e9es des T.N.-O. Accompagn\u00e9 de technologues m\u00e9dicaux certifi\u00e9s en ophtalmologie (TMCO) et d\u2019opticiens du Nord hautement qualifi\u00e9s, il se rend dans des communaut\u00e9s telles qu\u2019Inuvik, Hay River et Fort Smith, ce qui permet de r\u00e9duire les d\u00e9placements m\u00e9dicaux co\u00fbteux et perturbants pour les patients. Ceux et celles qui n\u00e9cessitent une intervention chirurgicale sont ensuite transport\u00e9s \u00e0 Yellowknife pour y recevoir des soins en temps opportun.<\/p>\n\n\n\n<p id=\"E386\">Depuis plusieurs d\u00e9cennies, le Dr Smith dirige l\u2019un des rares programmes de formation de technologues m\u00e9dicaux certifi\u00e9s en ophtalmologie au Canada dans le cadre duquel il a lui-m\u00eame form\u00e9 pr\u00e8s de 30&nbsp;technologues. Sous sa direction, ces professionnels ont acquis des comp\u00e9tences avanc\u00e9es en mati\u00e8re de diagnostic et de pratique clinique, ce qui a permis d\u2019\u00e9largir efficacement l\u2019acc\u00e8s \u00e0 des soins ophtalmologiques de qualit\u00e9 dans le nord du pays. Il s\u2019occupe \u00e9galement de la formation continue en organisant des congr\u00e8s ophtalmologiques annuels pour son \u00e9quipe et a toujours d\u00e9fendu l\u2019acquisition de mat\u00e9riel clinique et d\u2019\u00e9quipements pour les blocs op\u00e9ratoires de derni\u00e8re g\u00e9n\u00e9ration.<\/p>\n\n\n\n<p id=\"E423\">Visionnaire, le Dr Smith a \u00e9t\u00e9 l\u2019un des premiers \u00e0 adopter la t\u00e9l\u00e9-ophtalmologie, en collaboration avec des sp\u00e9cialistes de la r\u00e9tine d\u2019Edmonton. Ce programme novateur a permis aux patients du Nord de b\u00e9n\u00e9ficier d\u2019une expertise en r\u00e9tine sans avoir \u00e0 quitter les T.N.-O. Pendant la pand\u00e9mie de COVID-19, alors que les restrictions de d\u00e9placement limitaient l\u2019acc\u00e8s aux soins, il a plaid\u00e9 avec succ\u00e8s en faveur de la venue d\u2019un sp\u00e9cialiste de la r\u00e9tine \u00e0 Yellowknife pour y prodiguer des soins, contribuant \u00e0 \u00e9viter la perte de vision chez des patients tout en r\u00e9duisant consid\u00e9rablement les co\u00fbts li\u00e9s au transport m\u00e9dical.<\/p>\n\n\n\n<p id=\"E461\">Au-del\u00e0 de son leadership clinique, le Dr Smith est un mentor et un professionnel admirable. Il accueille et encadre r\u00e9guli\u00e8rement des \u00e9tudiants et des \u00e9tudiantes en m\u00e9decine ainsi que des r\u00e9sidents et des r\u00e9sidentes en ophtalmologie non seulement pour leur proposer une formation clinique rigoureuse, mais aussi pour leur offrir une immersion totale dans la vie du Nord. Qu\u2019il s\u2019agisse de consultations dans des cliniques communautaires situ\u00e9es dans des localit\u00e9s isol\u00e9es ou de la d\u00e9couverte du territoire, de la culture et des beaut\u00e9s du Nord, les stagiaires repartent avec une profonde admiration pour la m\u00e9decine rurale et autochtone.<\/p>\n\n\n\n<p id=\"E489\">M\u00eame si la phase active de sa carri\u00e8re est termin\u00e9e, le Dr Smith a report\u00e9 son d\u00e9part \u00e0 la retraite afin de s\u2019assurer que les communaut\u00e9s du Nord ne se retrouvent pas priv\u00e9es de soins ophtalmologiques. Humble, d\u00e9vou\u00e9 et profond\u00e9ment attach\u00e9 \u00e0 ses patients, il souhaite que son travail inspire la prochaine g\u00e9n\u00e9ration \u00e0 s\u2019\u00e9tablir et \u00e0 exercer la m\u00e9decine dans le Nord.<\/p>\n\n\n\n<p id=\"E261\">La richesse de l\u2019h\u00e9ritage que l\u00e8gue le Dr Smith r\u00e9side dans le souci de continuit\u00e9, dans la compassion, dans la capacit\u00e9 d\u2019innovation et dans un d\u00e9vouement sans faille envers les communaut\u00e9s les plus isol\u00e9es du Canada.<\/p>\n\n\n\n<p><br><\/p>\n","protected":false},"excerpt":{"rendered":"<p>La Soci\u00e9t\u00e9 canadienne d\u2019ophtalmologie (SCO) est fi\u00e8re d\u2019annoncer que la Dr. Leonard Smith est la laur\u00e9ate du prix du service humanitaire 2026. Depuis plus de 40&nbsp;ans, le Dr Leonard Smith est le seul ophtalmologiste \u00e0 temps plein des Territoires du Nord-Ouest, au Canada. Il dispense, \u00e0 des communaut\u00e9s les plus isol\u00e9es du pays, des soins [&hellip;]<\/p>\n","protected":false},"author":4,"featured_media":0,"parent":17064,"menu_order":0,"comment_status":"closed","ping_status":"closed","template":"","meta":{"footnotes":""},"class_list":["post-17073","page","type-page","status-publish","hentry"],"yoast_head":"<!-- This site is optimized with the Yoast SEO plugin v27.4 - https:\/\/yoast.com\/product\/yoast-seo-wordpress\/ -->\n<title>Laur\u00e9at du prix du service humanitaire 2026 \u2013 Dr. Leonard Smith - COS-SCO<\/title>\n<meta name=\"robots\" content=\"index, follow, max-snippet:-1, max-image-preview:large, max-video-preview:-1\" \/>\n<link rel=\"canonical\" href=\"https:\/\/www.cos-sco.ca\/fr\/membership\/awards\/humanitarian-service-award\/2026-humanitarian-service-award-winner-dr-leonard-smith\/\" \/>\n<meta property=\"og:locale\" content=\"fr_FR\" \/>\n<meta property=\"og:type\" content=\"article\" \/>\n<meta property=\"og:title\" content=\"Laur\u00e9at du prix du service humanitaire 2026 \u2013 Dr. Leonard Smith - COS-SCO\" \/>\n<meta property=\"og:description\" content=\"La Soci\u00e9t\u00e9 canadienne d\u2019ophtalmologie (SCO) est fi\u00e8re d\u2019annoncer que la Dr. Leonard Smith est la laur\u00e9ate du prix du service humanitaire 2026. Depuis plus de 40&nbsp;ans, le Dr Leonard Smith est le seul ophtalmologiste \u00e0 temps plein des Territoires du Nord-Ouest, au Canada. Il dispense, \u00e0 des communaut\u00e9s les plus isol\u00e9es du pays, des soins [&hellip;]\" \/>\n<meta property=\"og:url\" content=\"https:\/\/www.cos-sco.ca\/fr\/membership\/awards\/humanitarian-service-award\/2026-humanitarian-service-award-winner-dr-leonard-smith\/\" \/>\n<meta property=\"og:site_name\" content=\"COS-SCO\" \/>\n<meta property=\"article:modified_time\" content=\"2026-04-10T15:50:37+00:00\" \/>\n<meta property=\"og:image\" content=\"https:\/\/www.cos-sco.ca\/wp-content\/uploads\/2025\/10\/impact-bg-1024x702.png\" \/>\n<meta name=\"twitter:card\" content=\"summary_large_image\" \/>\n<meta name=\"twitter:label1\" content=\"Dur\u00e9e de lecture estim\u00e9e\" \/>\n\t<meta name=\"twitter:data1\" content=\"4 minutes\" \/>\n<script type=\"application\/ld+json\" class=\"yoast-schema-graph\">{\"@context\":\"https:\\\/\\\/schema.org\",\"@graph\":[{\"@type\":\"WebPage\",\"@id\":\"https:\\\/\\\/www.cos-sco.ca\\\/fr\\\/membership\\\/awards\\\/humanitarian-service-award\\\/2026-humanitarian-service-award-winner-dr-leonard-smith\\\/\",\"url\":\"https:\\\/\\\/www.cos-sco.ca\\\/fr\\\/membership\\\/awards\\\/humanitarian-service-award\\\/2026-humanitarian-service-award-winner-dr-leonard-smith\\\/\",\"name\":\"Laur\u00e9at du prix du service humanitaire 2026 \u2013 Dr. Leonard Smith - COS-SCO\",\"isPartOf\":{\"@id\":\"https:\\\/\\\/www.cos-sco.ca\\\/fr\\\/#website\"},\"primaryImageOfPage\":{\"@id\":\"https:\\\/\\\/www.cos-sco.ca\\\/fr\\\/membership\\\/awards\\\/humanitarian-service-award\\\/2026-humanitarian-service-award-winner-dr-leonard-smith\\\/#primaryimage\"},\"image\":{\"@id\":\"https:\\\/\\\/www.cos-sco.ca\\\/fr\\\/membership\\\/awards\\\/humanitarian-service-award\\\/2026-humanitarian-service-award-winner-dr-leonard-smith\\\/#primaryimage\"},\"thumbnailUrl\":\"https:\\\/\\\/www.cos-sco.ca\\\/wp-content\\\/uploads\\\/2025\\\/10\\\/impact-bg-1024x702.png\",\"datePublished\":\"2026-04-10T15:05:55+00:00\",\"dateModified\":\"2026-04-10T15:50:37+00:00\",\"breadcrumb\":{\"@id\":\"https:\\\/\\\/www.cos-sco.ca\\\/fr\\\/membership\\\/awards\\\/humanitarian-service-award\\\/2026-humanitarian-service-award-winner-dr-leonard-smith\\\/#breadcrumb\"},\"inLanguage\":\"fr-FR\",\"potentialAction\":[{\"@type\":\"ReadAction\",\"target\":[\"https:\\\/\\\/www.cos-sco.ca\\\/fr\\\/membership\\\/awards\\\/humanitarian-service-award\\\/2026-humanitarian-service-award-winner-dr-leonard-smith\\\/\"]}]},{\"@type\":\"ImageObject\",\"inLanguage\":\"fr-FR\",\"@id\":\"https:\\\/\\\/www.cos-sco.ca\\\/fr\\\/membership\\\/awards\\\/humanitarian-service-award\\\/2026-humanitarian-service-award-winner-dr-leonard-smith\\\/#primaryimage\",\"url\":\"https:\\\/\\\/www.cos-sco.ca\\\/wp-content\\\/uploads\\\/2025\\\/10\\\/impact-bg-1024x702.png\",\"contentUrl\":\"https:\\\/\\\/www.cos-sco.ca\\\/wp-content\\\/uploads\\\/2025\\\/10\\\/impact-bg-1024x702.png\"},{\"@type\":\"BreadcrumbList\",\"@id\":\"https:\\\/\\\/www.cos-sco.ca\\\/fr\\\/membership\\\/awards\\\/humanitarian-service-award\\\/2026-humanitarian-service-award-winner-dr-leonard-smith\\\/#breadcrumb\",\"itemListElement\":[{\"@type\":\"ListItem\",\"position\":1,\"name\":\"Home\",\"item\":\"https:\\\/\\\/www.cos-sco.ca\\\/fr\\\/\"},{\"@type\":\"ListItem\",\"position\":2,\"name\":\"Laur\u00e9at du prix du service humanitaire 2026 \u2013 Dr. Leonard Smith\"}]},{\"@type\":\"WebSite\",\"@id\":\"https:\\\/\\\/www.cos-sco.ca\\\/fr\\\/#website\",\"url\":\"https:\\\/\\\/www.cos-sco.ca\\\/fr\\\/\",\"name\":\"COS-SCO\",\"description\":\"\",\"publisher\":{\"@id\":\"https:\\\/\\\/www.cos-sco.ca\\\/fr\\\/#organization\"},\"potentialAction\":[{\"@type\":\"SearchAction\",\"target\":{\"@type\":\"EntryPoint\",\"urlTemplate\":\"https:\\\/\\\/www.cos-sco.ca\\\/fr\\\/?s={search_term_string}\"},\"query-input\":{\"@type\":\"PropertyValueSpecification\",\"valueRequired\":true,\"valueName\":\"search_term_string\"}}],\"inLanguage\":\"fr-FR\"},{\"@type\":\"Organization\",\"@id\":\"https:\\\/\\\/www.cos-sco.ca\\\/fr\\\/#organization\",\"name\":\"COS-SCO\",\"url\":\"https:\\\/\\\/www.cos-sco.ca\\\/fr\\\/\",\"logo\":{\"@type\":\"ImageObject\",\"inLanguage\":\"fr-FR\",\"@id\":\"https:\\\/\\\/www.cos-sco.ca\\\/fr\\\/#\\\/schema\\\/logo\\\/image\\\/\",\"url\":\"https:\\\/\\\/www.cos-sco.ca\\\/wp-content\\\/uploads\\\/2025\\\/10\\\/logo.png\",\"contentUrl\":\"https:\\\/\\\/www.cos-sco.ca\\\/wp-content\\\/uploads\\\/2025\\\/10\\\/logo.png\",\"width\":316,\"height\":180,\"caption\":\"COS-SCO\"},\"image\":{\"@id\":\"https:\\\/\\\/www.cos-sco.ca\\\/fr\\\/#\\\/schema\\\/logo\\\/image\\\/\"}}]}<\/script>\n<!-- \/ Yoast SEO plugin. -->","yoast_head_json":{"title":"Laur\u00e9at du prix du service humanitaire 2026 \u2013 Dr. Leonard Smith - COS-SCO","robots":{"index":"index","follow":"follow","max-snippet":"max-snippet:-1","max-image-preview":"max-image-preview:large","max-video-preview":"max-video-preview:-1"},"canonical":"https:\/\/www.cos-sco.ca\/fr\/membership\/awards\/humanitarian-service-award\/2026-humanitarian-service-award-winner-dr-leonard-smith\/","og_locale":"fr_FR","og_type":"article","og_title":"Laur\u00e9at du prix du service humanitaire 2026 \u2013 Dr. Leonard Smith - COS-SCO","og_description":"La Soci\u00e9t\u00e9 canadienne d\u2019ophtalmologie (SCO) est fi\u00e8re d\u2019annoncer que la Dr. Leonard Smith est la laur\u00e9ate du prix du service humanitaire 2026. Depuis plus de 40&nbsp;ans, le Dr Leonard Smith est le seul ophtalmologiste \u00e0 temps plein des Territoires du Nord-Ouest, au Canada. Il dispense, \u00e0 des communaut\u00e9s les plus isol\u00e9es du pays, des soins [&hellip;]","og_url":"https:\/\/www.cos-sco.ca\/fr\/membership\/awards\/humanitarian-service-award\/2026-humanitarian-service-award-winner-dr-leonard-smith\/","og_site_name":"COS-SCO","article_modified_time":"2026-04-10T15:50:37+00:00","og_image":[{"url":"https:\/\/www.cos-sco.ca\/wp-content\/uploads\/2025\/10\/impact-bg-1024x702.png","type":"","width":"","height":""}],"twitter_card":"summary_large_image","twitter_misc":{"Dur\u00e9e de lecture estim\u00e9e":"4 minutes"},"schema":{"@context":"https:\/\/schema.org","@graph":[{"@type":"WebPage","@id":"https:\/\/www.cos-sco.ca\/fr\/membership\/awards\/humanitarian-service-award\/2026-humanitarian-service-award-winner-dr-leonard-smith\/","url":"https:\/\/www.cos-sco.ca\/fr\/membership\/awards\/humanitarian-service-award\/2026-humanitarian-service-award-winner-dr-leonard-smith\/","name":"Laur\u00e9at du prix du service humanitaire 2026 \u2013 Dr. Leonard Smith - COS-SCO","isPartOf":{"@id":"https:\/\/www.cos-sco.ca\/fr\/#website"},"primaryImageOfPage":{"@id":"https:\/\/www.cos-sco.ca\/fr\/membership\/awards\/humanitarian-service-award\/2026-humanitarian-service-award-winner-dr-leonard-smith\/#primaryimage"},"image":{"@id":"https:\/\/www.cos-sco.ca\/fr\/membership\/awards\/humanitarian-service-award\/2026-humanitarian-service-award-winner-dr-leonard-smith\/#primaryimage"},"thumbnailUrl":"https:\/\/www.cos-sco.ca\/wp-content\/uploads\/2025\/10\/impact-bg-1024x702.png","datePublished":"2026-04-10T15:05:55+00:00","dateModified":"2026-04-10T15:50:37+00:00","breadcrumb":{"@id":"https:\/\/www.cos-sco.ca\/fr\/membership\/awards\/humanitarian-service-award\/2026-humanitarian-service-award-winner-dr-leonard-smith\/#breadcrumb"},"inLanguage":"fr-FR","potentialAction":[{"@type":"ReadAction","target":["https:\/\/www.cos-sco.ca\/fr\/membership\/awards\/humanitarian-service-award\/2026-humanitarian-service-award-winner-dr-leonard-smith\/"]}]},{"@type":"ImageObject","inLanguage":"fr-FR","@id":"https:\/\/www.cos-sco.ca\/fr\/membership\/awards\/humanitarian-service-award\/2026-humanitarian-service-award-winner-dr-leonard-smith\/#primaryimage","url":"https:\/\/www.cos-sco.ca\/wp-content\/uploads\/2025\/10\/impact-bg-1024x702.png","contentUrl":"https:\/\/www.cos-sco.ca\/wp-content\/uploads\/2025\/10\/impact-bg-1024x702.png"},{"@type":"BreadcrumbList","@id":"https:\/\/www.cos-sco.ca\/fr\/membership\/awards\/humanitarian-service-award\/2026-humanitarian-service-award-winner-dr-leonard-smith\/#breadcrumb","itemListElement":[{"@type":"ListItem","position":1,"name":"Home","item":"https:\/\/www.cos-sco.ca\/fr\/"},{"@type":"ListItem","position":2,"name":"Laur\u00e9at du prix du service humanitaire 2026 \u2013 Dr. Leonard Smith"}]},{"@type":"WebSite","@id":"https:\/\/www.cos-sco.ca\/fr\/#website","url":"https:\/\/www.cos-sco.ca\/fr\/","name":"COS-SCO","description":"","publisher":{"@id":"https:\/\/www.cos-sco.ca\/fr\/#organization"},"potentialAction":[{"@type":"SearchAction","target":{"@type":"EntryPoint","urlTemplate":"https:\/\/www.cos-sco.ca\/fr\/?s={search_term_string}"},"query-input":{"@type":"PropertyValueSpecification","valueRequired":true,"valueName":"search_term_string"}}],"inLanguage":"fr-FR"},{"@type":"Organization","@id":"https:\/\/www.cos-sco.ca\/fr\/#organization","name":"COS-SCO","url":"https:\/\/www.cos-sco.ca\/fr\/","logo":{"@type":"ImageObject","inLanguage":"fr-FR","@id":"https:\/\/www.cos-sco.ca\/fr\/#\/schema\/logo\/image\/","url":"https:\/\/www.cos-sco.ca\/wp-content\/uploads\/2025\/10\/logo.png","contentUrl":"https:\/\/www.cos-sco.ca\/wp-content\/uploads\/2025\/10\/logo.png","width":316,"height":180,"caption":"COS-SCO"},"image":{"@id":"https:\/\/www.cos-sco.ca\/fr\/#\/schema\/logo\/image\/"}}]}},"_links":{"self":[{"href":"https:\/\/www.cos-sco.ca\/fr\/wp-json\/wp\/v2\/pages\/17073","targetHints":{"allow":["GET"]}}],"collection":[{"href":"https:\/\/www.cos-sco.ca\/fr\/wp-json\/wp\/v2\/pages"}],"about":[{"href":"https:\/\/www.cos-sco.ca\/fr\/wp-json\/wp\/v2\/types\/page"}],"author":[{"embeddable":true,"href":"https:\/\/www.cos-sco.ca\/fr\/wp-json\/wp\/v2\/users\/4"}],"replies":[{"embeddable":true,"href":"https:\/\/www.cos-sco.ca\/fr\/wp-json\/wp\/v2\/comments?post=17073"}],"version-history":[{"count":5,"href":"https:\/\/www.cos-sco.ca\/fr\/wp-json\/wp\/v2\/pages\/17073\/revisions"}],"predecessor-version":[{"id":17105,"href":"https:\/\/www.cos-sco.ca\/fr\/wp-json\/wp\/v2\/pages\/17073\/revisions\/17105"}],"up":[{"embeddable":true,"href":"https:\/\/www.cos-sco.ca\/fr\/wp-json\/wp\/v2\/pages\/17064"}],"wp:attachment":[{"href":"https:\/\/www.cos-sco.ca\/fr\/wp-json\/wp\/v2\/media?parent=17073"}],"curies":[{"name":"wp","href":"https:\/\/api.w.org\/{rel}","templated":true}]}}