{"id":17061,"date":"2026-04-10T11:21:49","date_gmt":"2026-04-10T15:21:49","guid":{"rendered":"https:\/\/www.cos-sco.ca\/?page_id=17061"},"modified":"2026-04-10T11:58:27","modified_gmt":"2026-04-10T15:58:27","slug":"leadership-in-advocacy-award","status":"publish","type":"page","link":"https:\/\/www.cos-sco.ca\/fr\/membership\/awards\/leadership-in-advocacy-award\/","title":{"rendered":"Prix du leadership pour la d\u00e9fense des droits et des int\u00e9r\u00eats de la SCO"},"content":{"rendered":"\n<div class=\"wp-block-cover alignfull\" style=\"min-height:343px;aspect-ratio:unset;\"><img loading=\"lazy\" decoding=\"async\" width=\"1024\" height=\"702\" class=\"wp-block-cover__image-background wp-image-208 size-large\" alt=\"\" src=\"https:\/\/www.cos-sco.ca\/wp-content\/uploads\/2025\/10\/impact-bg-1024x702.png\" data-object-fit=\"cover\" srcset=\"https:\/\/www.cos-sco.ca\/wp-content\/uploads\/2025\/10\/impact-bg-1024x702.png 1024w, https:\/\/www.cos-sco.ca\/wp-content\/uploads\/2025\/10\/impact-bg-300x206.png 300w, https:\/\/www.cos-sco.ca\/wp-content\/uploads\/2025\/10\/impact-bg-768x526.png 768w, https:\/\/www.cos-sco.ca\/wp-content\/uploads\/2025\/10\/impact-bg-1536x1052.png 1536w, https:\/\/www.cos-sco.ca\/wp-content\/uploads\/2025\/10\/impact-bg-2048x1403.png 2048w\" sizes=\"auto, (max-width: 1024px) 100vw, 1024px\" \/><span aria-hidden=\"true\" class=\"wp-block-cover__background has-background-dim\" style=\"background-color:#3f4460\"><\/span><div class=\"wp-block-cover__inner-container is-layout-constrained wp-block-cover-is-layout-constrained\">\n<h1 class=\"wp-block-heading has-text-align-center\">R\u00e9cipiendaires du&nbsp;prix du leadership pour la d\u00e9fense des droits et des int\u00e9r\u00eats de la SCO<\/h1>\n<\/div><\/div>\n\n\n<div class=\"yoast-breadcrumbs\"><span><span><a href=\"https:\/\/www.cos-sco.ca\/fr\/\">Home<\/a><\/span> \/ <span class=\"breadcrumb_last\" aria-current=\"page\">Prix du leadership pour la d\u00e9fense des droits et des int\u00e9r\u00eats de la SCO<\/span><\/span><\/div>\n\n\n<div class=\"wp-block-group staff-blocks-primary is-layout-grid wp-container-core-group-is-layout-6b2b746d wp-block-group-is-layout-grid\" style=\"padding-top:var(--wp--preset--spacing--md);padding-bottom:0\">\n<div class=\"wp-block-group has-blue-2-background-color has-background is-layout-constrained wp-container-core-group-is-layout-88c6b9e1 wp-block-group-is-layout-constrained\" style=\"border-radius:20px;padding-top:var(--wp--preset--spacing--sm);padding-right:var(--wp--preset--spacing--sm);padding-bottom:var(--wp--preset--spacing--sm);padding-left:var(--wp--preset--spacing--sm)\">\n<div class=\"wp-block-group is-nowrap is-layout-flex wp-container-core-group-is-layout-b0bc8259 wp-block-group-is-layout-flex\" style=\"padding-top:0;padding-right:0;padding-bottom:0;padding-left:0\">\n<figure class=\"wp-block-image aligncenter size-full has-custom-border is-style-rounded\"><img loading=\"lazy\" decoding=\"async\" width=\"2560\" height=\"2560\" src=\"https:\/\/www.cos-sco.ca\/wp-content\/uploads\/2025\/11\/2022-06-09-Hooper-square-scaled.jpg\" alt=\"\" class=\"wp-image-14753\" style=\"border-top-left-radius:10px;border-top-right-radius:10px;border-bottom-left-radius:10px;border-bottom-right-radius:10px;object-fit:cover\" srcset=\"https:\/\/www.cos-sco.ca\/wp-content\/uploads\/2025\/11\/2022-06-09-Hooper-square-scaled.jpg 2560w, https:\/\/www.cos-sco.ca\/wp-content\/uploads\/2025\/11\/2022-06-09-Hooper-square-300x300.jpg 300w, https:\/\/www.cos-sco.ca\/wp-content\/uploads\/2025\/11\/2022-06-09-Hooper-square-1024x1024.jpg 1024w, https:\/\/www.cos-sco.ca\/wp-content\/uploads\/2025\/11\/2022-06-09-Hooper-square-150x150.jpg 150w, https:\/\/www.cos-sco.ca\/wp-content\/uploads\/2025\/11\/2022-06-09-Hooper-square-768x768.jpg 768w, https:\/\/www.cos-sco.ca\/wp-content\/uploads\/2025\/11\/2022-06-09-Hooper-square-1536x1536.jpg 1536w, https:\/\/www.cos-sco.ca\/wp-content\/uploads\/2025\/11\/2022-06-09-Hooper-square-2048x2048.jpg 2048w\" sizes=\"auto, (max-width: 2560px) 100vw, 2560px\" \/><\/figure>\n\n\n\n<div class=\"wp-block-group has-white-color has-text-color has-link-color wp-elements-1b37663a56318866bcd4e9643651f8af is-layout-constrained wp-container-core-group-is-layout-639b5052 wp-block-group-is-layout-constrained\" style=\"padding-top:0;padding-right:0;padding-bottom:0;padding-left:0\">\n<p style=\"font-style:normal;font-weight:700\"><strong><strong><strong><strong><strong><strong>2026<\/strong><\/strong><\/strong><\/strong><\/strong><\/strong><\/p>\n\n\n\n<p><a href=\"https:\/\/www.cos-sco.ca\/fr\/membership\/awards\/leadership-in-advocacy-award\/2026-leadership-in-advocacy-award-winner-dr-phil-hooper\/\">Phil Hooper<\/a>, M.D.\u00a0 F.R.C.S.(C)<\/p>\n<\/div>\n<\/div>\n<\/div>\n<\/div>\n","protected":false},"excerpt":{"rendered":"<p>2026 Phil Hooper, M.D.\u00a0 F.R.C.S.(C)<\/p>\n","protected":false},"author":4,"featured_media":0,"parent":15069,"menu_order":0,"comment_status":"closed","ping_status":"closed","template":"","meta":{"footnotes":""},"class_list":["post-17061","page","type-page","status-publish","hentry"],"yoast_head":"<!-- This site is optimized with the Yoast SEO plugin v27.4 - https:\/\/yoast.com\/product\/yoast-seo-wordpress\/ -->\n<title>Prix du leadership pour la d\u00e9fense des droits et des int\u00e9r\u00eats de la SCO - COS-SCO<\/title>\n<meta name=\"robots\" content=\"index, follow, max-snippet:-1, max-image-preview:large, max-video-preview:-1\" \/>\n<link rel=\"canonical\" href=\"https:\/\/www.cos-sco.ca\/fr\/membership\/awards\/leadership-in-advocacy-award\/\" \/>\n<meta property=\"og:locale\" content=\"fr_FR\" \/>\n<meta property=\"og:type\" content=\"article\" \/>\n<meta property=\"og:title\" content=\"Prix du leadership pour la d\u00e9fense des droits et des int\u00e9r\u00eats de la SCO - COS-SCO\" \/>\n<meta property=\"og:description\" content=\"2026 Phil Hooper, M.D.\u00a0 F.R.C.S.(C)\" \/>\n<meta property=\"og:url\" content=\"https:\/\/www.cos-sco.ca\/fr\/membership\/awards\/leadership-in-advocacy-award\/\" \/>\n<meta property=\"og:site_name\" content=\"COS-SCO\" \/>\n<meta property=\"article:modified_time\" content=\"2026-04-10T15:58:27+00:00\" \/>\n<meta property=\"og:image\" content=\"https:\/\/www.cos-sco.ca\/wp-content\/uploads\/2025\/10\/impact-bg-1024x702.png\" \/>\n<meta name=\"twitter:card\" content=\"summary_large_image\" \/>\n<meta name=\"twitter:label1\" content=\"Dur\u00e9e de lecture estim\u00e9e\" \/>\n\t<meta name=\"twitter:data1\" content=\"1 minute\" \/>\n<script type=\"application\/ld+json\" class=\"yoast-schema-graph\">{\"@context\":\"https:\\\/\\\/schema.org\",\"@graph\":[{\"@type\":\"WebPage\",\"@id\":\"https:\\\/\\\/www.cos-sco.ca\\\/fr\\\/membership\\\/awards\\\/leadership-in-advocacy-award\\\/\",\"url\":\"https:\\\/\\\/www.cos-sco.ca\\\/fr\\\/membership\\\/awards\\\/leadership-in-advocacy-award\\\/\",\"name\":\"Prix du leadership pour la d\u00e9fense des droits et des int\u00e9r\u00eats de la SCO - COS-SCO\",\"isPartOf\":{\"@id\":\"https:\\\/\\\/www.cos-sco.ca\\\/fr\\\/#website\"},\"primaryImageOfPage\":{\"@id\":\"https:\\\/\\\/www.cos-sco.ca\\\/fr\\\/membership\\\/awards\\\/leadership-in-advocacy-award\\\/#primaryimage\"},\"image\":{\"@id\":\"https:\\\/\\\/www.cos-sco.ca\\\/fr\\\/membership\\\/awards\\\/leadership-in-advocacy-award\\\/#primaryimage\"},\"thumbnailUrl\":\"https:\\\/\\\/www.cos-sco.ca\\\/wp-content\\\/uploads\\\/2025\\\/10\\\/impact-bg-1024x702.png\",\"datePublished\":\"2026-04-10T15:21:49+00:00\",\"dateModified\":\"2026-04-10T15:58:27+00:00\",\"breadcrumb\":{\"@id\":\"https:\\\/\\\/www.cos-sco.ca\\\/fr\\\/membership\\\/awards\\\/leadership-in-advocacy-award\\\/#breadcrumb\"},\"inLanguage\":\"fr-FR\",\"potentialAction\":[{\"@type\":\"ReadAction\",\"target\":[\"https:\\\/\\\/www.cos-sco.ca\\\/fr\\\/membership\\\/awards\\\/leadership-in-advocacy-award\\\/\"]}]},{\"@type\":\"ImageObject\",\"inLanguage\":\"fr-FR\",\"@id\":\"https:\\\/\\\/www.cos-sco.ca\\\/fr\\\/membership\\\/awards\\\/leadership-in-advocacy-award\\\/#primaryimage\",\"url\":\"https:\\\/\\\/www.cos-sco.ca\\\/wp-content\\\/uploads\\\/2025\\\/10\\\/impact-bg-1024x702.png\",\"contentUrl\":\"https:\\\/\\\/www.cos-sco.ca\\\/wp-content\\\/uploads\\\/2025\\\/10\\\/impact-bg-1024x702.png\"},{\"@type\":\"BreadcrumbList\",\"@id\":\"https:\\\/\\\/www.cos-sco.ca\\\/fr\\\/membership\\\/awards\\\/leadership-in-advocacy-award\\\/#breadcrumb\",\"itemListElement\":[{\"@type\":\"ListItem\",\"position\":1,\"name\":\"Home\",\"item\":\"https:\\\/\\\/www.cos-sco.ca\\\/fr\\\/\"},{\"@type\":\"ListItem\",\"position\":2,\"name\":\"Prix du leadership pour la d\u00e9fense des droits et des int\u00e9r\u00eats de la SCO\"}]},{\"@type\":\"WebSite\",\"@id\":\"https:\\\/\\\/www.cos-sco.ca\\\/fr\\\/#website\",\"url\":\"https:\\\/\\\/www.cos-sco.ca\\\/fr\\\/\",\"name\":\"COS-SCO\",\"description\":\"\",\"publisher\":{\"@id\":\"https:\\\/\\\/www.cos-sco.ca\\\/fr\\\/#organization\"},\"potentialAction\":[{\"@type\":\"SearchAction\",\"target\":{\"@type\":\"EntryPoint\",\"urlTemplate\":\"https:\\\/\\\/www.cos-sco.ca\\\/fr\\\/?s={search_term_string}\"},\"query-input\":{\"@type\":\"PropertyValueSpecification\",\"valueRequired\":true,\"valueName\":\"search_term_string\"}}],\"inLanguage\":\"fr-FR\"},{\"@type\":\"Organization\",\"@id\":\"https:\\\/\\\/www.cos-sco.ca\\\/fr\\\/#organization\",\"name\":\"COS-SCO\",\"url\":\"https:\\\/\\\/www.cos-sco.ca\\\/fr\\\/\",\"logo\":{\"@type\":\"ImageObject\",\"inLanguage\":\"fr-FR\",\"@id\":\"https:\\\/\\\/www.cos-sco.ca\\\/fr\\\/#\\\/schema\\\/logo\\\/image\\\/\",\"url\":\"https:\\\/\\\/www.cos-sco.ca\\\/wp-content\\\/uploads\\\/2025\\\/10\\\/logo.png\",\"contentUrl\":\"https:\\\/\\\/www.cos-sco.ca\\\/wp-content\\\/uploads\\\/2025\\\/10\\\/logo.png\",\"width\":316,\"height\":180,\"caption\":\"COS-SCO\"},\"image\":{\"@id\":\"https:\\\/\\\/www.cos-sco.ca\\\/fr\\\/#\\\/schema\\\/logo\\\/image\\\/\"}}]}<\/script>\n<!-- \/ Yoast SEO plugin. -->","yoast_head_json":{"title":"Prix du leadership pour la d\u00e9fense des droits et des int\u00e9r\u00eats de la SCO - COS-SCO","robots":{"index":"index","follow":"follow","max-snippet":"max-snippet:-1","max-image-preview":"max-image-preview:large","max-video-preview":"max-video-preview:-1"},"canonical":"https:\/\/www.cos-sco.ca\/fr\/membership\/awards\/leadership-in-advocacy-award\/","og_locale":"fr_FR","og_type":"article","og_title":"Prix du leadership pour la d\u00e9fense des droits et des int\u00e9r\u00eats de la SCO - COS-SCO","og_description":"2026 Phil Hooper, M.D.\u00a0 F.R.C.S.(C)","og_url":"https:\/\/www.cos-sco.ca\/fr\/membership\/awards\/leadership-in-advocacy-award\/","og_site_name":"COS-SCO","article_modified_time":"2026-04-10T15:58:27+00:00","og_image":[{"url":"https:\/\/www.cos-sco.ca\/wp-content\/uploads\/2025\/10\/impact-bg-1024x702.png","type":"","width":"","height":""}],"twitter_card":"summary_large_image","twitter_misc":{"Dur\u00e9e de lecture estim\u00e9e":"1 minute"},"schema":{"@context":"https:\/\/schema.org","@graph":[{"@type":"WebPage","@id":"https:\/\/www.cos-sco.ca\/fr\/membership\/awards\/leadership-in-advocacy-award\/","url":"https:\/\/www.cos-sco.ca\/fr\/membership\/awards\/leadership-in-advocacy-award\/","name":"Prix du leadership pour la d\u00e9fense des droits et des int\u00e9r\u00eats de la SCO - COS-SCO","isPartOf":{"@id":"https:\/\/www.cos-sco.ca\/fr\/#website"},"primaryImageOfPage":{"@id":"https:\/\/www.cos-sco.ca\/fr\/membership\/awards\/leadership-in-advocacy-award\/#primaryimage"},"image":{"@id":"https:\/\/www.cos-sco.ca\/fr\/membership\/awards\/leadership-in-advocacy-award\/#primaryimage"},"thumbnailUrl":"https:\/\/www.cos-sco.ca\/wp-content\/uploads\/2025\/10\/impact-bg-1024x702.png","datePublished":"2026-04-10T15:21:49+00:00","dateModified":"2026-04-10T15:58:27+00:00","breadcrumb":{"@id":"https:\/\/www.cos-sco.ca\/fr\/membership\/awards\/leadership-in-advocacy-award\/#breadcrumb"},"inLanguage":"fr-FR","potentialAction":[{"@type":"ReadAction","target":["https:\/\/www.cos-sco.ca\/fr\/membership\/awards\/leadership-in-advocacy-award\/"]}]},{"@type":"ImageObject","inLanguage":"fr-FR","@id":"https:\/\/www.cos-sco.ca\/fr\/membership\/awards\/leadership-in-advocacy-award\/#primaryimage","url":"https:\/\/www.cos-sco.ca\/wp-content\/uploads\/2025\/10\/impact-bg-1024x702.png","contentUrl":"https:\/\/www.cos-sco.ca\/wp-content\/uploads\/2025\/10\/impact-bg-1024x702.png"},{"@type":"BreadcrumbList","@id":"https:\/\/www.cos-sco.ca\/fr\/membership\/awards\/leadership-in-advocacy-award\/#breadcrumb","itemListElement":[{"@type":"ListItem","position":1,"name":"Home","item":"https:\/\/www.cos-sco.ca\/fr\/"},{"@type":"ListItem","position":2,"name":"Prix du leadership pour la d\u00e9fense des droits et des int\u00e9r\u00eats de la SCO"}]},{"@type":"WebSite","@id":"https:\/\/www.cos-sco.ca\/fr\/#website","url":"https:\/\/www.cos-sco.ca\/fr\/","name":"COS-SCO","description":"","publisher":{"@id":"https:\/\/www.cos-sco.ca\/fr\/#organization"},"potentialAction":[{"@type":"SearchAction","target":{"@type":"EntryPoint","urlTemplate":"https:\/\/www.cos-sco.ca\/fr\/?s={search_term_string}"},"query-input":{"@type":"PropertyValueSpecification","valueRequired":true,"valueName":"search_term_string"}}],"inLanguage":"fr-FR"},{"@type":"Organization","@id":"https:\/\/www.cos-sco.ca\/fr\/#organization","name":"COS-SCO","url":"https:\/\/www.cos-sco.ca\/fr\/","logo":{"@type":"ImageObject","inLanguage":"fr-FR","@id":"https:\/\/www.cos-sco.ca\/fr\/#\/schema\/logo\/image\/","url":"https:\/\/www.cos-sco.ca\/wp-content\/uploads\/2025\/10\/logo.png","contentUrl":"https:\/\/www.cos-sco.ca\/wp-content\/uploads\/2025\/10\/logo.png","width":316,"height":180,"caption":"COS-SCO"},"image":{"@id":"https:\/\/www.cos-sco.ca\/fr\/#\/schema\/logo\/image\/"}}]}},"_links":{"self":[{"href":"https:\/\/www.cos-sco.ca\/fr\/wp-json\/wp\/v2\/pages\/17061","targetHints":{"allow":["GET"]}}],"collection":[{"href":"https:\/\/www.cos-sco.ca\/fr\/wp-json\/wp\/v2\/pages"}],"about":[{"href":"https:\/\/www.cos-sco.ca\/fr\/wp-json\/wp\/v2\/types\/page"}],"author":[{"embeddable":true,"href":"https:\/\/www.cos-sco.ca\/fr\/wp-json\/wp\/v2\/users\/4"}],"replies":[{"embeddable":true,"href":"https:\/\/www.cos-sco.ca\/fr\/wp-json\/wp\/v2\/comments?post=17061"}],"version-history":[{"count":5,"href":"https:\/\/www.cos-sco.ca\/fr\/wp-json\/wp\/v2\/pages\/17061\/revisions"}],"predecessor-version":[{"id":17112,"href":"https:\/\/www.cos-sco.ca\/fr\/wp-json\/wp\/v2\/pages\/17061\/revisions\/17112"}],"up":[{"embeddable":true,"href":"https:\/\/www.cos-sco.ca\/fr\/wp-json\/wp\/v2\/pages\/15069"}],"wp:attachment":[{"href":"https:\/\/www.cos-sco.ca\/fr\/wp-json\/wp\/v2\/media?parent=17061"}],"curies":[{"name":"wp","href":"https:\/\/api.w.org\/{rel}","templated":true}]}}