{"id":17013,"date":"2026-03-30T13:01:03","date_gmt":"2026-03-30T17:01:03","guid":{"rendered":"https:\/\/www.cos-sco.ca\/?page_id=17013"},"modified":"2026-03-30T14:28:06","modified_gmt":"2026-03-30T18:28:06","slug":"education-and-resources","status":"publish","type":"page","link":"https:\/\/www.cos-sco.ca\/fr\/education-and-resources\/","title":{"rendered":"\u00c9ducation et ressources"},"content":{"rendered":"\n<div class=\"wp-block-cover alignfull\" style=\"min-height:343px;aspect-ratio:unset;\"><img loading=\"lazy\" decoding=\"async\" width=\"1024\" height=\"702\" class=\"wp-block-cover__image-background wp-image-208 size-large\" alt=\"\" src=\"https:\/\/www.cos-sco.ca\/wp-content\/uploads\/2025\/10\/impact-bg-1024x702.png\" data-object-fit=\"cover\" srcset=\"https:\/\/www.cos-sco.ca\/wp-content\/uploads\/2025\/10\/impact-bg-1024x702.png 1024w, https:\/\/www.cos-sco.ca\/wp-content\/uploads\/2025\/10\/impact-bg-300x206.png 300w, https:\/\/www.cos-sco.ca\/wp-content\/uploads\/2025\/10\/impact-bg-768x526.png 768w, https:\/\/www.cos-sco.ca\/wp-content\/uploads\/2025\/10\/impact-bg-1536x1052.png 1536w, https:\/\/www.cos-sco.ca\/wp-content\/uploads\/2025\/10\/impact-bg-2048x1403.png 2048w\" sizes=\"auto, (max-width: 1024px) 100vw, 1024px\" \/><span aria-hidden=\"true\" class=\"wp-block-cover__background has-background-dim\" style=\"background-color:#3f4460\"><\/span><div class=\"wp-block-cover__inner-container is-layout-constrained wp-container-core-cover-is-layout-71c83769 wp-block-cover-is-layout-constrained\">\n<h1 class=\"wp-block-heading has-text-align-center\"><strong>Ressources<\/strong> et \u00e9<strong>ducation <\/strong><\/h1>\n<\/div><\/div>\n\n\n\n<div class=\"wp-block-group has-white-color has-blue-2-background-color has-text-color has-background has-link-color wp-elements-cdce7b1d226dcd15559fd729d2b8004e is-layout-constrained wp-container-core-group-is-layout-3135bc61 wp-block-group-is-layout-constrained\" style=\"border-radius:20px;margin-top:var(--wp--preset--spacing--lg);padding-top:0;padding-right:var(--wp--preset--spacing--none);padding-bottom:0;padding-left:var(--wp--preset--spacing--none)\">\n<div class=\"wp-block-columns are-vertically-aligned-center is-layout-flex wp-container-core-columns-is-layout-99f27695 wp-block-columns-is-layout-flex\" style=\"padding-top:0;padding-right:var(--wp--preset--spacing--none);padding-bottom:0;padding-left:var(--wp--preset--spacing--none)\">\n<div class=\"wp-block-column is-vertically-aligned-center is-layout-flow wp-block-column-is-layout-flow\" style=\"padding-top:var(--wp--preset--spacing--md);padding-right:var(--wp--preset--spacing--md);padding-bottom:var(--wp--preset--spacing--md);padding-left:var(--wp--preset--spacing--md)\">\n<h2 class=\"wp-block-heading\"><strong><strong>\u00c9nonc\u00e9 de mission<\/strong><\/strong><\/h2>\n\n\n\n<p>Le Programme de DPC de la SCO contribue \u00e0 faire progresser l\u2019ophtalmologie au Canada en proposant une formation innovante, inclusive et de grande qualit\u00e9, qui renforce les comp\u00e9tences, favorise la collaboration et b\u00e2tit une communaut\u00e9 d\u2019apprenants perp\u00e9tuels; il encourage l\u2019engagement des stagiaires et des ophtalmologistes en exercice des quatre coins du pays dans une pratique \u00e9thique et adapt\u00e9e, afin d\u2019am\u00e9liorer les r\u00e9sultats en sant\u00e9 oculaire.<\/p>\n\n\n\n<p><\/p>\n\n\n<div class=\"yoast-breadcrumbs\"><span><span><a href=\"https:\/\/www.cos-sco.ca\/fr\/\">Home<\/a><\/span> \/ <span class=\"breadcrumb_last\" aria-current=\"page\">\u00c9ducation et ressources<\/span><\/span><\/div><\/div>\n\n\n\n<div class=\"wp-block-column is-vertically-aligned-center is-layout-flow wp-block-column-is-layout-flow\" style=\"padding-top:var(--wp--preset--spacing--md);padding-right:var(--wp--preset--spacing--md);padding-bottom:var(--wp--preset--spacing--md);padding-left:var(--wp--preset--spacing--md)\">\n<div class=\"wp-block-cover is-light\" style=\"border-top-left-radius:20px;border-top-right-radius:20px;border-bottom-left-radius:20px;border-bottom-right-radius:20px\"><img loading=\"lazy\" decoding=\"async\" width=\"1024\" height=\"683\" class=\"wp-block-cover__image-background wp-image-1307 size-large\" alt=\"\" src=\"https:\/\/www.cos-sco.ca\/wp-content\/uploads\/2025\/11\/CanadianOphthalmologicalSociety5-1024x683.jpg\" data-object-fit=\"cover\" srcset=\"https:\/\/www.cos-sco.ca\/wp-content\/uploads\/2025\/11\/CanadianOphthalmologicalSociety5-1024x683.jpg 1024w, https:\/\/www.cos-sco.ca\/wp-content\/uploads\/2025\/11\/CanadianOphthalmologicalSociety5-300x200.jpg 300w, https:\/\/www.cos-sco.ca\/wp-content\/uploads\/2025\/11\/CanadianOphthalmologicalSociety5-768x512.jpg 768w, https:\/\/www.cos-sco.ca\/wp-content\/uploads\/2025\/11\/CanadianOphthalmologicalSociety5-1536x1024.jpg 1536w, https:\/\/www.cos-sco.ca\/wp-content\/uploads\/2025\/11\/CanadianOphthalmologicalSociety5-2048x1365.jpg 2048w\" sizes=\"auto, (max-width: 1024px) 100vw, 1024px\" \/><span aria-hidden=\"true\" class=\"wp-block-cover__background has-background-dim-0 has-background-dim\"><\/span><div class=\"wp-block-cover__inner-container is-layout-constrained wp-block-cover-is-layout-constrained\">\n<p class=\"has-text-align-center has-large-font-size\"><\/p>\n<\/div><\/div>\n<\/div>\n<\/div>\n<\/div>\n\n\n\n<div class=\"wp-block-group is-layout-constrained wp-container-core-group-is-layout-3156e74c wp-block-group-is-layout-constrained\">\n<div class=\"wp-block-columns is-layout-flex wp-container-core-columns-is-layout-28f84493 wp-block-columns-is-layout-flex\">\n<div class=\"wp-block-column is-layout-flow wp-block-column-is-layout-flow\">\n<div class=\"wp-block-group has-background-accent-dark small has-white-color has-blue-2-background-color has-text-color has-background has-link-color wp-elements-25500caf64ac8bff0a0db3dd4ce5e0b6 is-layout-constrained wp-block-group-is-layout-constrained\" style=\"border-radius:20px;margin-top:0;margin-bottom:0\">\n<div class=\"wp-block-group is-layout-constrained wp-container-core-group-is-layout-e4d5999e wp-block-group-is-layout-constrained\" style=\"padding-top:var(--wp--preset--spacing--none);padding-bottom:var(--wp--preset--spacing--none)\">\n<h2 class=\"wp-block-heading has-text-align-left\">Congr\u00e8s annuels et expositions<\/h2>\n\n\n\n<div class=\"wp-block-buttons is-content-justification-left is-layout-flex wp-container-core-buttons-is-layout-fc4fd283 wp-block-buttons-is-layout-flex\">\n<div class=\"wp-block-button\"><a class=\"wp-block-button__link wp-element-button\" href=\"https:\/\/www.cos-sco.ca\/fr\/education-and-resources\/annual-meetings-and-exhibitions\/\">Regarder<\/a><\/div>\n<\/div>\n<\/div>\n<\/div>\n<\/div>\n\n\n\n<div class=\"wp-block-column is-layout-flow wp-block-column-is-layout-flow\">\n<div class=\"wp-block-group has-background-accent-dark small has-white-color has-blue-2-background-color has-text-color has-background has-link-color wp-elements-00e79a3bd325ec7d8ddcef58006bbd04 is-layout-constrained wp-block-group-is-layout-constrained\" style=\"border-radius:20px;margin-top:0;margin-bottom:0\">\n<div class=\"wp-block-group is-layout-constrained wp-container-core-group-is-layout-e4d5999e wp-block-group-is-layout-constrained\" style=\"padding-top:var(--wp--preset--spacing--none);padding-bottom:var(--wp--preset--spacing--none)\">\n<h2 class=\"wp-block-heading has-text-align-left\">Carrefour de ressources pour la pratique<\/h2>\n\n\n\n<div class=\"wp-block-buttons is-content-justification-left is-layout-flex wp-container-core-buttons-is-layout-fc4fd283 wp-block-buttons-is-layout-flex\">\n<div class=\"wp-block-button\"><a class=\"wp-block-button__link wp-element-button\" href=\"https:\/\/www.cosprc.ca\/fr\/\" target=\"_blank\" rel=\"noreferrer noopener\">Regarder<\/a><\/div>\n<\/div>\n<\/div>\n<\/div>\n<\/div>\n<\/div>\n\n\n\n<div class=\"wp-block-columns is-layout-flex wp-container-core-columns-is-layout-28f84493 wp-block-columns-is-layout-flex\">\n<div class=\"wp-block-column is-layout-flow wp-block-column-is-layout-flow\">\n<div class=\"wp-block-group has-background-accent-dark small has-white-color has-blue-2-background-color has-text-color has-background has-link-color wp-elements-23bb2ebe3a78fe002901c523e8a2d93a is-layout-constrained wp-block-group-is-layout-constrained\" style=\"border-radius:20px;margin-top:0;margin-bottom:0\">\n<div class=\"wp-block-group is-layout-constrained wp-container-core-group-is-layout-e4d5999e wp-block-group-is-layout-constrained\" style=\"padding-top:var(--wp--preset--spacing--none);padding-bottom:var(--wp--preset--spacing--none)\">\n<h2 class=\"wp-block-heading has-text-align-left\">Journal canadien d&rsquo;ophtalmologie<\/h2>\n\n\n\n<div class=\"wp-block-buttons is-content-justification-left is-layout-flex wp-container-core-buttons-is-layout-fc4fd283 wp-block-buttons-is-layout-flex\">\n<div class=\"wp-block-button\"><a class=\"wp-block-button__link wp-element-button\" href=\"https:\/\/www.canadianjournalofophthalmology.ca\/\">Regarder<\/a><\/div>\n<\/div>\n<\/div>\n<\/div>\n<\/div>\n\n\n\n<div class=\"wp-block-column is-layout-flow wp-block-column-is-layout-flow\">\n<div class=\"wp-block-group has-background-accent-dark small has-white-color has-blue-2-background-color has-text-color has-background has-link-color wp-elements-cb3d5021fa508e3b683c2cb5a7196950 is-layout-constrained wp-block-group-is-layout-constrained\" style=\"border-radius:20px;margin-top:0;margin-bottom:0\">\n<div class=\"wp-block-group is-layout-constrained wp-container-core-group-is-layout-e4d5999e wp-block-group-is-layout-constrained\" style=\"padding-top:var(--wp--preset--spacing--none);padding-bottom:var(--wp--preset--spacing--none)\">\n<h2 class=\"wp-block-heading has-text-align-left\">\u00c9quit\u00e9, diversit\u00e9 et inclusion<\/h2>\n\n\n\n<div class=\"wp-block-buttons is-content-justification-left is-layout-flex wp-container-core-buttons-is-layout-fc4fd283 wp-block-buttons-is-layout-flex\">\n<div class=\"wp-block-button\"><a class=\"wp-block-button__link wp-element-button\" href=\"https:\/\/www.cos-sco.ca\/fr\/education-and-resources\/edi\/\" target=\"_blank\" rel=\"noreferrer noopener\">Regarder<\/a><\/div>\n<\/div>\n<\/div>\n<\/div>\n<\/div>\n<\/div>\n\n\n\n<div class=\"wp-block-columns is-layout-flex wp-container-core-columns-is-layout-28f84493 wp-block-columns-is-layout-flex\">\n<div class=\"wp-block-column is-layout-flow wp-block-column-is-layout-flow\">\n<div class=\"wp-block-group has-background-accent-dark small has-white-color has-blue-2-background-color has-text-color has-background has-link-color wp-elements-8e721f746e59c57267d38cb7c0e659f3 is-layout-constrained wp-block-group-is-layout-constrained\" style=\"border-radius:20px;margin-top:0;margin-bottom:0\">\n<div class=\"wp-block-group is-layout-constrained wp-container-core-group-is-layout-e4d5999e wp-block-group-is-layout-constrained\" style=\"padding-top:var(--wp--preset--spacing--none);padding-bottom:var(--wp--preset--spacing--none)\">\n<h2 class=\"wp-block-heading has-text-align-left\">P\u00e9nuries de m\u00e9dicaments et d\u2019instruments<\/h2>\n\n\n\n<div class=\"wp-block-buttons is-content-justification-left is-layout-flex wp-container-core-buttons-is-layout-fc4fd283 wp-block-buttons-is-layout-flex\">\n<div class=\"wp-block-button\"><a class=\"wp-block-button__link wp-element-button\" href=\"https:\/\/www.cos-sco.ca\/fr\/education-and-resources\/drug-shortages\/\">Regarder<\/a><\/div>\n<\/div>\n<\/div>\n<\/div>\n<\/div>\n\n\n\n<div class=\"wp-block-column is-layout-flow wp-block-column-is-layout-flow\">\n<div class=\"wp-block-group has-background-accent-dark small has-white-color has-blue-2-background-color has-text-color has-background has-link-color wp-elements-c679855139b48a91c02cea5fb364d9fa is-layout-constrained wp-block-group-is-layout-constrained\" style=\"border-radius:20px;margin-top:0;margin-bottom:0\">\n<div class=\"wp-block-group is-layout-constrained wp-container-core-group-is-layout-e4d5999e wp-block-group-is-layout-constrained\" style=\"padding-top:var(--wp--preset--spacing--none);padding-bottom:var(--wp--preset--spacing--none)\">\n<h2 class=\"wp-block-heading has-text-align-left\">Explorer les ressources<\/h2>\n\n\n\n<div class=\"wp-block-buttons is-content-justification-left is-layout-flex wp-container-core-buttons-is-layout-fc4fd283 wp-block-buttons-is-layout-flex\">\n<div class=\"wp-block-button\"><a class=\"wp-block-button__link wp-element-button\" href=\"https:\/\/www.cos-sco.ca\/fr\/for-ophthalmologists\/\" target=\"_blank\" rel=\"noreferrer noopener\">Regarder<\/a><\/div>\n<\/div>\n<\/div>\n<\/div>\n<\/div>\n<\/div>\n\n\n\n<div class=\"wp-block-columns is-layout-flex wp-container-core-columns-is-layout-28f84493 wp-block-columns-is-layout-flex\">\n<div class=\"wp-block-column is-layout-flow wp-block-column-is-layout-flow\"><\/div>\n\n\n\n<div class=\"wp-block-column is-layout-flow wp-block-column-is-layout-flow\"><\/div>\n<\/div>\n<\/div>\n\n\n\n<p><\/p>\n","protected":false},"excerpt":{"rendered":"<p>\u00c9nonc\u00e9 de mission Le Programme de DPC de la SCO contribue \u00e0 faire progresser l\u2019ophtalmologie au Canada en proposant une formation innovante, inclusive et de grande qualit\u00e9, qui renforce les comp\u00e9tences, favorise la collaboration et b\u00e2tit une communaut\u00e9 d\u2019apprenants perp\u00e9tuels; il encourage l\u2019engagement des stagiaires et des ophtalmologistes en exercice des quatre coins du pays [&hellip;]<\/p>\n","protected":false},"author":9,"featured_media":0,"parent":0,"menu_order":0,"comment_status":"closed","ping_status":"closed","template":"","meta":{"footnotes":""},"class_list":["post-17013","page","type-page","status-publish","hentry"],"yoast_head":"<!-- This site is optimized with the Yoast SEO plugin v27.4 - https:\/\/yoast.com\/product\/yoast-seo-wordpress\/ -->\n<title>\u00c9ducation et ressources - COS-SCO<\/title>\n<meta name=\"robots\" content=\"index, follow, max-snippet:-1, max-image-preview:large, max-video-preview:-1\" \/>\n<link rel=\"canonical\" href=\"https:\/\/www.cos-sco.ca\/fr\/education-and-resources\/\" \/>\n<meta property=\"og:locale\" content=\"fr_FR\" \/>\n<meta property=\"og:type\" content=\"article\" \/>\n<meta property=\"og:title\" content=\"\u00c9ducation et ressources - COS-SCO\" \/>\n<meta property=\"og:description\" content=\"\u00c9nonc\u00e9 de mission Le Programme de DPC de la SCO contribue \u00e0 faire progresser l\u2019ophtalmologie au Canada en proposant une formation innovante, inclusive et de grande qualit\u00e9, qui renforce les comp\u00e9tences, favorise la collaboration et b\u00e2tit une communaut\u00e9 d\u2019apprenants perp\u00e9tuels; il encourage l\u2019engagement des stagiaires et des ophtalmologistes en exercice des quatre coins du pays [&hellip;]\" \/>\n<meta property=\"og:url\" content=\"https:\/\/www.cos-sco.ca\/fr\/education-and-resources\/\" \/>\n<meta property=\"og:site_name\" content=\"COS-SCO\" \/>\n<meta property=\"article:modified_time\" content=\"2026-03-30T18:28:06+00:00\" \/>\n<meta property=\"og:image\" content=\"https:\/\/www.cos-sco.ca\/wp-content\/uploads\/2025\/10\/impact-bg-1024x702.png\" \/>\n<meta name=\"twitter:card\" content=\"summary_large_image\" \/>\n<meta name=\"twitter:label1\" content=\"Dur\u00e9e de lecture estim\u00e9e\" \/>\n\t<meta name=\"twitter:data1\" content=\"1 minute\" \/>\n<script type=\"application\/ld+json\" class=\"yoast-schema-graph\">{\"@context\":\"https:\\\/\\\/schema.org\",\"@graph\":[{\"@type\":\"WebPage\",\"@id\":\"https:\\\/\\\/www.cos-sco.ca\\\/fr\\\/education-and-resources\\\/\",\"url\":\"https:\\\/\\\/www.cos-sco.ca\\\/fr\\\/education-and-resources\\\/\",\"name\":\"\u00c9ducation et ressources - COS-SCO\",\"isPartOf\":{\"@id\":\"https:\\\/\\\/www.cos-sco.ca\\\/fr\\\/#website\"},\"primaryImageOfPage\":{\"@id\":\"https:\\\/\\\/www.cos-sco.ca\\\/fr\\\/education-and-resources\\\/#primaryimage\"},\"image\":{\"@id\":\"https:\\\/\\\/www.cos-sco.ca\\\/fr\\\/education-and-resources\\\/#primaryimage\"},\"thumbnailUrl\":\"https:\\\/\\\/www.cos-sco.ca\\\/wp-content\\\/uploads\\\/2025\\\/10\\\/impact-bg-1024x702.png\",\"datePublished\":\"2026-03-30T17:01:03+00:00\",\"dateModified\":\"2026-03-30T18:28:06+00:00\",\"breadcrumb\":{\"@id\":\"https:\\\/\\\/www.cos-sco.ca\\\/fr\\\/education-and-resources\\\/#breadcrumb\"},\"inLanguage\":\"fr-FR\",\"potentialAction\":[{\"@type\":\"ReadAction\",\"target\":[\"https:\\\/\\\/www.cos-sco.ca\\\/fr\\\/education-and-resources\\\/\"]}]},{\"@type\":\"ImageObject\",\"inLanguage\":\"fr-FR\",\"@id\":\"https:\\\/\\\/www.cos-sco.ca\\\/fr\\\/education-and-resources\\\/#primaryimage\",\"url\":\"https:\\\/\\\/www.cos-sco.ca\\\/wp-content\\\/uploads\\\/2025\\\/10\\\/impact-bg-1024x702.png\",\"contentUrl\":\"https:\\\/\\\/www.cos-sco.ca\\\/wp-content\\\/uploads\\\/2025\\\/10\\\/impact-bg-1024x702.png\"},{\"@type\":\"BreadcrumbList\",\"@id\":\"https:\\\/\\\/www.cos-sco.ca\\\/fr\\\/education-and-resources\\\/#breadcrumb\",\"itemListElement\":[{\"@type\":\"ListItem\",\"position\":1,\"name\":\"Home\",\"item\":\"https:\\\/\\\/www.cos-sco.ca\\\/fr\\\/\"},{\"@type\":\"ListItem\",\"position\":2,\"name\":\"\u00c9ducation et ressources\"}]},{\"@type\":\"WebSite\",\"@id\":\"https:\\\/\\\/www.cos-sco.ca\\\/fr\\\/#website\",\"url\":\"https:\\\/\\\/www.cos-sco.ca\\\/fr\\\/\",\"name\":\"COS-SCO\",\"description\":\"\",\"publisher\":{\"@id\":\"https:\\\/\\\/www.cos-sco.ca\\\/fr\\\/#organization\"},\"potentialAction\":[{\"@type\":\"SearchAction\",\"target\":{\"@type\":\"EntryPoint\",\"urlTemplate\":\"https:\\\/\\\/www.cos-sco.ca\\\/fr\\\/?s={search_term_string}\"},\"query-input\":{\"@type\":\"PropertyValueSpecification\",\"valueRequired\":true,\"valueName\":\"search_term_string\"}}],\"inLanguage\":\"fr-FR\"},{\"@type\":\"Organization\",\"@id\":\"https:\\\/\\\/www.cos-sco.ca\\\/fr\\\/#organization\",\"name\":\"COS-SCO\",\"url\":\"https:\\\/\\\/www.cos-sco.ca\\\/fr\\\/\",\"logo\":{\"@type\":\"ImageObject\",\"inLanguage\":\"fr-FR\",\"@id\":\"https:\\\/\\\/www.cos-sco.ca\\\/fr\\\/#\\\/schema\\\/logo\\\/image\\\/\",\"url\":\"https:\\\/\\\/www.cos-sco.ca\\\/wp-content\\\/uploads\\\/2025\\\/10\\\/logo.png\",\"contentUrl\":\"https:\\\/\\\/www.cos-sco.ca\\\/wp-content\\\/uploads\\\/2025\\\/10\\\/logo.png\",\"width\":316,\"height\":180,\"caption\":\"COS-SCO\"},\"image\":{\"@id\":\"https:\\\/\\\/www.cos-sco.ca\\\/fr\\\/#\\\/schema\\\/logo\\\/image\\\/\"}}]}<\/script>\n<!-- \/ Yoast SEO plugin. -->","yoast_head_json":{"title":"\u00c9ducation et ressources - COS-SCO","robots":{"index":"index","follow":"follow","max-snippet":"max-snippet:-1","max-image-preview":"max-image-preview:large","max-video-preview":"max-video-preview:-1"},"canonical":"https:\/\/www.cos-sco.ca\/fr\/education-and-resources\/","og_locale":"fr_FR","og_type":"article","og_title":"\u00c9ducation et ressources - COS-SCO","og_description":"\u00c9nonc\u00e9 de mission Le Programme de DPC de la SCO contribue \u00e0 faire progresser l\u2019ophtalmologie au Canada en proposant une formation innovante, inclusive et de grande qualit\u00e9, qui renforce les comp\u00e9tences, favorise la collaboration et b\u00e2tit une communaut\u00e9 d\u2019apprenants perp\u00e9tuels; il encourage l\u2019engagement des stagiaires et des ophtalmologistes en exercice des quatre coins du pays [&hellip;]","og_url":"https:\/\/www.cos-sco.ca\/fr\/education-and-resources\/","og_site_name":"COS-SCO","article_modified_time":"2026-03-30T18:28:06+00:00","og_image":[{"url":"https:\/\/www.cos-sco.ca\/wp-content\/uploads\/2025\/10\/impact-bg-1024x702.png","type":"","width":"","height":""}],"twitter_card":"summary_large_image","twitter_misc":{"Dur\u00e9e de lecture estim\u00e9e":"1 minute"},"schema":{"@context":"https:\/\/schema.org","@graph":[{"@type":"WebPage","@id":"https:\/\/www.cos-sco.ca\/fr\/education-and-resources\/","url":"https:\/\/www.cos-sco.ca\/fr\/education-and-resources\/","name":"\u00c9ducation et ressources - COS-SCO","isPartOf":{"@id":"https:\/\/www.cos-sco.ca\/fr\/#website"},"primaryImageOfPage":{"@id":"https:\/\/www.cos-sco.ca\/fr\/education-and-resources\/#primaryimage"},"image":{"@id":"https:\/\/www.cos-sco.ca\/fr\/education-and-resources\/#primaryimage"},"thumbnailUrl":"https:\/\/www.cos-sco.ca\/wp-content\/uploads\/2025\/10\/impact-bg-1024x702.png","datePublished":"2026-03-30T17:01:03+00:00","dateModified":"2026-03-30T18:28:06+00:00","breadcrumb":{"@id":"https:\/\/www.cos-sco.ca\/fr\/education-and-resources\/#breadcrumb"},"inLanguage":"fr-FR","potentialAction":[{"@type":"ReadAction","target":["https:\/\/www.cos-sco.ca\/fr\/education-and-resources\/"]}]},{"@type":"ImageObject","inLanguage":"fr-FR","@id":"https:\/\/www.cos-sco.ca\/fr\/education-and-resources\/#primaryimage","url":"https:\/\/www.cos-sco.ca\/wp-content\/uploads\/2025\/10\/impact-bg-1024x702.png","contentUrl":"https:\/\/www.cos-sco.ca\/wp-content\/uploads\/2025\/10\/impact-bg-1024x702.png"},{"@type":"BreadcrumbList","@id":"https:\/\/www.cos-sco.ca\/fr\/education-and-resources\/#breadcrumb","itemListElement":[{"@type":"ListItem","position":1,"name":"Home","item":"https:\/\/www.cos-sco.ca\/fr\/"},{"@type":"ListItem","position":2,"name":"\u00c9ducation et ressources"}]},{"@type":"WebSite","@id":"https:\/\/www.cos-sco.ca\/fr\/#website","url":"https:\/\/www.cos-sco.ca\/fr\/","name":"COS-SCO","description":"","publisher":{"@id":"https:\/\/www.cos-sco.ca\/fr\/#organization"},"potentialAction":[{"@type":"SearchAction","target":{"@type":"EntryPoint","urlTemplate":"https:\/\/www.cos-sco.ca\/fr\/?s={search_term_string}"},"query-input":{"@type":"PropertyValueSpecification","valueRequired":true,"valueName":"search_term_string"}}],"inLanguage":"fr-FR"},{"@type":"Organization","@id":"https:\/\/www.cos-sco.ca\/fr\/#organization","name":"COS-SCO","url":"https:\/\/www.cos-sco.ca\/fr\/","logo":{"@type":"ImageObject","inLanguage":"fr-FR","@id":"https:\/\/www.cos-sco.ca\/fr\/#\/schema\/logo\/image\/","url":"https:\/\/www.cos-sco.ca\/wp-content\/uploads\/2025\/10\/logo.png","contentUrl":"https:\/\/www.cos-sco.ca\/wp-content\/uploads\/2025\/10\/logo.png","width":316,"height":180,"caption":"COS-SCO"},"image":{"@id":"https:\/\/www.cos-sco.ca\/fr\/#\/schema\/logo\/image\/"}}]}},"_links":{"self":[{"href":"https:\/\/www.cos-sco.ca\/fr\/wp-json\/wp\/v2\/pages\/17013","targetHints":{"allow":["GET"]}}],"collection":[{"href":"https:\/\/www.cos-sco.ca\/fr\/wp-json\/wp\/v2\/pages"}],"about":[{"href":"https:\/\/www.cos-sco.ca\/fr\/wp-json\/wp\/v2\/types\/page"}],"author":[{"embeddable":true,"href":"https:\/\/www.cos-sco.ca\/fr\/wp-json\/wp\/v2\/users\/9"}],"replies":[{"embeddable":true,"href":"https:\/\/www.cos-sco.ca\/fr\/wp-json\/wp\/v2\/comments?post=17013"}],"version-history":[{"count":5,"href":"https:\/\/www.cos-sco.ca\/fr\/wp-json\/wp\/v2\/pages\/17013\/revisions"}],"predecessor-version":[{"id":17023,"href":"https:\/\/www.cos-sco.ca\/fr\/wp-json\/wp\/v2\/pages\/17013\/revisions\/17023"}],"wp:attachment":[{"href":"https:\/\/www.cos-sco.ca\/fr\/wp-json\/wp\/v2\/media?parent=17013"}],"curies":[{"name":"wp","href":"https:\/\/api.w.org\/{rel}","templated":true}]}}