{"id":16885,"date":"2026-03-13T08:29:07","date_gmt":"2026-03-13T12:29:07","guid":{"rendered":"https:\/\/www.cos-sco.ca\/?page_id=16885"},"modified":"2026-03-13T08:54:40","modified_gmt":"2026-03-13T12:54:40","slug":"coalition-des-partenaires-en-sante-oculaire","status":"publish","type":"page","link":"https:\/\/www.cos-sco.ca\/fr\/advocacy\/coalition-des-partenaires-en-sante-oculaire\/","title":{"rendered":"Coalition des partenaires en sant\u00e9 oculaire"},"content":{"rendered":"\n<div class=\"wp-block-cover alignfull\" style=\"min-height:343px;aspect-ratio:unset;\"><img loading=\"lazy\" decoding=\"async\" width=\"1024\" height=\"702\" class=\"wp-block-cover__image-background wp-image-208 size-large\" alt=\"\" src=\"https:\/\/www.cos-sco.ca\/wp-content\/uploads\/2025\/10\/impact-bg-1024x702.png\" data-object-fit=\"cover\" srcset=\"https:\/\/www.cos-sco.ca\/wp-content\/uploads\/2025\/10\/impact-bg-1024x702.png 1024w, https:\/\/www.cos-sco.ca\/wp-content\/uploads\/2025\/10\/impact-bg-300x206.png 300w, https:\/\/www.cos-sco.ca\/wp-content\/uploads\/2025\/10\/impact-bg-768x526.png 768w, https:\/\/www.cos-sco.ca\/wp-content\/uploads\/2025\/10\/impact-bg-1536x1052.png 1536w, https:\/\/www.cos-sco.ca\/wp-content\/uploads\/2025\/10\/impact-bg-2048x1403.png 2048w\" sizes=\"auto, (max-width: 1024px) 100vw, 1024px\" \/><span aria-hidden=\"true\" class=\"wp-block-cover__background has-background-dim\" style=\"background-color:#3f4460\"><\/span><div class=\"wp-block-cover__inner-container is-layout-constrained wp-block-cover-is-layout-constrained\">\n<h1 class=\"wp-block-heading has-text-align-center\">Coalition des partenaires en sant\u00e9 oculaire<\/h1>\n<\/div><\/div>\n\n\n<div class=\"yoast-breadcrumbs\"><span><span><a href=\"https:\/\/www.cos-sco.ca\/fr\/\">Home<\/a><\/span> \/ <span class=\"breadcrumb_last\" aria-current=\"page\">Coalition des partenaires en sant\u00e9 oculaire<\/span><\/span><\/div>\n\n\n<div style=\"height:25px\" aria-hidden=\"true\" class=\"wp-block-spacer\"><\/div>\n\n\n\n<p>La Coalition des partenaires en sant\u00e9 oculaire (CPSO) est un groupe d\u2019organisations sans but lucratif qui plaident en faveur d\u2019un changement de politique, encouragent la sensibilisation du public et appuient les initiatives en recherche et formation pour les soins oculaires au Canada. La CPSO croit fermement que chaque Canadien, peu importe son lieu de r\u00e9sidence, son revenu ou ses origines, doit avoir droit \u00e0 des soins oculaires abordables et complets lui permettant de vivre, de travailler et de participer pleinement aux activit\u00e9s de la vie quotidienne. \u00c0 cette fin, la CPSO a appuy\u00e9 les efforts de Sant\u00e9 Canada visant \u00e0 \u00e9tablir une strat\u00e9gie nationale sur les soins oculaires en pr\u00e9parant un ensemble coh\u00e9rent de recommandations pour orienter sa cr\u00e9ation et sa mise en \u0153uvre.<\/p>\n\n\n\n<div class=\"wp-block-columns is-layout-flex wp-container-core-columns-is-layout-08ec83b6 wp-block-columns-is-layout-flex\" style=\"padding-top:1rem;padding-right:3rem;padding-bottom:1rem;padding-left:3rem\">\n<div class=\"wp-block-column is-layout-flow wp-block-column-is-layout-flow\">\n<figure class=\"wp-block-image aligncenter size-full is-resized\"><img loading=\"lazy\" decoding=\"async\" width=\"200\" height=\"150\" src=\"https:\/\/www.cos-sco.ca\/wp-content\/uploads\/2026\/03\/cao.png\" alt=\"\" class=\"wp-image-16820\" style=\"width:242px;height:auto\"\/><\/figure>\n<\/div>\n\n\n\n<div class=\"wp-block-column is-vertically-aligned-center is-layout-flow wp-block-column-is-layout-flow\">\n<figure class=\"wp-block-image aligncenter size-large is-resized\"><img loading=\"lazy\" decoding=\"async\" width=\"1024\" height=\"168\" src=\"https:\/\/www.cos-sco.ca\/wp-content\/uploads\/2025\/11\/CCB-Logo-1024x168.png\" alt=\"\" class=\"wp-image-1039\" style=\"aspect-ratio:6.096247960848287;width:328px;height:auto\" srcset=\"https:\/\/www.cos-sco.ca\/wp-content\/uploads\/2025\/11\/CCB-Logo-1024x168.png 1024w, https:\/\/www.cos-sco.ca\/wp-content\/uploads\/2025\/11\/CCB-Logo-300x49.png 300w, https:\/\/www.cos-sco.ca\/wp-content\/uploads\/2025\/11\/CCB-Logo-768x126.png 768w, https:\/\/www.cos-sco.ca\/wp-content\/uploads\/2025\/11\/CCB-Logo-1536x252.png 1536w, https:\/\/www.cos-sco.ca\/wp-content\/uploads\/2025\/11\/CCB-Logo.png 1802w\" sizes=\"auto, (max-width: 1024px) 100vw, 1024px\" \/><\/figure>\n<\/div>\n\n\n\n<div class=\"wp-block-column is-vertically-aligned-center is-layout-flow wp-block-column-is-layout-flow\">\n<figure class=\"wp-block-image aligncenter size-full is-resized\"><img loading=\"lazy\" decoding=\"async\" width=\"316\" height=\"180\" src=\"https:\/\/www.cos-sco.ca\/wp-content\/uploads\/2025\/10\/logo.png\" alt=\"\" class=\"wp-image-36\" style=\"aspect-ratio:1.7556902892356625;width:213px;height:auto\" srcset=\"https:\/\/www.cos-sco.ca\/wp-content\/uploads\/2025\/10\/logo.png 316w, https:\/\/www.cos-sco.ca\/wp-content\/uploads\/2025\/10\/logo-300x171.png 300w\" sizes=\"auto, (max-width: 316px) 100vw, 316px\" \/><\/figure>\n<\/div>\n<\/div>\n\n\n\n<div class=\"wp-block-columns is-layout-flex wp-container-core-columns-is-layout-893e2081 wp-block-columns-is-layout-flex\" style=\"padding-top:1rem;padding-right:3rem;padding-bottom:1rem;padding-left:3rem\">\n<div class=\"wp-block-column is-vertically-aligned-center is-layout-flow wp-block-column-is-layout-flow\">\n<figure class=\"wp-block-image aligncenter size-large is-resized\"><img loading=\"lazy\" decoding=\"async\" width=\"1024\" height=\"307\" src=\"https:\/\/www.cos-sco.ca\/wp-content\/uploads\/2025\/11\/CNIB-Foundation_Logo_BIL_ENG-FRE-1024x307.png\" alt=\"\" class=\"wp-image-1080\" style=\"aspect-ratio:3.3359619104299956;width:258px;height:auto\" srcset=\"https:\/\/www.cos-sco.ca\/wp-content\/uploads\/2025\/11\/CNIB-Foundation_Logo_BIL_ENG-FRE-1024x307.png 1024w, https:\/\/www.cos-sco.ca\/wp-content\/uploads\/2025\/11\/CNIB-Foundation_Logo_BIL_ENG-FRE-300x90.png 300w, https:\/\/www.cos-sco.ca\/wp-content\/uploads\/2025\/11\/CNIB-Foundation_Logo_BIL_ENG-FRE-768x230.png 768w, https:\/\/www.cos-sco.ca\/wp-content\/uploads\/2025\/11\/CNIB-Foundation_Logo_BIL_ENG-FRE-1536x460.png 1536w, https:\/\/www.cos-sco.ca\/wp-content\/uploads\/2025\/11\/CNIB-Foundation_Logo_BIL_ENG-FRE-2048x614.png 2048w\" sizes=\"auto, (max-width: 1024px) 100vw, 1024px\" \/><\/figure>\n<\/div>\n\n\n\n<div class=\"wp-block-column is-vertically-aligned-center is-layout-flow wp-block-column-is-layout-flow\">\n<figure class=\"wp-block-image aligncenter size-full is-resized\"><img loading=\"lazy\" decoding=\"async\" width=\"990\" height=\"433\" src=\"https:\/\/www.cos-sco.ca\/wp-content\/uploads\/2026\/03\/FBC_Logo_Side_Stacked_Colour.png\" alt=\"\" class=\"wp-image-16826\" style=\"aspect-ratio:2.2865592494391187;width:269px;height:auto\" srcset=\"https:\/\/www.cos-sco.ca\/wp-content\/uploads\/2026\/03\/FBC_Logo_Side_Stacked_Colour.png 990w, https:\/\/www.cos-sco.ca\/wp-content\/uploads\/2026\/03\/FBC_Logo_Side_Stacked_Colour-300x131.png 300w, https:\/\/www.cos-sco.ca\/wp-content\/uploads\/2026\/03\/FBC_Logo_Side_Stacked_Colour-768x336.png 768w\" sizes=\"auto, (max-width: 990px) 100vw, 990px\" \/><\/figure>\n<\/div>\n\n\n\n<div class=\"wp-block-column is-vertically-aligned-center is-layout-flow wp-block-column-is-layout-flow\">\n<figure class=\"wp-block-image aligncenter size-full is-resized\"><img loading=\"lazy\" decoding=\"async\" width=\"200\" height=\"150\" src=\"https:\/\/www.cos-sco.ca\/wp-content\/uploads\/2026\/03\/oac.png\" alt=\"\" class=\"wp-image-16828\" style=\"width:167px;height:auto\"\/><\/figure>\n<\/div>\n<\/div>\n\n\n\n<div class=\"wp-block-columns is-layout-flex wp-container-core-columns-is-layout-193a76bc wp-block-columns-is-layout-flex\" style=\"padding-right:4rem;padding-left:4rem\">\n<div class=\"wp-block-column is-vertically-aligned-center is-layout-flow wp-block-column-is-layout-flow\">\n<figure class=\"wp-block-image aligncenter size-large is-resized\"><img loading=\"lazy\" decoding=\"async\" width=\"1024\" height=\"538\" src=\"https:\/\/www.cos-sco.ca\/wp-content\/uploads\/2026\/03\/Orbis-Logo_Full-Colour-1024x538.png\" alt=\"\" class=\"wp-image-16855\" style=\"aspect-ratio:1.9034357499621612;width:148px;height:auto\" srcset=\"https:\/\/www.cos-sco.ca\/wp-content\/uploads\/2026\/03\/Orbis-Logo_Full-Colour-1024x538.png 1024w, https:\/\/www.cos-sco.ca\/wp-content\/uploads\/2026\/03\/Orbis-Logo_Full-Colour-300x158.png 300w, https:\/\/www.cos-sco.ca\/wp-content\/uploads\/2026\/03\/Orbis-Logo_Full-Colour-768x403.png 768w, https:\/\/www.cos-sco.ca\/wp-content\/uploads\/2026\/03\/Orbis-Logo_Full-Colour-1536x807.png 1536w, https:\/\/www.cos-sco.ca\/wp-content\/uploads\/2026\/03\/Orbis-Logo_Full-Colour.png 1801w\" sizes=\"auto, (max-width: 1024px) 100vw, 1024px\" \/><\/figure>\n<\/div>\n\n\n\n<div class=\"wp-block-column is-vertically-aligned-top is-layout-flow wp-block-column-is-layout-flow\">\n<figure class=\"wp-block-image aligncenter size-large is-resized\"><img loading=\"lazy\" decoding=\"async\" width=\"1024\" height=\"662\" src=\"https:\/\/www.cos-sco.ca\/wp-content\/uploads\/2025\/11\/VLR_Canada_Bi_Hor_withTM-scaled-1-1024x662.jpg\" alt=\"\" class=\"wp-image-1054\" style=\"aspect-ratio:1.5468666309587573;width:364px;height:auto\" srcset=\"https:\/\/www.cos-sco.ca\/wp-content\/uploads\/2025\/11\/VLR_Canada_Bi_Hor_withTM-scaled-1-1024x662.jpg 1024w, https:\/\/www.cos-sco.ca\/wp-content\/uploads\/2025\/11\/VLR_Canada_Bi_Hor_withTM-scaled-1-300x194.jpg 300w, https:\/\/www.cos-sco.ca\/wp-content\/uploads\/2025\/11\/VLR_Canada_Bi_Hor_withTM-scaled-1-768x497.jpg 768w, https:\/\/www.cos-sco.ca\/wp-content\/uploads\/2025\/11\/VLR_Canada_Bi_Hor_withTM-scaled-1-1536x994.jpg 1536w, https:\/\/www.cos-sco.ca\/wp-content\/uploads\/2025\/11\/VLR_Canada_Bi_Hor_withTM-scaled-1-2048x1325.jpg 2048w\" sizes=\"auto, (max-width: 1024px) 100vw, 1024px\" \/><\/figure>\n<\/div>\n<\/div>\n\n\n\n<h3 class=\"wp-block-heading\">Ressources<\/h3>\n\n\n\n<p><a href=\"https:\/\/www.cos-sco.ca\/wp-content\/uploads\/2026\/02\/VHPC-Recommendation-Report_-Informing-a-National-Strategy-for-Eye-Care-01.15.2026_FR.pdf\" type=\"link\" id=\"https:\/\/www.cos-sco.ca\/wp-content\/uploads\/2026\/02\/VHPC-Recommendation-Report_-Informing-a-National-Strategy-for-Eye-Care-01.15.2026_FR.pdf\">Rapport de recommendations<\/a><\/p>\n\n\n\n<div style=\"height:87px\" aria-hidden=\"true\" class=\"wp-block-spacer\"><\/div>\n","protected":false},"excerpt":{"rendered":"<p>La Coalition des partenaires en sant\u00e9 oculaire (CPSO) est un groupe d\u2019organisations sans but lucratif qui plaident en faveur d\u2019un changement de politique, encouragent la sensibilisation du public et appuient les initiatives en recherche et formation pour les soins oculaires au Canada. La CPSO croit fermement que chaque Canadien, peu importe son lieu de r\u00e9sidence, [&hellip;]<\/p>\n","protected":false},"author":9,"featured_media":0,"parent":15373,"menu_order":0,"comment_status":"closed","ping_status":"closed","template":"","meta":{"footnotes":""},"class_list":["post-16885","page","type-page","status-publish","hentry"],"yoast_head":"<!-- This site is optimized with the Yoast SEO plugin v27.3 - https:\/\/yoast.com\/product\/yoast-seo-wordpress\/ -->\n<title>Coalition des partenaires en sant\u00e9 oculaire - COS-SCO<\/title>\n<meta name=\"robots\" content=\"index, follow, max-snippet:-1, max-image-preview:large, max-video-preview:-1\" \/>\n<link rel=\"canonical\" href=\"https:\/\/www.cos-sco.ca\/fr\/advocacy\/coalition-des-partenaires-en-sante-oculaire\/\" \/>\n<meta property=\"og:locale\" content=\"fr_FR\" \/>\n<meta property=\"og:type\" content=\"article\" \/>\n<meta property=\"og:title\" content=\"Coalition des partenaires en sant\u00e9 oculaire - COS-SCO\" \/>\n<meta property=\"og:description\" content=\"La Coalition des partenaires en sant\u00e9 oculaire (CPSO) est un groupe d\u2019organisations sans but lucratif qui plaident en faveur d\u2019un changement de politique, encouragent la sensibilisation du public et appuient les initiatives en recherche et formation pour les soins oculaires au Canada. La CPSO croit fermement que chaque Canadien, peu importe son lieu de r\u00e9sidence, [&hellip;]\" \/>\n<meta property=\"og:url\" content=\"https:\/\/www.cos-sco.ca\/fr\/advocacy\/coalition-des-partenaires-en-sante-oculaire\/\" \/>\n<meta property=\"og:site_name\" content=\"COS-SCO\" \/>\n<meta property=\"article:modified_time\" content=\"2026-03-13T12:54:40+00:00\" \/>\n<meta property=\"og:image\" content=\"https:\/\/www.cos-sco.ca\/wp-content\/uploads\/2025\/10\/impact-bg-1024x702.png\" \/>\n<meta name=\"twitter:card\" content=\"summary_large_image\" \/>\n<meta name=\"twitter:label1\" content=\"Dur\u00e9e de lecture estim\u00e9e\" \/>\n\t<meta name=\"twitter:data1\" content=\"3 minutes\" \/>\n<script type=\"application\/ld+json\" class=\"yoast-schema-graph\">{\"@context\":\"https:\\\/\\\/schema.org\",\"@graph\":[{\"@type\":\"WebPage\",\"@id\":\"https:\\\/\\\/www.cos-sco.ca\\\/fr\\\/advocacy\\\/coalition-des-partenaires-en-sante-oculaire\\\/\",\"url\":\"https:\\\/\\\/www.cos-sco.ca\\\/fr\\\/advocacy\\\/coalition-des-partenaires-en-sante-oculaire\\\/\",\"name\":\"Coalition des partenaires en sant\u00e9 oculaire - COS-SCO\",\"isPartOf\":{\"@id\":\"https:\\\/\\\/www.cos-sco.ca\\\/fr\\\/#website\"},\"primaryImageOfPage\":{\"@id\":\"https:\\\/\\\/www.cos-sco.ca\\\/fr\\\/advocacy\\\/coalition-des-partenaires-en-sante-oculaire\\\/#primaryimage\"},\"image\":{\"@id\":\"https:\\\/\\\/www.cos-sco.ca\\\/fr\\\/advocacy\\\/coalition-des-partenaires-en-sante-oculaire\\\/#primaryimage\"},\"thumbnailUrl\":\"https:\\\/\\\/www.cos-sco.ca\\\/wp-content\\\/uploads\\\/2025\\\/10\\\/impact-bg-1024x702.png\",\"datePublished\":\"2026-03-13T12:29:07+00:00\",\"dateModified\":\"2026-03-13T12:54:40+00:00\",\"breadcrumb\":{\"@id\":\"https:\\\/\\\/www.cos-sco.ca\\\/fr\\\/advocacy\\\/coalition-des-partenaires-en-sante-oculaire\\\/#breadcrumb\"},\"inLanguage\":\"fr-FR\",\"potentialAction\":[{\"@type\":\"ReadAction\",\"target\":[\"https:\\\/\\\/www.cos-sco.ca\\\/fr\\\/advocacy\\\/coalition-des-partenaires-en-sante-oculaire\\\/\"]}]},{\"@type\":\"ImageObject\",\"inLanguage\":\"fr-FR\",\"@id\":\"https:\\\/\\\/www.cos-sco.ca\\\/fr\\\/advocacy\\\/coalition-des-partenaires-en-sante-oculaire\\\/#primaryimage\",\"url\":\"https:\\\/\\\/www.cos-sco.ca\\\/wp-content\\\/uploads\\\/2025\\\/10\\\/impact-bg-1024x702.png\",\"contentUrl\":\"https:\\\/\\\/www.cos-sco.ca\\\/wp-content\\\/uploads\\\/2025\\\/10\\\/impact-bg-1024x702.png\"},{\"@type\":\"BreadcrumbList\",\"@id\":\"https:\\\/\\\/www.cos-sco.ca\\\/fr\\\/advocacy\\\/coalition-des-partenaires-en-sante-oculaire\\\/#breadcrumb\",\"itemListElement\":[{\"@type\":\"ListItem\",\"position\":1,\"name\":\"Home\",\"item\":\"https:\\\/\\\/www.cos-sco.ca\\\/fr\\\/\"},{\"@type\":\"ListItem\",\"position\":2,\"name\":\"Coalition des partenaires en sant\u00e9 oculaire\"}]},{\"@type\":\"WebSite\",\"@id\":\"https:\\\/\\\/www.cos-sco.ca\\\/fr\\\/#website\",\"url\":\"https:\\\/\\\/www.cos-sco.ca\\\/fr\\\/\",\"name\":\"COS-SCO\",\"description\":\"\",\"publisher\":{\"@id\":\"https:\\\/\\\/www.cos-sco.ca\\\/fr\\\/#organization\"},\"potentialAction\":[{\"@type\":\"SearchAction\",\"target\":{\"@type\":\"EntryPoint\",\"urlTemplate\":\"https:\\\/\\\/www.cos-sco.ca\\\/fr\\\/?s={search_term_string}\"},\"query-input\":{\"@type\":\"PropertyValueSpecification\",\"valueRequired\":true,\"valueName\":\"search_term_string\"}}],\"inLanguage\":\"fr-FR\"},{\"@type\":\"Organization\",\"@id\":\"https:\\\/\\\/www.cos-sco.ca\\\/fr\\\/#organization\",\"name\":\"COS-SCO\",\"url\":\"https:\\\/\\\/www.cos-sco.ca\\\/fr\\\/\",\"logo\":{\"@type\":\"ImageObject\",\"inLanguage\":\"fr-FR\",\"@id\":\"https:\\\/\\\/www.cos-sco.ca\\\/fr\\\/#\\\/schema\\\/logo\\\/image\\\/\",\"url\":\"https:\\\/\\\/www.cos-sco.ca\\\/wp-content\\\/uploads\\\/2025\\\/10\\\/logo.png\",\"contentUrl\":\"https:\\\/\\\/www.cos-sco.ca\\\/wp-content\\\/uploads\\\/2025\\\/10\\\/logo.png\",\"width\":316,\"height\":180,\"caption\":\"COS-SCO\"},\"image\":{\"@id\":\"https:\\\/\\\/www.cos-sco.ca\\\/fr\\\/#\\\/schema\\\/logo\\\/image\\\/\"}}]}<\/script>\n<!-- \/ Yoast SEO plugin. -->","yoast_head_json":{"title":"Coalition des partenaires en sant\u00e9 oculaire - COS-SCO","robots":{"index":"index","follow":"follow","max-snippet":"max-snippet:-1","max-image-preview":"max-image-preview:large","max-video-preview":"max-video-preview:-1"},"canonical":"https:\/\/www.cos-sco.ca\/fr\/advocacy\/coalition-des-partenaires-en-sante-oculaire\/","og_locale":"fr_FR","og_type":"article","og_title":"Coalition des partenaires en sant\u00e9 oculaire - COS-SCO","og_description":"La Coalition des partenaires en sant\u00e9 oculaire (CPSO) est un groupe d\u2019organisations sans but lucratif qui plaident en faveur d\u2019un changement de politique, encouragent la sensibilisation du public et appuient les initiatives en recherche et formation pour les soins oculaires au Canada. La CPSO croit fermement que chaque Canadien, peu importe son lieu de r\u00e9sidence, [&hellip;]","og_url":"https:\/\/www.cos-sco.ca\/fr\/advocacy\/coalition-des-partenaires-en-sante-oculaire\/","og_site_name":"COS-SCO","article_modified_time":"2026-03-13T12:54:40+00:00","og_image":[{"url":"https:\/\/www.cos-sco.ca\/wp-content\/uploads\/2025\/10\/impact-bg-1024x702.png","type":"","width":"","height":""}],"twitter_card":"summary_large_image","twitter_misc":{"Dur\u00e9e de lecture estim\u00e9e":"3 minutes"},"schema":{"@context":"https:\/\/schema.org","@graph":[{"@type":"WebPage","@id":"https:\/\/www.cos-sco.ca\/fr\/advocacy\/coalition-des-partenaires-en-sante-oculaire\/","url":"https:\/\/www.cos-sco.ca\/fr\/advocacy\/coalition-des-partenaires-en-sante-oculaire\/","name":"Coalition des partenaires en sant\u00e9 oculaire - COS-SCO","isPartOf":{"@id":"https:\/\/www.cos-sco.ca\/fr\/#website"},"primaryImageOfPage":{"@id":"https:\/\/www.cos-sco.ca\/fr\/advocacy\/coalition-des-partenaires-en-sante-oculaire\/#primaryimage"},"image":{"@id":"https:\/\/www.cos-sco.ca\/fr\/advocacy\/coalition-des-partenaires-en-sante-oculaire\/#primaryimage"},"thumbnailUrl":"https:\/\/www.cos-sco.ca\/wp-content\/uploads\/2025\/10\/impact-bg-1024x702.png","datePublished":"2026-03-13T12:29:07+00:00","dateModified":"2026-03-13T12:54:40+00:00","breadcrumb":{"@id":"https:\/\/www.cos-sco.ca\/fr\/advocacy\/coalition-des-partenaires-en-sante-oculaire\/#breadcrumb"},"inLanguage":"fr-FR","potentialAction":[{"@type":"ReadAction","target":["https:\/\/www.cos-sco.ca\/fr\/advocacy\/coalition-des-partenaires-en-sante-oculaire\/"]}]},{"@type":"ImageObject","inLanguage":"fr-FR","@id":"https:\/\/www.cos-sco.ca\/fr\/advocacy\/coalition-des-partenaires-en-sante-oculaire\/#primaryimage","url":"https:\/\/www.cos-sco.ca\/wp-content\/uploads\/2025\/10\/impact-bg-1024x702.png","contentUrl":"https:\/\/www.cos-sco.ca\/wp-content\/uploads\/2025\/10\/impact-bg-1024x702.png"},{"@type":"BreadcrumbList","@id":"https:\/\/www.cos-sco.ca\/fr\/advocacy\/coalition-des-partenaires-en-sante-oculaire\/#breadcrumb","itemListElement":[{"@type":"ListItem","position":1,"name":"Home","item":"https:\/\/www.cos-sco.ca\/fr\/"},{"@type":"ListItem","position":2,"name":"Coalition des partenaires en sant\u00e9 oculaire"}]},{"@type":"WebSite","@id":"https:\/\/www.cos-sco.ca\/fr\/#website","url":"https:\/\/www.cos-sco.ca\/fr\/","name":"COS-SCO","description":"","publisher":{"@id":"https:\/\/www.cos-sco.ca\/fr\/#organization"},"potentialAction":[{"@type":"SearchAction","target":{"@type":"EntryPoint","urlTemplate":"https:\/\/www.cos-sco.ca\/fr\/?s={search_term_string}"},"query-input":{"@type":"PropertyValueSpecification","valueRequired":true,"valueName":"search_term_string"}}],"inLanguage":"fr-FR"},{"@type":"Organization","@id":"https:\/\/www.cos-sco.ca\/fr\/#organization","name":"COS-SCO","url":"https:\/\/www.cos-sco.ca\/fr\/","logo":{"@type":"ImageObject","inLanguage":"fr-FR","@id":"https:\/\/www.cos-sco.ca\/fr\/#\/schema\/logo\/image\/","url":"https:\/\/www.cos-sco.ca\/wp-content\/uploads\/2025\/10\/logo.png","contentUrl":"https:\/\/www.cos-sco.ca\/wp-content\/uploads\/2025\/10\/logo.png","width":316,"height":180,"caption":"COS-SCO"},"image":{"@id":"https:\/\/www.cos-sco.ca\/fr\/#\/schema\/logo\/image\/"}}]}},"_links":{"self":[{"href":"https:\/\/www.cos-sco.ca\/fr\/wp-json\/wp\/v2\/pages\/16885","targetHints":{"allow":["GET"]}}],"collection":[{"href":"https:\/\/www.cos-sco.ca\/fr\/wp-json\/wp\/v2\/pages"}],"about":[{"href":"https:\/\/www.cos-sco.ca\/fr\/wp-json\/wp\/v2\/types\/page"}],"author":[{"embeddable":true,"href":"https:\/\/www.cos-sco.ca\/fr\/wp-json\/wp\/v2\/users\/9"}],"replies":[{"embeddable":true,"href":"https:\/\/www.cos-sco.ca\/fr\/wp-json\/wp\/v2\/comments?post=16885"}],"version-history":[{"count":4,"href":"https:\/\/www.cos-sco.ca\/fr\/wp-json\/wp\/v2\/pages\/16885\/revisions"}],"predecessor-version":[{"id":16900,"href":"https:\/\/www.cos-sco.ca\/fr\/wp-json\/wp\/v2\/pages\/16885\/revisions\/16900"}],"up":[{"embeddable":true,"href":"https:\/\/www.cos-sco.ca\/fr\/wp-json\/wp\/v2\/pages\/15373"}],"wp:attachment":[{"href":"https:\/\/www.cos-sco.ca\/fr\/wp-json\/wp\/v2\/media?parent=16885"}],"curies":[{"name":"wp","href":"https:\/\/api.w.org\/{rel}","templated":true}]}}