{"id":16404,"date":"2026-01-05T14:59:00","date_gmt":"2026-01-05T19:59:00","guid":{"rendered":"https:\/\/www.cos-sco.ca\/?page_id=16404"},"modified":"2026-01-05T15:02:15","modified_gmt":"2026-01-05T20:02:15","slug":"laureat-du-prix-de-reconnaissance-pour-lensemble-dune-carriere-de-2021-dr-brian-leonard","status":"publish","type":"page","link":"https:\/\/www.cos-sco.ca\/fr\/membership\/awards\/lifetime-award-recipient\/laureat-du-prix-de-reconnaissance-pour-lensemble-dune-carriere-de-2021-dr-brian-leonard\/","title":{"rendered":"2021 Reconnaissance pour l\u2019ensemble d\u2019une carri\u00e8re de la SCO \u2013 Dr. Brian Leonard"},"content":{"rendered":"\n<div class=\"wp-block-cover alignfull\" style=\"min-height:343px;aspect-ratio:unset;\"><img loading=\"lazy\" decoding=\"async\" width=\"1024\" height=\"702\" class=\"wp-block-cover__image-background wp-image-208 size-large\" alt=\"\" src=\"https:\/\/www.cos-sco.ca\/wp-content\/uploads\/2025\/10\/impact-bg-1024x702.png\" data-object-fit=\"cover\" srcset=\"https:\/\/www.cos-sco.ca\/wp-content\/uploads\/2025\/10\/impact-bg-1024x702.png 1024w, https:\/\/www.cos-sco.ca\/wp-content\/uploads\/2025\/10\/impact-bg-300x206.png 300w, https:\/\/www.cos-sco.ca\/wp-content\/uploads\/2025\/10\/impact-bg-768x526.png 768w, https:\/\/www.cos-sco.ca\/wp-content\/uploads\/2025\/10\/impact-bg-1536x1052.png 1536w, https:\/\/www.cos-sco.ca\/wp-content\/uploads\/2025\/10\/impact-bg-2048x1403.png 2048w\" sizes=\"auto, (max-width: 1024px) 100vw, 1024px\" \/><span aria-hidden=\"true\" class=\"wp-block-cover__background has-background-dim\" style=\"background-color:#3f4460\"><\/span><div class=\"wp-block-cover__inner-container is-layout-constrained wp-block-cover-is-layout-constrained\">\n<h1 class=\"wp-block-heading has-text-align-center\">2021 Reconnaissance pour l\u2019ensemble d\u2019une carri\u00e8re de la SCO \u2013 Dr. Brian Leonard<\/h1>\n<\/div><\/div>\n\n\n<div class=\"yoast-breadcrumbs\"><span><span><a href=\"https:\/\/www.cos-sco.ca\/fr\/\">Home<\/a><\/span> \/ <span class=\"breadcrumb_last\" aria-current=\"page\">2021 Reconnaissance pour l\u2019ensemble d\u2019une carri\u00e8re de la SCO \u2013 Dr. Brian Leonard<\/span><\/span><\/div>\n\n\n<h2 class=\"wp-block-heading\">La Soci\u00e9t\u00e9 canadienne d\u2019ophtalmologie (SCO) est fi\u00e8re d\u2019annoncer que le Dr Brian Clark Leonard est le laur\u00e9at du Prix de reconnaissance pour l\u2019ensemble d\u2019une carri\u00e8re de 2021.<\/h2>\n\n\n\n<figure class=\"wp-block-image aligncenter size-full is-resized\" style=\"margin-bottom:var(--wp--preset--spacing--md)\"><img loading=\"lazy\" decoding=\"async\" width=\"1080\" height=\"1080\" src=\"https:\/\/www.cos-sco.ca\/wp-content\/uploads\/2026\/01\/Brian-Leonard-2.png\" alt=\"\" class=\"wp-image-16413\" style=\"width:172px;height:auto\" srcset=\"https:\/\/www.cos-sco.ca\/wp-content\/uploads\/2026\/01\/Brian-Leonard-2.png 1080w, https:\/\/www.cos-sco.ca\/wp-content\/uploads\/2026\/01\/Brian-Leonard-2-300x300.png 300w, https:\/\/www.cos-sco.ca\/wp-content\/uploads\/2026\/01\/Brian-Leonard-2-1024x1024.png 1024w, https:\/\/www.cos-sco.ca\/wp-content\/uploads\/2026\/01\/Brian-Leonard-2-150x150.png 150w, https:\/\/www.cos-sco.ca\/wp-content\/uploads\/2026\/01\/Brian-Leonard-2-768x768.png 768w\" sizes=\"auto, (max-width: 1080px) 100vw, 1080px\" \/><\/figure>\n\n\n\n<p>Le D<sup>r&nbsp;<\/sup>Brian Leonard est sp\u00e9cialiste en vitr\u00e9or\u00e9tine \u00e0 l\u2019Institut de l\u2019\u0153il de l\u2019Universit\u00e9 d\u2019Ottawa, \u00e0 Ottawa, au Canada. &nbsp;&nbsp;&nbsp;Il est professeur d\u2019ophtalmologie et ancien pr\u00e9sident du D\u00e9partement d\u2019ophtalmologie de la Facult\u00e9 de m\u00e9decine de l\u2019Universit\u00e9 d\u2019Ottawa.<\/p>\n\n\n\n<p>Brian est un ardent d\u00e9fenseur des personnes atteintes de d\u00e9ficience visuelle, comme en t\u00e9moignent sa pratique clinique, son enseignement, sa recherche et son travail b\u00e9n\u00e9vole.<\/p>\n\n\n\n<p>Brian est passionn\u00e9 par le probl\u00e8me de la c\u00e9cit\u00e9 dans le monde. Il a particip\u00e9 \u00e0 plus de 70 missions de mentorat chirurgical b\u00e9n\u00e9voles d\u2019Orbis International dans des pays o\u00f9 les ressources sont limit\u00e9es. Il est membre du Conseil d\u2019administration d\u2019Orbis International, membre du Conseil consultatif d\u2019Orbis sur la t\u00e9l\u00e9m\u00e9decine, pr\u00e9sident fondateur du Comit\u00e9 consultatif m\u00e9dical d\u2019Orbis et ancien pr\u00e9sident du Conseil d\u2019une filiale d\u2019Orbis au Canada. Il a \u00e9t\u00e9 membre d\u2019un certain nombre de comit\u00e9s internationaux sur la vision, y compris le Comit\u00e9 de rayonnement mondial de l\u2019American Academy of Ophthalmology.<\/p>\n\n\n\n<p>Il a contribu\u00e9 \u00e0 la recherche sur la c\u00e9cit\u00e9 li\u00e9e \u00e0 l\u2019\u00e2ge dans le cadre de son r\u00f4le unique de consultant ind\u00e9pendant aupr\u00e8s de plusieurs grandes soci\u00e9t\u00e9s pharmaceutiques qui se disputent des strat\u00e9gies th\u00e9rapeutiques pour la DMLA avanc\u00e9e, et il a fourni une \u00e9valuation critique de la conception de l\u2019\u00e9tude, de l\u2019interpr\u00e9tation des donn\u00e9es et des possibilit\u00e9s de concepts futurs. Il participe \u00e9galement activement \u00e0 un certain nombre d\u2019essais cliniques lanc\u00e9s par des chercheurs en imagerie ophtalmique et troubles visuels li\u00e9s \u00e0 l\u2019\u00e2ge, et collabore avec des scientifiques de l\u2019Institut de l\u2019\u0153il sur des strat\u00e9gies de traitement fond\u00e9es sur les g\u00e8nes pour les troubles r\u00e9tiniens. Il continue de contribuer \u00e0 l\u2019\u00e9laboration d\u2019un nouveau mod\u00e8le animal exp\u00e9rimental fond\u00e9 sur les g\u00e8nes et \u00e0 des recherches scientifiques \u00e9valu\u00e9es par des pairs.<\/p>\n\n\n\n<p>Il est membre de l\u2019\u00e9quipe de r\u00e9daction qui s\u2019occupe de la r\u00e9vision de la s\u00e9rie de manuels d\u2019ophtalmologie de l\u2019American Academy of Ophthalmology BCSC, un ouvrage \u00e0 succ\u00e8s international, et il a si\u00e9g\u00e9 \u00e0 plusieurs comit\u00e9s de r\u00e9daction de revues m\u00e9dicales. Il est administrateur et pr\u00e9sident de la Fondation Sally Letson, qui parraine un symposium annuel tr\u00e8s couru sur un sujet ophtalmique cibl\u00e9, qui a lieu \u00e0 Ottawa chaque automne.<\/p>\n\n\n\n<p>Il se passionne pour les questions d\u2019\u00e9quit\u00e9, de diversit\u00e9 et d\u2019inclusion et contribue dans ces domaines par son travail de repr\u00e9sentation \u00e0 l\u2019\u00e9chelle locale et internationale.<\/p>\n\n\n\n<p>Brian a re\u00e7u de nombreux prix pour ses contributions et ses r\u00e9alisations, notamment le Prix d\u2019honneur de l\u2019American Academy of Ophthalmology, la M\u00e9daille d\u2019or Billings de l\u2019American Medical Association, la Croix du service m\u00e9ritoire du gouverneur g\u00e9n\u00e9ral du Canada, la M\u00e9daille du jubil\u00e9 de diamant de la reine Elizabeth II et le premier Prix humanitaire d\u2019Orbis International. Il est titulaire d\u2019un brevet de pilote et d\u2019une certification de marin en eau profonde, et passionn\u00e9 de moto Harley Davidson.<\/p>\n\n\n\n<p>Brian et son \u00e9pouse Patricia ont cinq enfants et huit petits-enfants.<\/p>\n","protected":false},"excerpt":{"rendered":"<p>La Soci\u00e9t\u00e9 canadienne d\u2019ophtalmologie (SCO) est fi\u00e8re d\u2019annoncer que le Dr Brian Clark Leonard est le laur\u00e9at du Prix de reconnaissance pour l\u2019ensemble d\u2019une carri\u00e8re de 2021. Le Dr&nbsp;Brian Leonard est sp\u00e9cialiste en vitr\u00e9or\u00e9tine \u00e0 l\u2019Institut de l\u2019\u0153il de l\u2019Universit\u00e9 d\u2019Ottawa, \u00e0 Ottawa, au Canada. &nbsp;&nbsp;&nbsp;Il est professeur d\u2019ophtalmologie et ancien pr\u00e9sident du D\u00e9partement d\u2019ophtalmologie [&hellip;]<\/p>\n","protected":false},"author":5,"featured_media":0,"parent":15137,"menu_order":0,"comment_status":"closed","ping_status":"closed","template":"","meta":{"footnotes":""},"class_list":["post-16404","page","type-page","status-publish","hentry"],"yoast_head":"<!-- This site is optimized with the Yoast SEO plugin v27.4 - https:\/\/yoast.com\/product\/yoast-seo-wordpress\/ -->\n<title>2021 Reconnaissance pour l\u2019ensemble d\u2019une carri\u00e8re de la SCO \u2013 Dr. Brian Leonard - COS-SCO<\/title>\n<meta name=\"robots\" content=\"index, follow, max-snippet:-1, max-image-preview:large, max-video-preview:-1\" \/>\n<link rel=\"canonical\" href=\"https:\/\/www.cos-sco.ca\/fr\/membership\/awards\/lifetime-award-recipient\/laureat-du-prix-de-reconnaissance-pour-lensemble-dune-carriere-de-2021-dr-brian-leonard\/\" \/>\n<meta property=\"og:locale\" content=\"fr_FR\" \/>\n<meta property=\"og:type\" content=\"article\" \/>\n<meta property=\"og:title\" content=\"2021 Reconnaissance pour l\u2019ensemble d\u2019une carri\u00e8re de la SCO \u2013 Dr. Brian Leonard - COS-SCO\" \/>\n<meta property=\"og:description\" content=\"La Soci\u00e9t\u00e9 canadienne d\u2019ophtalmologie (SCO) est fi\u00e8re d\u2019annoncer que le Dr Brian Clark Leonard est le laur\u00e9at du Prix de reconnaissance pour l\u2019ensemble d\u2019une carri\u00e8re de 2021. Le Dr&nbsp;Brian Leonard est sp\u00e9cialiste en vitr\u00e9or\u00e9tine \u00e0 l\u2019Institut de l\u2019\u0153il de l\u2019Universit\u00e9 d\u2019Ottawa, \u00e0 Ottawa, au Canada. &nbsp;&nbsp;&nbsp;Il est professeur d\u2019ophtalmologie et ancien pr\u00e9sident du D\u00e9partement d\u2019ophtalmologie [&hellip;]\" \/>\n<meta property=\"og:url\" content=\"https:\/\/www.cos-sco.ca\/fr\/membership\/awards\/lifetime-award-recipient\/laureat-du-prix-de-reconnaissance-pour-lensemble-dune-carriere-de-2021-dr-brian-leonard\/\" \/>\n<meta property=\"og:site_name\" content=\"COS-SCO\" \/>\n<meta property=\"article:modified_time\" content=\"2026-01-05T20:02:15+00:00\" \/>\n<meta property=\"og:image\" content=\"https:\/\/www.cos-sco.ca\/wp-content\/uploads\/2025\/10\/impact-bg-1024x702.png\" \/>\n<meta name=\"twitter:card\" content=\"summary_large_image\" \/>\n<meta name=\"twitter:label1\" content=\"Dur\u00e9e de lecture estim\u00e9e\" \/>\n\t<meta name=\"twitter:data1\" content=\"3 minutes\" \/>\n<script type=\"application\/ld+json\" class=\"yoast-schema-graph\">{\"@context\":\"https:\\\/\\\/schema.org\",\"@graph\":[{\"@type\":\"WebPage\",\"@id\":\"https:\\\/\\\/www.cos-sco.ca\\\/fr\\\/membership\\\/awards\\\/lifetime-award-recipient\\\/laureat-du-prix-de-reconnaissance-pour-lensemble-dune-carriere-de-2021-dr-brian-leonard\\\/\",\"url\":\"https:\\\/\\\/www.cos-sco.ca\\\/fr\\\/membership\\\/awards\\\/lifetime-award-recipient\\\/laureat-du-prix-de-reconnaissance-pour-lensemble-dune-carriere-de-2021-dr-brian-leonard\\\/\",\"name\":\"2021 Reconnaissance pour l\u2019ensemble d\u2019une carri\u00e8re de la SCO \u2013 Dr. Brian Leonard - COS-SCO\",\"isPartOf\":{\"@id\":\"https:\\\/\\\/www.cos-sco.ca\\\/fr\\\/#website\"},\"primaryImageOfPage\":{\"@id\":\"https:\\\/\\\/www.cos-sco.ca\\\/fr\\\/membership\\\/awards\\\/lifetime-award-recipient\\\/laureat-du-prix-de-reconnaissance-pour-lensemble-dune-carriere-de-2021-dr-brian-leonard\\\/#primaryimage\"},\"image\":{\"@id\":\"https:\\\/\\\/www.cos-sco.ca\\\/fr\\\/membership\\\/awards\\\/lifetime-award-recipient\\\/laureat-du-prix-de-reconnaissance-pour-lensemble-dune-carriere-de-2021-dr-brian-leonard\\\/#primaryimage\"},\"thumbnailUrl\":\"https:\\\/\\\/www.cos-sco.ca\\\/wp-content\\\/uploads\\\/2025\\\/10\\\/impact-bg-1024x702.png\",\"datePublished\":\"2026-01-05T19:59:00+00:00\",\"dateModified\":\"2026-01-05T20:02:15+00:00\",\"breadcrumb\":{\"@id\":\"https:\\\/\\\/www.cos-sco.ca\\\/fr\\\/membership\\\/awards\\\/lifetime-award-recipient\\\/laureat-du-prix-de-reconnaissance-pour-lensemble-dune-carriere-de-2021-dr-brian-leonard\\\/#breadcrumb\"},\"inLanguage\":\"fr-FR\",\"potentialAction\":[{\"@type\":\"ReadAction\",\"target\":[\"https:\\\/\\\/www.cos-sco.ca\\\/fr\\\/membership\\\/awards\\\/lifetime-award-recipient\\\/laureat-du-prix-de-reconnaissance-pour-lensemble-dune-carriere-de-2021-dr-brian-leonard\\\/\"]}]},{\"@type\":\"ImageObject\",\"inLanguage\":\"fr-FR\",\"@id\":\"https:\\\/\\\/www.cos-sco.ca\\\/fr\\\/membership\\\/awards\\\/lifetime-award-recipient\\\/laureat-du-prix-de-reconnaissance-pour-lensemble-dune-carriere-de-2021-dr-brian-leonard\\\/#primaryimage\",\"url\":\"https:\\\/\\\/www.cos-sco.ca\\\/wp-content\\\/uploads\\\/2025\\\/10\\\/impact-bg-1024x702.png\",\"contentUrl\":\"https:\\\/\\\/www.cos-sco.ca\\\/wp-content\\\/uploads\\\/2025\\\/10\\\/impact-bg-1024x702.png\"},{\"@type\":\"BreadcrumbList\",\"@id\":\"https:\\\/\\\/www.cos-sco.ca\\\/fr\\\/membership\\\/awards\\\/lifetime-award-recipient\\\/laureat-du-prix-de-reconnaissance-pour-lensemble-dune-carriere-de-2021-dr-brian-leonard\\\/#breadcrumb\",\"itemListElement\":[{\"@type\":\"ListItem\",\"position\":1,\"name\":\"Home\",\"item\":\"https:\\\/\\\/www.cos-sco.ca\\\/fr\\\/\"},{\"@type\":\"ListItem\",\"position\":2,\"name\":\"2021 Reconnaissance pour l\u2019ensemble d\u2019une carri\u00e8re de la SCO \u2013 Dr. Brian Leonard\"}]},{\"@type\":\"WebSite\",\"@id\":\"https:\\\/\\\/www.cos-sco.ca\\\/fr\\\/#website\",\"url\":\"https:\\\/\\\/www.cos-sco.ca\\\/fr\\\/\",\"name\":\"COS-SCO\",\"description\":\"\",\"publisher\":{\"@id\":\"https:\\\/\\\/www.cos-sco.ca\\\/fr\\\/#organization\"},\"potentialAction\":[{\"@type\":\"SearchAction\",\"target\":{\"@type\":\"EntryPoint\",\"urlTemplate\":\"https:\\\/\\\/www.cos-sco.ca\\\/fr\\\/?s={search_term_string}\"},\"query-input\":{\"@type\":\"PropertyValueSpecification\",\"valueRequired\":true,\"valueName\":\"search_term_string\"}}],\"inLanguage\":\"fr-FR\"},{\"@type\":\"Organization\",\"@id\":\"https:\\\/\\\/www.cos-sco.ca\\\/fr\\\/#organization\",\"name\":\"COS-SCO\",\"url\":\"https:\\\/\\\/www.cos-sco.ca\\\/fr\\\/\",\"logo\":{\"@type\":\"ImageObject\",\"inLanguage\":\"fr-FR\",\"@id\":\"https:\\\/\\\/www.cos-sco.ca\\\/fr\\\/#\\\/schema\\\/logo\\\/image\\\/\",\"url\":\"https:\\\/\\\/www.cos-sco.ca\\\/wp-content\\\/uploads\\\/2025\\\/10\\\/logo.png\",\"contentUrl\":\"https:\\\/\\\/www.cos-sco.ca\\\/wp-content\\\/uploads\\\/2025\\\/10\\\/logo.png\",\"width\":316,\"height\":180,\"caption\":\"COS-SCO\"},\"image\":{\"@id\":\"https:\\\/\\\/www.cos-sco.ca\\\/fr\\\/#\\\/schema\\\/logo\\\/image\\\/\"}}]}<\/script>\n<!-- \/ Yoast SEO plugin. -->","yoast_head_json":{"title":"2021 Reconnaissance pour l\u2019ensemble d\u2019une carri\u00e8re de la SCO \u2013 Dr. Brian Leonard - COS-SCO","robots":{"index":"index","follow":"follow","max-snippet":"max-snippet:-1","max-image-preview":"max-image-preview:large","max-video-preview":"max-video-preview:-1"},"canonical":"https:\/\/www.cos-sco.ca\/fr\/membership\/awards\/lifetime-award-recipient\/laureat-du-prix-de-reconnaissance-pour-lensemble-dune-carriere-de-2021-dr-brian-leonard\/","og_locale":"fr_FR","og_type":"article","og_title":"2021 Reconnaissance pour l\u2019ensemble d\u2019une carri\u00e8re de la SCO \u2013 Dr. Brian Leonard - COS-SCO","og_description":"La Soci\u00e9t\u00e9 canadienne d\u2019ophtalmologie (SCO) est fi\u00e8re d\u2019annoncer que le Dr Brian Clark Leonard est le laur\u00e9at du Prix de reconnaissance pour l\u2019ensemble d\u2019une carri\u00e8re de 2021. Le Dr&nbsp;Brian Leonard est sp\u00e9cialiste en vitr\u00e9or\u00e9tine \u00e0 l\u2019Institut de l\u2019\u0153il de l\u2019Universit\u00e9 d\u2019Ottawa, \u00e0 Ottawa, au Canada. &nbsp;&nbsp;&nbsp;Il est professeur d\u2019ophtalmologie et ancien pr\u00e9sident du D\u00e9partement d\u2019ophtalmologie [&hellip;]","og_url":"https:\/\/www.cos-sco.ca\/fr\/membership\/awards\/lifetime-award-recipient\/laureat-du-prix-de-reconnaissance-pour-lensemble-dune-carriere-de-2021-dr-brian-leonard\/","og_site_name":"COS-SCO","article_modified_time":"2026-01-05T20:02:15+00:00","og_image":[{"url":"https:\/\/www.cos-sco.ca\/wp-content\/uploads\/2025\/10\/impact-bg-1024x702.png","type":"","width":"","height":""}],"twitter_card":"summary_large_image","twitter_misc":{"Dur\u00e9e de lecture estim\u00e9e":"3 minutes"},"schema":{"@context":"https:\/\/schema.org","@graph":[{"@type":"WebPage","@id":"https:\/\/www.cos-sco.ca\/fr\/membership\/awards\/lifetime-award-recipient\/laureat-du-prix-de-reconnaissance-pour-lensemble-dune-carriere-de-2021-dr-brian-leonard\/","url":"https:\/\/www.cos-sco.ca\/fr\/membership\/awards\/lifetime-award-recipient\/laureat-du-prix-de-reconnaissance-pour-lensemble-dune-carriere-de-2021-dr-brian-leonard\/","name":"2021 Reconnaissance pour l\u2019ensemble d\u2019une carri\u00e8re de la SCO \u2013 Dr. Brian Leonard - COS-SCO","isPartOf":{"@id":"https:\/\/www.cos-sco.ca\/fr\/#website"},"primaryImageOfPage":{"@id":"https:\/\/www.cos-sco.ca\/fr\/membership\/awards\/lifetime-award-recipient\/laureat-du-prix-de-reconnaissance-pour-lensemble-dune-carriere-de-2021-dr-brian-leonard\/#primaryimage"},"image":{"@id":"https:\/\/www.cos-sco.ca\/fr\/membership\/awards\/lifetime-award-recipient\/laureat-du-prix-de-reconnaissance-pour-lensemble-dune-carriere-de-2021-dr-brian-leonard\/#primaryimage"},"thumbnailUrl":"https:\/\/www.cos-sco.ca\/wp-content\/uploads\/2025\/10\/impact-bg-1024x702.png","datePublished":"2026-01-05T19:59:00+00:00","dateModified":"2026-01-05T20:02:15+00:00","breadcrumb":{"@id":"https:\/\/www.cos-sco.ca\/fr\/membership\/awards\/lifetime-award-recipient\/laureat-du-prix-de-reconnaissance-pour-lensemble-dune-carriere-de-2021-dr-brian-leonard\/#breadcrumb"},"inLanguage":"fr-FR","potentialAction":[{"@type":"ReadAction","target":["https:\/\/www.cos-sco.ca\/fr\/membership\/awards\/lifetime-award-recipient\/laureat-du-prix-de-reconnaissance-pour-lensemble-dune-carriere-de-2021-dr-brian-leonard\/"]}]},{"@type":"ImageObject","inLanguage":"fr-FR","@id":"https:\/\/www.cos-sco.ca\/fr\/membership\/awards\/lifetime-award-recipient\/laureat-du-prix-de-reconnaissance-pour-lensemble-dune-carriere-de-2021-dr-brian-leonard\/#primaryimage","url":"https:\/\/www.cos-sco.ca\/wp-content\/uploads\/2025\/10\/impact-bg-1024x702.png","contentUrl":"https:\/\/www.cos-sco.ca\/wp-content\/uploads\/2025\/10\/impact-bg-1024x702.png"},{"@type":"BreadcrumbList","@id":"https:\/\/www.cos-sco.ca\/fr\/membership\/awards\/lifetime-award-recipient\/laureat-du-prix-de-reconnaissance-pour-lensemble-dune-carriere-de-2021-dr-brian-leonard\/#breadcrumb","itemListElement":[{"@type":"ListItem","position":1,"name":"Home","item":"https:\/\/www.cos-sco.ca\/fr\/"},{"@type":"ListItem","position":2,"name":"2021 Reconnaissance pour l\u2019ensemble d\u2019une carri\u00e8re de la SCO \u2013 Dr. Brian Leonard"}]},{"@type":"WebSite","@id":"https:\/\/www.cos-sco.ca\/fr\/#website","url":"https:\/\/www.cos-sco.ca\/fr\/","name":"COS-SCO","description":"","publisher":{"@id":"https:\/\/www.cos-sco.ca\/fr\/#organization"},"potentialAction":[{"@type":"SearchAction","target":{"@type":"EntryPoint","urlTemplate":"https:\/\/www.cos-sco.ca\/fr\/?s={search_term_string}"},"query-input":{"@type":"PropertyValueSpecification","valueRequired":true,"valueName":"search_term_string"}}],"inLanguage":"fr-FR"},{"@type":"Organization","@id":"https:\/\/www.cos-sco.ca\/fr\/#organization","name":"COS-SCO","url":"https:\/\/www.cos-sco.ca\/fr\/","logo":{"@type":"ImageObject","inLanguage":"fr-FR","@id":"https:\/\/www.cos-sco.ca\/fr\/#\/schema\/logo\/image\/","url":"https:\/\/www.cos-sco.ca\/wp-content\/uploads\/2025\/10\/logo.png","contentUrl":"https:\/\/www.cos-sco.ca\/wp-content\/uploads\/2025\/10\/logo.png","width":316,"height":180,"caption":"COS-SCO"},"image":{"@id":"https:\/\/www.cos-sco.ca\/fr\/#\/schema\/logo\/image\/"}}]}},"_links":{"self":[{"href":"https:\/\/www.cos-sco.ca\/fr\/wp-json\/wp\/v2\/pages\/16404","targetHints":{"allow":["GET"]}}],"collection":[{"href":"https:\/\/www.cos-sco.ca\/fr\/wp-json\/wp\/v2\/pages"}],"about":[{"href":"https:\/\/www.cos-sco.ca\/fr\/wp-json\/wp\/v2\/types\/page"}],"author":[{"embeddable":true,"href":"https:\/\/www.cos-sco.ca\/fr\/wp-json\/wp\/v2\/users\/5"}],"replies":[{"embeddable":true,"href":"https:\/\/www.cos-sco.ca\/fr\/wp-json\/wp\/v2\/comments?post=16404"}],"version-history":[{"count":2,"href":"https:\/\/www.cos-sco.ca\/fr\/wp-json\/wp\/v2\/pages\/16404\/revisions"}],"predecessor-version":[{"id":16417,"href":"https:\/\/www.cos-sco.ca\/fr\/wp-json\/wp\/v2\/pages\/16404\/revisions\/16417"}],"up":[{"embeddable":true,"href":"https:\/\/www.cos-sco.ca\/fr\/wp-json\/wp\/v2\/pages\/15137"}],"wp:attachment":[{"href":"https:\/\/www.cos-sco.ca\/fr\/wp-json\/wp\/v2\/media?parent=16404"}],"curies":[{"name":"wp","href":"https:\/\/api.w.org\/{rel}","templated":true}]}}