{"id":16268,"date":"2025-12-16T14:09:14","date_gmt":"2025-12-16T19:09:14","guid":{"rendered":"https:\/\/www.cos-sco.ca\/lifetime-award-recipient\/2023-lifetime-achievement-award-winner-dr-lorne-bellan\/"},"modified":"2025-12-16T14:10:16","modified_gmt":"2025-12-16T19:10:16","slug":"2023-lifetime-achievement-award-winner-dr-lorne-bellan","status":"publish","type":"page","link":"https:\/\/www.cos-sco.ca\/fr\/membership\/awards\/lifetime-award-recipient\/2023-lifetime-achievement-award-winner-dr-lorne-bellan\/","title":{"rendered":"Laur\u00e9at du Prix de reconnaissance pour l\u2019ensemble d\u2019une carri\u00e8re de 2023\u00a0: Dr Lorne Bellan"},"content":{"rendered":"\n<div class=\"wp-block-cover alignfull\" style=\"min-height:343px;aspect-ratio:unset;\"><img loading=\"lazy\" decoding=\"async\" width=\"1024\" height=\"702\" class=\"wp-block-cover__image-background wp-image-208 size-large\" alt=\"\" src=\"https:\/\/www.cos-sco.ca\/wp-content\/uploads\/2025\/10\/impact-bg-1024x702.png\" data-object-fit=\"cover\" srcset=\"https:\/\/www.cos-sco.ca\/wp-content\/uploads\/2025\/10\/impact-bg-1024x702.png 1024w, https:\/\/www.cos-sco.ca\/wp-content\/uploads\/2025\/10\/impact-bg-300x206.png 300w, https:\/\/www.cos-sco.ca\/wp-content\/uploads\/2025\/10\/impact-bg-768x526.png 768w, https:\/\/www.cos-sco.ca\/wp-content\/uploads\/2025\/10\/impact-bg-1536x1052.png 1536w, https:\/\/www.cos-sco.ca\/wp-content\/uploads\/2025\/10\/impact-bg-2048x1403.png 2048w\" sizes=\"auto, (max-width: 1024px) 100vw, 1024px\" \/><span aria-hidden=\"true\" class=\"wp-block-cover__background has-background-dim\" style=\"background-color:#3f4460\"><\/span><div class=\"wp-block-cover__inner-container is-layout-constrained wp-block-cover-is-layout-constrained\">\n<h1 class=\"wp-block-heading has-text-align-center\">Laur\u00e9at du Prix de reconnaissance pour l\u2019ensemble d\u2019une carri\u00e8re de 2023\u00a0: Dr Lorne Bellan<\/h1>\n<\/div><\/div>\n\n\n<div class=\"yoast-breadcrumbs\"><span><span><a href=\"https:\/\/www.cos-sco.ca\/fr\/\">Home<\/a><\/span> \/ <span class=\"breadcrumb_last\" aria-current=\"page\">Laur\u00e9at du Prix de reconnaissance pour l\u2019ensemble d\u2019une carri\u00e8re de 2023\u00a0: Dr Lorne Bellan<\/span><\/span><\/div>\n\n\n<h2 class=\"wp-block-heading\">La Soci\u00e9t\u00e9 canadienne d\u2019ophtalmologie (SCO) est fi\u00e8re d\u2019annoncer que le Dr Lorne Bellan est le laur\u00e9at du Prix de reconnaissance pour l\u2019ensemble d\u2019une carri\u00e8re de 2023.<\/h2>\n\n\n\n<figure class=\"wp-block-image aligncenter size-full\" style=\"margin-bottom:var(--wp--preset--spacing--md)\"><img loading=\"lazy\" decoding=\"async\" width=\"300\" height=\"300\" src=\"https:\/\/www.cos-sco.ca\/wp-content\/uploads\/2025\/12\/Lorne-Bellan-300x300-1.png\" alt=\"\" class=\"wp-image-16265\" srcset=\"https:\/\/www.cos-sco.ca\/wp-content\/uploads\/2025\/12\/Lorne-Bellan-300x300-1.png 300w, https:\/\/www.cos-sco.ca\/wp-content\/uploads\/2025\/12\/Lorne-Bellan-300x300-1-150x150.png 150w\" sizes=\"auto, (max-width: 300px) 100vw, 300px\" \/><\/figure>\n\n\n\n<p>Le D<sup>r<\/sup>&nbsp;Bellan est un chirurgien oculoplasticien qui s\u2019est concentr\u00e9 sur l\u2019\u00e9ducation durant ses 33 ann\u00e9es d\u2019exercice. En 2001, il est devenu directeur du D\u00e9partement et en a \u00e9t\u00e9 pr\u00e9sident pendant 20 ans. Il a jou\u00e9 un r\u00f4le d\u00e9terminant dans l\u2019\u00e9tablissement du programme de r\u00e9sidence en ophtalmologie au Manitoba. Il a \u00e9galement cr\u00e9\u00e9 et dirig\u00e9 le curriculum d\u2019enseignement du premier cycle. Il a re\u00e7u les prix du Meilleur enseignant et du Meilleur enseignant en chirurgie de la part des r\u00e9sidents.&nbsp;<\/p>\n\n\n\n<p>Il est reconnu \u00e0 l\u2019\u00e9chelle nationale pour ses int\u00e9r\u00eats de recherche sur les temps d\u2019attente et les ressources humaines en sant\u00e9 dans le domaine de l\u2019ophtalmologie. Il a \u00e9t\u00e9 un chef de file de la promotion de l\u2019ergonomie pour les ophtalmologistes.<\/p>\n\n\n\n<p>Il a voulu de fa\u00e7on marqu\u00e9e servir les ophtalmologistes, leurs patients et la communaut\u00e9 m\u00e9dicale \u00e9largie dans le cadre de diff\u00e9rentes fonctions tout au long de sa carri\u00e8re. Il est membre du Comit\u00e9 de sp\u00e9cialit\u00e9 pour l\u2019ophtalmologie du Coll\u00e8ge royal depuis plus de 20 ans et en est le pr\u00e9sident depuis les cinq derni\u00e8res ann\u00e9es, en plus d\u2019\u00eatre copr\u00e9sident de l\u2019\u00e9laboration du curriculum pour le programme de CPC.<\/p>\n\n\n\n<p>Il a servi la SCO dans diff\u00e9rentes fonctions. Il a pr\u00e9sid\u00e9 le Conseil des affaires provinciales. Il a pr\u00e9sid\u00e9 le comit\u00e9 de la SCO sur le guide de pratique clinique pour la chirurgie de la cataracte. Il a \u00e9t\u00e9 le repr\u00e9sentant de la SCO \u00e0 l\u2019Alliance sur les temps d\u2019attente, de laquelle il a \u00e9t\u00e9 \u00e9lu pr\u00e9sident et porte-parole par les 14 soci\u00e9t\u00e9s m\u00e9dicales. Il a re\u00e7u la M\u00e9daille du jubil\u00e9 de diamant de la reine Elizabeth&nbsp;II pour cette fonction. Il a si\u00e9g\u00e9 au conseil d\u2019administration de la SCO&nbsp;pendant neuf ans et fut pr\u00e9sident de la SCO de 2009 \u00e0 2011. Durant son mandat, il a command\u00e9 la premi\u00e8re directive sur la facturation des services ophtalmologiques non assur\u00e9s.<\/p>\n\n\n\n<p>Nous remercions le D<sup>r<\/sup>&nbsp;Bellan de son d\u00e9vouement et de ses contributions \u00e0 la sant\u00e9 visuelle, \u00e0 l\u2019\u00e9ducation et au domaine de l\u2019ophtalmologie.<\/p>\n\n\n\n<p><br><\/p>\n","protected":false},"excerpt":{"rendered":"<p>La Soci\u00e9t\u00e9 canadienne d\u2019ophtalmologie (SCO) est fi\u00e8re d\u2019annoncer que le Dr Lorne Bellan est le laur\u00e9at du Prix de reconnaissance pour l\u2019ensemble d\u2019une carri\u00e8re de 2023. Le Dr&nbsp;Bellan est un chirurgien oculoplasticien qui s\u2019est concentr\u00e9 sur l\u2019\u00e9ducation durant ses 33 ann\u00e9es d\u2019exercice. En 2001, il est devenu directeur du D\u00e9partement et en a \u00e9t\u00e9 pr\u00e9sident [&hellip;]<\/p>\n","protected":false},"author":3,"featured_media":0,"parent":15137,"menu_order":0,"comment_status":"closed","ping_status":"closed","template":"","meta":{"footnotes":""},"class_list":["post-16268","page","type-page","status-publish","hentry"],"yoast_head":"<!-- This site is optimized with the Yoast SEO plugin v27.5 - https:\/\/yoast.com\/product\/yoast-seo-wordpress\/ -->\n<title>Laur\u00e9at du Prix de reconnaissance pour l\u2019ensemble d\u2019une carri\u00e8re de 2023\u00a0: Dr Lorne Bellan - COS-SCO<\/title>\n<meta name=\"robots\" content=\"index, follow, max-snippet:-1, max-image-preview:large, max-video-preview:-1\" \/>\n<link rel=\"canonical\" href=\"https:\/\/www.cos-sco.ca\/fr\/membership\/awards\/lifetime-award-recipient\/2023-lifetime-achievement-award-winner-dr-lorne-bellan\/\" \/>\n<meta property=\"og:locale\" content=\"fr_FR\" \/>\n<meta property=\"og:type\" content=\"article\" \/>\n<meta property=\"og:title\" content=\"Laur\u00e9at du Prix de reconnaissance pour l\u2019ensemble d\u2019une carri\u00e8re de 2023\u00a0: Dr Lorne Bellan - COS-SCO\" \/>\n<meta property=\"og:description\" content=\"La Soci\u00e9t\u00e9 canadienne d\u2019ophtalmologie (SCO) est fi\u00e8re d\u2019annoncer que le Dr Lorne Bellan est le laur\u00e9at du Prix de reconnaissance pour l\u2019ensemble d\u2019une carri\u00e8re de 2023. Le Dr&nbsp;Bellan est un chirurgien oculoplasticien qui s\u2019est concentr\u00e9 sur l\u2019\u00e9ducation durant ses 33 ann\u00e9es d\u2019exercice. En 2001, il est devenu directeur du D\u00e9partement et en a \u00e9t\u00e9 pr\u00e9sident [&hellip;]\" \/>\n<meta property=\"og:url\" content=\"https:\/\/www.cos-sco.ca\/fr\/membership\/awards\/lifetime-award-recipient\/2023-lifetime-achievement-award-winner-dr-lorne-bellan\/\" \/>\n<meta property=\"og:site_name\" content=\"COS-SCO\" \/>\n<meta property=\"article:modified_time\" content=\"2025-12-16T19:10:16+00:00\" \/>\n<meta property=\"og:image\" content=\"https:\/\/www.cos-sco.ca\/wp-content\/uploads\/2025\/10\/impact-bg-1024x702.png\" \/>\n<meta name=\"twitter:card\" content=\"summary_large_image\" \/>\n<meta name=\"twitter:label1\" content=\"Dur\u00e9e de lecture estim\u00e9e\" \/>\n\t<meta name=\"twitter:data1\" content=\"3 minutes\" \/>\n<script type=\"application\/ld+json\" class=\"yoast-schema-graph\">{\"@context\":\"https:\\\/\\\/schema.org\",\"@graph\":[{\"@type\":\"WebPage\",\"@id\":\"https:\\\/\\\/www.cos-sco.ca\\\/fr\\\/membership\\\/awards\\\/lifetime-award-recipient\\\/2023-lifetime-achievement-award-winner-dr-lorne-bellan\\\/\",\"url\":\"https:\\\/\\\/www.cos-sco.ca\\\/fr\\\/membership\\\/awards\\\/lifetime-award-recipient\\\/2023-lifetime-achievement-award-winner-dr-lorne-bellan\\\/\",\"name\":\"Laur\u00e9at du Prix de reconnaissance pour l\u2019ensemble d\u2019une carri\u00e8re de 2023\u00a0: Dr Lorne Bellan - COS-SCO\",\"isPartOf\":{\"@id\":\"https:\\\/\\\/www.cos-sco.ca\\\/fr\\\/#website\"},\"primaryImageOfPage\":{\"@id\":\"https:\\\/\\\/www.cos-sco.ca\\\/fr\\\/membership\\\/awards\\\/lifetime-award-recipient\\\/2023-lifetime-achievement-award-winner-dr-lorne-bellan\\\/#primaryimage\"},\"image\":{\"@id\":\"https:\\\/\\\/www.cos-sco.ca\\\/fr\\\/membership\\\/awards\\\/lifetime-award-recipient\\\/2023-lifetime-achievement-award-winner-dr-lorne-bellan\\\/#primaryimage\"},\"thumbnailUrl\":\"https:\\\/\\\/www.cos-sco.ca\\\/wp-content\\\/uploads\\\/2025\\\/10\\\/impact-bg-1024x702.png\",\"datePublished\":\"2025-12-16T19:09:14+00:00\",\"dateModified\":\"2025-12-16T19:10:16+00:00\",\"breadcrumb\":{\"@id\":\"https:\\\/\\\/www.cos-sco.ca\\\/fr\\\/membership\\\/awards\\\/lifetime-award-recipient\\\/2023-lifetime-achievement-award-winner-dr-lorne-bellan\\\/#breadcrumb\"},\"inLanguage\":\"fr-FR\",\"potentialAction\":[{\"@type\":\"ReadAction\",\"target\":[\"https:\\\/\\\/www.cos-sco.ca\\\/fr\\\/membership\\\/awards\\\/lifetime-award-recipient\\\/2023-lifetime-achievement-award-winner-dr-lorne-bellan\\\/\"]}]},{\"@type\":\"ImageObject\",\"inLanguage\":\"fr-FR\",\"@id\":\"https:\\\/\\\/www.cos-sco.ca\\\/fr\\\/membership\\\/awards\\\/lifetime-award-recipient\\\/2023-lifetime-achievement-award-winner-dr-lorne-bellan\\\/#primaryimage\",\"url\":\"https:\\\/\\\/www.cos-sco.ca\\\/wp-content\\\/uploads\\\/2025\\\/10\\\/impact-bg-1024x702.png\",\"contentUrl\":\"https:\\\/\\\/www.cos-sco.ca\\\/wp-content\\\/uploads\\\/2025\\\/10\\\/impact-bg-1024x702.png\"},{\"@type\":\"BreadcrumbList\",\"@id\":\"https:\\\/\\\/www.cos-sco.ca\\\/fr\\\/membership\\\/awards\\\/lifetime-award-recipient\\\/2023-lifetime-achievement-award-winner-dr-lorne-bellan\\\/#breadcrumb\",\"itemListElement\":[{\"@type\":\"ListItem\",\"position\":1,\"name\":\"Home\",\"item\":\"https:\\\/\\\/www.cos-sco.ca\\\/fr\\\/\"},{\"@type\":\"ListItem\",\"position\":2,\"name\":\"Laur\u00e9at du Prix de reconnaissance pour l\u2019ensemble d\u2019une carri\u00e8re de 2023\u00a0: Dr Lorne Bellan\"}]},{\"@type\":\"WebSite\",\"@id\":\"https:\\\/\\\/www.cos-sco.ca\\\/fr\\\/#website\",\"url\":\"https:\\\/\\\/www.cos-sco.ca\\\/fr\\\/\",\"name\":\"COS-SCO\",\"description\":\"\",\"publisher\":{\"@id\":\"https:\\\/\\\/www.cos-sco.ca\\\/fr\\\/#organization\"},\"potentialAction\":[{\"@type\":\"SearchAction\",\"target\":{\"@type\":\"EntryPoint\",\"urlTemplate\":\"https:\\\/\\\/www.cos-sco.ca\\\/fr\\\/?s={search_term_string}\"},\"query-input\":{\"@type\":\"PropertyValueSpecification\",\"valueRequired\":true,\"valueName\":\"search_term_string\"}}],\"inLanguage\":\"fr-FR\"},{\"@type\":\"Organization\",\"@id\":\"https:\\\/\\\/www.cos-sco.ca\\\/fr\\\/#organization\",\"name\":\"COS-SCO\",\"url\":\"https:\\\/\\\/www.cos-sco.ca\\\/fr\\\/\",\"logo\":{\"@type\":\"ImageObject\",\"inLanguage\":\"fr-FR\",\"@id\":\"https:\\\/\\\/www.cos-sco.ca\\\/fr\\\/#\\\/schema\\\/logo\\\/image\\\/\",\"url\":\"https:\\\/\\\/www.cos-sco.ca\\\/wp-content\\\/uploads\\\/2025\\\/10\\\/logo.png\",\"contentUrl\":\"https:\\\/\\\/www.cos-sco.ca\\\/wp-content\\\/uploads\\\/2025\\\/10\\\/logo.png\",\"width\":316,\"height\":180,\"caption\":\"COS-SCO\"},\"image\":{\"@id\":\"https:\\\/\\\/www.cos-sco.ca\\\/fr\\\/#\\\/schema\\\/logo\\\/image\\\/\"}}]}<\/script>\n<!-- \/ Yoast SEO plugin. -->","yoast_head_json":{"title":"Laur\u00e9at du Prix de reconnaissance pour l\u2019ensemble d\u2019une carri\u00e8re de 2023\u00a0: Dr Lorne Bellan - COS-SCO","robots":{"index":"index","follow":"follow","max-snippet":"max-snippet:-1","max-image-preview":"max-image-preview:large","max-video-preview":"max-video-preview:-1"},"canonical":"https:\/\/www.cos-sco.ca\/fr\/membership\/awards\/lifetime-award-recipient\/2023-lifetime-achievement-award-winner-dr-lorne-bellan\/","og_locale":"fr_FR","og_type":"article","og_title":"Laur\u00e9at du Prix de reconnaissance pour l\u2019ensemble d\u2019une carri\u00e8re de 2023\u00a0: Dr Lorne Bellan - COS-SCO","og_description":"La Soci\u00e9t\u00e9 canadienne d\u2019ophtalmologie (SCO) est fi\u00e8re d\u2019annoncer que le Dr Lorne Bellan est le laur\u00e9at du Prix de reconnaissance pour l\u2019ensemble d\u2019une carri\u00e8re de 2023. Le Dr&nbsp;Bellan est un chirurgien oculoplasticien qui s\u2019est concentr\u00e9 sur l\u2019\u00e9ducation durant ses 33 ann\u00e9es d\u2019exercice. En 2001, il est devenu directeur du D\u00e9partement et en a \u00e9t\u00e9 pr\u00e9sident [&hellip;]","og_url":"https:\/\/www.cos-sco.ca\/fr\/membership\/awards\/lifetime-award-recipient\/2023-lifetime-achievement-award-winner-dr-lorne-bellan\/","og_site_name":"COS-SCO","article_modified_time":"2025-12-16T19:10:16+00:00","og_image":[{"url":"https:\/\/www.cos-sco.ca\/wp-content\/uploads\/2025\/10\/impact-bg-1024x702.png","type":"","width":"","height":""}],"twitter_card":"summary_large_image","twitter_misc":{"Dur\u00e9e de lecture estim\u00e9e":"3 minutes"},"schema":{"@context":"https:\/\/schema.org","@graph":[{"@type":"WebPage","@id":"https:\/\/www.cos-sco.ca\/fr\/membership\/awards\/lifetime-award-recipient\/2023-lifetime-achievement-award-winner-dr-lorne-bellan\/","url":"https:\/\/www.cos-sco.ca\/fr\/membership\/awards\/lifetime-award-recipient\/2023-lifetime-achievement-award-winner-dr-lorne-bellan\/","name":"Laur\u00e9at du Prix de reconnaissance pour l\u2019ensemble d\u2019une carri\u00e8re de 2023\u00a0: Dr Lorne Bellan - COS-SCO","isPartOf":{"@id":"https:\/\/www.cos-sco.ca\/fr\/#website"},"primaryImageOfPage":{"@id":"https:\/\/www.cos-sco.ca\/fr\/membership\/awards\/lifetime-award-recipient\/2023-lifetime-achievement-award-winner-dr-lorne-bellan\/#primaryimage"},"image":{"@id":"https:\/\/www.cos-sco.ca\/fr\/membership\/awards\/lifetime-award-recipient\/2023-lifetime-achievement-award-winner-dr-lorne-bellan\/#primaryimage"},"thumbnailUrl":"https:\/\/www.cos-sco.ca\/wp-content\/uploads\/2025\/10\/impact-bg-1024x702.png","datePublished":"2025-12-16T19:09:14+00:00","dateModified":"2025-12-16T19:10:16+00:00","breadcrumb":{"@id":"https:\/\/www.cos-sco.ca\/fr\/membership\/awards\/lifetime-award-recipient\/2023-lifetime-achievement-award-winner-dr-lorne-bellan\/#breadcrumb"},"inLanguage":"fr-FR","potentialAction":[{"@type":"ReadAction","target":["https:\/\/www.cos-sco.ca\/fr\/membership\/awards\/lifetime-award-recipient\/2023-lifetime-achievement-award-winner-dr-lorne-bellan\/"]}]},{"@type":"ImageObject","inLanguage":"fr-FR","@id":"https:\/\/www.cos-sco.ca\/fr\/membership\/awards\/lifetime-award-recipient\/2023-lifetime-achievement-award-winner-dr-lorne-bellan\/#primaryimage","url":"https:\/\/www.cos-sco.ca\/wp-content\/uploads\/2025\/10\/impact-bg-1024x702.png","contentUrl":"https:\/\/www.cos-sco.ca\/wp-content\/uploads\/2025\/10\/impact-bg-1024x702.png"},{"@type":"BreadcrumbList","@id":"https:\/\/www.cos-sco.ca\/fr\/membership\/awards\/lifetime-award-recipient\/2023-lifetime-achievement-award-winner-dr-lorne-bellan\/#breadcrumb","itemListElement":[{"@type":"ListItem","position":1,"name":"Home","item":"https:\/\/www.cos-sco.ca\/fr\/"},{"@type":"ListItem","position":2,"name":"Laur\u00e9at du Prix de reconnaissance pour l\u2019ensemble d\u2019une carri\u00e8re de 2023\u00a0: Dr Lorne Bellan"}]},{"@type":"WebSite","@id":"https:\/\/www.cos-sco.ca\/fr\/#website","url":"https:\/\/www.cos-sco.ca\/fr\/","name":"COS-SCO","description":"","publisher":{"@id":"https:\/\/www.cos-sco.ca\/fr\/#organization"},"potentialAction":[{"@type":"SearchAction","target":{"@type":"EntryPoint","urlTemplate":"https:\/\/www.cos-sco.ca\/fr\/?s={search_term_string}"},"query-input":{"@type":"PropertyValueSpecification","valueRequired":true,"valueName":"search_term_string"}}],"inLanguage":"fr-FR"},{"@type":"Organization","@id":"https:\/\/www.cos-sco.ca\/fr\/#organization","name":"COS-SCO","url":"https:\/\/www.cos-sco.ca\/fr\/","logo":{"@type":"ImageObject","inLanguage":"fr-FR","@id":"https:\/\/www.cos-sco.ca\/fr\/#\/schema\/logo\/image\/","url":"https:\/\/www.cos-sco.ca\/wp-content\/uploads\/2025\/10\/logo.png","contentUrl":"https:\/\/www.cos-sco.ca\/wp-content\/uploads\/2025\/10\/logo.png","width":316,"height":180,"caption":"COS-SCO"},"image":{"@id":"https:\/\/www.cos-sco.ca\/fr\/#\/schema\/logo\/image\/"}}]}},"_links":{"self":[{"href":"https:\/\/www.cos-sco.ca\/fr\/wp-json\/wp\/v2\/pages\/16268","targetHints":{"allow":["GET"]}}],"collection":[{"href":"https:\/\/www.cos-sco.ca\/fr\/wp-json\/wp\/v2\/pages"}],"about":[{"href":"https:\/\/www.cos-sco.ca\/fr\/wp-json\/wp\/v2\/types\/page"}],"author":[{"embeddable":true,"href":"https:\/\/www.cos-sco.ca\/fr\/wp-json\/wp\/v2\/users\/3"}],"replies":[{"embeddable":true,"href":"https:\/\/www.cos-sco.ca\/fr\/wp-json\/wp\/v2\/comments?post=16268"}],"version-history":[{"count":1,"href":"https:\/\/www.cos-sco.ca\/fr\/wp-json\/wp\/v2\/pages\/16268\/revisions"}],"predecessor-version":[{"id":16269,"href":"https:\/\/www.cos-sco.ca\/fr\/wp-json\/wp\/v2\/pages\/16268\/revisions\/16269"}],"up":[{"embeddable":true,"href":"https:\/\/www.cos-sco.ca\/fr\/wp-json\/wp\/v2\/pages\/15137"}],"wp:attachment":[{"href":"https:\/\/www.cos-sco.ca\/fr\/wp-json\/wp\/v2\/media?parent=16268"}],"curies":[{"name":"wp","href":"https:\/\/api.w.org\/{rel}","templated":true}]}}