{"id":16258,"date":"2025-12-16T09:42:03","date_gmt":"2025-12-16T14:42:03","guid":{"rendered":"https:\/\/www.cos-sco.ca\/lifetime-award-recipient\/2024-lifetime-achievement-award-winner-dr-salim-lahoud\/"},"modified":"2025-12-16T09:43:28","modified_gmt":"2025-12-16T14:43:28","slug":"2024-lifetime-achievement-award-winner-dr-salim-lahoud","status":"publish","type":"page","link":"https:\/\/www.cos-sco.ca\/fr\/membership\/awards\/lifetime-award-recipient\/2024-lifetime-achievement-award-winner-dr-salim-lahoud\/","title":{"rendered":"Laur\u00e9at du Prix de reconnaissance pour l\u2019ensemble d\u2019une carri\u00e8re de 2024\u00a0: Dr. Salim Lahoud"},"content":{"rendered":"\n<div class=\"wp-block-cover alignfull\" style=\"min-height:343px;aspect-ratio:unset;\"><img loading=\"lazy\" decoding=\"async\" width=\"1024\" height=\"702\" class=\"wp-block-cover__image-background wp-image-208 size-large\" alt=\"\" src=\"https:\/\/www.cos-sco.ca\/wp-content\/uploads\/2025\/10\/impact-bg-1024x702.png\" data-object-fit=\"cover\" srcset=\"https:\/\/www.cos-sco.ca\/wp-content\/uploads\/2025\/10\/impact-bg-1024x702.png 1024w, https:\/\/www.cos-sco.ca\/wp-content\/uploads\/2025\/10\/impact-bg-300x206.png 300w, https:\/\/www.cos-sco.ca\/wp-content\/uploads\/2025\/10\/impact-bg-768x526.png 768w, https:\/\/www.cos-sco.ca\/wp-content\/uploads\/2025\/10\/impact-bg-1536x1052.png 1536w, https:\/\/www.cos-sco.ca\/wp-content\/uploads\/2025\/10\/impact-bg-2048x1403.png 2048w\" sizes=\"auto, (max-width: 1024px) 100vw, 1024px\" \/><span aria-hidden=\"true\" class=\"wp-block-cover__background has-background-dim\" style=\"background-color:#3f4460\"><\/span><div class=\"wp-block-cover__inner-container is-layout-constrained wp-block-cover-is-layout-constrained\">\n<h1 class=\"wp-block-heading has-text-align-center\">Laur\u00e9at du Prix de reconnaissance pour l\u2019ensemble d\u2019une carri\u00e8re de 2024\u00a0: Dr. Salim Lahoud<\/h1>\n<\/div><\/div>\n\n\n<div class=\"yoast-breadcrumbs\"><span><span><a href=\"https:\/\/www.cos-sco.ca\/fr\/\">Home<\/a><\/span> \/ <span class=\"breadcrumb_last\" aria-current=\"page\">Laur\u00e9at du Prix de reconnaissance pour l\u2019ensemble d\u2019une carri\u00e8re de 2024\u00a0: Dr. Salim Lahoud<\/span><\/span><\/div>\n\n\n<h2 class=\"wp-block-heading\"><strong>La Soci\u00e9t\u00e9 canadienne d\u2019ophtalmologie (SCO) est fi\u00e8re d\u2019annoncer que le D<sup>r<\/sup> Salim Lahoud est le laur\u00e9at du<\/strong> <strong>Prix de reconnaissance pour l\u2019ensemble d\u2019une carri\u00e8re de 2023.<\/strong><\/h2>\n\n\n\n<figure class=\"wp-block-image aligncenter size-full is-resized is-style-rounded\" style=\"margin-bottom:var(--wp--preset--spacing--md)\"><img loading=\"lazy\" decoding=\"async\" width=\"640\" height=\"470\" src=\"https:\/\/www.cos-sco.ca\/wp-content\/uploads\/2025\/12\/Salim-Lahoud.jpg\" alt=\"\" class=\"wp-image-16255\" style=\"aspect-ratio:1;object-fit:cover;width:261px\" srcset=\"https:\/\/www.cos-sco.ca\/wp-content\/uploads\/2025\/12\/Salim-Lahoud.jpg 640w, https:\/\/www.cos-sco.ca\/wp-content\/uploads\/2025\/12\/Salim-Lahoud-300x220.jpg 300w\" sizes=\"auto, (max-width: 640px) 100vw, 640px\" \/><\/figure>\n\n\n\n<p>Le D<sup>r<\/sup> Salim Lahoud, FRCSC, est une figure \u00e9minente de l\u2019ophtalmologie g\u00e9n\u00e9rale \u00e0 l\u2019Universit\u00e9 de Montr\u00e9al. Son parcours d\u00e9bute avec un doctorat en m\u00e9decine de la Facult\u00e9 fran\u00e7aise de m\u00e9decine, Universit\u00e9 Saint-Joseph, Liban, suivi d\u2019une r\u00e9sidence en ophtalmologie \u00e0 l\u2019Universit\u00e9 de Montr\u00e9al et d\u2019un stage de recherche en pathologie oculaire sous la supervision du D<sup>r<\/sup> Seymour Brownstein, Universit\u00e9 Mc Gill. Le D<sup>r<\/sup> Lahoud obtient le statut d\u2019Associ\u00e9 du Coll\u00e8ge royal des m\u00e9decins et chirurgiens du Canada en 1987.<\/p>\n\n\n\n<p>Fort d\u2019une vaste exp\u00e9rience professionnelle s\u2019\u00e9tendant de 1988 \u00e0 aujourd\u2019hui, le D<sup>r<\/sup> Lahoud a apport\u00e9 des contributions significatives \u00e0 l\u2019ophtalmologie g\u00e9n\u00e9rale. Il est associ\u00e9 au CHUM (Centre hospitalier de l\u2019Universit\u00e9 de Montr\u00e9al) depuis 1999. Sur le plan universitaire, il occupe le poste de professeur agr\u00e9g\u00e9 de clinique \u00e0 l\u2019Universit\u00e9 de Montr\u00e9al depuis 2016.<\/p>\n\n\n\n<p>L\u2019engagement du D<sup>r<\/sup> Lahoud envers l\u2019\u00e9ducation est \u00e9vident dans des postes tels que charg\u00e9 d\u2019enseignement clinique, professeur associ\u00e9 de clinique, et professeur agr\u00e9g\u00e9 de clinique \u00e0 l\u2019Universit\u00e9 de Montr\u00e9al. Il s\u2019est activement investi dans l\u2019enseignement clinique, l\u2019enseignement de la chirurgie de la cataracte et divers comit\u00e9s.<\/p>\n\n\n\n<p>Ses r\u00e9alisations notables incluent le titre de Professeur de l\u2019ann\u00e9e en 2000 et le prix annuel des Entretiens ophtalmologiques universitaires de Montr\u00e9al (EOUM) en 2023. Le D<sup>r<\/sup> Lahoud a jou\u00e9 des r\u00f4les essentiels dans le d\u00e9veloppement institutionnel, notamment en tant que chef du D\u00e9partement d\u2019ophtalmologie au CHUM de 2006 \u00e0 2022.<\/p>\n\n\n\n<p>Au-del\u00e0 de ses activit\u00e9s professionnelles, le D<sup>r<\/sup> Lahoud s\u2019adonne \u00e0 des passe-temps tels que la chasse, le jardinage, la lecture et l\u2019\u00e9criture, faisant ainsi la d\u00e9monstration d\u2019une personnalit\u00e9 polyvalente. Son engagement \u00e0 faire progresser l\u2019\u00e9ducation et les soins en ophtalmologie au Qu\u00e9bec est \u00e9galement \u00e9vident dans son r\u00f4le de pr\u00e9sident de l\u2019Association des m\u00e9decins ophtalmologistes du Qu\u00e9bec et d\u2019expert m\u00e9dical pour le Coll\u00e8ge des m\u00e9decins du Qu\u00e9bec.<\/p>\n","protected":false},"excerpt":{"rendered":"<p>La Soci\u00e9t\u00e9 canadienne d\u2019ophtalmologie (SCO) est fi\u00e8re d\u2019annoncer que le Dr Salim Lahoud est le laur\u00e9at du Prix de reconnaissance pour l\u2019ensemble d\u2019une carri\u00e8re de 2023. Le Dr Salim Lahoud, FRCSC, est une figure \u00e9minente de l\u2019ophtalmologie g\u00e9n\u00e9rale \u00e0 l\u2019Universit\u00e9 de Montr\u00e9al. Son parcours d\u00e9bute avec un doctorat en m\u00e9decine de la Facult\u00e9 fran\u00e7aise de [&hellip;]<\/p>\n","protected":false},"author":3,"featured_media":0,"parent":15137,"menu_order":0,"comment_status":"closed","ping_status":"closed","template":"","meta":{"footnotes":""},"class_list":["post-16258","page","type-page","status-publish","hentry"],"yoast_head":"<!-- This site is optimized with the Yoast SEO plugin v27.4 - https:\/\/yoast.com\/product\/yoast-seo-wordpress\/ -->\n<title>Laur\u00e9at du Prix de reconnaissance pour l\u2019ensemble d\u2019une carri\u00e8re de 2024\u00a0: Dr. Salim Lahoud - COS-SCO<\/title>\n<meta name=\"robots\" content=\"index, follow, max-snippet:-1, max-image-preview:large, max-video-preview:-1\" \/>\n<link rel=\"canonical\" href=\"https:\/\/www.cos-sco.ca\/fr\/membership\/awards\/lifetime-award-recipient\/2024-lifetime-achievement-award-winner-dr-salim-lahoud\/\" \/>\n<meta property=\"og:locale\" content=\"fr_FR\" \/>\n<meta property=\"og:type\" content=\"article\" \/>\n<meta property=\"og:title\" content=\"Laur\u00e9at du Prix de reconnaissance pour l\u2019ensemble d\u2019une carri\u00e8re de 2024\u00a0: Dr. Salim Lahoud - COS-SCO\" \/>\n<meta property=\"og:description\" content=\"La Soci\u00e9t\u00e9 canadienne d\u2019ophtalmologie (SCO) est fi\u00e8re d\u2019annoncer que le Dr Salim Lahoud est le laur\u00e9at du Prix de reconnaissance pour l\u2019ensemble d\u2019une carri\u00e8re de 2023. Le Dr Salim Lahoud, FRCSC, est une figure \u00e9minente de l\u2019ophtalmologie g\u00e9n\u00e9rale \u00e0 l\u2019Universit\u00e9 de Montr\u00e9al. Son parcours d\u00e9bute avec un doctorat en m\u00e9decine de la Facult\u00e9 fran\u00e7aise de [&hellip;]\" \/>\n<meta property=\"og:url\" content=\"https:\/\/www.cos-sco.ca\/fr\/membership\/awards\/lifetime-award-recipient\/2024-lifetime-achievement-award-winner-dr-salim-lahoud\/\" \/>\n<meta property=\"og:site_name\" content=\"COS-SCO\" \/>\n<meta property=\"article:modified_time\" content=\"2025-12-16T14:43:28+00:00\" \/>\n<meta property=\"og:image\" content=\"https:\/\/www.cos-sco.ca\/wp-content\/uploads\/2025\/10\/impact-bg-1024x702.png\" \/>\n<meta name=\"twitter:card\" content=\"summary_large_image\" \/>\n<meta name=\"twitter:label1\" content=\"Dur\u00e9e de lecture estim\u00e9e\" \/>\n\t<meta name=\"twitter:data1\" content=\"2 minutes\" \/>\n<script type=\"application\/ld+json\" class=\"yoast-schema-graph\">{\"@context\":\"https:\\\/\\\/schema.org\",\"@graph\":[{\"@type\":\"WebPage\",\"@id\":\"https:\\\/\\\/www.cos-sco.ca\\\/fr\\\/membership\\\/awards\\\/lifetime-award-recipient\\\/2024-lifetime-achievement-award-winner-dr-salim-lahoud\\\/\",\"url\":\"https:\\\/\\\/www.cos-sco.ca\\\/fr\\\/membership\\\/awards\\\/lifetime-award-recipient\\\/2024-lifetime-achievement-award-winner-dr-salim-lahoud\\\/\",\"name\":\"Laur\u00e9at du Prix de reconnaissance pour l\u2019ensemble d\u2019une carri\u00e8re de 2024\u00a0: Dr. Salim Lahoud - COS-SCO\",\"isPartOf\":{\"@id\":\"https:\\\/\\\/www.cos-sco.ca\\\/fr\\\/#website\"},\"primaryImageOfPage\":{\"@id\":\"https:\\\/\\\/www.cos-sco.ca\\\/fr\\\/membership\\\/awards\\\/lifetime-award-recipient\\\/2024-lifetime-achievement-award-winner-dr-salim-lahoud\\\/#primaryimage\"},\"image\":{\"@id\":\"https:\\\/\\\/www.cos-sco.ca\\\/fr\\\/membership\\\/awards\\\/lifetime-award-recipient\\\/2024-lifetime-achievement-award-winner-dr-salim-lahoud\\\/#primaryimage\"},\"thumbnailUrl\":\"https:\\\/\\\/www.cos-sco.ca\\\/wp-content\\\/uploads\\\/2025\\\/10\\\/impact-bg-1024x702.png\",\"datePublished\":\"2025-12-16T14:42:03+00:00\",\"dateModified\":\"2025-12-16T14:43:28+00:00\",\"breadcrumb\":{\"@id\":\"https:\\\/\\\/www.cos-sco.ca\\\/fr\\\/membership\\\/awards\\\/lifetime-award-recipient\\\/2024-lifetime-achievement-award-winner-dr-salim-lahoud\\\/#breadcrumb\"},\"inLanguage\":\"fr-FR\",\"potentialAction\":[{\"@type\":\"ReadAction\",\"target\":[\"https:\\\/\\\/www.cos-sco.ca\\\/fr\\\/membership\\\/awards\\\/lifetime-award-recipient\\\/2024-lifetime-achievement-award-winner-dr-salim-lahoud\\\/\"]}]},{\"@type\":\"ImageObject\",\"inLanguage\":\"fr-FR\",\"@id\":\"https:\\\/\\\/www.cos-sco.ca\\\/fr\\\/membership\\\/awards\\\/lifetime-award-recipient\\\/2024-lifetime-achievement-award-winner-dr-salim-lahoud\\\/#primaryimage\",\"url\":\"https:\\\/\\\/www.cos-sco.ca\\\/wp-content\\\/uploads\\\/2025\\\/10\\\/impact-bg-1024x702.png\",\"contentUrl\":\"https:\\\/\\\/www.cos-sco.ca\\\/wp-content\\\/uploads\\\/2025\\\/10\\\/impact-bg-1024x702.png\"},{\"@type\":\"BreadcrumbList\",\"@id\":\"https:\\\/\\\/www.cos-sco.ca\\\/fr\\\/membership\\\/awards\\\/lifetime-award-recipient\\\/2024-lifetime-achievement-award-winner-dr-salim-lahoud\\\/#breadcrumb\",\"itemListElement\":[{\"@type\":\"ListItem\",\"position\":1,\"name\":\"Home\",\"item\":\"https:\\\/\\\/www.cos-sco.ca\\\/fr\\\/\"},{\"@type\":\"ListItem\",\"position\":2,\"name\":\"Laur\u00e9at du Prix de reconnaissance pour l\u2019ensemble d\u2019une carri\u00e8re de 2024\u00a0: Dr. Salim Lahoud\"}]},{\"@type\":\"WebSite\",\"@id\":\"https:\\\/\\\/www.cos-sco.ca\\\/fr\\\/#website\",\"url\":\"https:\\\/\\\/www.cos-sco.ca\\\/fr\\\/\",\"name\":\"COS-SCO\",\"description\":\"\",\"publisher\":{\"@id\":\"https:\\\/\\\/www.cos-sco.ca\\\/fr\\\/#organization\"},\"potentialAction\":[{\"@type\":\"SearchAction\",\"target\":{\"@type\":\"EntryPoint\",\"urlTemplate\":\"https:\\\/\\\/www.cos-sco.ca\\\/fr\\\/?s={search_term_string}\"},\"query-input\":{\"@type\":\"PropertyValueSpecification\",\"valueRequired\":true,\"valueName\":\"search_term_string\"}}],\"inLanguage\":\"fr-FR\"},{\"@type\":\"Organization\",\"@id\":\"https:\\\/\\\/www.cos-sco.ca\\\/fr\\\/#organization\",\"name\":\"COS-SCO\",\"url\":\"https:\\\/\\\/www.cos-sco.ca\\\/fr\\\/\",\"logo\":{\"@type\":\"ImageObject\",\"inLanguage\":\"fr-FR\",\"@id\":\"https:\\\/\\\/www.cos-sco.ca\\\/fr\\\/#\\\/schema\\\/logo\\\/image\\\/\",\"url\":\"https:\\\/\\\/www.cos-sco.ca\\\/wp-content\\\/uploads\\\/2025\\\/10\\\/logo.png\",\"contentUrl\":\"https:\\\/\\\/www.cos-sco.ca\\\/wp-content\\\/uploads\\\/2025\\\/10\\\/logo.png\",\"width\":316,\"height\":180,\"caption\":\"COS-SCO\"},\"image\":{\"@id\":\"https:\\\/\\\/www.cos-sco.ca\\\/fr\\\/#\\\/schema\\\/logo\\\/image\\\/\"}}]}<\/script>\n<!-- \/ Yoast SEO plugin. -->","yoast_head_json":{"title":"Laur\u00e9at du Prix de reconnaissance pour l\u2019ensemble d\u2019une carri\u00e8re de 2024\u00a0: Dr. Salim Lahoud - COS-SCO","robots":{"index":"index","follow":"follow","max-snippet":"max-snippet:-1","max-image-preview":"max-image-preview:large","max-video-preview":"max-video-preview:-1"},"canonical":"https:\/\/www.cos-sco.ca\/fr\/membership\/awards\/lifetime-award-recipient\/2024-lifetime-achievement-award-winner-dr-salim-lahoud\/","og_locale":"fr_FR","og_type":"article","og_title":"Laur\u00e9at du Prix de reconnaissance pour l\u2019ensemble d\u2019une carri\u00e8re de 2024\u00a0: Dr. Salim Lahoud - COS-SCO","og_description":"La Soci\u00e9t\u00e9 canadienne d\u2019ophtalmologie (SCO) est fi\u00e8re d\u2019annoncer que le Dr Salim Lahoud est le laur\u00e9at du Prix de reconnaissance pour l\u2019ensemble d\u2019une carri\u00e8re de 2023. Le Dr Salim Lahoud, FRCSC, est une figure \u00e9minente de l\u2019ophtalmologie g\u00e9n\u00e9rale \u00e0 l\u2019Universit\u00e9 de Montr\u00e9al. Son parcours d\u00e9bute avec un doctorat en m\u00e9decine de la Facult\u00e9 fran\u00e7aise de [&hellip;]","og_url":"https:\/\/www.cos-sco.ca\/fr\/membership\/awards\/lifetime-award-recipient\/2024-lifetime-achievement-award-winner-dr-salim-lahoud\/","og_site_name":"COS-SCO","article_modified_time":"2025-12-16T14:43:28+00:00","og_image":[{"url":"https:\/\/www.cos-sco.ca\/wp-content\/uploads\/2025\/10\/impact-bg-1024x702.png","type":"","width":"","height":""}],"twitter_card":"summary_large_image","twitter_misc":{"Dur\u00e9e de lecture estim\u00e9e":"2 minutes"},"schema":{"@context":"https:\/\/schema.org","@graph":[{"@type":"WebPage","@id":"https:\/\/www.cos-sco.ca\/fr\/membership\/awards\/lifetime-award-recipient\/2024-lifetime-achievement-award-winner-dr-salim-lahoud\/","url":"https:\/\/www.cos-sco.ca\/fr\/membership\/awards\/lifetime-award-recipient\/2024-lifetime-achievement-award-winner-dr-salim-lahoud\/","name":"Laur\u00e9at du Prix de reconnaissance pour l\u2019ensemble d\u2019une carri\u00e8re de 2024\u00a0: Dr. Salim Lahoud - COS-SCO","isPartOf":{"@id":"https:\/\/www.cos-sco.ca\/fr\/#website"},"primaryImageOfPage":{"@id":"https:\/\/www.cos-sco.ca\/fr\/membership\/awards\/lifetime-award-recipient\/2024-lifetime-achievement-award-winner-dr-salim-lahoud\/#primaryimage"},"image":{"@id":"https:\/\/www.cos-sco.ca\/fr\/membership\/awards\/lifetime-award-recipient\/2024-lifetime-achievement-award-winner-dr-salim-lahoud\/#primaryimage"},"thumbnailUrl":"https:\/\/www.cos-sco.ca\/wp-content\/uploads\/2025\/10\/impact-bg-1024x702.png","datePublished":"2025-12-16T14:42:03+00:00","dateModified":"2025-12-16T14:43:28+00:00","breadcrumb":{"@id":"https:\/\/www.cos-sco.ca\/fr\/membership\/awards\/lifetime-award-recipient\/2024-lifetime-achievement-award-winner-dr-salim-lahoud\/#breadcrumb"},"inLanguage":"fr-FR","potentialAction":[{"@type":"ReadAction","target":["https:\/\/www.cos-sco.ca\/fr\/membership\/awards\/lifetime-award-recipient\/2024-lifetime-achievement-award-winner-dr-salim-lahoud\/"]}]},{"@type":"ImageObject","inLanguage":"fr-FR","@id":"https:\/\/www.cos-sco.ca\/fr\/membership\/awards\/lifetime-award-recipient\/2024-lifetime-achievement-award-winner-dr-salim-lahoud\/#primaryimage","url":"https:\/\/www.cos-sco.ca\/wp-content\/uploads\/2025\/10\/impact-bg-1024x702.png","contentUrl":"https:\/\/www.cos-sco.ca\/wp-content\/uploads\/2025\/10\/impact-bg-1024x702.png"},{"@type":"BreadcrumbList","@id":"https:\/\/www.cos-sco.ca\/fr\/membership\/awards\/lifetime-award-recipient\/2024-lifetime-achievement-award-winner-dr-salim-lahoud\/#breadcrumb","itemListElement":[{"@type":"ListItem","position":1,"name":"Home","item":"https:\/\/www.cos-sco.ca\/fr\/"},{"@type":"ListItem","position":2,"name":"Laur\u00e9at du Prix de reconnaissance pour l\u2019ensemble d\u2019une carri\u00e8re de 2024\u00a0: Dr. Salim Lahoud"}]},{"@type":"WebSite","@id":"https:\/\/www.cos-sco.ca\/fr\/#website","url":"https:\/\/www.cos-sco.ca\/fr\/","name":"COS-SCO","description":"","publisher":{"@id":"https:\/\/www.cos-sco.ca\/fr\/#organization"},"potentialAction":[{"@type":"SearchAction","target":{"@type":"EntryPoint","urlTemplate":"https:\/\/www.cos-sco.ca\/fr\/?s={search_term_string}"},"query-input":{"@type":"PropertyValueSpecification","valueRequired":true,"valueName":"search_term_string"}}],"inLanguage":"fr-FR"},{"@type":"Organization","@id":"https:\/\/www.cos-sco.ca\/fr\/#organization","name":"COS-SCO","url":"https:\/\/www.cos-sco.ca\/fr\/","logo":{"@type":"ImageObject","inLanguage":"fr-FR","@id":"https:\/\/www.cos-sco.ca\/fr\/#\/schema\/logo\/image\/","url":"https:\/\/www.cos-sco.ca\/wp-content\/uploads\/2025\/10\/logo.png","contentUrl":"https:\/\/www.cos-sco.ca\/wp-content\/uploads\/2025\/10\/logo.png","width":316,"height":180,"caption":"COS-SCO"},"image":{"@id":"https:\/\/www.cos-sco.ca\/fr\/#\/schema\/logo\/image\/"}}]}},"_links":{"self":[{"href":"https:\/\/www.cos-sco.ca\/fr\/wp-json\/wp\/v2\/pages\/16258","targetHints":{"allow":["GET"]}}],"collection":[{"href":"https:\/\/www.cos-sco.ca\/fr\/wp-json\/wp\/v2\/pages"}],"about":[{"href":"https:\/\/www.cos-sco.ca\/fr\/wp-json\/wp\/v2\/types\/page"}],"author":[{"embeddable":true,"href":"https:\/\/www.cos-sco.ca\/fr\/wp-json\/wp\/v2\/users\/3"}],"replies":[{"embeddable":true,"href":"https:\/\/www.cos-sco.ca\/fr\/wp-json\/wp\/v2\/comments?post=16258"}],"version-history":[{"count":1,"href":"https:\/\/www.cos-sco.ca\/fr\/wp-json\/wp\/v2\/pages\/16258\/revisions"}],"predecessor-version":[{"id":16259,"href":"https:\/\/www.cos-sco.ca\/fr\/wp-json\/wp\/v2\/pages\/16258\/revisions\/16259"}],"up":[{"embeddable":true,"href":"https:\/\/www.cos-sco.ca\/fr\/wp-json\/wp\/v2\/pages\/15137"}],"wp:attachment":[{"href":"https:\/\/www.cos-sco.ca\/fr\/wp-json\/wp\/v2\/media?parent=16258"}],"curies":[{"name":"wp","href":"https:\/\/api.w.org\/{rel}","templated":true}]}}