{"id":16252,"date":"2025-12-16T09:34:11","date_gmt":"2025-12-16T14:34:11","guid":{"rendered":"https:\/\/www.cos-sco.ca\/lifetime-award-recipient\/2025-lifetime-achievement-award-winner-yvonne-buys-md-frcsc\/"},"modified":"2025-12-16T09:35:26","modified_gmt":"2025-12-16T14:35:26","slug":"2025-lifetime-achievement-award-winner-yvonne-buys-md-frcsc","status":"publish","type":"page","link":"https:\/\/www.cos-sco.ca\/fr\/membership\/awards\/lifetime-award-recipient\/2025-lifetime-achievement-award-winner-yvonne-buys-md-frcsc\/","title":{"rendered":"2025 Lifetime Achievement Award Winner \u2013 Yvonne Buys, MD, FRCSC"},"content":{"rendered":"\n<div class=\"wp-block-cover alignfull\" style=\"min-height:343px;aspect-ratio:unset;\"><img loading=\"lazy\" decoding=\"async\" width=\"1024\" height=\"702\" class=\"wp-block-cover__image-background wp-image-208 size-large\" alt=\"\" src=\"https:\/\/www.cos-sco.ca\/wp-content\/uploads\/2025\/10\/impact-bg-1024x702.png\" data-object-fit=\"cover\" srcset=\"https:\/\/www.cos-sco.ca\/wp-content\/uploads\/2025\/10\/impact-bg-1024x702.png 1024w, https:\/\/www.cos-sco.ca\/wp-content\/uploads\/2025\/10\/impact-bg-300x206.png 300w, https:\/\/www.cos-sco.ca\/wp-content\/uploads\/2025\/10\/impact-bg-768x526.png 768w, https:\/\/www.cos-sco.ca\/wp-content\/uploads\/2025\/10\/impact-bg-1536x1052.png 1536w, https:\/\/www.cos-sco.ca\/wp-content\/uploads\/2025\/10\/impact-bg-2048x1403.png 2048w\" sizes=\"auto, (max-width: 1024px) 100vw, 1024px\" \/><span aria-hidden=\"true\" class=\"wp-block-cover__background has-background-dim\" style=\"background-color:#3f4460\"><\/span><div class=\"wp-block-cover__inner-container is-layout-constrained wp-block-cover-is-layout-constrained\">\n<h1 class=\"wp-block-heading has-text-align-center\"><strong>Laur\u00e9at du Prix de reconnaissance pour l\u2019ensemble d\u2019une carri\u00e8re de 2025\u00a0: Yvonne Buys, MD, FRCSC<\/strong><\/h1>\n<\/div><\/div>\n\n\n<div class=\"yoast-breadcrumbs\"><span><span><a href=\"https:\/\/www.cos-sco.ca\/fr\/\">Home<\/a><\/span> \/ <span class=\"breadcrumb_last\" aria-current=\"page\">2025 Lifetime Achievement Award Winner \u2013 Yvonne Buys, MD, FRCSC<\/span><\/span><\/div>\n\n\n<h2 class=\"wp-block-heading\"><strong>La Soci\u00e9t\u00e9 canadienne d\u2019ophtalmologie (SCO) est fi\u00e8re d\u2019annoncer que la Dre Yvonne Buys est la laur\u00e9ate du Prix de reconnaissance pour l\u2019ensemble d\u2019une carri\u00e8re de 2025.<\/strong><\/h2>\n\n\n\n<figure class=\"wp-block-image aligncenter size-large is-resized\" style=\"margin-bottom:var(--wp--preset--spacing--md)\"><img loading=\"lazy\" decoding=\"async\" width=\"1024\" height=\"1024\" src=\"https:\/\/www.cos-sco.ca\/wp-content\/uploads\/2025\/12\/Yvonne-Buys-circle-1024x1024.png\" alt=\"\" class=\"wp-image-16249\" style=\"width:294px;height:auto\" srcset=\"https:\/\/www.cos-sco.ca\/wp-content\/uploads\/2025\/12\/Yvonne-Buys-circle-1024x1024.png 1024w, https:\/\/www.cos-sco.ca\/wp-content\/uploads\/2025\/12\/Yvonne-Buys-circle-300x300.png 300w, https:\/\/www.cos-sco.ca\/wp-content\/uploads\/2025\/12\/Yvonne-Buys-circle-150x150.png 150w, https:\/\/www.cos-sco.ca\/wp-content\/uploads\/2025\/12\/Yvonne-Buys-circle-768x768.png 768w, https:\/\/www.cos-sco.ca\/wp-content\/uploads\/2025\/12\/Yvonne-Buys-circle.png 1080w\" sizes=\"auto, (max-width: 1024px) 100vw, 1024px\" \/><\/figure>\n\n\n\n<p>Ce prix est d\u00e9cern\u00e9 chaque ann\u00e9e pour honorer un membre de la SCO qui a fait des contributions importantes aux soins visuels et oculaires, a eu un impact durable \u00e0 l\u2019\u00e9chelle nationale et internationale sur la croissance de la profession et a maintenu le niveau le plus \u00e9lev\u00e9 de soins aux patients dans sa pratique.<\/p>\n\n\n\n<p>La D<sup>re<\/sup>&nbsp;Yvonne Buys, professeure \u00e9m\u00e9rite de l\u2019Universit\u00e9 de Toronto, a r\u00e9cemment pris sa retraite apr\u00e8s une carri\u00e8re universitaire de 28 ann\u00e9es. En plus d\u2019offrir un enseignement clinique sp\u00e9cialis\u00e9e dans le glaucome, elle a form\u00e9 de nombreux r\u00e9sidents en ophtalmologie et plus de 40 fellows en glaucome. Les travaux qu\u2019elle a r\u00e9alis\u00e9s en recherche ont conduit \u00e0 la r\u00e9daction de plus de 195 publications r\u00e9vis\u00e9es par un comit\u00e9 de pair, 16 \u00e9ditoriaux sollicit\u00e9s et 10 chapitres de livres et plus de 500 pr\u00e9sentations dans le cadre de congr\u00e8s et de symposiums. La D<sup>re<\/sup>&nbsp;Buys a contribu\u00e9 \u00e0 l\u2019\u00e9laboration de plusieurs lignes directrices nationales relatives au glaucome et a particip\u00e9 \u00e0 l\u2019\u00e9laboration de documents nationaux propres \u00e0 l\u2019ophtalmologie en lien avec la COVID. En 2020, elle a mis au point un \u00e9cran de protection pour lampe \u00e0 fente, a re\u00e7u un financement pour en faire la production et a organis\u00e9 la distribution de 1\u2009200 \u00e9crans de protection \u00e0 des ophtalmologistes au Canada.<\/p>\n\n\n\n<p>La D<sup>re<\/sup>&nbsp;Buys a fait partie de nombreuses organisations professionnelles, dont la SCO \u00e0 titre de pr\u00e9sidente (2018-2020) et membre du conseil d\u2019administration (2010-2021), la Soci\u00e9t\u00e9 canadienne du glaucome \u00e0 titre de pr\u00e9sidente (2007-2009) et la Soci\u00e9t\u00e9 du glaucome de la r\u00e9gion de Toronto \u00e0 titre de pr\u00e9sidente (2001-2002). De 2012 \u00e0 2018, elle a \u00e9galement contribu\u00e9 \u00e0 la cr\u00e9ation et \u00e0 l\u2019\u00e9laboration du volet \u00ab\u2009Les femmes et l\u2019ophtalmologie\u2009\u00bb sous l\u2019\u00e9gide de la SCO.<\/p>\n\n\n\n<p><em>La D<sup>re<\/sup>&nbsp;Buys a re\u00e7u, au cours de sa carri\u00e8re, de nombreux prix, dont le prix Anderson de l\u2019H\u00f4pital de Toronto (1998), le prix Clive Mortimer en enseignement postdoctoral \u00e0 l\u2019Universit\u00e9 de Toronto (1999), le prix de distinction honorifique de l\u2019American Academy of Ophthalmology (2015), le prix Championne du changement pour les femmes en ophtalmologie remis dans le cadre du Congr\u00e8s mondial d\u2019ophtalmologie (2018), le prix Colin Woolf de l\u2019Universit\u00e9 de Toronto (2020) pour ses contributions \u00e0 long terme \u00e0 la formation professionnelle continue, le prix Mitzel de la Soci\u00e9t\u00e9 canadienne de recherche sur le glaucome (2021) et le prix international d\u2019excellence acad\u00e9mique de l\u2019American Glaucoma Society (2022).<\/em><\/p>\n\n\n\n<p>Ces jours-ci, en plus de faire de l\u2019agriculture de plaisance et de r\u00eaver de r\u00e9aliser son premier trou d\u2019un coup au golf, elle se passionne pour l\u2019ornithologie, allant jusqu\u2019\u00e0 \u00e9crire une chronique intitul\u00e9e&nbsp;<em>Look What Flew Through The County<\/em>&nbsp;(regardez ce qui a travers\u00e9 le comt\u00e9) pour le&nbsp;<em>Wellington Times<\/em>. Elle publiera prochainement son premier livre sur les oiseaux du comt\u00e9 de Prince Edward.<\/p>\n","protected":false},"excerpt":{"rendered":"<p>La Soci\u00e9t\u00e9 canadienne d\u2019ophtalmologie (SCO) est fi\u00e8re d\u2019annoncer que la Dre Yvonne Buys est la laur\u00e9ate du Prix de reconnaissance pour l\u2019ensemble d\u2019une carri\u00e8re de 2025. Ce prix est d\u00e9cern\u00e9 chaque ann\u00e9e pour honorer un membre de la SCO qui a fait des contributions importantes aux soins visuels et oculaires, a eu un impact durable [&hellip;]<\/p>\n","protected":false},"author":3,"featured_media":0,"parent":15137,"menu_order":0,"comment_status":"closed","ping_status":"closed","template":"","meta":{"footnotes":""},"class_list":["post-16252","page","type-page","status-publish","hentry"],"yoast_head":"<!-- This site is optimized with the Yoast SEO plugin v27.4 - https:\/\/yoast.com\/product\/yoast-seo-wordpress\/ -->\n<title>2025 Lifetime Achievement Award Winner \u2013 Yvonne Buys, MD, FRCSC - COS-SCO<\/title>\n<meta name=\"robots\" content=\"index, follow, max-snippet:-1, max-image-preview:large, max-video-preview:-1\" \/>\n<link rel=\"canonical\" href=\"https:\/\/www.cos-sco.ca\/fr\/membership\/awards\/lifetime-award-recipient\/2025-lifetime-achievement-award-winner-yvonne-buys-md-frcsc\/\" \/>\n<meta property=\"og:locale\" content=\"fr_FR\" \/>\n<meta property=\"og:type\" content=\"article\" \/>\n<meta property=\"og:title\" content=\"2025 Lifetime Achievement Award Winner \u2013 Yvonne Buys, MD, FRCSC - COS-SCO\" \/>\n<meta property=\"og:description\" content=\"La Soci\u00e9t\u00e9 canadienne d\u2019ophtalmologie (SCO) est fi\u00e8re d\u2019annoncer que la Dre Yvonne Buys est la laur\u00e9ate du Prix de reconnaissance pour l\u2019ensemble d\u2019une carri\u00e8re de 2025. Ce prix est d\u00e9cern\u00e9 chaque ann\u00e9e pour honorer un membre de la SCO qui a fait des contributions importantes aux soins visuels et oculaires, a eu un impact durable [&hellip;]\" \/>\n<meta property=\"og:url\" content=\"https:\/\/www.cos-sco.ca\/fr\/membership\/awards\/lifetime-award-recipient\/2025-lifetime-achievement-award-winner-yvonne-buys-md-frcsc\/\" \/>\n<meta property=\"og:site_name\" content=\"COS-SCO\" \/>\n<meta property=\"article:modified_time\" content=\"2025-12-16T14:35:26+00:00\" \/>\n<meta property=\"og:image\" content=\"https:\/\/www.cos-sco.ca\/wp-content\/uploads\/2025\/10\/impact-bg-1024x702.png\" \/>\n<meta name=\"twitter:card\" content=\"summary_large_image\" \/>\n<meta name=\"twitter:label1\" content=\"Dur\u00e9e de lecture estim\u00e9e\" \/>\n\t<meta name=\"twitter:data1\" content=\"3 minutes\" \/>\n<script type=\"application\/ld+json\" class=\"yoast-schema-graph\">{\"@context\":\"https:\\\/\\\/schema.org\",\"@graph\":[{\"@type\":\"WebPage\",\"@id\":\"https:\\\/\\\/www.cos-sco.ca\\\/fr\\\/membership\\\/awards\\\/lifetime-award-recipient\\\/2025-lifetime-achievement-award-winner-yvonne-buys-md-frcsc\\\/\",\"url\":\"https:\\\/\\\/www.cos-sco.ca\\\/fr\\\/membership\\\/awards\\\/lifetime-award-recipient\\\/2025-lifetime-achievement-award-winner-yvonne-buys-md-frcsc\\\/\",\"name\":\"2025 Lifetime Achievement Award Winner \u2013 Yvonne Buys, MD, FRCSC - COS-SCO\",\"isPartOf\":{\"@id\":\"https:\\\/\\\/www.cos-sco.ca\\\/fr\\\/#website\"},\"primaryImageOfPage\":{\"@id\":\"https:\\\/\\\/www.cos-sco.ca\\\/fr\\\/membership\\\/awards\\\/lifetime-award-recipient\\\/2025-lifetime-achievement-award-winner-yvonne-buys-md-frcsc\\\/#primaryimage\"},\"image\":{\"@id\":\"https:\\\/\\\/www.cos-sco.ca\\\/fr\\\/membership\\\/awards\\\/lifetime-award-recipient\\\/2025-lifetime-achievement-award-winner-yvonne-buys-md-frcsc\\\/#primaryimage\"},\"thumbnailUrl\":\"https:\\\/\\\/www.cos-sco.ca\\\/wp-content\\\/uploads\\\/2025\\\/10\\\/impact-bg-1024x702.png\",\"datePublished\":\"2025-12-16T14:34:11+00:00\",\"dateModified\":\"2025-12-16T14:35:26+00:00\",\"breadcrumb\":{\"@id\":\"https:\\\/\\\/www.cos-sco.ca\\\/fr\\\/membership\\\/awards\\\/lifetime-award-recipient\\\/2025-lifetime-achievement-award-winner-yvonne-buys-md-frcsc\\\/#breadcrumb\"},\"inLanguage\":\"fr-FR\",\"potentialAction\":[{\"@type\":\"ReadAction\",\"target\":[\"https:\\\/\\\/www.cos-sco.ca\\\/fr\\\/membership\\\/awards\\\/lifetime-award-recipient\\\/2025-lifetime-achievement-award-winner-yvonne-buys-md-frcsc\\\/\"]}]},{\"@type\":\"ImageObject\",\"inLanguage\":\"fr-FR\",\"@id\":\"https:\\\/\\\/www.cos-sco.ca\\\/fr\\\/membership\\\/awards\\\/lifetime-award-recipient\\\/2025-lifetime-achievement-award-winner-yvonne-buys-md-frcsc\\\/#primaryimage\",\"url\":\"https:\\\/\\\/www.cos-sco.ca\\\/wp-content\\\/uploads\\\/2025\\\/10\\\/impact-bg-1024x702.png\",\"contentUrl\":\"https:\\\/\\\/www.cos-sco.ca\\\/wp-content\\\/uploads\\\/2025\\\/10\\\/impact-bg-1024x702.png\"},{\"@type\":\"BreadcrumbList\",\"@id\":\"https:\\\/\\\/www.cos-sco.ca\\\/fr\\\/membership\\\/awards\\\/lifetime-award-recipient\\\/2025-lifetime-achievement-award-winner-yvonne-buys-md-frcsc\\\/#breadcrumb\",\"itemListElement\":[{\"@type\":\"ListItem\",\"position\":1,\"name\":\"Home\",\"item\":\"https:\\\/\\\/www.cos-sco.ca\\\/fr\\\/\"},{\"@type\":\"ListItem\",\"position\":2,\"name\":\"2025 Lifetime Achievement Award Winner \u2013 Yvonne Buys, MD, FRCSC\"}]},{\"@type\":\"WebSite\",\"@id\":\"https:\\\/\\\/www.cos-sco.ca\\\/fr\\\/#website\",\"url\":\"https:\\\/\\\/www.cos-sco.ca\\\/fr\\\/\",\"name\":\"COS-SCO\",\"description\":\"\",\"publisher\":{\"@id\":\"https:\\\/\\\/www.cos-sco.ca\\\/fr\\\/#organization\"},\"potentialAction\":[{\"@type\":\"SearchAction\",\"target\":{\"@type\":\"EntryPoint\",\"urlTemplate\":\"https:\\\/\\\/www.cos-sco.ca\\\/fr\\\/?s={search_term_string}\"},\"query-input\":{\"@type\":\"PropertyValueSpecification\",\"valueRequired\":true,\"valueName\":\"search_term_string\"}}],\"inLanguage\":\"fr-FR\"},{\"@type\":\"Organization\",\"@id\":\"https:\\\/\\\/www.cos-sco.ca\\\/fr\\\/#organization\",\"name\":\"COS-SCO\",\"url\":\"https:\\\/\\\/www.cos-sco.ca\\\/fr\\\/\",\"logo\":{\"@type\":\"ImageObject\",\"inLanguage\":\"fr-FR\",\"@id\":\"https:\\\/\\\/www.cos-sco.ca\\\/fr\\\/#\\\/schema\\\/logo\\\/image\\\/\",\"url\":\"https:\\\/\\\/www.cos-sco.ca\\\/wp-content\\\/uploads\\\/2025\\\/10\\\/logo.png\",\"contentUrl\":\"https:\\\/\\\/www.cos-sco.ca\\\/wp-content\\\/uploads\\\/2025\\\/10\\\/logo.png\",\"width\":316,\"height\":180,\"caption\":\"COS-SCO\"},\"image\":{\"@id\":\"https:\\\/\\\/www.cos-sco.ca\\\/fr\\\/#\\\/schema\\\/logo\\\/image\\\/\"}}]}<\/script>\n<!-- \/ Yoast SEO plugin. -->","yoast_head_json":{"title":"2025 Lifetime Achievement Award Winner \u2013 Yvonne Buys, MD, FRCSC - COS-SCO","robots":{"index":"index","follow":"follow","max-snippet":"max-snippet:-1","max-image-preview":"max-image-preview:large","max-video-preview":"max-video-preview:-1"},"canonical":"https:\/\/www.cos-sco.ca\/fr\/membership\/awards\/lifetime-award-recipient\/2025-lifetime-achievement-award-winner-yvonne-buys-md-frcsc\/","og_locale":"fr_FR","og_type":"article","og_title":"2025 Lifetime Achievement Award Winner \u2013 Yvonne Buys, MD, FRCSC - COS-SCO","og_description":"La Soci\u00e9t\u00e9 canadienne d\u2019ophtalmologie (SCO) est fi\u00e8re d\u2019annoncer que la Dre Yvonne Buys est la laur\u00e9ate du Prix de reconnaissance pour l\u2019ensemble d\u2019une carri\u00e8re de 2025. Ce prix est d\u00e9cern\u00e9 chaque ann\u00e9e pour honorer un membre de la SCO qui a fait des contributions importantes aux soins visuels et oculaires, a eu un impact durable [&hellip;]","og_url":"https:\/\/www.cos-sco.ca\/fr\/membership\/awards\/lifetime-award-recipient\/2025-lifetime-achievement-award-winner-yvonne-buys-md-frcsc\/","og_site_name":"COS-SCO","article_modified_time":"2025-12-16T14:35:26+00:00","og_image":[{"url":"https:\/\/www.cos-sco.ca\/wp-content\/uploads\/2025\/10\/impact-bg-1024x702.png","type":"","width":"","height":""}],"twitter_card":"summary_large_image","twitter_misc":{"Dur\u00e9e de lecture estim\u00e9e":"3 minutes"},"schema":{"@context":"https:\/\/schema.org","@graph":[{"@type":"WebPage","@id":"https:\/\/www.cos-sco.ca\/fr\/membership\/awards\/lifetime-award-recipient\/2025-lifetime-achievement-award-winner-yvonne-buys-md-frcsc\/","url":"https:\/\/www.cos-sco.ca\/fr\/membership\/awards\/lifetime-award-recipient\/2025-lifetime-achievement-award-winner-yvonne-buys-md-frcsc\/","name":"2025 Lifetime Achievement Award Winner \u2013 Yvonne Buys, MD, FRCSC - COS-SCO","isPartOf":{"@id":"https:\/\/www.cos-sco.ca\/fr\/#website"},"primaryImageOfPage":{"@id":"https:\/\/www.cos-sco.ca\/fr\/membership\/awards\/lifetime-award-recipient\/2025-lifetime-achievement-award-winner-yvonne-buys-md-frcsc\/#primaryimage"},"image":{"@id":"https:\/\/www.cos-sco.ca\/fr\/membership\/awards\/lifetime-award-recipient\/2025-lifetime-achievement-award-winner-yvonne-buys-md-frcsc\/#primaryimage"},"thumbnailUrl":"https:\/\/www.cos-sco.ca\/wp-content\/uploads\/2025\/10\/impact-bg-1024x702.png","datePublished":"2025-12-16T14:34:11+00:00","dateModified":"2025-12-16T14:35:26+00:00","breadcrumb":{"@id":"https:\/\/www.cos-sco.ca\/fr\/membership\/awards\/lifetime-award-recipient\/2025-lifetime-achievement-award-winner-yvonne-buys-md-frcsc\/#breadcrumb"},"inLanguage":"fr-FR","potentialAction":[{"@type":"ReadAction","target":["https:\/\/www.cos-sco.ca\/fr\/membership\/awards\/lifetime-award-recipient\/2025-lifetime-achievement-award-winner-yvonne-buys-md-frcsc\/"]}]},{"@type":"ImageObject","inLanguage":"fr-FR","@id":"https:\/\/www.cos-sco.ca\/fr\/membership\/awards\/lifetime-award-recipient\/2025-lifetime-achievement-award-winner-yvonne-buys-md-frcsc\/#primaryimage","url":"https:\/\/www.cos-sco.ca\/wp-content\/uploads\/2025\/10\/impact-bg-1024x702.png","contentUrl":"https:\/\/www.cos-sco.ca\/wp-content\/uploads\/2025\/10\/impact-bg-1024x702.png"},{"@type":"BreadcrumbList","@id":"https:\/\/www.cos-sco.ca\/fr\/membership\/awards\/lifetime-award-recipient\/2025-lifetime-achievement-award-winner-yvonne-buys-md-frcsc\/#breadcrumb","itemListElement":[{"@type":"ListItem","position":1,"name":"Home","item":"https:\/\/www.cos-sco.ca\/fr\/"},{"@type":"ListItem","position":2,"name":"2025 Lifetime Achievement Award Winner \u2013 Yvonne Buys, MD, FRCSC"}]},{"@type":"WebSite","@id":"https:\/\/www.cos-sco.ca\/fr\/#website","url":"https:\/\/www.cos-sco.ca\/fr\/","name":"COS-SCO","description":"","publisher":{"@id":"https:\/\/www.cos-sco.ca\/fr\/#organization"},"potentialAction":[{"@type":"SearchAction","target":{"@type":"EntryPoint","urlTemplate":"https:\/\/www.cos-sco.ca\/fr\/?s={search_term_string}"},"query-input":{"@type":"PropertyValueSpecification","valueRequired":true,"valueName":"search_term_string"}}],"inLanguage":"fr-FR"},{"@type":"Organization","@id":"https:\/\/www.cos-sco.ca\/fr\/#organization","name":"COS-SCO","url":"https:\/\/www.cos-sco.ca\/fr\/","logo":{"@type":"ImageObject","inLanguage":"fr-FR","@id":"https:\/\/www.cos-sco.ca\/fr\/#\/schema\/logo\/image\/","url":"https:\/\/www.cos-sco.ca\/wp-content\/uploads\/2025\/10\/logo.png","contentUrl":"https:\/\/www.cos-sco.ca\/wp-content\/uploads\/2025\/10\/logo.png","width":316,"height":180,"caption":"COS-SCO"},"image":{"@id":"https:\/\/www.cos-sco.ca\/fr\/#\/schema\/logo\/image\/"}}]}},"_links":{"self":[{"href":"https:\/\/www.cos-sco.ca\/fr\/wp-json\/wp\/v2\/pages\/16252","targetHints":{"allow":["GET"]}}],"collection":[{"href":"https:\/\/www.cos-sco.ca\/fr\/wp-json\/wp\/v2\/pages"}],"about":[{"href":"https:\/\/www.cos-sco.ca\/fr\/wp-json\/wp\/v2\/types\/page"}],"author":[{"embeddable":true,"href":"https:\/\/www.cos-sco.ca\/fr\/wp-json\/wp\/v2\/users\/3"}],"replies":[{"embeddable":true,"href":"https:\/\/www.cos-sco.ca\/fr\/wp-json\/wp\/v2\/comments?post=16252"}],"version-history":[{"count":1,"href":"https:\/\/www.cos-sco.ca\/fr\/wp-json\/wp\/v2\/pages\/16252\/revisions"}],"predecessor-version":[{"id":16253,"href":"https:\/\/www.cos-sco.ca\/fr\/wp-json\/wp\/v2\/pages\/16252\/revisions\/16253"}],"up":[{"embeddable":true,"href":"https:\/\/www.cos-sco.ca\/fr\/wp-json\/wp\/v2\/pages\/15137"}],"wp:attachment":[{"href":"https:\/\/www.cos-sco.ca\/fr\/wp-json\/wp\/v2\/media?parent=16252"}],"curies":[{"name":"wp","href":"https:\/\/api.w.org\/{rel}","templated":true}]}}