{"id":16195,"date":"2025-11-17T16:23:39","date_gmt":"2025-11-17T21:23:39","guid":{"rendered":"https:\/\/www.cos-sco.ca\/?page_id=16195"},"modified":"2025-12-15T09:46:33","modified_gmt":"2025-12-15T14:46:33","slug":"clinic-resources","status":"publish","type":"page","link":"https:\/\/www.cos-sco.ca\/fr\/education-and-resourcesxx\/clinic-resources\/","title":{"rendered":"Ressources cliniques"},"content":{"rendered":"\n<div class=\"wp-block-cover alignfull\" style=\"min-height:343px;aspect-ratio:unset;\"><img loading=\"lazy\" decoding=\"async\" width=\"1024\" height=\"702\" class=\"wp-block-cover__image-background wp-image-208 size-large\" alt=\"\" src=\"https:\/\/www.cos-sco.ca\/wp-content\/uploads\/2025\/10\/impact-bg-1024x702.png\" data-object-fit=\"cover\" srcset=\"https:\/\/www.cos-sco.ca\/wp-content\/uploads\/2025\/10\/impact-bg-1024x702.png 1024w, https:\/\/www.cos-sco.ca\/wp-content\/uploads\/2025\/10\/impact-bg-300x206.png 300w, https:\/\/www.cos-sco.ca\/wp-content\/uploads\/2025\/10\/impact-bg-768x526.png 768w, https:\/\/www.cos-sco.ca\/wp-content\/uploads\/2025\/10\/impact-bg-1536x1052.png 1536w, https:\/\/www.cos-sco.ca\/wp-content\/uploads\/2025\/10\/impact-bg-2048x1403.png 2048w\" sizes=\"auto, (max-width: 1024px) 100vw, 1024px\" \/><span aria-hidden=\"true\" class=\"wp-block-cover__background has-background-dim\" style=\"background-color:#3f4460\"><\/span><div class=\"wp-block-cover__inner-container is-layout-constrained wp-block-cover-is-layout-constrained\">\n<h1 class=\"wp-block-heading has-text-align-center\">Ressources cliniques<\/h1>\n<\/div><\/div>\n\n\n<div class=\"yoast-breadcrumbs\"><span><span><a href=\"https:\/\/www.cos-sco.ca\/fr\/\">Home<\/a><\/span> \/ <span class=\"breadcrumb_last\" aria-current=\"page\">Ressources cliniques<\/span><\/span><\/div>\n\n\n<p>Amusantes et \u00e9ducatives, ces affiches et cartes postales fournissent aux m\u00e9decins et aux patients des renseignements int\u00e9ressants sur la sant\u00e9 oculaire. Vous n\u2019avez qu\u2019\u00e0 cliquer pour les t\u00e9l\u00e9charger et les imprimer sur demande. Acc\u00e9dez \u00e0 d\u2019autres ressources, y compris des jeux-questionnaires, des tests et une rubrique \u00ab\u2009Demander aux experts\u2009\u00bb sur le site\u00a0<a href=\"http:\/\/voirlespossibilites.ca\/\" target=\"_blank\" rel=\"noreferrer noopener\">voirlespossibilites.ca<\/a>.<\/p>\n\n\n\n<h2 class=\"wp-block-heading\">Posters<\/h2>\n\n\n\n<div class=\"wp-block-columns is-layout-flex wp-container-core-columns-is-layout-28f84493 wp-block-columns-is-layout-flex\">\n<div class=\"wp-block-column is-layout-flow wp-block-column-is-layout-flow\">\n<figure class=\"wp-block-image size-full has-custom-border is-style-rounded\" style=\"margin-top:var(--wp--preset--spacing--none);margin-bottom:var(--wp--preset--spacing--none)\"><img loading=\"lazy\" decoding=\"async\" width=\"795\" height=\"1024\" src=\"https:\/\/www.cos-sco.ca\/wp-content\/uploads\/2025\/11\/8X11_EN_Ommetaphobia-is-a-fear-of-the-eyes-795x1024-1.png\" alt=\"\" class=\"wp-image-14864\" style=\"border-style:none;border-width:0px;border-radius:0px\" srcset=\"https:\/\/www.cos-sco.ca\/wp-content\/uploads\/2025\/11\/8X11_EN_Ommetaphobia-is-a-fear-of-the-eyes-795x1024-1.png 795w, https:\/\/www.cos-sco.ca\/wp-content\/uploads\/2025\/11\/8X11_EN_Ommetaphobia-is-a-fear-of-the-eyes-795x1024-1-233x300.png 233w, https:\/\/www.cos-sco.ca\/wp-content\/uploads\/2025\/11\/8X11_EN_Ommetaphobia-is-a-fear-of-the-eyes-795x1024-1-768x989.png 768w\" sizes=\"auto, (max-width: 795px) 100vw, 795px\" \/><\/figure>\n\n\n\n<p class=\"has-text-align-center\">L\u2019ommatophobie est la peur des yeux<\/p>\n\n\n\n<p class=\"has-text-align-center\"><a href=\"https:\/\/www.cos-sco.ca\/wp-content\/uploads\/2025\/12\/Poster_8x11_FR_Ommetaphobia-is-a-fear-of-the-eyes.pdf\" target=\"_blank\" rel=\"noreferrer noopener\">8X11<\/a><\/p>\n\n\n\n<p class=\"has-text-align-center\"><a href=\"https:\/\/www.cos-sco.ca\/wp-content\/uploads\/2025\/12\/Poster_11x17_FR_Ommetaphobia-is-a-fear-of-the-eyes.pdf\" target=\"_blank\" rel=\"noreferrer noopener\">11X17<\/a><\/p>\n<\/div>\n\n\n\n<div class=\"wp-block-column is-layout-flow wp-block-column-is-layout-flow\">\n<figure class=\"wp-block-image size-full is-style-default\"><img loading=\"lazy\" decoding=\"async\" width=\"795\" height=\"1024\" src=\"https:\/\/www.cos-sco.ca\/wp-content\/uploads\/2025\/11\/8X11_EN_Only-1.6-of-your-eyeball-is-visible-795x1024-1.png\" alt=\"\" class=\"wp-image-14862\" srcset=\"https:\/\/www.cos-sco.ca\/wp-content\/uploads\/2025\/11\/8X11_EN_Only-1.6-of-your-eyeball-is-visible-795x1024-1.png 795w, https:\/\/www.cos-sco.ca\/wp-content\/uploads\/2025\/11\/8X11_EN_Only-1.6-of-your-eyeball-is-visible-795x1024-1-233x300.png 233w, https:\/\/www.cos-sco.ca\/wp-content\/uploads\/2025\/11\/8X11_EN_Only-1.6-of-your-eyeball-is-visible-795x1024-1-768x989.png 768w\" sizes=\"auto, (max-width: 795px) 100vw, 795px\" \/><\/figure>\n\n\n\n<p class=\"has-text-align-center\">Seul 1\/6 du globe oculaire est visible<\/p>\n\n\n\n<p class=\"has-text-align-center\"><a href=\"https:\/\/www.cos-sco.ca\/wp-content\/uploads\/2025\/12\/Poster_8x11_FR_Only-1-6-of-your-eyeball-is-visible.pdf\" target=\"_blank\" rel=\"noreferrer noopener\">8X11<\/a><\/p>\n\n\n\n<p class=\"has-text-align-center\"><a href=\"https:\/\/www.cos-sco.ca\/wp-content\/uploads\/2025\/12\/Poster_11x17_FR_Only-1-6-of-your-eyeball-is-visible.pdf\" target=\"_blank\" rel=\"noreferrer noopener\">11X17<\/a><\/p>\n<\/div>\n\n\n\n<div class=\"wp-block-column is-layout-flow wp-block-column-is-layout-flow\">\n<figure class=\"wp-block-image size-full is-style-default\"><img loading=\"lazy\" decoding=\"async\" width=\"795\" height=\"1024\" src=\"https:\/\/www.cos-sco.ca\/wp-content\/uploads\/2025\/11\/8X11_EN_Your-eyes-can-get-sunburned-795x1024-1.png\" alt=\"\" class=\"wp-image-14860\" srcset=\"https:\/\/www.cos-sco.ca\/wp-content\/uploads\/2025\/11\/8X11_EN_Your-eyes-can-get-sunburned-795x1024-1.png 795w, https:\/\/www.cos-sco.ca\/wp-content\/uploads\/2025\/11\/8X11_EN_Your-eyes-can-get-sunburned-795x1024-1-233x300.png 233w, https:\/\/www.cos-sco.ca\/wp-content\/uploads\/2025\/11\/8X11_EN_Your-eyes-can-get-sunburned-795x1024-1-768x989.png 768w\" sizes=\"auto, (max-width: 795px) 100vw, 795px\" \/><\/figure>\n\n\n\n<p class=\"has-text-align-center\">Vos yeux peuvent attraper des coups de soleil<\/p>\n\n\n\n<p class=\"has-text-align-center\"><a href=\"https:\/\/www.cos-sco.ca\/wp-content\/uploads\/2025\/12\/Poster_8x11_FR_Your-eyes-can-get-sunburned.pdf\" target=\"_blank\" rel=\"noreferrer noopener\">8X11<\/a><\/p>\n\n\n\n<p class=\"has-text-align-center\"><a href=\"https:\/\/www.cos-sco.ca\/wp-content\/uploads\/2025\/12\/Poster_11x17_FR_Your-eyes-can-get-sunburned.pdf\" target=\"_blank\" rel=\"noreferrer noopener\">11X17<\/a><\/p>\n<\/div>\n\n\n\n<div class=\"wp-block-column is-layout-flow wp-block-column-is-layout-flow\">\n<figure class=\"wp-block-image size-full is-style-default\"><img loading=\"lazy\" decoding=\"async\" width=\"795\" height=\"1024\" src=\"https:\/\/www.cos-sco.ca\/wp-content\/uploads\/2025\/11\/8X11_EN_All-babies-are-colour-blind-at-birth-795x1024-1.png\" alt=\"\" class=\"wp-image-14858\" srcset=\"https:\/\/www.cos-sco.ca\/wp-content\/uploads\/2025\/11\/8X11_EN_All-babies-are-colour-blind-at-birth-795x1024-1.png 795w, https:\/\/www.cos-sco.ca\/wp-content\/uploads\/2025\/11\/8X11_EN_All-babies-are-colour-blind-at-birth-795x1024-1-233x300.png 233w, https:\/\/www.cos-sco.ca\/wp-content\/uploads\/2025\/11\/8X11_EN_All-babies-are-colour-blind-at-birth-795x1024-1-768x989.png 768w\" sizes=\"auto, (max-width: 795px) 100vw, 795px\" \/><\/figure>\n\n\n\n<p class=\"has-text-align-center\">Tous les b\u00e9b\u00e9s sont daltoniens \u00e0 l naissance<\/p>\n\n\n\n<p class=\"has-text-align-center\"><a href=\"https:\/\/www.cos-sco.ca\/wp-content\/uploads\/2025\/12\/Poster_8x11_FR_All-babies-are-colour-blind-at-birth.pdf\" target=\"_blank\" rel=\"noreferrer noopener\">8X11<\/a><\/p>\n\n\n\n<p class=\"has-text-align-center\"><a href=\"https:\/\/www.cos-sco.ca\/wp-content\/uploads\/2025\/12\/Poster_11x17_FR_All-babies-are-colour-blind-at-birth-scaled.png\" target=\"_blank\" rel=\"noreferrer noopener\">11X17<\/a><\/p>\n<\/div>\n<\/div>\n\n\n\n<h2 class=\"wp-block-heading\">Postcards<\/h2>\n\n\n\n<div class=\"wp-block-columns is-layout-flex wp-container-core-columns-is-layout-28f84493 wp-block-columns-is-layout-flex\">\n<div class=\"wp-block-column is-layout-flow wp-block-column-is-layout-flow\">\n<figure class=\"wp-block-image size-full has-custom-border is-style-rounded\" style=\"margin-top:var(--wp--preset--spacing--none);margin-bottom:var(--wp--preset--spacing--none)\"><img loading=\"lazy\" decoding=\"async\" width=\"1024\" height=\"692\" src=\"https:\/\/www.cos-sco.ca\/wp-content\/uploads\/2025\/11\/Postcards_cover_4-1024x692-2.png\" alt=\"\" class=\"wp-image-14896\" style=\"border-style:none;border-width:0px;border-radius:0px\" srcset=\"https:\/\/www.cos-sco.ca\/wp-content\/uploads\/2025\/11\/Postcards_cover_4-1024x692-2.png 1024w, https:\/\/www.cos-sco.ca\/wp-content\/uploads\/2025\/11\/Postcards_cover_4-1024x692-2-300x203.png 300w, https:\/\/www.cos-sco.ca\/wp-content\/uploads\/2025\/11\/Postcards_cover_4-1024x692-2-768x519.png 768w\" sizes=\"auto, (max-width: 1024px) 100vw, 1024px\" \/><\/figure>\n\n\n\n<p class=\"has-text-align-center\">Vos yeux peuvent attraper des coups de soleil<\/p>\n\n\n\n<p class=\"has-text-align-center\"><a href=\"https:\/\/www.cos-sco.ca\/wp-content\/uploads\/2025\/12\/FR_Vos-yeux-peuvent-attraper-des-coups-de-soleil.zip\">Zip file<\/a><\/p>\n<\/div>\n\n\n\n<div class=\"wp-block-column is-layout-flow wp-block-column-is-layout-flow\">\n<figure class=\"wp-block-image size-full is-style-default\"><img loading=\"lazy\" decoding=\"async\" width=\"1024\" height=\"691\" src=\"https:\/\/www.cos-sco.ca\/wp-content\/uploads\/2025\/11\/Postcards_cover_3-1024x691-2.png\" alt=\"\" class=\"wp-image-14898\" srcset=\"https:\/\/www.cos-sco.ca\/wp-content\/uploads\/2025\/11\/Postcards_cover_3-1024x691-2.png 1024w, https:\/\/www.cos-sco.ca\/wp-content\/uploads\/2025\/11\/Postcards_cover_3-1024x691-2-300x202.png 300w, https:\/\/www.cos-sco.ca\/wp-content\/uploads\/2025\/11\/Postcards_cover_3-1024x691-2-768x518.png 768w\" sizes=\"auto, (max-width: 1024px) 100vw, 1024px\" \/><\/figure>\n\n\n\n<p class=\"has-text-align-center\">L\u2019ommatophobie est la peur des yeux<\/p>\n\n\n\n<p class=\"has-text-align-center\"><a href=\"https:\/\/www.cos-sco.ca\/wp-content\/uploads\/2025\/12\/FR_Lommatophobie-est-la-peur-des-yeux.zip\">Zip file<\/a><\/p>\n<\/div>\n\n\n\n<div class=\"wp-block-column is-layout-flow wp-block-column-is-layout-flow\">\n<figure class=\"wp-block-image size-full is-style-default\"><img loading=\"lazy\" decoding=\"async\" width=\"1024\" height=\"692\" src=\"https:\/\/www.cos-sco.ca\/wp-content\/uploads\/2025\/11\/Postcards_cover_5-1024x692-2.png\" alt=\"\" class=\"wp-image-14900\" srcset=\"https:\/\/www.cos-sco.ca\/wp-content\/uploads\/2025\/11\/Postcards_cover_5-1024x692-2.png 1024w, https:\/\/www.cos-sco.ca\/wp-content\/uploads\/2025\/11\/Postcards_cover_5-1024x692-2-300x203.png 300w, https:\/\/www.cos-sco.ca\/wp-content\/uploads\/2025\/11\/Postcards_cover_5-1024x692-2-768x519.png 768w\" sizes=\"auto, (max-width: 1024px) 100vw, 1024px\" \/><\/figure>\n\n\n\n<p class=\"has-text-align-center\">Seul 1\/6 du globe oculaire est visible<\/p>\n\n\n\n<p class=\"has-text-align-center\"><a href=\"https:\/\/www.cos-sco.ca\/wp-content\/uploads\/2025\/11\/EN_Only-1.6-of-your-eyeball-is-visible.zip\"><\/a><a href=\"https:\/\/www.cos-sco.ca\/wp-content\/uploads\/2025\/12\/FR_Seul-1.6-du-globe-oculaire-est-visible.zip\">Zip file<\/a><\/p>\n<\/div>\n\n\n\n<div class=\"wp-block-column is-layout-flow wp-block-column-is-layout-flow\">\n<figure class=\"wp-block-image size-full is-style-default\"><img loading=\"lazy\" decoding=\"async\" width=\"1024\" height=\"692\" src=\"https:\/\/www.cos-sco.ca\/wp-content\/uploads\/2025\/11\/Postcards_cover_2-1024x692-2.png\" alt=\"\" class=\"wp-image-14902\" srcset=\"https:\/\/www.cos-sco.ca\/wp-content\/uploads\/2025\/11\/Postcards_cover_2-1024x692-2.png 1024w, https:\/\/www.cos-sco.ca\/wp-content\/uploads\/2025\/11\/Postcards_cover_2-1024x692-2-300x203.png 300w, https:\/\/www.cos-sco.ca\/wp-content\/uploads\/2025\/11\/Postcards_cover_2-1024x692-2-768x519.png 768w\" sizes=\"auto, (max-width: 1024px) 100vw, 1024px\" \/><\/figure>\n\n\n\n<p class=\"has-text-align-center\">Nous clignons des yeux environ 15 \u00e0 20 fois par minute<\/p>\n\n\n\n<p class=\"has-text-align-center\"><a href=\"https:\/\/www.cos-sco.ca\/wp-content\/uploads\/2025\/11\/EN_You-blink-about-15-20-times-in-a-minute.zip\"><\/a><a href=\"https:\/\/www.cos-sco.ca\/wp-content\/uploads\/2025\/12\/FR_Nous-clignons-des-yeux-environ-15-a-20-fois-par-minute.zip\">Zip file<\/a><\/p>\n<\/div>\n<\/div>\n\n\n\n<div class=\"wp-block-columns is-layout-flex wp-container-core-columns-is-layout-28f84493 wp-block-columns-is-layout-flex\">\n<div class=\"wp-block-column is-layout-flow wp-block-column-is-layout-flow\">\n<figure class=\"wp-block-image size-full has-custom-border is-style-rounded\" style=\"margin-top:var(--wp--preset--spacing--sm);margin-bottom:0\"><img loading=\"lazy\" decoding=\"async\" width=\"1024\" height=\"692\" src=\"https:\/\/www.cos-sco.ca\/wp-content\/uploads\/2025\/11\/Postcards_resized-1024x692-2.png\" alt=\"\" class=\"wp-image-14904\" style=\"border-style:none;border-width:0px;border-radius:0px\" srcset=\"https:\/\/www.cos-sco.ca\/wp-content\/uploads\/2025\/11\/Postcards_resized-1024x692-2.png 1024w, https:\/\/www.cos-sco.ca\/wp-content\/uploads\/2025\/11\/Postcards_resized-1024x692-2-300x203.png 300w, https:\/\/www.cos-sco.ca\/wp-content\/uploads\/2025\/11\/Postcards_resized-1024x692-2-768x519.png 768w\" sizes=\"auto, (max-width: 1024px) 100vw, 1024px\" \/><\/figure>\n\n\n\n<p class=\"has-text-align-center\">Tous les b\u00e9b\u00e9s sont daltoniens \u00e0 l naissance<\/p>\n\n\n\n<p class=\"has-text-align-center\"><a href=\"https:\/\/www.cos-sco.ca\/wp-content\/uploads\/2025\/11\/EN_All-babies-are-colour-blind-at-birth.zip\"><\/a><a href=\"https:\/\/www.cos-sco.ca\/wp-content\/uploads\/2025\/12\/FR_Tous-les-bebes-sont-daltoniens-a-l-naissance.zip\">Zip file<\/a><\/p>\n<\/div>\n\n\n\n<div class=\"wp-block-column is-layout-flow wp-block-column-is-layout-flow\">\n<figure class=\"wp-block-image size-full is-style-default\" style=\"margin-top:var(--wp--preset--spacing--sm)\"><img loading=\"lazy\" decoding=\"async\" width=\"1024\" height=\"691\" src=\"https:\/\/www.cos-sco.ca\/wp-content\/uploads\/2025\/11\/Postcards_cover_1-1024x691-2.png\" alt=\"\" class=\"wp-image-14906\" srcset=\"https:\/\/www.cos-sco.ca\/wp-content\/uploads\/2025\/11\/Postcards_cover_1-1024x691-2.png 1024w, https:\/\/www.cos-sco.ca\/wp-content\/uploads\/2025\/11\/Postcards_cover_1-1024x691-2-300x202.png 300w, https:\/\/www.cos-sco.ca\/wp-content\/uploads\/2025\/11\/Postcards_cover_1-1024x691-2-768x518.png 768w\" sizes=\"auto, (max-width: 1024px) 100vw, 1024px\" \/><\/figure>\n\n\n\n<p class=\"has-text-align-center\">80 % de notre apprentissage se fait par les yeux<\/p>\n\n\n\n<p class=\"has-text-align-center\"><a href=\"https:\/\/www.cos-sco.ca\/wp-content\/uploads\/2025\/11\/EN_80-of-all-learning-comes-through-the-eyes.zip\"><\/a><a href=\"https:\/\/www.cos-sco.ca\/wp-content\/uploads\/2025\/12\/FR_80-de-notre-apprentissage-se-fait-par-les-yeux.zip\">Zip file<\/a><\/p>\n<\/div>\n\n\n\n<div class=\"wp-block-column is-layout-flow wp-block-column-is-layout-flow\">\n<p class=\"has-text-align-center\"><\/p>\n<\/div>\n\n\n\n<div class=\"wp-block-column is-layout-flow wp-block-column-is-layout-flow\">\n<p class=\"has-text-align-center\"><\/p>\n<\/div>\n<\/div>\n","protected":false},"excerpt":{"rendered":"<p>Amusantes et \u00e9ducatives, ces affiches et cartes postales fournissent aux m\u00e9decins et aux patients des renseignements int\u00e9ressants sur la sant\u00e9 oculaire. Vous n\u2019avez qu\u2019\u00e0 cliquer pour les t\u00e9l\u00e9charger et les imprimer sur demande. Acc\u00e9dez \u00e0 d\u2019autres ressources, y compris des jeux-questionnaires, des tests et une rubrique \u00ab\u2009Demander aux experts\u2009\u00bb sur le site\u00a0voirlespossibilites.ca. Posters L\u2019ommatophobie est [&hellip;]<\/p>\n","protected":false},"author":5,"featured_media":0,"parent":15377,"menu_order":0,"comment_status":"closed","ping_status":"closed","template":"","meta":{"footnotes":""},"class_list":["post-16195","page","type-page","status-publish","hentry"],"yoast_head":"<!-- This site is optimized with the Yoast SEO plugin v27.5 - https:\/\/yoast.com\/product\/yoast-seo-wordpress\/ -->\n<title>Ressources cliniques - COS-SCO<\/title>\n<meta name=\"robots\" content=\"index, follow, max-snippet:-1, max-image-preview:large, max-video-preview:-1\" \/>\n<link rel=\"canonical\" href=\"https:\/\/www.cos-sco.ca\/fr\/education-and-resourcesxx\/clinic-resources\/\" \/>\n<meta property=\"og:locale\" content=\"fr_FR\" \/>\n<meta property=\"og:type\" content=\"article\" \/>\n<meta property=\"og:title\" content=\"Ressources cliniques - COS-SCO\" \/>\n<meta property=\"og:description\" content=\"Amusantes et \u00e9ducatives, ces affiches et cartes postales fournissent aux m\u00e9decins et aux patients des renseignements int\u00e9ressants sur la sant\u00e9 oculaire. Vous n\u2019avez qu\u2019\u00e0 cliquer pour les t\u00e9l\u00e9charger et les imprimer sur demande. Acc\u00e9dez \u00e0 d\u2019autres ressources, y compris des jeux-questionnaires, des tests et une rubrique \u00ab\u2009Demander aux experts\u2009\u00bb sur le site\u00a0voirlespossibilites.ca. Posters L\u2019ommatophobie est [&hellip;]\" \/>\n<meta property=\"og:url\" content=\"https:\/\/www.cos-sco.ca\/fr\/education-and-resourcesxx\/clinic-resources\/\" \/>\n<meta property=\"og:site_name\" content=\"COS-SCO\" \/>\n<meta property=\"article:modified_time\" content=\"2025-12-15T14:46:33+00:00\" \/>\n<meta property=\"og:image\" content=\"https:\/\/www.cos-sco.ca\/wp-content\/uploads\/2025\/10\/impact-bg-1024x702.png\" \/>\n<meta name=\"twitter:card\" content=\"summary_large_image\" \/>\n<meta name=\"twitter:label1\" content=\"Dur\u00e9e de lecture estim\u00e9e\" \/>\n\t<meta name=\"twitter:data1\" content=\"3 minutes\" \/>\n<script type=\"application\/ld+json\" class=\"yoast-schema-graph\">{\"@context\":\"https:\\\/\\\/schema.org\",\"@graph\":[{\"@type\":\"WebPage\",\"@id\":\"https:\\\/\\\/www.cos-sco.ca\\\/fr\\\/education-and-resourcesxx\\\/clinic-resources\\\/\",\"url\":\"https:\\\/\\\/www.cos-sco.ca\\\/fr\\\/education-and-resourcesxx\\\/clinic-resources\\\/\",\"name\":\"Ressources cliniques - COS-SCO\",\"isPartOf\":{\"@id\":\"https:\\\/\\\/www.cos-sco.ca\\\/fr\\\/#website\"},\"primaryImageOfPage\":{\"@id\":\"https:\\\/\\\/www.cos-sco.ca\\\/fr\\\/education-and-resourcesxx\\\/clinic-resources\\\/#primaryimage\"},\"image\":{\"@id\":\"https:\\\/\\\/www.cos-sco.ca\\\/fr\\\/education-and-resourcesxx\\\/clinic-resources\\\/#primaryimage\"},\"thumbnailUrl\":\"https:\\\/\\\/www.cos-sco.ca\\\/wp-content\\\/uploads\\\/2025\\\/10\\\/impact-bg-1024x702.png\",\"datePublished\":\"2025-11-17T21:23:39+00:00\",\"dateModified\":\"2025-12-15T14:46:33+00:00\",\"breadcrumb\":{\"@id\":\"https:\\\/\\\/www.cos-sco.ca\\\/fr\\\/education-and-resourcesxx\\\/clinic-resources\\\/#breadcrumb\"},\"inLanguage\":\"fr-FR\",\"potentialAction\":[{\"@type\":\"ReadAction\",\"target\":[\"https:\\\/\\\/www.cos-sco.ca\\\/fr\\\/education-and-resourcesxx\\\/clinic-resources\\\/\"]}]},{\"@type\":\"ImageObject\",\"inLanguage\":\"fr-FR\",\"@id\":\"https:\\\/\\\/www.cos-sco.ca\\\/fr\\\/education-and-resourcesxx\\\/clinic-resources\\\/#primaryimage\",\"url\":\"https:\\\/\\\/www.cos-sco.ca\\\/wp-content\\\/uploads\\\/2025\\\/10\\\/impact-bg-1024x702.png\",\"contentUrl\":\"https:\\\/\\\/www.cos-sco.ca\\\/wp-content\\\/uploads\\\/2025\\\/10\\\/impact-bg-1024x702.png\"},{\"@type\":\"BreadcrumbList\",\"@id\":\"https:\\\/\\\/www.cos-sco.ca\\\/fr\\\/education-and-resourcesxx\\\/clinic-resources\\\/#breadcrumb\",\"itemListElement\":[{\"@type\":\"ListItem\",\"position\":1,\"name\":\"Home\",\"item\":\"https:\\\/\\\/www.cos-sco.ca\\\/fr\\\/\"},{\"@type\":\"ListItem\",\"position\":2,\"name\":\"Ressources cliniques\"}]},{\"@type\":\"WebSite\",\"@id\":\"https:\\\/\\\/www.cos-sco.ca\\\/fr\\\/#website\",\"url\":\"https:\\\/\\\/www.cos-sco.ca\\\/fr\\\/\",\"name\":\"COS-SCO\",\"description\":\"\",\"publisher\":{\"@id\":\"https:\\\/\\\/www.cos-sco.ca\\\/fr\\\/#organization\"},\"potentialAction\":[{\"@type\":\"SearchAction\",\"target\":{\"@type\":\"EntryPoint\",\"urlTemplate\":\"https:\\\/\\\/www.cos-sco.ca\\\/fr\\\/?s={search_term_string}\"},\"query-input\":{\"@type\":\"PropertyValueSpecification\",\"valueRequired\":true,\"valueName\":\"search_term_string\"}}],\"inLanguage\":\"fr-FR\"},{\"@type\":\"Organization\",\"@id\":\"https:\\\/\\\/www.cos-sco.ca\\\/fr\\\/#organization\",\"name\":\"COS-SCO\",\"url\":\"https:\\\/\\\/www.cos-sco.ca\\\/fr\\\/\",\"logo\":{\"@type\":\"ImageObject\",\"inLanguage\":\"fr-FR\",\"@id\":\"https:\\\/\\\/www.cos-sco.ca\\\/fr\\\/#\\\/schema\\\/logo\\\/image\\\/\",\"url\":\"https:\\\/\\\/www.cos-sco.ca\\\/wp-content\\\/uploads\\\/2025\\\/10\\\/logo.png\",\"contentUrl\":\"https:\\\/\\\/www.cos-sco.ca\\\/wp-content\\\/uploads\\\/2025\\\/10\\\/logo.png\",\"width\":316,\"height\":180,\"caption\":\"COS-SCO\"},\"image\":{\"@id\":\"https:\\\/\\\/www.cos-sco.ca\\\/fr\\\/#\\\/schema\\\/logo\\\/image\\\/\"}}]}<\/script>\n<!-- \/ Yoast SEO plugin. -->","yoast_head_json":{"title":"Ressources cliniques - COS-SCO","robots":{"index":"index","follow":"follow","max-snippet":"max-snippet:-1","max-image-preview":"max-image-preview:large","max-video-preview":"max-video-preview:-1"},"canonical":"https:\/\/www.cos-sco.ca\/fr\/education-and-resourcesxx\/clinic-resources\/","og_locale":"fr_FR","og_type":"article","og_title":"Ressources cliniques - COS-SCO","og_description":"Amusantes et \u00e9ducatives, ces affiches et cartes postales fournissent aux m\u00e9decins et aux patients des renseignements int\u00e9ressants sur la sant\u00e9 oculaire. Vous n\u2019avez qu\u2019\u00e0 cliquer pour les t\u00e9l\u00e9charger et les imprimer sur demande. Acc\u00e9dez \u00e0 d\u2019autres ressources, y compris des jeux-questionnaires, des tests et une rubrique \u00ab\u2009Demander aux experts\u2009\u00bb sur le site\u00a0voirlespossibilites.ca. Posters L\u2019ommatophobie est [&hellip;]","og_url":"https:\/\/www.cos-sco.ca\/fr\/education-and-resourcesxx\/clinic-resources\/","og_site_name":"COS-SCO","article_modified_time":"2025-12-15T14:46:33+00:00","og_image":[{"url":"https:\/\/www.cos-sco.ca\/wp-content\/uploads\/2025\/10\/impact-bg-1024x702.png","type":"","width":"","height":""}],"twitter_card":"summary_large_image","twitter_misc":{"Dur\u00e9e de lecture estim\u00e9e":"3 minutes"},"schema":{"@context":"https:\/\/schema.org","@graph":[{"@type":"WebPage","@id":"https:\/\/www.cos-sco.ca\/fr\/education-and-resourcesxx\/clinic-resources\/","url":"https:\/\/www.cos-sco.ca\/fr\/education-and-resourcesxx\/clinic-resources\/","name":"Ressources cliniques - COS-SCO","isPartOf":{"@id":"https:\/\/www.cos-sco.ca\/fr\/#website"},"primaryImageOfPage":{"@id":"https:\/\/www.cos-sco.ca\/fr\/education-and-resourcesxx\/clinic-resources\/#primaryimage"},"image":{"@id":"https:\/\/www.cos-sco.ca\/fr\/education-and-resourcesxx\/clinic-resources\/#primaryimage"},"thumbnailUrl":"https:\/\/www.cos-sco.ca\/wp-content\/uploads\/2025\/10\/impact-bg-1024x702.png","datePublished":"2025-11-17T21:23:39+00:00","dateModified":"2025-12-15T14:46:33+00:00","breadcrumb":{"@id":"https:\/\/www.cos-sco.ca\/fr\/education-and-resourcesxx\/clinic-resources\/#breadcrumb"},"inLanguage":"fr-FR","potentialAction":[{"@type":"ReadAction","target":["https:\/\/www.cos-sco.ca\/fr\/education-and-resourcesxx\/clinic-resources\/"]}]},{"@type":"ImageObject","inLanguage":"fr-FR","@id":"https:\/\/www.cos-sco.ca\/fr\/education-and-resourcesxx\/clinic-resources\/#primaryimage","url":"https:\/\/www.cos-sco.ca\/wp-content\/uploads\/2025\/10\/impact-bg-1024x702.png","contentUrl":"https:\/\/www.cos-sco.ca\/wp-content\/uploads\/2025\/10\/impact-bg-1024x702.png"},{"@type":"BreadcrumbList","@id":"https:\/\/www.cos-sco.ca\/fr\/education-and-resourcesxx\/clinic-resources\/#breadcrumb","itemListElement":[{"@type":"ListItem","position":1,"name":"Home","item":"https:\/\/www.cos-sco.ca\/fr\/"},{"@type":"ListItem","position":2,"name":"Ressources cliniques"}]},{"@type":"WebSite","@id":"https:\/\/www.cos-sco.ca\/fr\/#website","url":"https:\/\/www.cos-sco.ca\/fr\/","name":"COS-SCO","description":"","publisher":{"@id":"https:\/\/www.cos-sco.ca\/fr\/#organization"},"potentialAction":[{"@type":"SearchAction","target":{"@type":"EntryPoint","urlTemplate":"https:\/\/www.cos-sco.ca\/fr\/?s={search_term_string}"},"query-input":{"@type":"PropertyValueSpecification","valueRequired":true,"valueName":"search_term_string"}}],"inLanguage":"fr-FR"},{"@type":"Organization","@id":"https:\/\/www.cos-sco.ca\/fr\/#organization","name":"COS-SCO","url":"https:\/\/www.cos-sco.ca\/fr\/","logo":{"@type":"ImageObject","inLanguage":"fr-FR","@id":"https:\/\/www.cos-sco.ca\/fr\/#\/schema\/logo\/image\/","url":"https:\/\/www.cos-sco.ca\/wp-content\/uploads\/2025\/10\/logo.png","contentUrl":"https:\/\/www.cos-sco.ca\/wp-content\/uploads\/2025\/10\/logo.png","width":316,"height":180,"caption":"COS-SCO"},"image":{"@id":"https:\/\/www.cos-sco.ca\/fr\/#\/schema\/logo\/image\/"}}]}},"_links":{"self":[{"href":"https:\/\/www.cos-sco.ca\/fr\/wp-json\/wp\/v2\/pages\/16195","targetHints":{"allow":["GET"]}}],"collection":[{"href":"https:\/\/www.cos-sco.ca\/fr\/wp-json\/wp\/v2\/pages"}],"about":[{"href":"https:\/\/www.cos-sco.ca\/fr\/wp-json\/wp\/v2\/types\/page"}],"author":[{"embeddable":true,"href":"https:\/\/www.cos-sco.ca\/fr\/wp-json\/wp\/v2\/users\/5"}],"replies":[{"embeddable":true,"href":"https:\/\/www.cos-sco.ca\/fr\/wp-json\/wp\/v2\/comments?post=16195"}],"version-history":[{"count":10,"href":"https:\/\/www.cos-sco.ca\/fr\/wp-json\/wp\/v2\/pages\/16195\/revisions"}],"predecessor-version":[{"id":16242,"href":"https:\/\/www.cos-sco.ca\/fr\/wp-json\/wp\/v2\/pages\/16195\/revisions\/16242"}],"up":[{"embeddable":true,"href":"https:\/\/www.cos-sco.ca\/fr\/wp-json\/wp\/v2\/pages\/15377"}],"wp:attachment":[{"href":"https:\/\/www.cos-sco.ca\/fr\/wp-json\/wp\/v2\/media?parent=16195"}],"curies":[{"name":"wp","href":"https:\/\/api.w.org\/{rel}","templated":true}]}}