{"id":16186,"date":"2025-12-12T15:40:03","date_gmt":"2025-12-12T20:40:03","guid":{"rendered":"https:\/\/www.cos-sco.ca\/about-us\/cos-foundation\/honour-a-mentor\/our-mentors\/"},"modified":"2025-12-12T15:45:52","modified_gmt":"2025-12-12T20:45:52","slug":"our-mentors","status":"publish","type":"page","link":"https:\/\/www.cos-sco.ca\/fr\/about-us\/cos-foundation\/honour-a-mentor\/our-mentors\/","title":{"rendered":"Nos mentors"},"content":{"rendered":"\n<div class=\"wp-block-cover alignfull\" style=\"min-height:343px;aspect-ratio:unset;\"><img loading=\"lazy\" decoding=\"async\" width=\"1024\" height=\"702\" class=\"wp-block-cover__image-background wp-image-208 size-large\" alt=\"\" src=\"https:\/\/www.cos-sco.ca\/wp-content\/uploads\/2025\/10\/impact-bg-1024x702.png\" data-object-fit=\"cover\" srcset=\"https:\/\/www.cos-sco.ca\/wp-content\/uploads\/2025\/10\/impact-bg-1024x702.png 1024w, https:\/\/www.cos-sco.ca\/wp-content\/uploads\/2025\/10\/impact-bg-300x206.png 300w, https:\/\/www.cos-sco.ca\/wp-content\/uploads\/2025\/10\/impact-bg-768x526.png 768w, https:\/\/www.cos-sco.ca\/wp-content\/uploads\/2025\/10\/impact-bg-1536x1052.png 1536w, https:\/\/www.cos-sco.ca\/wp-content\/uploads\/2025\/10\/impact-bg-2048x1403.png 2048w\" sizes=\"auto, (max-width: 1024px) 100vw, 1024px\" \/><span aria-hidden=\"true\" class=\"wp-block-cover__background has-background-dim\" style=\"background-color:#3f4460\"><\/span><div class=\"wp-block-cover__inner-container is-layout-constrained wp-block-cover-is-layout-constrained\">\n<h1 class=\"wp-block-heading has-text-align-center\">Nos mentors<\/h1>\n<\/div><\/div>\n\n\n<div class=\"yoast-breadcrumbs\"><span><span><a href=\"https:\/\/www.cos-sco.ca\/fr\/\">Home<\/a><\/span> \/ <span class=\"breadcrumb_last\" aria-current=\"page\">Nos mentors<\/span><\/span><\/div>\n\n\n<p style=\"padding-bottom:var(--wp--preset--spacing--md)\">Ici, nous c\u00e9l\u00e9brons l\u2019impact consid\u00e9rable que des mentors ont eu sur notre carri\u00e8re, notre profession et notre vie personnelle.\u00a0Joignez-vous \u00e0 nous pour les honorer tout en soutenant la mission essentielle de la Fondation de la SCO. <br><\/p>\n\n\n\n<blockquote class=\"wp-block-quote is-style-plain has-white-color has-blue-2-background-color has-text-color has-background has-link-color wp-elements-088c3351a6d8963d1d80854d56233b3e is-layout-flow wp-block-quote-is-layout-flow\" style=\"border-radius:20px;padding-top:var(--wp--preset--spacing--md);padding-right:var(--wp--preset--spacing--sm);padding-bottom:var(--wp--preset--spacing--md);padding-left:var(--wp--preset--spacing--sm)\">\n<figure class=\"wp-block-image aligncenter size-full is-style-rounded\" style=\"margin-top:0;margin-bottom:var(--wp--preset--spacing--md)\"><img loading=\"lazy\" decoding=\"async\" width=\"150\" height=\"150\" src=\"https:\/\/www.cos-sco.ca\/wp-content\/uploads\/2025\/12\/Patricia-Laughrea-150x150-1.jpg\" alt=\"\" class=\"wp-image-16167\"\/><\/figure>\n\n\n\n<div class=\"wp-block-group is-layout-constrained wp-container-core-group-is-layout-6cf37c47 wp-block-group-is-layout-constrained\" style=\"padding-top:var(--wp--preset--spacing--none);padding-bottom:var(--wp--preset--spacing--none)\">\n<h3 class=\"wp-block-heading has-text-align-center\">D<sup>re<\/sup>&nbsp;Patricia Laughrea<\/h3>\n\n\n\n<p class=\"has-text-align-center\">Candidature propos\u00e9e par : D<sup>re<\/sup>&nbsp;Houfar Sekhavat, membre de la SCO<\/p>\n\n\n\n<p>J\u2019ai l\u2019honneur de proposer la candidature de la D<sup>re<\/sup>&nbsp;Laughrea pour un mentorat honoraire, une reconnaissance qu\u2019elle m\u00e9rite ind\u00e9niablement. La D<sup>re<\/sup>&nbsp;Laughrea, qui \u00e9tait ma directrice de programme durant le temps que j\u2019ai pass\u00e9 \u00e0 Qu\u00e9bec, a laiss\u00e9 une marque ind\u00e9l\u00e9bile sur moi et sur d\u2019innombrables autres personnes. Son d\u00e9vouement envers l\u2019enseignement et son exp\u00e9rience exceptionnelle, y compris des stages de recherche dans des \u00e9tablissements prestigieux comme Harvard, ont transform\u00e9 notre programme en un programme qui rivalise avec n\u2019importe quel autre dans le monde.<\/p>\n\n\n\n<p>L\u2019une des qualit\u00e9s remarquables de la D<sup>re<\/sup>&nbsp;Laughrea en tant que mentor est son engagement ind\u00e9fectible envers le bien-\u00eatre des patients. Elle nous a tous inculqu\u00e9 l\u2019importance de placer la sant\u00e9 et les soins de nos patients avant toute autre chose. Son d\u00e9vouement envers ce principe a servi de fil conducteur tout au long de notre formation et continue d\u2019influencer notre pratique aujourd\u2019hui.<\/p>\n\n\n\n<p>La D<sup>re<\/sup>&nbsp;Laughrea \u00e9tait reconnue pour \u00eatre une mentore exigeante, mais sa rigidit\u00e9 \u00e9tait toujours temp\u00e9r\u00e9e par l\u2019\u00e9quit\u00e9. Elle nous poussait \u00e0 exceller, \u00e0 viser la perfection et \u00e0 ne jamais faire de compromis sur la qualit\u00e9 des soins offerts. Son approche m\u00e9ticuleuse, souvent qualifi\u00e9e de \u00ab TOC \u00bb, t\u00e9moignait de son d\u00e9vouement \u00e0 faire les choses correctement. Et la plupart du temps, elle avait raison. Ses normes \u00e9lev\u00e9es \u00e9tablissaient une r\u00e9f\u00e9rence d\u2019excellence que nous aspirions tous \u00e0 atteindre.<\/p>\n\n\n\n<p>Au-del\u00e0 de son d\u00e9vouement envers l\u2019ophtalmologie, la D<sup>re<\/sup>&nbsp;Laughrea a eu un profond impact sur les valeurs \u00e9thiques qui nous sont ch\u00e8res. Elle nous a enseign\u00e9 que les soins aux patients transcendent les origines ethniques et les croyances, et a insist\u00e9 sur l\u2019importance de l\u2019empathie et du respect envers chaque personne qui franchit nos portes. Non seulement la D<sup>re<\/sup>&nbsp;Laughrea pr\u00eachait ces valeurs, mais elle les mettait \u00e9galement en pratique dans chaque interaction, donnant ainsi l\u2019exemple que nous continuons de suivre.<\/p>\n\n\n\n<p>Son engagement envers ses \u00e9tudiants et r\u00e9sidents \u00e9tait ind\u00e9fectible. La D<sup>re<\/sup>&nbsp;Laughrea \u00e9tait reconnue pour ne pas compter ses heures, et elle faisait tout en son pouvoir pour s\u2019assurer que nous recevions la meilleure \u00e9ducation et la meilleure formation possible. Ses efforts inlassables et son \u00e9l\u00e9vation morale ont eu un effet d\u2019entra\u00eenement, et ont eu un impact sur l\u2019ensemble du d\u00e9partement pour les g\u00e9n\u00e9rations \u00e0 venir.<\/p>\n\n\n\n<p class=\"has-text-align-left\">En conclusion, la D<sup>re<\/sup>&nbsp;Laughrea est l\u2019exemple m\u00eame d\u2019une ophtalmologiste qui non seulement excelle dans son domaine, mais qui adh\u00e8re \u00e9galement aux normes \u00e9thiques les plus \u00e9lev\u00e9es. Son d\u00e9vouement envers l\u2019enseignement, son engagement envers les soins aux patients et son influence sur le d\u00e9partement ont laiss\u00e9 une marque ind\u00e9l\u00e9bile sur tous ceux qui ont eu le privil\u00e8ge d\u2019apprendre aupr\u00e8s d\u2019elle. La D<sup>re<\/sup>&nbsp;Laughrea m\u00e9rite amplement un mentorat honorifique, car son h\u00e9ritage continuera de fa\u00e7onner l\u2019exercice de l\u2019ophtalmologie et la vie de ceux qu\u2019elle a touch\u00e9s.<\/p>\n<\/div>\n<\/blockquote>\n\n\n\n<blockquote class=\"wp-block-quote is-style-plain has-white-color has-blue-2-background-color has-text-color has-background has-link-color wp-elements-001fcce6cdd0ecfc0796606a2553f381 is-layout-flow wp-block-quote-is-layout-flow\" style=\"border-radius:20px;padding-top:var(--wp--preset--spacing--md);padding-right:var(--wp--preset--spacing--sm);padding-bottom:var(--wp--preset--spacing--md);padding-left:var(--wp--preset--spacing--sm)\">\n<figure class=\"wp-block-image aligncenter size-full is-style-rounded\" style=\"margin-bottom:var(--wp--preset--spacing--md)\"><img loading=\"lazy\" decoding=\"async\" width=\"150\" height=\"150\" src=\"https:\/\/www.cos-sco.ca\/wp-content\/uploads\/2025\/12\/ray-leblanc-2019-150x150-1.jpg\" alt=\"\" class=\"wp-image-16169\"\/><\/figure>\n\n\n\n<div class=\"wp-block-group is-layout-constrained wp-container-core-group-is-layout-6cf37c47 wp-block-group-is-layout-constrained\" style=\"padding-top:var(--wp--preset--spacing--none);padding-bottom:var(--wp--preset--spacing--none)\">\n<h3 class=\"wp-block-heading has-text-align-center\">D<sup>r<\/sup>\u00a0Raymond LeBlanc<\/h3>\n\n\n\n<p class=\"has-text-align-center\">Candidature propos\u00e9e par : D<sup>r<\/sup>\u00a0Colin Mann, ancien pr\u00e9sident de la SCO, Nouvelle-\u00c9cosse<\/p>\n\n\n\n<p class=\"has-text-align-left\">Le D<sup>r<\/sup>\u00a0Raymond LeBlanc a eu un effet consid\u00e9rable et positif sur ma carri\u00e8re, d\u00e8s ma p\u00e9riode de r\u00e9sidence et tout au long de ma vie professionnelle. Par-dessus tout, il a \u00e9t\u00e9 un exemple \u00e0 suivre impeccable, toujours fermement ax\u00e9 sur le patient et avec un d\u00e9vouement sans faille envers l\u2019am\u00e9lioration des soins oculaires et de sant\u00e9. Il nous manquera beaucoup, mais son h\u00e9ritage en mati\u00e8re de soins aux patients perdurera gr\u00e2ce au travail qu\u2019il a accompli et aux nombreux stagiaires qu\u2019il a influenc\u00e9s. Je pense souvent \u00e0 sa signature de courriel favorite, qui disait\u00a0: \u00ab\u2009Si chaque changement ne donne pas lieu \u00e0 une am\u00e9lioration, chaque am\u00e9lioration n\u00e9cessite un changement.\u2009\u00bb Il est tout \u00e0 fait appropri\u00e9 (et cela me fait sourire) que le programme de la c\u00e9l\u00e9bration de la vie de Ray contienne un document de deux pages intitul\u00e9 \u00ab\u2009R\u00e9flexions sur les soins palliatifs\u2009\u00bb r\u00e9dig\u00e9 par Ray et qu\u2019il a voulu inclure pour plaider en faveur du soutien au programme de soins palliatifs.<\/p>\n<\/div>\n<\/blockquote>\n","protected":false},"excerpt":{"rendered":"<p>Ici, nous c\u00e9l\u00e9brons l\u2019impact consid\u00e9rable que des mentors ont eu sur notre carri\u00e8re, notre profession et notre vie personnelle.\u00a0Joignez-vous \u00e0 nous pour les honorer tout en soutenant la mission essentielle de la Fondation de la SCO.<\/p>\n","protected":false},"author":3,"featured_media":0,"parent":16162,"menu_order":0,"comment_status":"closed","ping_status":"closed","template":"","meta":{"footnotes":""},"class_list":["post-16186","page","type-page","status-publish","hentry"],"yoast_head":"<!-- This site is optimized with the Yoast SEO plugin v27.3 - https:\/\/yoast.com\/product\/yoast-seo-wordpress\/ -->\n<title>Nos mentors - COS-SCO<\/title>\n<meta name=\"robots\" content=\"index, follow, max-snippet:-1, max-image-preview:large, max-video-preview:-1\" \/>\n<link rel=\"canonical\" href=\"https:\/\/www.cos-sco.ca\/fr\/about-us\/cos-foundation\/honour-a-mentor\/our-mentors\/\" \/>\n<meta property=\"og:locale\" content=\"fr_FR\" \/>\n<meta property=\"og:type\" content=\"article\" \/>\n<meta property=\"og:title\" content=\"Nos mentors - COS-SCO\" \/>\n<meta property=\"og:description\" content=\"Ici, nous c\u00e9l\u00e9brons l\u2019impact consid\u00e9rable que des mentors ont eu sur notre carri\u00e8re, notre profession et notre vie personnelle.\u00a0Joignez-vous \u00e0 nous pour les honorer tout en soutenant la mission essentielle de la Fondation de la SCO.\" \/>\n<meta property=\"og:url\" content=\"https:\/\/www.cos-sco.ca\/fr\/about-us\/cos-foundation\/honour-a-mentor\/our-mentors\/\" \/>\n<meta property=\"og:site_name\" content=\"COS-SCO\" \/>\n<meta property=\"article:modified_time\" content=\"2025-12-12T20:45:52+00:00\" \/>\n<meta property=\"og:image\" content=\"https:\/\/www.cos-sco.ca\/wp-content\/uploads\/2025\/10\/impact-bg-1024x702.png\" \/>\n<meta name=\"twitter:card\" content=\"summary_large_image\" \/>\n<meta name=\"twitter:label1\" content=\"Dur\u00e9e de lecture estim\u00e9e\" \/>\n\t<meta name=\"twitter:data1\" content=\"1 minute\" \/>\n<script type=\"application\/ld+json\" class=\"yoast-schema-graph\">{\"@context\":\"https:\\\/\\\/schema.org\",\"@graph\":[{\"@type\":\"WebPage\",\"@id\":\"https:\\\/\\\/www.cos-sco.ca\\\/fr\\\/about-us\\\/cos-foundation\\\/honour-a-mentor\\\/our-mentors\\\/\",\"url\":\"https:\\\/\\\/www.cos-sco.ca\\\/fr\\\/about-us\\\/cos-foundation\\\/honour-a-mentor\\\/our-mentors\\\/\",\"name\":\"Nos mentors - COS-SCO\",\"isPartOf\":{\"@id\":\"https:\\\/\\\/www.cos-sco.ca\\\/fr\\\/#website\"},\"primaryImageOfPage\":{\"@id\":\"https:\\\/\\\/www.cos-sco.ca\\\/fr\\\/about-us\\\/cos-foundation\\\/honour-a-mentor\\\/our-mentors\\\/#primaryimage\"},\"image\":{\"@id\":\"https:\\\/\\\/www.cos-sco.ca\\\/fr\\\/about-us\\\/cos-foundation\\\/honour-a-mentor\\\/our-mentors\\\/#primaryimage\"},\"thumbnailUrl\":\"https:\\\/\\\/www.cos-sco.ca\\\/wp-content\\\/uploads\\\/2025\\\/10\\\/impact-bg-1024x702.png\",\"datePublished\":\"2025-12-12T20:40:03+00:00\",\"dateModified\":\"2025-12-12T20:45:52+00:00\",\"breadcrumb\":{\"@id\":\"https:\\\/\\\/www.cos-sco.ca\\\/fr\\\/about-us\\\/cos-foundation\\\/honour-a-mentor\\\/our-mentors\\\/#breadcrumb\"},\"inLanguage\":\"fr-FR\",\"potentialAction\":[{\"@type\":\"ReadAction\",\"target\":[\"https:\\\/\\\/www.cos-sco.ca\\\/fr\\\/about-us\\\/cos-foundation\\\/honour-a-mentor\\\/our-mentors\\\/\"]}]},{\"@type\":\"ImageObject\",\"inLanguage\":\"fr-FR\",\"@id\":\"https:\\\/\\\/www.cos-sco.ca\\\/fr\\\/about-us\\\/cos-foundation\\\/honour-a-mentor\\\/our-mentors\\\/#primaryimage\",\"url\":\"https:\\\/\\\/www.cos-sco.ca\\\/wp-content\\\/uploads\\\/2025\\\/10\\\/impact-bg-1024x702.png\",\"contentUrl\":\"https:\\\/\\\/www.cos-sco.ca\\\/wp-content\\\/uploads\\\/2025\\\/10\\\/impact-bg-1024x702.png\"},{\"@type\":\"BreadcrumbList\",\"@id\":\"https:\\\/\\\/www.cos-sco.ca\\\/fr\\\/about-us\\\/cos-foundation\\\/honour-a-mentor\\\/our-mentors\\\/#breadcrumb\",\"itemListElement\":[{\"@type\":\"ListItem\",\"position\":1,\"name\":\"Home\",\"item\":\"https:\\\/\\\/www.cos-sco.ca\\\/fr\\\/\"},{\"@type\":\"ListItem\",\"position\":2,\"name\":\"Nos mentors\"}]},{\"@type\":\"WebSite\",\"@id\":\"https:\\\/\\\/www.cos-sco.ca\\\/fr\\\/#website\",\"url\":\"https:\\\/\\\/www.cos-sco.ca\\\/fr\\\/\",\"name\":\"COS-SCO\",\"description\":\"\",\"publisher\":{\"@id\":\"https:\\\/\\\/www.cos-sco.ca\\\/fr\\\/#organization\"},\"potentialAction\":[{\"@type\":\"SearchAction\",\"target\":{\"@type\":\"EntryPoint\",\"urlTemplate\":\"https:\\\/\\\/www.cos-sco.ca\\\/fr\\\/?s={search_term_string}\"},\"query-input\":{\"@type\":\"PropertyValueSpecification\",\"valueRequired\":true,\"valueName\":\"search_term_string\"}}],\"inLanguage\":\"fr-FR\"},{\"@type\":\"Organization\",\"@id\":\"https:\\\/\\\/www.cos-sco.ca\\\/fr\\\/#organization\",\"name\":\"COS-SCO\",\"url\":\"https:\\\/\\\/www.cos-sco.ca\\\/fr\\\/\",\"logo\":{\"@type\":\"ImageObject\",\"inLanguage\":\"fr-FR\",\"@id\":\"https:\\\/\\\/www.cos-sco.ca\\\/fr\\\/#\\\/schema\\\/logo\\\/image\\\/\",\"url\":\"https:\\\/\\\/www.cos-sco.ca\\\/wp-content\\\/uploads\\\/2025\\\/10\\\/logo.png\",\"contentUrl\":\"https:\\\/\\\/www.cos-sco.ca\\\/wp-content\\\/uploads\\\/2025\\\/10\\\/logo.png\",\"width\":316,\"height\":180,\"caption\":\"COS-SCO\"},\"image\":{\"@id\":\"https:\\\/\\\/www.cos-sco.ca\\\/fr\\\/#\\\/schema\\\/logo\\\/image\\\/\"}}]}<\/script>\n<!-- \/ Yoast SEO plugin. -->","yoast_head_json":{"title":"Nos mentors - COS-SCO","robots":{"index":"index","follow":"follow","max-snippet":"max-snippet:-1","max-image-preview":"max-image-preview:large","max-video-preview":"max-video-preview:-1"},"canonical":"https:\/\/www.cos-sco.ca\/fr\/about-us\/cos-foundation\/honour-a-mentor\/our-mentors\/","og_locale":"fr_FR","og_type":"article","og_title":"Nos mentors - COS-SCO","og_description":"Ici, nous c\u00e9l\u00e9brons l\u2019impact consid\u00e9rable que des mentors ont eu sur notre carri\u00e8re, notre profession et notre vie personnelle.\u00a0Joignez-vous \u00e0 nous pour les honorer tout en soutenant la mission essentielle de la Fondation de la SCO.","og_url":"https:\/\/www.cos-sco.ca\/fr\/about-us\/cos-foundation\/honour-a-mentor\/our-mentors\/","og_site_name":"COS-SCO","article_modified_time":"2025-12-12T20:45:52+00:00","og_image":[{"url":"https:\/\/www.cos-sco.ca\/wp-content\/uploads\/2025\/10\/impact-bg-1024x702.png","type":"","width":"","height":""}],"twitter_card":"summary_large_image","twitter_misc":{"Dur\u00e9e de lecture estim\u00e9e":"1 minute"},"schema":{"@context":"https:\/\/schema.org","@graph":[{"@type":"WebPage","@id":"https:\/\/www.cos-sco.ca\/fr\/about-us\/cos-foundation\/honour-a-mentor\/our-mentors\/","url":"https:\/\/www.cos-sco.ca\/fr\/about-us\/cos-foundation\/honour-a-mentor\/our-mentors\/","name":"Nos mentors - COS-SCO","isPartOf":{"@id":"https:\/\/www.cos-sco.ca\/fr\/#website"},"primaryImageOfPage":{"@id":"https:\/\/www.cos-sco.ca\/fr\/about-us\/cos-foundation\/honour-a-mentor\/our-mentors\/#primaryimage"},"image":{"@id":"https:\/\/www.cos-sco.ca\/fr\/about-us\/cos-foundation\/honour-a-mentor\/our-mentors\/#primaryimage"},"thumbnailUrl":"https:\/\/www.cos-sco.ca\/wp-content\/uploads\/2025\/10\/impact-bg-1024x702.png","datePublished":"2025-12-12T20:40:03+00:00","dateModified":"2025-12-12T20:45:52+00:00","breadcrumb":{"@id":"https:\/\/www.cos-sco.ca\/fr\/about-us\/cos-foundation\/honour-a-mentor\/our-mentors\/#breadcrumb"},"inLanguage":"fr-FR","potentialAction":[{"@type":"ReadAction","target":["https:\/\/www.cos-sco.ca\/fr\/about-us\/cos-foundation\/honour-a-mentor\/our-mentors\/"]}]},{"@type":"ImageObject","inLanguage":"fr-FR","@id":"https:\/\/www.cos-sco.ca\/fr\/about-us\/cos-foundation\/honour-a-mentor\/our-mentors\/#primaryimage","url":"https:\/\/www.cos-sco.ca\/wp-content\/uploads\/2025\/10\/impact-bg-1024x702.png","contentUrl":"https:\/\/www.cos-sco.ca\/wp-content\/uploads\/2025\/10\/impact-bg-1024x702.png"},{"@type":"BreadcrumbList","@id":"https:\/\/www.cos-sco.ca\/fr\/about-us\/cos-foundation\/honour-a-mentor\/our-mentors\/#breadcrumb","itemListElement":[{"@type":"ListItem","position":1,"name":"Home","item":"https:\/\/www.cos-sco.ca\/fr\/"},{"@type":"ListItem","position":2,"name":"Nos mentors"}]},{"@type":"WebSite","@id":"https:\/\/www.cos-sco.ca\/fr\/#website","url":"https:\/\/www.cos-sco.ca\/fr\/","name":"COS-SCO","description":"","publisher":{"@id":"https:\/\/www.cos-sco.ca\/fr\/#organization"},"potentialAction":[{"@type":"SearchAction","target":{"@type":"EntryPoint","urlTemplate":"https:\/\/www.cos-sco.ca\/fr\/?s={search_term_string}"},"query-input":{"@type":"PropertyValueSpecification","valueRequired":true,"valueName":"search_term_string"}}],"inLanguage":"fr-FR"},{"@type":"Organization","@id":"https:\/\/www.cos-sco.ca\/fr\/#organization","name":"COS-SCO","url":"https:\/\/www.cos-sco.ca\/fr\/","logo":{"@type":"ImageObject","inLanguage":"fr-FR","@id":"https:\/\/www.cos-sco.ca\/fr\/#\/schema\/logo\/image\/","url":"https:\/\/www.cos-sco.ca\/wp-content\/uploads\/2025\/10\/logo.png","contentUrl":"https:\/\/www.cos-sco.ca\/wp-content\/uploads\/2025\/10\/logo.png","width":316,"height":180,"caption":"COS-SCO"},"image":{"@id":"https:\/\/www.cos-sco.ca\/fr\/#\/schema\/logo\/image\/"}}]}},"_links":{"self":[{"href":"https:\/\/www.cos-sco.ca\/fr\/wp-json\/wp\/v2\/pages\/16186","targetHints":{"allow":["GET"]}}],"collection":[{"href":"https:\/\/www.cos-sco.ca\/fr\/wp-json\/wp\/v2\/pages"}],"about":[{"href":"https:\/\/www.cos-sco.ca\/fr\/wp-json\/wp\/v2\/types\/page"}],"author":[{"embeddable":true,"href":"https:\/\/www.cos-sco.ca\/fr\/wp-json\/wp\/v2\/users\/3"}],"replies":[{"embeddable":true,"href":"https:\/\/www.cos-sco.ca\/fr\/wp-json\/wp\/v2\/comments?post=16186"}],"version-history":[{"count":3,"href":"https:\/\/www.cos-sco.ca\/fr\/wp-json\/wp\/v2\/pages\/16186\/revisions"}],"predecessor-version":[{"id":16189,"href":"https:\/\/www.cos-sco.ca\/fr\/wp-json\/wp\/v2\/pages\/16186\/revisions\/16189"}],"up":[{"embeddable":true,"href":"https:\/\/www.cos-sco.ca\/fr\/wp-json\/wp\/v2\/pages\/16162"}],"wp:attachment":[{"href":"https:\/\/www.cos-sco.ca\/fr\/wp-json\/wp\/v2\/media?parent=16186"}],"curies":[{"name":"wp","href":"https:\/\/api.w.org\/{rel}","templated":true}]}}