{"id":16125,"date":"2025-12-11T16:25:30","date_gmt":"2025-12-11T21:25:30","guid":{"rendered":"https:\/\/www.cos-sco.ca\/about-us\/board-and-councils\/sustainability-in-ophthalmology-working-group\/"},"modified":"2026-01-28T19:35:15","modified_gmt":"2026-01-29T00:35:15","slug":"sustainability-in-ophthalmology-working-group","status":"publish","type":"page","link":"https:\/\/www.cos-sco.ca\/fr\/about-us\/board-and-councils\/sustainability-in-ophthalmology-working-group\/","title":{"rendered":"Groupe de travail sur la durabilit\u00e9 en ophtalmologie"},"content":{"rendered":"\n<div class=\"wp-block-cover alignfull\" style=\"min-height:343px;aspect-ratio:unset;\"><img loading=\"lazy\" decoding=\"async\" width=\"1024\" height=\"702\" class=\"wp-block-cover__image-background wp-image-208 size-large\" alt=\"\" src=\"https:\/\/www.cos-sco.ca\/wp-content\/uploads\/2025\/10\/impact-bg-1024x702.png\" data-object-fit=\"cover\" srcset=\"https:\/\/www.cos-sco.ca\/wp-content\/uploads\/2025\/10\/impact-bg-1024x702.png 1024w, https:\/\/www.cos-sco.ca\/wp-content\/uploads\/2025\/10\/impact-bg-300x206.png 300w, https:\/\/www.cos-sco.ca\/wp-content\/uploads\/2025\/10\/impact-bg-768x526.png 768w, https:\/\/www.cos-sco.ca\/wp-content\/uploads\/2025\/10\/impact-bg-1536x1052.png 1536w, https:\/\/www.cos-sco.ca\/wp-content\/uploads\/2025\/10\/impact-bg-2048x1403.png 2048w\" sizes=\"auto, (max-width: 1024px) 100vw, 1024px\" \/><span aria-hidden=\"true\" class=\"wp-block-cover__background has-background-dim\" style=\"background-color:#3f4460\"><\/span><div class=\"wp-block-cover__inner-container is-layout-constrained wp-block-cover-is-layout-constrained\">\n<h1 class=\"wp-block-heading has-text-align-center\">Groupe de travail sur la durabilit\u00e9 en ophtalmologie<\/h1>\n<\/div><\/div>\n\n\n<div class=\"yoast-breadcrumbs\"><span><span><a href=\"https:\/\/www.cos-sco.ca\/fr\/\">Home<\/a><\/span> \/ <span class=\"breadcrumb_last\" aria-current=\"page\">Groupe de travail sur la durabilit\u00e9 en ophtalmologie<\/span><\/span><\/div>\n\n\n<p class=\"has-text-align-center\">Le Groupe de travail sur la durabilit\u00e9 en ophtalmologie se consacre \u00e0 la promotion de pratiques \u00e9coresponsables dans le domaine des soins oculaires. Il dirige l\u2019\u00e9laboration de ressources pratiques visant \u00e0 r\u00e9duire les d\u00e9chets dans les cabinets d\u2019ophtalmologie et durant les interventions chirurgicales. Ces ressources incluent des conseils et avis d\u2019experts sur la r\u00e9duction des d\u00e9chets chirurgicaux, des strat\u00e9gies permettant aux cliniques de diminuer leur impact environnemental et la cr\u00e9ation d\u2019une bo\u00eete \u00e0 outils r\u00e9volutionnaire sur la durabilit\u00e9 \u2013 la premi\u00e8re ressource du genre ax\u00e9e pr\u00e9cis\u00e9ment sur des pratiques chirurgicales durables. Gr\u00e2ce \u00e0 ces efforts, le groupe donne les moyens aux professionnels de l\u2019ophtalmologie d\u2019adopter des approches \u00e9coresponsables sans compromettre les soins aux patients.<\/p>\n\n\n\n<h2 class=\"wp-block-heading has-text-align-center\">Membres<\/h2>\n\n\n\n<div class=\"wp-block-group is-layout-constrained wp-container-core-group-is-layout-417e90ee wp-block-group-is-layout-constrained\" style=\"padding-top:var(--wp--preset--spacing--md);padding-bottom:var(--wp--preset--spacing--md)\">\n<figure class=\"wp-block-table is-style-stripes has-table-padding has-dark-table-header\"><table class=\"has-fixed-layout\"><thead><tr><th class=\"has-text-align-center\" data-align=\"center\">Nom<\/th><th class=\"has-text-align-center\" data-align=\"center\">Titre<\/th><\/tr><\/thead><tbody><tr><td class=\"has-text-align-center\" data-align=\"center\">Marie-Jos\u00e9e Aubin, MD<\/td><td class=\"has-text-align-center\" data-align=\"center\"><\/td><\/tr><tr><td class=\"has-text-align-center\" data-align=\"center\">Xavier Campos-M\u00f6ller, MD<\/td><td class=\"has-text-align-center\" data-align=\"center\"><\/td><\/tr><tr><td class=\"has-text-align-center\" data-align=\"center\">Barry Emara, MD<\/td><td class=\"has-text-align-center\" data-align=\"center\"><\/td><\/tr><tr><td class=\"has-text-align-center\" data-align=\"center\">Cody Lo, MD<\/td><td class=\"has-text-align-center\" data-align=\"center\"><\/td><\/tr><tr><td class=\"has-text-align-center\" data-align=\"center\">Colin Mann, MD<\/td><td class=\"has-text-align-center\" data-align=\"center\"><\/td><\/tr><tr><td class=\"has-text-align-center\" data-align=\"center\">Milad Modabber, MD<\/td><td class=\"has-text-align-center\" data-align=\"center\"><\/td><\/tr><tr><td class=\"has-text-align-center\" data-align=\"center\">Marie-Claude Robert, MD<\/td><td class=\"has-text-align-center\" data-align=\"center\"><\/td><\/tr><tr><td class=\"has-text-align-center\" data-align=\"center\">Mili Roy, MD<\/td><td class=\"has-text-align-center\" data-align=\"center\"><\/td><\/tr><\/tbody><\/table><\/figure>\n<\/div>\n","protected":false},"excerpt":{"rendered":"<p>Le Groupe de travail sur la durabilit\u00e9 en ophtalmologie se consacre \u00e0 la promotion de pratiques \u00e9coresponsables dans le domaine des soins oculaires. Il dirige l\u2019\u00e9laboration de ressources pratiques visant \u00e0 r\u00e9duire les d\u00e9chets dans les cabinets d\u2019ophtalmologie et durant les interventions chirurgicales. Ces ressources incluent des conseils et avis d\u2019experts sur la r\u00e9duction des [&hellip;]<\/p>\n","protected":false},"author":3,"featured_media":0,"parent":15379,"menu_order":0,"comment_status":"closed","ping_status":"closed","template":"","meta":{"footnotes":""},"class_list":["post-16125","page","type-page","status-publish","hentry"],"yoast_head":"<!-- This site is optimized with the Yoast SEO plugin v27.3 - https:\/\/yoast.com\/product\/yoast-seo-wordpress\/ -->\n<title>Groupe de travail sur la durabilit\u00e9 en ophtalmologie - COS-SCO<\/title>\n<meta name=\"robots\" content=\"index, follow, max-snippet:-1, max-image-preview:large, max-video-preview:-1\" \/>\n<link rel=\"canonical\" href=\"https:\/\/www.cos-sco.ca\/fr\/about-us\/board-and-councils\/sustainability-in-ophthalmology-working-group\/\" \/>\n<meta property=\"og:locale\" content=\"fr_FR\" \/>\n<meta property=\"og:type\" content=\"article\" \/>\n<meta property=\"og:title\" content=\"Groupe de travail sur la durabilit\u00e9 en ophtalmologie - COS-SCO\" \/>\n<meta property=\"og:description\" content=\"Le Groupe de travail sur la durabilit\u00e9 en ophtalmologie se consacre \u00e0 la promotion de pratiques \u00e9coresponsables dans le domaine des soins oculaires. Il dirige l\u2019\u00e9laboration de ressources pratiques visant \u00e0 r\u00e9duire les d\u00e9chets dans les cabinets d\u2019ophtalmologie et durant les interventions chirurgicales. Ces ressources incluent des conseils et avis d\u2019experts sur la r\u00e9duction des [&hellip;]\" \/>\n<meta property=\"og:url\" content=\"https:\/\/www.cos-sco.ca\/fr\/about-us\/board-and-councils\/sustainability-in-ophthalmology-working-group\/\" \/>\n<meta property=\"og:site_name\" content=\"COS-SCO\" \/>\n<meta property=\"article:modified_time\" content=\"2026-01-29T00:35:15+00:00\" \/>\n<meta property=\"og:image\" content=\"https:\/\/www.cos-sco.ca\/wp-content\/uploads\/2025\/10\/impact-bg-1024x702.png\" \/>\n<meta name=\"twitter:card\" content=\"summary_large_image\" \/>\n<meta name=\"twitter:label1\" content=\"Dur\u00e9e de lecture estim\u00e9e\" \/>\n\t<meta name=\"twitter:data1\" content=\"1 minute\" \/>\n<script type=\"application\/ld+json\" class=\"yoast-schema-graph\">{\"@context\":\"https:\\\/\\\/schema.org\",\"@graph\":[{\"@type\":\"WebPage\",\"@id\":\"https:\\\/\\\/www.cos-sco.ca\\\/fr\\\/about-us\\\/board-and-councils\\\/sustainability-in-ophthalmology-working-group\\\/\",\"url\":\"https:\\\/\\\/www.cos-sco.ca\\\/fr\\\/about-us\\\/board-and-councils\\\/sustainability-in-ophthalmology-working-group\\\/\",\"name\":\"Groupe de travail sur la durabilit\u00e9 en ophtalmologie - COS-SCO\",\"isPartOf\":{\"@id\":\"https:\\\/\\\/www.cos-sco.ca\\\/fr\\\/#website\"},\"primaryImageOfPage\":{\"@id\":\"https:\\\/\\\/www.cos-sco.ca\\\/fr\\\/about-us\\\/board-and-councils\\\/sustainability-in-ophthalmology-working-group\\\/#primaryimage\"},\"image\":{\"@id\":\"https:\\\/\\\/www.cos-sco.ca\\\/fr\\\/about-us\\\/board-and-councils\\\/sustainability-in-ophthalmology-working-group\\\/#primaryimage\"},\"thumbnailUrl\":\"https:\\\/\\\/www.cos-sco.ca\\\/wp-content\\\/uploads\\\/2025\\\/10\\\/impact-bg-1024x702.png\",\"datePublished\":\"2025-12-11T21:25:30+00:00\",\"dateModified\":\"2026-01-29T00:35:15+00:00\",\"breadcrumb\":{\"@id\":\"https:\\\/\\\/www.cos-sco.ca\\\/fr\\\/about-us\\\/board-and-councils\\\/sustainability-in-ophthalmology-working-group\\\/#breadcrumb\"},\"inLanguage\":\"fr-FR\",\"potentialAction\":[{\"@type\":\"ReadAction\",\"target\":[\"https:\\\/\\\/www.cos-sco.ca\\\/fr\\\/about-us\\\/board-and-councils\\\/sustainability-in-ophthalmology-working-group\\\/\"]}]},{\"@type\":\"ImageObject\",\"inLanguage\":\"fr-FR\",\"@id\":\"https:\\\/\\\/www.cos-sco.ca\\\/fr\\\/about-us\\\/board-and-councils\\\/sustainability-in-ophthalmology-working-group\\\/#primaryimage\",\"url\":\"https:\\\/\\\/www.cos-sco.ca\\\/wp-content\\\/uploads\\\/2025\\\/10\\\/impact-bg-1024x702.png\",\"contentUrl\":\"https:\\\/\\\/www.cos-sco.ca\\\/wp-content\\\/uploads\\\/2025\\\/10\\\/impact-bg-1024x702.png\"},{\"@type\":\"BreadcrumbList\",\"@id\":\"https:\\\/\\\/www.cos-sco.ca\\\/fr\\\/about-us\\\/board-and-councils\\\/sustainability-in-ophthalmology-working-group\\\/#breadcrumb\",\"itemListElement\":[{\"@type\":\"ListItem\",\"position\":1,\"name\":\"Home\",\"item\":\"https:\\\/\\\/www.cos-sco.ca\\\/fr\\\/\"},{\"@type\":\"ListItem\",\"position\":2,\"name\":\"Groupe de travail sur la durabilit\u00e9 en ophtalmologie\"}]},{\"@type\":\"WebSite\",\"@id\":\"https:\\\/\\\/www.cos-sco.ca\\\/fr\\\/#website\",\"url\":\"https:\\\/\\\/www.cos-sco.ca\\\/fr\\\/\",\"name\":\"COS-SCO\",\"description\":\"\",\"publisher\":{\"@id\":\"https:\\\/\\\/www.cos-sco.ca\\\/fr\\\/#organization\"},\"potentialAction\":[{\"@type\":\"SearchAction\",\"target\":{\"@type\":\"EntryPoint\",\"urlTemplate\":\"https:\\\/\\\/www.cos-sco.ca\\\/fr\\\/?s={search_term_string}\"},\"query-input\":{\"@type\":\"PropertyValueSpecification\",\"valueRequired\":true,\"valueName\":\"search_term_string\"}}],\"inLanguage\":\"fr-FR\"},{\"@type\":\"Organization\",\"@id\":\"https:\\\/\\\/www.cos-sco.ca\\\/fr\\\/#organization\",\"name\":\"COS-SCO\",\"url\":\"https:\\\/\\\/www.cos-sco.ca\\\/fr\\\/\",\"logo\":{\"@type\":\"ImageObject\",\"inLanguage\":\"fr-FR\",\"@id\":\"https:\\\/\\\/www.cos-sco.ca\\\/fr\\\/#\\\/schema\\\/logo\\\/image\\\/\",\"url\":\"https:\\\/\\\/www.cos-sco.ca\\\/wp-content\\\/uploads\\\/2025\\\/10\\\/logo.png\",\"contentUrl\":\"https:\\\/\\\/www.cos-sco.ca\\\/wp-content\\\/uploads\\\/2025\\\/10\\\/logo.png\",\"width\":316,\"height\":180,\"caption\":\"COS-SCO\"},\"image\":{\"@id\":\"https:\\\/\\\/www.cos-sco.ca\\\/fr\\\/#\\\/schema\\\/logo\\\/image\\\/\"}}]}<\/script>\n<!-- \/ Yoast SEO plugin. -->","yoast_head_json":{"title":"Groupe de travail sur la durabilit\u00e9 en ophtalmologie - COS-SCO","robots":{"index":"index","follow":"follow","max-snippet":"max-snippet:-1","max-image-preview":"max-image-preview:large","max-video-preview":"max-video-preview:-1"},"canonical":"https:\/\/www.cos-sco.ca\/fr\/about-us\/board-and-councils\/sustainability-in-ophthalmology-working-group\/","og_locale":"fr_FR","og_type":"article","og_title":"Groupe de travail sur la durabilit\u00e9 en ophtalmologie - COS-SCO","og_description":"Le Groupe de travail sur la durabilit\u00e9 en ophtalmologie se consacre \u00e0 la promotion de pratiques \u00e9coresponsables dans le domaine des soins oculaires. Il dirige l\u2019\u00e9laboration de ressources pratiques visant \u00e0 r\u00e9duire les d\u00e9chets dans les cabinets d\u2019ophtalmologie et durant les interventions chirurgicales. Ces ressources incluent des conseils et avis d\u2019experts sur la r\u00e9duction des [&hellip;]","og_url":"https:\/\/www.cos-sco.ca\/fr\/about-us\/board-and-councils\/sustainability-in-ophthalmology-working-group\/","og_site_name":"COS-SCO","article_modified_time":"2026-01-29T00:35:15+00:00","og_image":[{"url":"https:\/\/www.cos-sco.ca\/wp-content\/uploads\/2025\/10\/impact-bg-1024x702.png","type":"","width":"","height":""}],"twitter_card":"summary_large_image","twitter_misc":{"Dur\u00e9e de lecture estim\u00e9e":"1 minute"},"schema":{"@context":"https:\/\/schema.org","@graph":[{"@type":"WebPage","@id":"https:\/\/www.cos-sco.ca\/fr\/about-us\/board-and-councils\/sustainability-in-ophthalmology-working-group\/","url":"https:\/\/www.cos-sco.ca\/fr\/about-us\/board-and-councils\/sustainability-in-ophthalmology-working-group\/","name":"Groupe de travail sur la durabilit\u00e9 en ophtalmologie - COS-SCO","isPartOf":{"@id":"https:\/\/www.cos-sco.ca\/fr\/#website"},"primaryImageOfPage":{"@id":"https:\/\/www.cos-sco.ca\/fr\/about-us\/board-and-councils\/sustainability-in-ophthalmology-working-group\/#primaryimage"},"image":{"@id":"https:\/\/www.cos-sco.ca\/fr\/about-us\/board-and-councils\/sustainability-in-ophthalmology-working-group\/#primaryimage"},"thumbnailUrl":"https:\/\/www.cos-sco.ca\/wp-content\/uploads\/2025\/10\/impact-bg-1024x702.png","datePublished":"2025-12-11T21:25:30+00:00","dateModified":"2026-01-29T00:35:15+00:00","breadcrumb":{"@id":"https:\/\/www.cos-sco.ca\/fr\/about-us\/board-and-councils\/sustainability-in-ophthalmology-working-group\/#breadcrumb"},"inLanguage":"fr-FR","potentialAction":[{"@type":"ReadAction","target":["https:\/\/www.cos-sco.ca\/fr\/about-us\/board-and-councils\/sustainability-in-ophthalmology-working-group\/"]}]},{"@type":"ImageObject","inLanguage":"fr-FR","@id":"https:\/\/www.cos-sco.ca\/fr\/about-us\/board-and-councils\/sustainability-in-ophthalmology-working-group\/#primaryimage","url":"https:\/\/www.cos-sco.ca\/wp-content\/uploads\/2025\/10\/impact-bg-1024x702.png","contentUrl":"https:\/\/www.cos-sco.ca\/wp-content\/uploads\/2025\/10\/impact-bg-1024x702.png"},{"@type":"BreadcrumbList","@id":"https:\/\/www.cos-sco.ca\/fr\/about-us\/board-and-councils\/sustainability-in-ophthalmology-working-group\/#breadcrumb","itemListElement":[{"@type":"ListItem","position":1,"name":"Home","item":"https:\/\/www.cos-sco.ca\/fr\/"},{"@type":"ListItem","position":2,"name":"Groupe de travail sur la durabilit\u00e9 en ophtalmologie"}]},{"@type":"WebSite","@id":"https:\/\/www.cos-sco.ca\/fr\/#website","url":"https:\/\/www.cos-sco.ca\/fr\/","name":"COS-SCO","description":"","publisher":{"@id":"https:\/\/www.cos-sco.ca\/fr\/#organization"},"potentialAction":[{"@type":"SearchAction","target":{"@type":"EntryPoint","urlTemplate":"https:\/\/www.cos-sco.ca\/fr\/?s={search_term_string}"},"query-input":{"@type":"PropertyValueSpecification","valueRequired":true,"valueName":"search_term_string"}}],"inLanguage":"fr-FR"},{"@type":"Organization","@id":"https:\/\/www.cos-sco.ca\/fr\/#organization","name":"COS-SCO","url":"https:\/\/www.cos-sco.ca\/fr\/","logo":{"@type":"ImageObject","inLanguage":"fr-FR","@id":"https:\/\/www.cos-sco.ca\/fr\/#\/schema\/logo\/image\/","url":"https:\/\/www.cos-sco.ca\/wp-content\/uploads\/2025\/10\/logo.png","contentUrl":"https:\/\/www.cos-sco.ca\/wp-content\/uploads\/2025\/10\/logo.png","width":316,"height":180,"caption":"COS-SCO"},"image":{"@id":"https:\/\/www.cos-sco.ca\/fr\/#\/schema\/logo\/image\/"}}]}},"_links":{"self":[{"href":"https:\/\/www.cos-sco.ca\/fr\/wp-json\/wp\/v2\/pages\/16125","targetHints":{"allow":["GET"]}}],"collection":[{"href":"https:\/\/www.cos-sco.ca\/fr\/wp-json\/wp\/v2\/pages"}],"about":[{"href":"https:\/\/www.cos-sco.ca\/fr\/wp-json\/wp\/v2\/types\/page"}],"author":[{"embeddable":true,"href":"https:\/\/www.cos-sco.ca\/fr\/wp-json\/wp\/v2\/users\/3"}],"replies":[{"embeddable":true,"href":"https:\/\/www.cos-sco.ca\/fr\/wp-json\/wp\/v2\/comments?post=16125"}],"version-history":[{"count":3,"href":"https:\/\/www.cos-sco.ca\/fr\/wp-json\/wp\/v2\/pages\/16125\/revisions"}],"predecessor-version":[{"id":16561,"href":"https:\/\/www.cos-sco.ca\/fr\/wp-json\/wp\/v2\/pages\/16125\/revisions\/16561"}],"up":[{"embeddable":true,"href":"https:\/\/www.cos-sco.ca\/fr\/wp-json\/wp\/v2\/pages\/15379"}],"wp:attachment":[{"href":"https:\/\/www.cos-sco.ca\/fr\/wp-json\/wp\/v2\/media?parent=16125"}],"curies":[{"name":"wp","href":"https:\/\/api.w.org\/{rel}","templated":true}]}}