{"id":16091,"date":"2025-12-11T14:59:59","date_gmt":"2025-12-11T19:59:59","guid":{"rendered":"https:\/\/www.cos-sco.ca\/about-us\/board-and-councils\/canadian-journal-of-ophthalmology-cjo-editorial-board\/"},"modified":"2026-01-05T13:58:27","modified_gmt":"2026-01-05T18:58:27","slug":"canadian-journal-of-ophthalmology-cjo-editorial-board","status":"publish","type":"page","link":"https:\/\/www.cos-sco.ca\/fr\/about-us\/board-and-councils\/canadian-journal-of-ophthalmology-cjo-editorial-board\/","title":{"rendered":"Comit\u00e9 de r\u00e9daction du Journal canadien d\u2019ophtalmologie"},"content":{"rendered":"\n<div class=\"wp-block-cover alignfull\" style=\"min-height:343px;aspect-ratio:unset;\"><img loading=\"lazy\" decoding=\"async\" width=\"1024\" height=\"702\" class=\"wp-block-cover__image-background wp-image-208 size-large\" alt=\"\" src=\"https:\/\/www.cos-sco.ca\/wp-content\/uploads\/2025\/10\/impact-bg-1024x702.png\" data-object-fit=\"cover\" srcset=\"https:\/\/www.cos-sco.ca\/wp-content\/uploads\/2025\/10\/impact-bg-1024x702.png 1024w, https:\/\/www.cos-sco.ca\/wp-content\/uploads\/2025\/10\/impact-bg-300x206.png 300w, https:\/\/www.cos-sco.ca\/wp-content\/uploads\/2025\/10\/impact-bg-768x526.png 768w, https:\/\/www.cos-sco.ca\/wp-content\/uploads\/2025\/10\/impact-bg-1536x1052.png 1536w, https:\/\/www.cos-sco.ca\/wp-content\/uploads\/2025\/10\/impact-bg-2048x1403.png 2048w\" sizes=\"auto, (max-width: 1024px) 100vw, 1024px\" \/><span aria-hidden=\"true\" class=\"wp-block-cover__background has-background-dim\" style=\"background-color:#3f4460\"><\/span><div class=\"wp-block-cover__inner-container is-layout-constrained wp-block-cover-is-layout-constrained\">\n<h1 class=\"wp-block-heading has-text-align-center\">Comit\u00e9 de r\u00e9daction du Journal canadien d\u2019ophtalmologie<\/h1>\n<\/div><\/div>\n\n\n<div class=\"yoast-breadcrumbs\"><span><span><a href=\"https:\/\/www.cos-sco.ca\/fr\/\">Home<\/a><\/span> \/ <span class=\"breadcrumb_last\" aria-current=\"page\">Comit\u00e9 de r\u00e9daction du Journal canadien d\u2019ophtalmologie<\/span><\/span><\/div>\n\n\n<p class=\"has-text-align-center\">Le\u202fJournal canadien d\u2019ophtalmologie, organe officiel de la Soci\u00e9t\u00e9 canadienne d\u2019ophtalmologie, s\u2019engage \u00e0 publier des articles originaux \u00e9valu\u00e9s par les pairs en ophtalmologie et en science de la vision.Le Comit\u00e9 de r\u00e9daction du JCO est form\u00e9 d\u2019une \u00e9quipe internationale d\u2019experts qui fournissent une r\u00e9troaction sur le contenu du journal, supervisent le processus d\u2019\u00e9valuation par les pairs et d\u00e9finissent des sujets pour les \u00e9ditoriaux, les \u00e9valuations et les num\u00e9ros sp\u00e9ciaux.&nbsp;<br><\/p>\n\n\n\n<p class=\"has-text-align-center\">Acc\u00e9dez au&nbsp;<a href=\"https:\/\/www.cos-sco.ca\/wp-content\/uploads\/2025\/12\/CJO_57-1_Editorial_v2_FR-1.pdf\" target=\"_blank\" rel=\"noreferrer noopener\">rapport du r\u00e9dacteur en chef pour 2021 ici<\/a>.<\/p>\n\n\n\n<h2 class=\"wp-block-heading has-text-align-center\">Editor-in-Chief<\/h2>\n\n\n\n<p class=\"has-text-align-center\">Varun Chaudhary, MD, FRCSC<\/p>\n\n\n\n<h3 class=\"wp-block-heading has-text-align-center\" id=\"managing-editor\">Managing Editor<\/h3>\n\n\n\n<p class=\"has-text-align-center\">Suzanne Purkis<\/p>\n\n\n\n<h2 class=\"wp-block-heading has-text-align-center\">Section Editors<\/h2>\n\n\n\n<div class=\"wp-block-group is-layout-constrained wp-container-core-group-is-layout-417e90ee wp-block-group-is-layout-constrained\" style=\"padding-top:var(--wp--preset--spacing--md);padding-bottom:var(--wp--preset--spacing--md)\">\n<figure class=\"wp-block-table is-style-stripes has-table-padding has-dark-table-header\"><table class=\"has-fixed-layout\"><thead><tr><th class=\"has-text-align-left\" data-align=\"left\">Nom<\/th><th class=\"has-text-align-center\" data-align=\"center\">Titre<\/th><\/tr><\/thead><tbody><tr><td class=\"has-text-align-left\" data-align=\"left\"><strong>Iqbal Ike Ahmed,<\/strong>&nbsp;MD, FRCSC<\/td><td class=\"has-text-align-center\" data-align=\"center\">Cataract and Optics<\/td><\/tr><tr><td class=\"has-text-align-left\" data-align=\"left\"><strong>Clara C. Chan,<\/strong>&nbsp;MD, FRCSC, FACS, DABO<br><strong>Mahshad Darvish,<\/strong>&nbsp;MDCM, MBA, FRCSC<br><strong>Prashant Garg,<\/strong>&nbsp;MD<br><strong>Simon P. Holland,<\/strong>&nbsp;MB, FRCSC<br><strong>Joshua Teichman,<\/strong>&nbsp;MD, MPH, FRCSC<br><strong>Sonia Yeung,<\/strong>&nbsp;MD, PhD, FRCSC<\/td><td class=\"has-text-align-center\" data-align=\"center\">Cornea, External Disease, and Refractive Surgery<\/td><\/tr><tr><td class=\"has-text-align-left\" data-align=\"left\"><strong>Chris Rudnisky,<\/strong>&nbsp;MD, MPH, FRCSC<br><strong>Rohit Varma,<\/strong>&nbsp;MD, MPH<br><strong>Ezekiel Weis,<\/strong>&nbsp;MD, FRCSC, MPH<\/td><td class=\"has-text-align-center\" data-align=\"center\">Epidemiology<\/td><\/tr><tr><td class=\"has-text-align-left\" data-align=\"left\"><strong>Neeru Gupta,<\/strong>&nbsp;MD, PhD, MBA, FRCSC, DABO<br><strong>Rohit Varma,<\/strong>&nbsp;MD, MPH<\/td><td class=\"has-text-align-center\" data-align=\"center\">Glaucoma<\/td><\/tr><tr><td class=\"has-text-align-left\" data-align=\"left\"><strong>Jeff Bakal,<\/strong>&nbsp;MSc, PhD<\/td><td class=\"has-text-align-center\" data-align=\"center\">Health Economics<\/td><\/tr><tr><td class=\"has-text-align-left\" data-align=\"left\"><strong>Kathy Cao,<\/strong>&nbsp;MD, FRCSC, MEd<br><strong>Karl Golnik,<\/strong>&nbsp;MD, MEd<\/td><td class=\"has-text-align-center\" data-align=\"center\">Medical Education<\/td><\/tr><tr><td class=\"has-text-align-left\" data-align=\"left\"><strong>Iqbal Ike Ahmed,<\/strong>&nbsp;MD, FRCSC<\/td><td class=\"has-text-align-center\" data-align=\"center\">Neuro-ophthalmology<\/td><\/tr><tr><td class=\"has-text-align-left\" data-align=\"left\"><strong>Alex Fraser,<\/strong>&nbsp;MD, FRCPC<br><strong>Rustum Karanjia,<\/strong>&nbsp;MD, PhD, FRCSC<br><strong>Andrew Go Lee,<\/strong>&nbsp;MD<\/td><td class=\"has-text-align-center\" data-align=\"center\">Cornea, External Disease, and Refractive Surgery<\/td><\/tr><tr><td class=\"has-text-align-left\" data-align=\"left\"><strong>David Sarraf,<\/strong>&nbsp;MD<\/td><td class=\"has-text-align-center\" data-align=\"center\">Ocular Imaging<\/td><\/tr><tr><td class=\"has-text-align-left\" data-align=\"left\"><strong>Lauren Dalvin,<\/strong>&nbsp;MD<br><strong>Hatem Krema,<\/strong>&nbsp;MD, MSc, FRCSEd<\/td><td class=\"has-text-align-center\" data-align=\"center\">Ocular Oncology<\/td><\/tr><tr><td class=\"has-text-align-left\" data-align=\"left\"><strong>Peter Dolman,<\/strong>&nbsp;MD, FRCSC<br><strong>Edsel Ing,<\/strong>&nbsp;MD, FRCSC, MPH, CPH<\/td><td class=\"has-text-align-center\" data-align=\"center\">Oculoplastic Surgery<\/td><\/tr><tr><td class=\"has-text-align-left\" data-align=\"left\"><strong>James Farmer,<\/strong>&nbsp;MD, FRCSC<\/td><td class=\"has-text-align-center\" data-align=\"center\">Ophthalmic and General Pathology<\/td><\/tr><tr><td class=\"has-text-align-left\" data-align=\"left\"><strong>Robert K. Koenekoop,<\/strong>&nbsp;MD, PhD, FRCSC<br><strong>Carlos Eduardo Solarte,<\/strong>&nbsp;MD, MPH<\/td><td class=\"has-text-align-center\" data-align=\"center\">Pediatric Ophthalmology<\/td><\/tr><tr><td class=\"has-text-align-left\" data-align=\"left\"><strong>Sophie J. Bakri,<\/strong>&nbsp;MD<br><strong>Kevin J. Blinder,<\/strong>&nbsp;MD<br><strong>Gemmy Cheung,<\/strong>&nbsp;MBBS, FRCOphth, FAMS, MC<br><strong>Sunir J. Garg,<\/strong>&nbsp;MD, FACS<br><strong>Jason Noble, MD,<\/strong>&nbsp;FRCSC, DABO<br><strong>Thomas G. Sheidow,<\/strong>&nbsp;MD, FRCSC, M Math<br><strong>Matthew Tennant,<\/strong>&nbsp;BA, MD, FRCSC<br><strong>Charles C. Wykoff,<\/strong>&nbsp;MD, PhD<\/td><td class=\"has-text-align-center\" data-align=\"center\">Retina and Vitreous<\/td><\/tr><tr><td class=\"has-text-align-left\" data-align=\"left\"><strong>Gordon Guyatt,<\/strong>&nbsp;MD, MSc, FRCP(C), OC<br><strong>Mark Phillips,<\/strong>&nbsp;PhD<\/td><td class=\"has-text-align-center\" data-align=\"center\">Systematic Reviews and Methodology<\/td><\/tr><tr><td class=\"has-text-align-left\" data-align=\"left\"><strong>Neeru Gupta,<\/strong>&nbsp;MD, PhD, MBA, FRCSC, DABO<br><br><\/td><td class=\"has-text-align-center\" data-align=\"center\">Translational Vision Science and Technology<\/td><\/tr><tr><td class=\"has-text-align-left\" data-align=\"left\"><strong>Mili Roy,<\/strong>&nbsp;MD, FRCSC<\/td><td class=\"has-text-align-center\" data-align=\"center\">Uveitis<\/td><\/tr><\/tbody><\/table><\/figure>\n<\/div>\n","protected":false},"excerpt":{"rendered":"<p>Le\u202fJournal canadien d\u2019ophtalmologie, organe officiel de la Soci\u00e9t\u00e9 canadienne d\u2019ophtalmologie, s\u2019engage \u00e0 publier des articles originaux \u00e9valu\u00e9s par les pairs en ophtalmologie et en science de la vision.Le Comit\u00e9 de r\u00e9daction du JCO est form\u00e9 d\u2019une \u00e9quipe internationale d\u2019experts qui fournissent une r\u00e9troaction sur le contenu du journal, supervisent le processus d\u2019\u00e9valuation par les pairs [&hellip;]<\/p>\n","protected":false},"author":3,"featured_media":0,"parent":15379,"menu_order":0,"comment_status":"closed","ping_status":"closed","template":"","meta":{"footnotes":""},"class_list":["post-16091","page","type-page","status-publish","hentry"],"yoast_head":"<!-- This site is optimized with the Yoast SEO plugin v27.3 - https:\/\/yoast.com\/product\/yoast-seo-wordpress\/ -->\n<title>Comit\u00e9 de r\u00e9daction du Journal canadien d\u2019ophtalmologie - COS-SCO<\/title>\n<meta name=\"robots\" content=\"index, follow, max-snippet:-1, max-image-preview:large, max-video-preview:-1\" \/>\n<link rel=\"canonical\" href=\"https:\/\/www.cos-sco.ca\/fr\/about-us\/board-and-councils\/canadian-journal-of-ophthalmology-cjo-editorial-board\/\" \/>\n<meta property=\"og:locale\" content=\"fr_FR\" \/>\n<meta property=\"og:type\" content=\"article\" \/>\n<meta property=\"og:title\" content=\"Comit\u00e9 de r\u00e9daction du Journal canadien d\u2019ophtalmologie - COS-SCO\" \/>\n<meta property=\"og:description\" content=\"Le\u202fJournal canadien d\u2019ophtalmologie, organe officiel de la Soci\u00e9t\u00e9 canadienne d\u2019ophtalmologie, s\u2019engage \u00e0 publier des articles originaux \u00e9valu\u00e9s par les pairs en ophtalmologie et en science de la vision.Le Comit\u00e9 de r\u00e9daction du JCO est form\u00e9 d\u2019une \u00e9quipe internationale d\u2019experts qui fournissent une r\u00e9troaction sur le contenu du journal, supervisent le processus d\u2019\u00e9valuation par les pairs [&hellip;]\" \/>\n<meta property=\"og:url\" content=\"https:\/\/www.cos-sco.ca\/fr\/about-us\/board-and-councils\/canadian-journal-of-ophthalmology-cjo-editorial-board\/\" \/>\n<meta property=\"og:site_name\" content=\"COS-SCO\" \/>\n<meta property=\"article:modified_time\" content=\"2026-01-05T18:58:27+00:00\" \/>\n<meta property=\"og:image\" content=\"https:\/\/www.cos-sco.ca\/wp-content\/uploads\/2025\/10\/impact-bg-1024x702.png\" \/>\n<meta name=\"twitter:card\" content=\"summary_large_image\" \/>\n<meta name=\"twitter:label1\" content=\"Dur\u00e9e de lecture estim\u00e9e\" \/>\n\t<meta name=\"twitter:data1\" content=\"2 minutes\" \/>\n<script type=\"application\/ld+json\" class=\"yoast-schema-graph\">{\"@context\":\"https:\\\/\\\/schema.org\",\"@graph\":[{\"@type\":\"WebPage\",\"@id\":\"https:\\\/\\\/www.cos-sco.ca\\\/fr\\\/about-us\\\/board-and-councils\\\/canadian-journal-of-ophthalmology-cjo-editorial-board\\\/\",\"url\":\"https:\\\/\\\/www.cos-sco.ca\\\/fr\\\/about-us\\\/board-and-councils\\\/canadian-journal-of-ophthalmology-cjo-editorial-board\\\/\",\"name\":\"Comit\u00e9 de r\u00e9daction du Journal canadien d\u2019ophtalmologie - COS-SCO\",\"isPartOf\":{\"@id\":\"https:\\\/\\\/www.cos-sco.ca\\\/fr\\\/#website\"},\"primaryImageOfPage\":{\"@id\":\"https:\\\/\\\/www.cos-sco.ca\\\/fr\\\/about-us\\\/board-and-councils\\\/canadian-journal-of-ophthalmology-cjo-editorial-board\\\/#primaryimage\"},\"image\":{\"@id\":\"https:\\\/\\\/www.cos-sco.ca\\\/fr\\\/about-us\\\/board-and-councils\\\/canadian-journal-of-ophthalmology-cjo-editorial-board\\\/#primaryimage\"},\"thumbnailUrl\":\"https:\\\/\\\/www.cos-sco.ca\\\/wp-content\\\/uploads\\\/2025\\\/10\\\/impact-bg-1024x702.png\",\"datePublished\":\"2025-12-11T19:59:59+00:00\",\"dateModified\":\"2026-01-05T18:58:27+00:00\",\"breadcrumb\":{\"@id\":\"https:\\\/\\\/www.cos-sco.ca\\\/fr\\\/about-us\\\/board-and-councils\\\/canadian-journal-of-ophthalmology-cjo-editorial-board\\\/#breadcrumb\"},\"inLanguage\":\"fr-FR\",\"potentialAction\":[{\"@type\":\"ReadAction\",\"target\":[\"https:\\\/\\\/www.cos-sco.ca\\\/fr\\\/about-us\\\/board-and-councils\\\/canadian-journal-of-ophthalmology-cjo-editorial-board\\\/\"]}]},{\"@type\":\"ImageObject\",\"inLanguage\":\"fr-FR\",\"@id\":\"https:\\\/\\\/www.cos-sco.ca\\\/fr\\\/about-us\\\/board-and-councils\\\/canadian-journal-of-ophthalmology-cjo-editorial-board\\\/#primaryimage\",\"url\":\"https:\\\/\\\/www.cos-sco.ca\\\/wp-content\\\/uploads\\\/2025\\\/10\\\/impact-bg-1024x702.png\",\"contentUrl\":\"https:\\\/\\\/www.cos-sco.ca\\\/wp-content\\\/uploads\\\/2025\\\/10\\\/impact-bg-1024x702.png\"},{\"@type\":\"BreadcrumbList\",\"@id\":\"https:\\\/\\\/www.cos-sco.ca\\\/fr\\\/about-us\\\/board-and-councils\\\/canadian-journal-of-ophthalmology-cjo-editorial-board\\\/#breadcrumb\",\"itemListElement\":[{\"@type\":\"ListItem\",\"position\":1,\"name\":\"Home\",\"item\":\"https:\\\/\\\/www.cos-sco.ca\\\/fr\\\/\"},{\"@type\":\"ListItem\",\"position\":2,\"name\":\"Comit\u00e9 de r\u00e9daction du Journal canadien d\u2019ophtalmologie\"}]},{\"@type\":\"WebSite\",\"@id\":\"https:\\\/\\\/www.cos-sco.ca\\\/fr\\\/#website\",\"url\":\"https:\\\/\\\/www.cos-sco.ca\\\/fr\\\/\",\"name\":\"COS-SCO\",\"description\":\"\",\"publisher\":{\"@id\":\"https:\\\/\\\/www.cos-sco.ca\\\/fr\\\/#organization\"},\"potentialAction\":[{\"@type\":\"SearchAction\",\"target\":{\"@type\":\"EntryPoint\",\"urlTemplate\":\"https:\\\/\\\/www.cos-sco.ca\\\/fr\\\/?s={search_term_string}\"},\"query-input\":{\"@type\":\"PropertyValueSpecification\",\"valueRequired\":true,\"valueName\":\"search_term_string\"}}],\"inLanguage\":\"fr-FR\"},{\"@type\":\"Organization\",\"@id\":\"https:\\\/\\\/www.cos-sco.ca\\\/fr\\\/#organization\",\"name\":\"COS-SCO\",\"url\":\"https:\\\/\\\/www.cos-sco.ca\\\/fr\\\/\",\"logo\":{\"@type\":\"ImageObject\",\"inLanguage\":\"fr-FR\",\"@id\":\"https:\\\/\\\/www.cos-sco.ca\\\/fr\\\/#\\\/schema\\\/logo\\\/image\\\/\",\"url\":\"https:\\\/\\\/www.cos-sco.ca\\\/wp-content\\\/uploads\\\/2025\\\/10\\\/logo.png\",\"contentUrl\":\"https:\\\/\\\/www.cos-sco.ca\\\/wp-content\\\/uploads\\\/2025\\\/10\\\/logo.png\",\"width\":316,\"height\":180,\"caption\":\"COS-SCO\"},\"image\":{\"@id\":\"https:\\\/\\\/www.cos-sco.ca\\\/fr\\\/#\\\/schema\\\/logo\\\/image\\\/\"}}]}<\/script>\n<!-- \/ Yoast SEO plugin. -->","yoast_head_json":{"title":"Comit\u00e9 de r\u00e9daction du Journal canadien d\u2019ophtalmologie - COS-SCO","robots":{"index":"index","follow":"follow","max-snippet":"max-snippet:-1","max-image-preview":"max-image-preview:large","max-video-preview":"max-video-preview:-1"},"canonical":"https:\/\/www.cos-sco.ca\/fr\/about-us\/board-and-councils\/canadian-journal-of-ophthalmology-cjo-editorial-board\/","og_locale":"fr_FR","og_type":"article","og_title":"Comit\u00e9 de r\u00e9daction du Journal canadien d\u2019ophtalmologie - COS-SCO","og_description":"Le\u202fJournal canadien d\u2019ophtalmologie, organe officiel de la Soci\u00e9t\u00e9 canadienne d\u2019ophtalmologie, s\u2019engage \u00e0 publier des articles originaux \u00e9valu\u00e9s par les pairs en ophtalmologie et en science de la vision.Le Comit\u00e9 de r\u00e9daction du JCO est form\u00e9 d\u2019une \u00e9quipe internationale d\u2019experts qui fournissent une r\u00e9troaction sur le contenu du journal, supervisent le processus d\u2019\u00e9valuation par les pairs [&hellip;]","og_url":"https:\/\/www.cos-sco.ca\/fr\/about-us\/board-and-councils\/canadian-journal-of-ophthalmology-cjo-editorial-board\/","og_site_name":"COS-SCO","article_modified_time":"2026-01-05T18:58:27+00:00","og_image":[{"url":"https:\/\/www.cos-sco.ca\/wp-content\/uploads\/2025\/10\/impact-bg-1024x702.png","type":"","width":"","height":""}],"twitter_card":"summary_large_image","twitter_misc":{"Dur\u00e9e de lecture estim\u00e9e":"2 minutes"},"schema":{"@context":"https:\/\/schema.org","@graph":[{"@type":"WebPage","@id":"https:\/\/www.cos-sco.ca\/fr\/about-us\/board-and-councils\/canadian-journal-of-ophthalmology-cjo-editorial-board\/","url":"https:\/\/www.cos-sco.ca\/fr\/about-us\/board-and-councils\/canadian-journal-of-ophthalmology-cjo-editorial-board\/","name":"Comit\u00e9 de r\u00e9daction du Journal canadien d\u2019ophtalmologie - COS-SCO","isPartOf":{"@id":"https:\/\/www.cos-sco.ca\/fr\/#website"},"primaryImageOfPage":{"@id":"https:\/\/www.cos-sco.ca\/fr\/about-us\/board-and-councils\/canadian-journal-of-ophthalmology-cjo-editorial-board\/#primaryimage"},"image":{"@id":"https:\/\/www.cos-sco.ca\/fr\/about-us\/board-and-councils\/canadian-journal-of-ophthalmology-cjo-editorial-board\/#primaryimage"},"thumbnailUrl":"https:\/\/www.cos-sco.ca\/wp-content\/uploads\/2025\/10\/impact-bg-1024x702.png","datePublished":"2025-12-11T19:59:59+00:00","dateModified":"2026-01-05T18:58:27+00:00","breadcrumb":{"@id":"https:\/\/www.cos-sco.ca\/fr\/about-us\/board-and-councils\/canadian-journal-of-ophthalmology-cjo-editorial-board\/#breadcrumb"},"inLanguage":"fr-FR","potentialAction":[{"@type":"ReadAction","target":["https:\/\/www.cos-sco.ca\/fr\/about-us\/board-and-councils\/canadian-journal-of-ophthalmology-cjo-editorial-board\/"]}]},{"@type":"ImageObject","inLanguage":"fr-FR","@id":"https:\/\/www.cos-sco.ca\/fr\/about-us\/board-and-councils\/canadian-journal-of-ophthalmology-cjo-editorial-board\/#primaryimage","url":"https:\/\/www.cos-sco.ca\/wp-content\/uploads\/2025\/10\/impact-bg-1024x702.png","contentUrl":"https:\/\/www.cos-sco.ca\/wp-content\/uploads\/2025\/10\/impact-bg-1024x702.png"},{"@type":"BreadcrumbList","@id":"https:\/\/www.cos-sco.ca\/fr\/about-us\/board-and-councils\/canadian-journal-of-ophthalmology-cjo-editorial-board\/#breadcrumb","itemListElement":[{"@type":"ListItem","position":1,"name":"Home","item":"https:\/\/www.cos-sco.ca\/fr\/"},{"@type":"ListItem","position":2,"name":"Comit\u00e9 de r\u00e9daction du Journal canadien d\u2019ophtalmologie"}]},{"@type":"WebSite","@id":"https:\/\/www.cos-sco.ca\/fr\/#website","url":"https:\/\/www.cos-sco.ca\/fr\/","name":"COS-SCO","description":"","publisher":{"@id":"https:\/\/www.cos-sco.ca\/fr\/#organization"},"potentialAction":[{"@type":"SearchAction","target":{"@type":"EntryPoint","urlTemplate":"https:\/\/www.cos-sco.ca\/fr\/?s={search_term_string}"},"query-input":{"@type":"PropertyValueSpecification","valueRequired":true,"valueName":"search_term_string"}}],"inLanguage":"fr-FR"},{"@type":"Organization","@id":"https:\/\/www.cos-sco.ca\/fr\/#organization","name":"COS-SCO","url":"https:\/\/www.cos-sco.ca\/fr\/","logo":{"@type":"ImageObject","inLanguage":"fr-FR","@id":"https:\/\/www.cos-sco.ca\/fr\/#\/schema\/logo\/image\/","url":"https:\/\/www.cos-sco.ca\/wp-content\/uploads\/2025\/10\/logo.png","contentUrl":"https:\/\/www.cos-sco.ca\/wp-content\/uploads\/2025\/10\/logo.png","width":316,"height":180,"caption":"COS-SCO"},"image":{"@id":"https:\/\/www.cos-sco.ca\/fr\/#\/schema\/logo\/image\/"}}]}},"_links":{"self":[{"href":"https:\/\/www.cos-sco.ca\/fr\/wp-json\/wp\/v2\/pages\/16091","targetHints":{"allow":["GET"]}}],"collection":[{"href":"https:\/\/www.cos-sco.ca\/fr\/wp-json\/wp\/v2\/pages"}],"about":[{"href":"https:\/\/www.cos-sco.ca\/fr\/wp-json\/wp\/v2\/types\/page"}],"author":[{"embeddable":true,"href":"https:\/\/www.cos-sco.ca\/fr\/wp-json\/wp\/v2\/users\/3"}],"replies":[{"embeddable":true,"href":"https:\/\/www.cos-sco.ca\/fr\/wp-json\/wp\/v2\/comments?post=16091"}],"version-history":[{"count":2,"href":"https:\/\/www.cos-sco.ca\/fr\/wp-json\/wp\/v2\/pages\/16091\/revisions"}],"predecessor-version":[{"id":16386,"href":"https:\/\/www.cos-sco.ca\/fr\/wp-json\/wp\/v2\/pages\/16091\/revisions\/16386"}],"up":[{"embeddable":true,"href":"https:\/\/www.cos-sco.ca\/fr\/wp-json\/wp\/v2\/pages\/15379"}],"wp:attachment":[{"href":"https:\/\/www.cos-sco.ca\/fr\/wp-json\/wp\/v2\/media?parent=16091"}],"curies":[{"name":"wp","href":"https:\/\/api.w.org\/{rel}","templated":true}]}}