{"id":16065,"date":"2025-12-11T13:02:13","date_gmt":"2025-12-11T18:02:13","guid":{"rendered":"https:\/\/www.cos-sco.ca\/about-us\/board-and-councils\/practice-resource-centre-committee-prc\/"},"modified":"2026-01-05T13:59:01","modified_gmt":"2026-01-05T18:59:01","slug":"practice-resource-centre-committee-prc","status":"publish","type":"page","link":"https:\/\/www.cos-sco.ca\/fr\/about-us\/board-and-councils\/practice-resource-centre-committee-prc\/","title":{"rendered":"Carrefour de ressources pour la pratique"},"content":{"rendered":"\n<div class=\"wp-block-cover alignfull\" style=\"min-height:343px;aspect-ratio:unset;\"><img loading=\"lazy\" decoding=\"async\" width=\"1024\" height=\"702\" class=\"wp-block-cover__image-background wp-image-208 size-large\" alt=\"\" src=\"https:\/\/www.cos-sco.ca\/wp-content\/uploads\/2025\/10\/impact-bg-1024x702.png\" data-object-fit=\"cover\" srcset=\"https:\/\/www.cos-sco.ca\/wp-content\/uploads\/2025\/10\/impact-bg-1024x702.png 1024w, https:\/\/www.cos-sco.ca\/wp-content\/uploads\/2025\/10\/impact-bg-300x206.png 300w, https:\/\/www.cos-sco.ca\/wp-content\/uploads\/2025\/10\/impact-bg-768x526.png 768w, https:\/\/www.cos-sco.ca\/wp-content\/uploads\/2025\/10\/impact-bg-1536x1052.png 1536w, https:\/\/www.cos-sco.ca\/wp-content\/uploads\/2025\/10\/impact-bg-2048x1403.png 2048w\" sizes=\"auto, (max-width: 1024px) 100vw, 1024px\" \/><span aria-hidden=\"true\" class=\"wp-block-cover__background has-background-dim\" style=\"background-color:#3f4460\"><\/span><div class=\"wp-block-cover__inner-container is-layout-constrained wp-block-cover-is-layout-constrained\">\n<h1 class=\"wp-block-heading has-text-align-center\">Carrefour de ressources pour la pratique<\/h1>\n<\/div><\/div>\n\n\n<div class=\"yoast-breadcrumbs\"><span><span><a href=\"https:\/\/www.cos-sco.ca\/fr\/\">Home<\/a><\/span> \/ <span class=\"breadcrumb_last\" aria-current=\"page\">Carrefour de ressources pour la pratique<\/span><\/span><\/div>\n\n\n<p class=\"has-text-align-center\">Le Comit\u00e9 du Carrefour de ressources pour la pratique (CRP) est un sous-comit\u00e9 du Conseil du DPC de la SCO. Le comit\u00e9 offre un leadership dans la d\u00e9finition, l\u2019\u00e9laboration et l\u2019offre d\u2019occasions et de ressources d\u2019apprentissage et y donne acc\u00e8s au moyen de la plateforme en ligne.&nbsp;&nbsp;<\/p>\n\n\n\n<p class=\"has-text-align-center\">Le Carrefour de ressources pour la pratique est un espace en ligne qui permet aux ophtalmologistes d\u2019acc\u00e9der \u00e0 diff\u00e9rentes ressources de d\u00e9veloppement professionnel continu (DPC) en ligne. Le CRP a pour but de permettre aux membres d\u2019avoir acc\u00e8s \u00e0 un carrefour en ligne d\u2019outils et de ressources se rapportant \u00e0 l\u2019exercice de l\u2019ophtalmologie, incluant des \u00e9v\u00e9nements et possibilit\u00e9s de DPC, des activit\u00e9s agr\u00e9\u00e9es ou non agr\u00e9\u00e9es, des \u00e9nonc\u00e9s de position ainsi que des renseignements \u00e0 propos des planificateurs et apprenants des programmes de DPC.&nbsp;&nbsp;<\/p>\n\n\n\n<h2 class=\"wp-block-heading has-text-align-center\">Membres du Conseil de la RPC<\/h2>\n\n\n\n<div class=\"wp-block-group is-layout-constrained wp-container-core-group-is-layout-417e90ee wp-block-group-is-layout-constrained\" style=\"padding-top:var(--wp--preset--spacing--md);padding-bottom:var(--wp--preset--spacing--md)\">\n<figure class=\"wp-block-table is-style-stripes has-table-padding has-dark-table-header\"><table class=\"has-fixed-layout\"><thead><tr><th class=\"has-text-align-center\" data-align=\"center\">Nom<\/th><th class=\"has-text-align-center\" data-align=\"center\">Titre<\/th><\/tr><\/thead><tbody><tr><td class=\"has-text-align-center\" data-align=\"center\">Dr. Marie-Jos\u00e9e Aubin<\/td><td class=\"has-text-align-center\" data-align=\"center\">Chair<\/td><\/tr><tr><td class=\"has-text-align-center\" data-align=\"center\">Dr. Crystal Cheung<\/td><td class=\"has-text-align-center\" data-align=\"center\">Committee Member<\/td><\/tr><tr><td class=\"has-text-align-center\" data-align=\"center\">Dr. Deepa Yoganathan<\/td><td class=\"has-text-align-center\" data-align=\"center\">Committee Member<\/td><\/tr><tr><td class=\"has-text-align-center\" data-align=\"center\">Dr. Anastasia Neufeld<\/td><td class=\"has-text-align-center\" data-align=\"center\">Committee Member<\/td><\/tr><tr><td class=\"has-text-align-center\" data-align=\"center\">Dr. Anne Xuan-Lan Nguyen<\/td><td class=\"has-text-align-center\" data-align=\"center\">Committee Member<\/td><\/tr><tr><td class=\"has-text-align-center\" data-align=\"center\">Dr. Mona Dagher<\/td><td class=\"has-text-align-center\" data-align=\"center\">Chair, Annual Meeting<\/td><\/tr><tr><td class=\"has-text-align-center\" data-align=\"center\">Dr. Varun Chaudhary<\/td><td class=\"has-text-align-center\" data-align=\"center\">Editor in Chief, CJO<\/td><\/tr><\/tbody><\/table><\/figure>\n<\/div>\n","protected":false},"excerpt":{"rendered":"<p>Le Comit\u00e9 du Carrefour de ressources pour la pratique (CRP) est un sous-comit\u00e9 du Conseil du DPC de la SCO. Le comit\u00e9 offre un leadership dans la d\u00e9finition, l\u2019\u00e9laboration et l\u2019offre d\u2019occasions et de ressources d\u2019apprentissage et y donne acc\u00e8s au moyen de la plateforme en ligne.&nbsp;&nbsp; Le Carrefour de ressources pour la pratique est [&hellip;]<\/p>\n","protected":false},"author":3,"featured_media":0,"parent":15379,"menu_order":0,"comment_status":"closed","ping_status":"closed","template":"","meta":{"footnotes":""},"class_list":["post-16065","page","type-page","status-publish","hentry"],"yoast_head":"<!-- This site is optimized with the Yoast SEO plugin v27.3 - https:\/\/yoast.com\/product\/yoast-seo-wordpress\/ -->\n<title>Carrefour de ressources pour la pratique - COS-SCO<\/title>\n<meta name=\"robots\" content=\"index, follow, max-snippet:-1, max-image-preview:large, max-video-preview:-1\" \/>\n<link rel=\"canonical\" href=\"https:\/\/www.cos-sco.ca\/fr\/about-us\/board-and-councils\/practice-resource-centre-committee-prc\/\" \/>\n<meta property=\"og:locale\" content=\"fr_FR\" \/>\n<meta property=\"og:type\" content=\"article\" \/>\n<meta property=\"og:title\" content=\"Carrefour de ressources pour la pratique - COS-SCO\" \/>\n<meta property=\"og:description\" content=\"Le Comit\u00e9 du Carrefour de ressources pour la pratique (CRP) est un sous-comit\u00e9 du Conseil du DPC de la SCO. Le comit\u00e9 offre un leadership dans la d\u00e9finition, l\u2019\u00e9laboration et l\u2019offre d\u2019occasions et de ressources d\u2019apprentissage et y donne acc\u00e8s au moyen de la plateforme en ligne.&nbsp;&nbsp; Le Carrefour de ressources pour la pratique est [&hellip;]\" \/>\n<meta property=\"og:url\" content=\"https:\/\/www.cos-sco.ca\/fr\/about-us\/board-and-councils\/practice-resource-centre-committee-prc\/\" \/>\n<meta property=\"og:site_name\" content=\"COS-SCO\" \/>\n<meta property=\"article:modified_time\" content=\"2026-01-05T18:59:01+00:00\" \/>\n<meta property=\"og:image\" content=\"https:\/\/www.cos-sco.ca\/wp-content\/uploads\/2025\/10\/impact-bg-1024x702.png\" \/>\n<meta name=\"twitter:card\" content=\"summary_large_image\" \/>\n<meta name=\"twitter:label1\" content=\"Dur\u00e9e de lecture estim\u00e9e\" \/>\n\t<meta name=\"twitter:data1\" content=\"2 minutes\" \/>\n<script type=\"application\/ld+json\" class=\"yoast-schema-graph\">{\"@context\":\"https:\\\/\\\/schema.org\",\"@graph\":[{\"@type\":\"WebPage\",\"@id\":\"https:\\\/\\\/www.cos-sco.ca\\\/fr\\\/about-us\\\/board-and-councils\\\/practice-resource-centre-committee-prc\\\/\",\"url\":\"https:\\\/\\\/www.cos-sco.ca\\\/fr\\\/about-us\\\/board-and-councils\\\/practice-resource-centre-committee-prc\\\/\",\"name\":\"Carrefour de ressources pour la pratique - COS-SCO\",\"isPartOf\":{\"@id\":\"https:\\\/\\\/www.cos-sco.ca\\\/fr\\\/#website\"},\"primaryImageOfPage\":{\"@id\":\"https:\\\/\\\/www.cos-sco.ca\\\/fr\\\/about-us\\\/board-and-councils\\\/practice-resource-centre-committee-prc\\\/#primaryimage\"},\"image\":{\"@id\":\"https:\\\/\\\/www.cos-sco.ca\\\/fr\\\/about-us\\\/board-and-councils\\\/practice-resource-centre-committee-prc\\\/#primaryimage\"},\"thumbnailUrl\":\"https:\\\/\\\/www.cos-sco.ca\\\/wp-content\\\/uploads\\\/2025\\\/10\\\/impact-bg-1024x702.png\",\"datePublished\":\"2025-12-11T18:02:13+00:00\",\"dateModified\":\"2026-01-05T18:59:01+00:00\",\"breadcrumb\":{\"@id\":\"https:\\\/\\\/www.cos-sco.ca\\\/fr\\\/about-us\\\/board-and-councils\\\/practice-resource-centre-committee-prc\\\/#breadcrumb\"},\"inLanguage\":\"fr-FR\",\"potentialAction\":[{\"@type\":\"ReadAction\",\"target\":[\"https:\\\/\\\/www.cos-sco.ca\\\/fr\\\/about-us\\\/board-and-councils\\\/practice-resource-centre-committee-prc\\\/\"]}]},{\"@type\":\"ImageObject\",\"inLanguage\":\"fr-FR\",\"@id\":\"https:\\\/\\\/www.cos-sco.ca\\\/fr\\\/about-us\\\/board-and-councils\\\/practice-resource-centre-committee-prc\\\/#primaryimage\",\"url\":\"https:\\\/\\\/www.cos-sco.ca\\\/wp-content\\\/uploads\\\/2025\\\/10\\\/impact-bg-1024x702.png\",\"contentUrl\":\"https:\\\/\\\/www.cos-sco.ca\\\/wp-content\\\/uploads\\\/2025\\\/10\\\/impact-bg-1024x702.png\"},{\"@type\":\"BreadcrumbList\",\"@id\":\"https:\\\/\\\/www.cos-sco.ca\\\/fr\\\/about-us\\\/board-and-councils\\\/practice-resource-centre-committee-prc\\\/#breadcrumb\",\"itemListElement\":[{\"@type\":\"ListItem\",\"position\":1,\"name\":\"Home\",\"item\":\"https:\\\/\\\/www.cos-sco.ca\\\/fr\\\/\"},{\"@type\":\"ListItem\",\"position\":2,\"name\":\"Carrefour de ressources pour la pratique\"}]},{\"@type\":\"WebSite\",\"@id\":\"https:\\\/\\\/www.cos-sco.ca\\\/fr\\\/#website\",\"url\":\"https:\\\/\\\/www.cos-sco.ca\\\/fr\\\/\",\"name\":\"COS-SCO\",\"description\":\"\",\"publisher\":{\"@id\":\"https:\\\/\\\/www.cos-sco.ca\\\/fr\\\/#organization\"},\"potentialAction\":[{\"@type\":\"SearchAction\",\"target\":{\"@type\":\"EntryPoint\",\"urlTemplate\":\"https:\\\/\\\/www.cos-sco.ca\\\/fr\\\/?s={search_term_string}\"},\"query-input\":{\"@type\":\"PropertyValueSpecification\",\"valueRequired\":true,\"valueName\":\"search_term_string\"}}],\"inLanguage\":\"fr-FR\"},{\"@type\":\"Organization\",\"@id\":\"https:\\\/\\\/www.cos-sco.ca\\\/fr\\\/#organization\",\"name\":\"COS-SCO\",\"url\":\"https:\\\/\\\/www.cos-sco.ca\\\/fr\\\/\",\"logo\":{\"@type\":\"ImageObject\",\"inLanguage\":\"fr-FR\",\"@id\":\"https:\\\/\\\/www.cos-sco.ca\\\/fr\\\/#\\\/schema\\\/logo\\\/image\\\/\",\"url\":\"https:\\\/\\\/www.cos-sco.ca\\\/wp-content\\\/uploads\\\/2025\\\/10\\\/logo.png\",\"contentUrl\":\"https:\\\/\\\/www.cos-sco.ca\\\/wp-content\\\/uploads\\\/2025\\\/10\\\/logo.png\",\"width\":316,\"height\":180,\"caption\":\"COS-SCO\"},\"image\":{\"@id\":\"https:\\\/\\\/www.cos-sco.ca\\\/fr\\\/#\\\/schema\\\/logo\\\/image\\\/\"}}]}<\/script>\n<!-- \/ Yoast SEO plugin. -->","yoast_head_json":{"title":"Carrefour de ressources pour la pratique - COS-SCO","robots":{"index":"index","follow":"follow","max-snippet":"max-snippet:-1","max-image-preview":"max-image-preview:large","max-video-preview":"max-video-preview:-1"},"canonical":"https:\/\/www.cos-sco.ca\/fr\/about-us\/board-and-councils\/practice-resource-centre-committee-prc\/","og_locale":"fr_FR","og_type":"article","og_title":"Carrefour de ressources pour la pratique - COS-SCO","og_description":"Le Comit\u00e9 du Carrefour de ressources pour la pratique (CRP) est un sous-comit\u00e9 du Conseil du DPC de la SCO. Le comit\u00e9 offre un leadership dans la d\u00e9finition, l\u2019\u00e9laboration et l\u2019offre d\u2019occasions et de ressources d\u2019apprentissage et y donne acc\u00e8s au moyen de la plateforme en ligne.&nbsp;&nbsp; Le Carrefour de ressources pour la pratique est [&hellip;]","og_url":"https:\/\/www.cos-sco.ca\/fr\/about-us\/board-and-councils\/practice-resource-centre-committee-prc\/","og_site_name":"COS-SCO","article_modified_time":"2026-01-05T18:59:01+00:00","og_image":[{"url":"https:\/\/www.cos-sco.ca\/wp-content\/uploads\/2025\/10\/impact-bg-1024x702.png","type":"","width":"","height":""}],"twitter_card":"summary_large_image","twitter_misc":{"Dur\u00e9e de lecture estim\u00e9e":"2 minutes"},"schema":{"@context":"https:\/\/schema.org","@graph":[{"@type":"WebPage","@id":"https:\/\/www.cos-sco.ca\/fr\/about-us\/board-and-councils\/practice-resource-centre-committee-prc\/","url":"https:\/\/www.cos-sco.ca\/fr\/about-us\/board-and-councils\/practice-resource-centre-committee-prc\/","name":"Carrefour de ressources pour la pratique - COS-SCO","isPartOf":{"@id":"https:\/\/www.cos-sco.ca\/fr\/#website"},"primaryImageOfPage":{"@id":"https:\/\/www.cos-sco.ca\/fr\/about-us\/board-and-councils\/practice-resource-centre-committee-prc\/#primaryimage"},"image":{"@id":"https:\/\/www.cos-sco.ca\/fr\/about-us\/board-and-councils\/practice-resource-centre-committee-prc\/#primaryimage"},"thumbnailUrl":"https:\/\/www.cos-sco.ca\/wp-content\/uploads\/2025\/10\/impact-bg-1024x702.png","datePublished":"2025-12-11T18:02:13+00:00","dateModified":"2026-01-05T18:59:01+00:00","breadcrumb":{"@id":"https:\/\/www.cos-sco.ca\/fr\/about-us\/board-and-councils\/practice-resource-centre-committee-prc\/#breadcrumb"},"inLanguage":"fr-FR","potentialAction":[{"@type":"ReadAction","target":["https:\/\/www.cos-sco.ca\/fr\/about-us\/board-and-councils\/practice-resource-centre-committee-prc\/"]}]},{"@type":"ImageObject","inLanguage":"fr-FR","@id":"https:\/\/www.cos-sco.ca\/fr\/about-us\/board-and-councils\/practice-resource-centre-committee-prc\/#primaryimage","url":"https:\/\/www.cos-sco.ca\/wp-content\/uploads\/2025\/10\/impact-bg-1024x702.png","contentUrl":"https:\/\/www.cos-sco.ca\/wp-content\/uploads\/2025\/10\/impact-bg-1024x702.png"},{"@type":"BreadcrumbList","@id":"https:\/\/www.cos-sco.ca\/fr\/about-us\/board-and-councils\/practice-resource-centre-committee-prc\/#breadcrumb","itemListElement":[{"@type":"ListItem","position":1,"name":"Home","item":"https:\/\/www.cos-sco.ca\/fr\/"},{"@type":"ListItem","position":2,"name":"Carrefour de ressources pour la pratique"}]},{"@type":"WebSite","@id":"https:\/\/www.cos-sco.ca\/fr\/#website","url":"https:\/\/www.cos-sco.ca\/fr\/","name":"COS-SCO","description":"","publisher":{"@id":"https:\/\/www.cos-sco.ca\/fr\/#organization"},"potentialAction":[{"@type":"SearchAction","target":{"@type":"EntryPoint","urlTemplate":"https:\/\/www.cos-sco.ca\/fr\/?s={search_term_string}"},"query-input":{"@type":"PropertyValueSpecification","valueRequired":true,"valueName":"search_term_string"}}],"inLanguage":"fr-FR"},{"@type":"Organization","@id":"https:\/\/www.cos-sco.ca\/fr\/#organization","name":"COS-SCO","url":"https:\/\/www.cos-sco.ca\/fr\/","logo":{"@type":"ImageObject","inLanguage":"fr-FR","@id":"https:\/\/www.cos-sco.ca\/fr\/#\/schema\/logo\/image\/","url":"https:\/\/www.cos-sco.ca\/wp-content\/uploads\/2025\/10\/logo.png","contentUrl":"https:\/\/www.cos-sco.ca\/wp-content\/uploads\/2025\/10\/logo.png","width":316,"height":180,"caption":"COS-SCO"},"image":{"@id":"https:\/\/www.cos-sco.ca\/fr\/#\/schema\/logo\/image\/"}}]}},"_links":{"self":[{"href":"https:\/\/www.cos-sco.ca\/fr\/wp-json\/wp\/v2\/pages\/16065","targetHints":{"allow":["GET"]}}],"collection":[{"href":"https:\/\/www.cos-sco.ca\/fr\/wp-json\/wp\/v2\/pages"}],"about":[{"href":"https:\/\/www.cos-sco.ca\/fr\/wp-json\/wp\/v2\/types\/page"}],"author":[{"embeddable":true,"href":"https:\/\/www.cos-sco.ca\/fr\/wp-json\/wp\/v2\/users\/3"}],"replies":[{"embeddable":true,"href":"https:\/\/www.cos-sco.ca\/fr\/wp-json\/wp\/v2\/comments?post=16065"}],"version-history":[{"count":2,"href":"https:\/\/www.cos-sco.ca\/fr\/wp-json\/wp\/v2\/pages\/16065\/revisions"}],"predecessor-version":[{"id":16397,"href":"https:\/\/www.cos-sco.ca\/fr\/wp-json\/wp\/v2\/pages\/16065\/revisions\/16397"}],"up":[{"embeddable":true,"href":"https:\/\/www.cos-sco.ca\/fr\/wp-json\/wp\/v2\/pages\/15379"}],"wp:attachment":[{"href":"https:\/\/www.cos-sco.ca\/fr\/wp-json\/wp\/v2\/media?parent=16065"}],"curies":[{"name":"wp","href":"https:\/\/api.w.org\/{rel}","templated":true}]}}