{"id":16054,"date":"2025-12-11T12:28:00","date_gmt":"2025-12-11T17:28:00","guid":{"rendered":"https:\/\/www.cos-sco.ca\/about-us\/board-and-councils\/annual-meeting-planning-committee-ampc\/"},"modified":"2026-01-05T13:58:22","modified_gmt":"2026-01-05T18:58:22","slug":"annual-meeting-planning-committee-ampc","status":"publish","type":"page","link":"https:\/\/www.cos-sco.ca\/fr\/about-us\/board-and-councils\/annual-meeting-planning-committee-ampc\/","title":{"rendered":"Comit\u00e9 de planification du Congr\u00e9s annuel (CPCA)"},"content":{"rendered":"\n<div class=\"wp-block-cover alignfull\" style=\"min-height:343px;aspect-ratio:unset;\"><img loading=\"lazy\" decoding=\"async\" width=\"1024\" height=\"702\" class=\"wp-block-cover__image-background wp-image-208 size-large\" alt=\"\" src=\"https:\/\/www.cos-sco.ca\/wp-content\/uploads\/2025\/10\/impact-bg-1024x702.png\" data-object-fit=\"cover\" srcset=\"https:\/\/www.cos-sco.ca\/wp-content\/uploads\/2025\/10\/impact-bg-1024x702.png 1024w, https:\/\/www.cos-sco.ca\/wp-content\/uploads\/2025\/10\/impact-bg-300x206.png 300w, https:\/\/www.cos-sco.ca\/wp-content\/uploads\/2025\/10\/impact-bg-768x526.png 768w, https:\/\/www.cos-sco.ca\/wp-content\/uploads\/2025\/10\/impact-bg-1536x1052.png 1536w, https:\/\/www.cos-sco.ca\/wp-content\/uploads\/2025\/10\/impact-bg-2048x1403.png 2048w\" sizes=\"auto, (max-width: 1024px) 100vw, 1024px\" \/><span aria-hidden=\"true\" class=\"wp-block-cover__background has-background-dim\" style=\"background-color:#3f4460\"><\/span><div class=\"wp-block-cover__inner-container is-layout-constrained wp-block-cover-is-layout-constrained\">\n<h1 class=\"wp-block-heading has-text-align-center\">Comit\u00e9 de planification du Congr\u00e9s annuel (CPCA)<\/h1>\n<\/div><\/div>\n\n\n<div class=\"yoast-breadcrumbs\"><span><span><a href=\"https:\/\/www.cos-sco.ca\/fr\/\">Home<\/a><\/span> \/ <span class=\"breadcrumb_last\" aria-current=\"page\">Comit\u00e9 de planification du Congr\u00e9s annuel (CPCA)<\/span><\/span><\/div>\n\n\n<p class=\"has-text-align-center\"><strong>\u00c9nonc\u00e9 de mission<\/strong><\/p>\n\n\n\n<p class=\"has-text-align-center\">Le Comit\u00e9 de planification du Congr\u00e8s annuel&nbsp;(CPCA) rel\u00e8ve du Conseil du DPC de la SCO par l\u2019entremise de la pr\u00e9sidente du comit\u00e9, qui si\u00e8ge \u00e9galement au conseil d\u2019administration de la SCO.&nbsp;Le CPCA s\u2019occupe de pr\u00e9parer le contenu \u00e9ducatif et scientifique du Congr\u00e8s annuel et exposition&nbsp;de la SCO et travaille de concert avec la SCO pour garantir la r\u00e9ussite du Congr\u00e8s.<\/p>\n\n\n\n<h2 class=\"wp-block-heading has-text-align-center\">AMPC Members<\/h2>\n\n\n\n<div class=\"wp-block-group is-layout-constrained wp-container-core-group-is-layout-417e90ee wp-block-group-is-layout-constrained\" style=\"padding-top:var(--wp--preset--spacing--md);padding-bottom:var(--wp--preset--spacing--md)\">\n<figure class=\"wp-block-table is-style-stripes has-table-padding has-dark-table-header\"><table class=\"has-fixed-layout\"><thead><tr><th class=\"has-text-align-center\" data-align=\"center\">Nom<\/th><th class=\"has-text-align-center\" data-align=\"center\">Titre<\/th><\/tr><\/thead><tbody><tr><td class=\"has-text-align-center\" data-align=\"center\"><strong>Adam Muzychuk, MD<\/strong><\/td><td class=\"has-text-align-center\" data-align=\"center\">Chair<\/td><\/tr><tr><td class=\"has-text-align-center\" data-align=\"center\"><strong>Marie-Jos\u00e9e Aubin, MD<\/strong><\/td><td class=\"has-text-align-center\" data-align=\"center\">Canadian Association for Public Health and Global Ophthalmology<\/td><\/tr><tr><td class=\"has-text-align-center\" data-align=\"center\"><strong>Nupura Bakshi, MD<\/strong><\/td><td class=\"has-text-align-center\" data-align=\"center\">Equity, Diversity of Inclusion<\/td><\/tr><tr><td class=\"has-text-align-center\" data-align=\"center\"><strong>Raj&nbsp;Bindlish, MD<\/strong><\/td><td class=\"has-text-align-center\" data-align=\"center\">Canadian Glaucoma Society (Chair)<\/td><\/tr><tr><td class=\"has-text-align-center\" data-align=\"center\"><strong>Isabelle&nbsp;Brunette, MD<\/strong><\/td><td class=\"has-text-align-center\" data-align=\"center\">Ocular Regenerative Medicine Society<\/td><\/tr><tr><td class=\"has-text-align-center\" data-align=\"center\"><strong>Clara&nbsp;Chan,&nbsp;MD<\/strong><\/td><td class=\"has-text-align-center\" data-align=\"center\">Canadian Cornea, External Disease &amp; Refractive Surgery Society<\/td><\/tr><tr><td class=\"has-text-align-center\" data-align=\"center\"><strong>Varun Chaudhary, MD<\/strong><\/td><td class=\"has-text-align-center\" data-align=\"center\">Canadian Retina Society (CPD Director)<\/td><\/tr><tr><td class=\"has-text-align-center\" data-align=\"center\"><strong><strong>Marvi&nbsp;Cheema,&nbsp;MD<\/strong><\/strong><\/td><td class=\"has-text-align-center\" data-align=\"center\">Comprehensive Vision Rehabilitation<\/td><\/tr><tr><td class=\"has-text-align-center\" data-align=\"center\"><strong>B\u00e9atrice Des Marchais, MD<\/strong><\/td><td class=\"has-text-align-center\" data-align=\"center\">Women in Ophthalmology<\/td><\/tr><tr><td class=\"has-text-align-center\" data-align=\"center\"><strong>Jean Desch\u00eanes,&nbsp;MD<\/strong><\/td><td class=\"has-text-align-center\" data-align=\"center\">Canadian Uveitis Society<\/td><\/tr><tr><td class=\"has-text-align-center\" data-align=\"center\"><strong>Maryam Eslami, MD<\/strong><\/td><td class=\"has-text-align-center\" data-align=\"center\">Council of Canadian Ophthalmology Residents (Vice-President)<\/td><\/tr><tr><td class=\"has-text-align-center\" data-align=\"center\"><strong>Jim Farmer, MD<\/strong><\/td><td class=\"has-text-align-center\" data-align=\"center\">Canadian Ophthalmic Pathology Society<\/td><\/tr><tr><td class=\"has-text-align-center\" data-align=\"center\"><strong>Robert&nbsp;Gizicki, MD<\/strong><\/td><td class=\"has-text-align-center\" data-align=\"center\">Canadian Retina Society (CPD Co-Chair)<\/td><\/tr><tr><td class=\"has-text-align-center\" data-align=\"center\"><strong>Patrick Gooi, MD<\/strong><\/td><td class=\"has-text-align-center\" data-align=\"center\">Surgical Skills Transfer Courses<\/td><\/tr><tr><td class=\"has-text-align-center\" data-align=\"center\"><strong>Cindy&nbsp;Hutnik, MD<\/strong><\/td><td class=\"has-text-align-center\" data-align=\"center\">COS Awards<\/td><\/tr><tr><td class=\"has-text-align-center\" data-align=\"center\"><strong>Micah Luong, MD<\/strong><\/td><td class=\"has-text-align-center\" data-align=\"center\">Comprehensive Vision Rehabilitation<\/td><\/tr><tr><td class=\"has-text-align-center\" data-align=\"center\"><strong>Kamiar&nbsp;Mireskandari, MD<\/strong><\/td><td class=\"has-text-align-center\" data-align=\"center\">Canadian Association of Pediatric Ophthalmology and Strabismus<\/td><\/tr><tr><td class=\"has-text-align-center\" data-align=\"center\"><strong>Nav Nijhawan, MD<\/strong><\/td><td class=\"has-text-align-center\" data-align=\"center\">Canadian Society of Oculoplastic Surgeons<\/td><\/tr><tr><td class=\"has-text-align-center\" data-align=\"center\"><strong>Jacinthe&nbsp;Rouleau, MD<\/strong><\/td><td class=\"has-text-align-center\" data-align=\"center\">Canadian Neuro-ophthalmology Society<\/td><\/tr><tr><td class=\"has-text-align-center\" data-align=\"center\"><strong>Allan Slomovic, MD<\/strong><\/td><td class=\"has-text-align-center\" data-align=\"center\">Ocular Regenerative Medicine Society<\/td><\/tr><tr><td class=\"has-text-align-center\" data-align=\"center\"><strong>Josh Teichman, MD<\/strong><\/td><td class=\"has-text-align-center\" data-align=\"center\">Cataract Surgery<\/td><\/tr><tr><td class=\"has-text-align-center\" data-align=\"center\"><strong>Jing Wang, MD<\/strong><\/td><td class=\"has-text-align-center\" data-align=\"center\">Canadian Glaucoma Society (Co-Chair)<\/td><\/tr><tr><td class=\"has-text-align-center\" data-align=\"center\"><strong>Sonia&nbsp;Yeung, MD<\/strong><\/td><td class=\"has-text-align-center\" data-align=\"center\">Cataract Surgery<\/td><\/tr><tr><td class=\"has-text-align-center\" data-align=\"center\"><strong>Vivian Yin, MD<\/strong><\/td><td class=\"has-text-align-center\" data-align=\"center\">Canadian Association for Public Health and Global Ophthalmology<\/td><\/tr><tr><td class=\"has-text-align-center\" data-align=\"center\"><strong>Eunice You, MD<\/strong><\/td><td class=\"has-text-align-center\" data-align=\"center\">Council of Canadian Ophthalmology Residents (President)<\/td><\/tr><\/tbody><\/table><\/figure>\n<\/div>\n\n\n\n<h2 class=\"wp-block-heading has-text-align-center\">COS Staff<\/h2>\n\n\n\n<div class=\"wp-block-group is-layout-constrained wp-container-core-group-is-layout-417e90ee wp-block-group-is-layout-constrained\" style=\"padding-top:var(--wp--preset--spacing--md);padding-bottom:var(--wp--preset--spacing--md)\">\n<figure class=\"wp-block-table is-style-stripes has-table-padding has-dark-table-header\"><table class=\"has-fixed-layout\"><thead><tr><th class=\"has-text-align-center\" data-align=\"center\">Nom<\/th><th class=\"has-text-align-center\" data-align=\"center\">Titre<\/th><\/tr><\/thead><tbody><tr><td class=\"has-text-align-center\" data-align=\"center\"><strong><strong>Elisabeth Fowler<\/strong><\/strong><\/td><td class=\"has-text-align-center\" data-align=\"center\">Executive Director and CEO<\/td><\/tr><tr><td class=\"has-text-align-center\" data-align=\"center\"><strong><strong>Danika&nbsp;<strong>Nieuwkoop<\/strong><\/strong><\/strong><\/td><td class=\"has-text-align-center\" data-align=\"center\">Manager, Continuing Professional Development<\/td><\/tr><tr><td class=\"has-text-align-center\" data-align=\"center\"><strong><strong>Kim Tytler<\/strong><\/strong><\/td><td class=\"has-text-align-center\" data-align=\"center\">Manager, Communications &amp; Public Affairs<\/td><\/tr><tr><td class=\"has-text-align-center\" data-align=\"center\"><strong><strong>Rita Afeltra<\/strong><\/strong><\/td><td class=\"has-text-align-center\" data-align=\"center\">Manager, Event Operations, Sponsorship and Exhibits<\/td><\/tr><\/tbody><\/table><\/figure>\n<\/div>\n\n\n\n<h2 class=\"wp-block-heading has-text-align-center\">Allied Health<\/h2>\n\n\n\n<div class=\"wp-block-group is-layout-constrained wp-container-core-group-is-layout-417e90ee wp-block-group-is-layout-constrained\" style=\"padding-top:var(--wp--preset--spacing--md);padding-bottom:var(--wp--preset--spacing--md)\">\n<figure class=\"wp-block-table is-style-stripes has-table-padding has-dark-table-header\"><table class=\"has-fixed-layout\"><thead><tr><th class=\"has-text-align-center\" data-align=\"center\">Nom<\/th><th class=\"has-text-align-center\" data-align=\"center\">Titre<\/th><\/tr><\/thead><tbody><tr><td class=\"has-text-align-center\" data-align=\"center\"><strong><strong><strong><strong>Shannon Steeves<\/strong><\/strong><\/strong><\/strong><\/td><td class=\"has-text-align-center\" data-align=\"center\">The Canadian Orthoptic Society (TCOS)<\/td><\/tr><tr><td class=\"has-text-align-center\" data-align=\"center\"><strong><strong><strong><strong>Sonia Manuchian<\/strong><\/strong><\/strong><\/strong><\/td><td class=\"has-text-align-center\" data-align=\"center\">The Canadian Orthoptic Society (TCOS)<\/td><\/tr><tr><td class=\"has-text-align-center\" data-align=\"center\"><strong><strong><strong>Marc LaFontaine<\/strong><\/strong><\/strong><\/td><td class=\"has-text-align-center\" data-align=\"center\">Canadian Society of Ophthalmic Medical Personnel (CSOMP)<\/td><\/tr><tr><td class=\"has-text-align-center\" data-align=\"center\"><strong><strong><strong>Carla Blackburn<\/strong><\/strong><\/strong><\/td><td class=\"has-text-align-center\" data-align=\"center\">Canadian Society of Ophthalmic Medical Personnel (CSOMP)<\/td><\/tr><tr><td class=\"has-text-align-center\" data-align=\"center\"><strong>Catherine Callaghan<\/strong><\/td><td class=\"has-text-align-center\" data-align=\"center\">Canadian Society of Ophthalmic Registered Nurses (CSORN)<\/td><\/tr><\/tbody><\/table><\/figure>\n<\/div>\n","protected":false},"excerpt":{"rendered":"<p>\u00c9nonc\u00e9 de mission Le Comit\u00e9 de planification du Congr\u00e8s annuel&nbsp;(CPCA) rel\u00e8ve du Conseil du DPC de la SCO par l\u2019entremise de la pr\u00e9sidente du comit\u00e9, qui si\u00e8ge \u00e9galement au conseil d\u2019administration de la SCO.&nbsp;Le CPCA s\u2019occupe de pr\u00e9parer le contenu \u00e9ducatif et scientifique du Congr\u00e8s annuel et exposition&nbsp;de la SCO et travaille de concert avec [&hellip;]<\/p>\n","protected":false},"author":3,"featured_media":0,"parent":15379,"menu_order":0,"comment_status":"closed","ping_status":"closed","template":"","meta":{"footnotes":""},"class_list":["post-16054","page","type-page","status-publish","hentry"],"yoast_head":"<!-- This site is optimized with the Yoast SEO plugin v27.3 - https:\/\/yoast.com\/product\/yoast-seo-wordpress\/ -->\n<title>Comit\u00e9 de planification du Congr\u00e9s annuel (CPCA) - COS-SCO<\/title>\n<meta name=\"robots\" content=\"index, follow, max-snippet:-1, max-image-preview:large, max-video-preview:-1\" \/>\n<link rel=\"canonical\" href=\"https:\/\/www.cos-sco.ca\/fr\/about-us\/board-and-councils\/annual-meeting-planning-committee-ampc\/\" \/>\n<meta property=\"og:locale\" content=\"fr_FR\" \/>\n<meta property=\"og:type\" content=\"article\" \/>\n<meta property=\"og:title\" content=\"Comit\u00e9 de planification du Congr\u00e9s annuel (CPCA) - COS-SCO\" \/>\n<meta property=\"og:description\" content=\"\u00c9nonc\u00e9 de mission Le Comit\u00e9 de planification du Congr\u00e8s annuel&nbsp;(CPCA) rel\u00e8ve du Conseil du DPC de la SCO par l\u2019entremise de la pr\u00e9sidente du comit\u00e9, qui si\u00e8ge \u00e9galement au conseil d\u2019administration de la SCO.&nbsp;Le CPCA s\u2019occupe de pr\u00e9parer le contenu \u00e9ducatif et scientifique du Congr\u00e8s annuel et exposition&nbsp;de la SCO et travaille de concert avec [&hellip;]\" \/>\n<meta property=\"og:url\" content=\"https:\/\/www.cos-sco.ca\/fr\/about-us\/board-and-councils\/annual-meeting-planning-committee-ampc\/\" \/>\n<meta property=\"og:site_name\" content=\"COS-SCO\" \/>\n<meta property=\"article:modified_time\" content=\"2026-01-05T18:58:22+00:00\" \/>\n<meta property=\"og:image\" content=\"https:\/\/www.cos-sco.ca\/wp-content\/uploads\/2025\/10\/impact-bg-1024x702.png\" \/>\n<meta name=\"twitter:card\" content=\"summary_large_image\" \/>\n<meta name=\"twitter:label1\" content=\"Dur\u00e9e de lecture estim\u00e9e\" \/>\n\t<meta name=\"twitter:data1\" content=\"2 minutes\" \/>\n<script type=\"application\/ld+json\" class=\"yoast-schema-graph\">{\"@context\":\"https:\\\/\\\/schema.org\",\"@graph\":[{\"@type\":\"WebPage\",\"@id\":\"https:\\\/\\\/www.cos-sco.ca\\\/fr\\\/about-us\\\/board-and-councils\\\/annual-meeting-planning-committee-ampc\\\/\",\"url\":\"https:\\\/\\\/www.cos-sco.ca\\\/fr\\\/about-us\\\/board-and-councils\\\/annual-meeting-planning-committee-ampc\\\/\",\"name\":\"Comit\u00e9 de planification du Congr\u00e9s annuel (CPCA) - COS-SCO\",\"isPartOf\":{\"@id\":\"https:\\\/\\\/www.cos-sco.ca\\\/fr\\\/#website\"},\"primaryImageOfPage\":{\"@id\":\"https:\\\/\\\/www.cos-sco.ca\\\/fr\\\/about-us\\\/board-and-councils\\\/annual-meeting-planning-committee-ampc\\\/#primaryimage\"},\"image\":{\"@id\":\"https:\\\/\\\/www.cos-sco.ca\\\/fr\\\/about-us\\\/board-and-councils\\\/annual-meeting-planning-committee-ampc\\\/#primaryimage\"},\"thumbnailUrl\":\"https:\\\/\\\/www.cos-sco.ca\\\/wp-content\\\/uploads\\\/2025\\\/10\\\/impact-bg-1024x702.png\",\"datePublished\":\"2025-12-11T17:28:00+00:00\",\"dateModified\":\"2026-01-05T18:58:22+00:00\",\"breadcrumb\":{\"@id\":\"https:\\\/\\\/www.cos-sco.ca\\\/fr\\\/about-us\\\/board-and-councils\\\/annual-meeting-planning-committee-ampc\\\/#breadcrumb\"},\"inLanguage\":\"fr-FR\",\"potentialAction\":[{\"@type\":\"ReadAction\",\"target\":[\"https:\\\/\\\/www.cos-sco.ca\\\/fr\\\/about-us\\\/board-and-councils\\\/annual-meeting-planning-committee-ampc\\\/\"]}]},{\"@type\":\"ImageObject\",\"inLanguage\":\"fr-FR\",\"@id\":\"https:\\\/\\\/www.cos-sco.ca\\\/fr\\\/about-us\\\/board-and-councils\\\/annual-meeting-planning-committee-ampc\\\/#primaryimage\",\"url\":\"https:\\\/\\\/www.cos-sco.ca\\\/wp-content\\\/uploads\\\/2025\\\/10\\\/impact-bg-1024x702.png\",\"contentUrl\":\"https:\\\/\\\/www.cos-sco.ca\\\/wp-content\\\/uploads\\\/2025\\\/10\\\/impact-bg-1024x702.png\"},{\"@type\":\"BreadcrumbList\",\"@id\":\"https:\\\/\\\/www.cos-sco.ca\\\/fr\\\/about-us\\\/board-and-councils\\\/annual-meeting-planning-committee-ampc\\\/#breadcrumb\",\"itemListElement\":[{\"@type\":\"ListItem\",\"position\":1,\"name\":\"Home\",\"item\":\"https:\\\/\\\/www.cos-sco.ca\\\/fr\\\/\"},{\"@type\":\"ListItem\",\"position\":2,\"name\":\"Comit\u00e9 de planification du Congr\u00e9s annuel (CPCA)\"}]},{\"@type\":\"WebSite\",\"@id\":\"https:\\\/\\\/www.cos-sco.ca\\\/fr\\\/#website\",\"url\":\"https:\\\/\\\/www.cos-sco.ca\\\/fr\\\/\",\"name\":\"COS-SCO\",\"description\":\"\",\"publisher\":{\"@id\":\"https:\\\/\\\/www.cos-sco.ca\\\/fr\\\/#organization\"},\"potentialAction\":[{\"@type\":\"SearchAction\",\"target\":{\"@type\":\"EntryPoint\",\"urlTemplate\":\"https:\\\/\\\/www.cos-sco.ca\\\/fr\\\/?s={search_term_string}\"},\"query-input\":{\"@type\":\"PropertyValueSpecification\",\"valueRequired\":true,\"valueName\":\"search_term_string\"}}],\"inLanguage\":\"fr-FR\"},{\"@type\":\"Organization\",\"@id\":\"https:\\\/\\\/www.cos-sco.ca\\\/fr\\\/#organization\",\"name\":\"COS-SCO\",\"url\":\"https:\\\/\\\/www.cos-sco.ca\\\/fr\\\/\",\"logo\":{\"@type\":\"ImageObject\",\"inLanguage\":\"fr-FR\",\"@id\":\"https:\\\/\\\/www.cos-sco.ca\\\/fr\\\/#\\\/schema\\\/logo\\\/image\\\/\",\"url\":\"https:\\\/\\\/www.cos-sco.ca\\\/wp-content\\\/uploads\\\/2025\\\/10\\\/logo.png\",\"contentUrl\":\"https:\\\/\\\/www.cos-sco.ca\\\/wp-content\\\/uploads\\\/2025\\\/10\\\/logo.png\",\"width\":316,\"height\":180,\"caption\":\"COS-SCO\"},\"image\":{\"@id\":\"https:\\\/\\\/www.cos-sco.ca\\\/fr\\\/#\\\/schema\\\/logo\\\/image\\\/\"}}]}<\/script>\n<!-- \/ Yoast SEO plugin. -->","yoast_head_json":{"title":"Comit\u00e9 de planification du Congr\u00e9s annuel (CPCA) - COS-SCO","robots":{"index":"index","follow":"follow","max-snippet":"max-snippet:-1","max-image-preview":"max-image-preview:large","max-video-preview":"max-video-preview:-1"},"canonical":"https:\/\/www.cos-sco.ca\/fr\/about-us\/board-and-councils\/annual-meeting-planning-committee-ampc\/","og_locale":"fr_FR","og_type":"article","og_title":"Comit\u00e9 de planification du Congr\u00e9s annuel (CPCA) - COS-SCO","og_description":"\u00c9nonc\u00e9 de mission Le Comit\u00e9 de planification du Congr\u00e8s annuel&nbsp;(CPCA) rel\u00e8ve du Conseil du DPC de la SCO par l\u2019entremise de la pr\u00e9sidente du comit\u00e9, qui si\u00e8ge \u00e9galement au conseil d\u2019administration de la SCO.&nbsp;Le CPCA s\u2019occupe de pr\u00e9parer le contenu \u00e9ducatif et scientifique du Congr\u00e8s annuel et exposition&nbsp;de la SCO et travaille de concert avec [&hellip;]","og_url":"https:\/\/www.cos-sco.ca\/fr\/about-us\/board-and-councils\/annual-meeting-planning-committee-ampc\/","og_site_name":"COS-SCO","article_modified_time":"2026-01-05T18:58:22+00:00","og_image":[{"url":"https:\/\/www.cos-sco.ca\/wp-content\/uploads\/2025\/10\/impact-bg-1024x702.png","type":"","width":"","height":""}],"twitter_card":"summary_large_image","twitter_misc":{"Dur\u00e9e de lecture estim\u00e9e":"2 minutes"},"schema":{"@context":"https:\/\/schema.org","@graph":[{"@type":"WebPage","@id":"https:\/\/www.cos-sco.ca\/fr\/about-us\/board-and-councils\/annual-meeting-planning-committee-ampc\/","url":"https:\/\/www.cos-sco.ca\/fr\/about-us\/board-and-councils\/annual-meeting-planning-committee-ampc\/","name":"Comit\u00e9 de planification du Congr\u00e9s annuel (CPCA) - COS-SCO","isPartOf":{"@id":"https:\/\/www.cos-sco.ca\/fr\/#website"},"primaryImageOfPage":{"@id":"https:\/\/www.cos-sco.ca\/fr\/about-us\/board-and-councils\/annual-meeting-planning-committee-ampc\/#primaryimage"},"image":{"@id":"https:\/\/www.cos-sco.ca\/fr\/about-us\/board-and-councils\/annual-meeting-planning-committee-ampc\/#primaryimage"},"thumbnailUrl":"https:\/\/www.cos-sco.ca\/wp-content\/uploads\/2025\/10\/impact-bg-1024x702.png","datePublished":"2025-12-11T17:28:00+00:00","dateModified":"2026-01-05T18:58:22+00:00","breadcrumb":{"@id":"https:\/\/www.cos-sco.ca\/fr\/about-us\/board-and-councils\/annual-meeting-planning-committee-ampc\/#breadcrumb"},"inLanguage":"fr-FR","potentialAction":[{"@type":"ReadAction","target":["https:\/\/www.cos-sco.ca\/fr\/about-us\/board-and-councils\/annual-meeting-planning-committee-ampc\/"]}]},{"@type":"ImageObject","inLanguage":"fr-FR","@id":"https:\/\/www.cos-sco.ca\/fr\/about-us\/board-and-councils\/annual-meeting-planning-committee-ampc\/#primaryimage","url":"https:\/\/www.cos-sco.ca\/wp-content\/uploads\/2025\/10\/impact-bg-1024x702.png","contentUrl":"https:\/\/www.cos-sco.ca\/wp-content\/uploads\/2025\/10\/impact-bg-1024x702.png"},{"@type":"BreadcrumbList","@id":"https:\/\/www.cos-sco.ca\/fr\/about-us\/board-and-councils\/annual-meeting-planning-committee-ampc\/#breadcrumb","itemListElement":[{"@type":"ListItem","position":1,"name":"Home","item":"https:\/\/www.cos-sco.ca\/fr\/"},{"@type":"ListItem","position":2,"name":"Comit\u00e9 de planification du Congr\u00e9s annuel (CPCA)"}]},{"@type":"WebSite","@id":"https:\/\/www.cos-sco.ca\/fr\/#website","url":"https:\/\/www.cos-sco.ca\/fr\/","name":"COS-SCO","description":"","publisher":{"@id":"https:\/\/www.cos-sco.ca\/fr\/#organization"},"potentialAction":[{"@type":"SearchAction","target":{"@type":"EntryPoint","urlTemplate":"https:\/\/www.cos-sco.ca\/fr\/?s={search_term_string}"},"query-input":{"@type":"PropertyValueSpecification","valueRequired":true,"valueName":"search_term_string"}}],"inLanguage":"fr-FR"},{"@type":"Organization","@id":"https:\/\/www.cos-sco.ca\/fr\/#organization","name":"COS-SCO","url":"https:\/\/www.cos-sco.ca\/fr\/","logo":{"@type":"ImageObject","inLanguage":"fr-FR","@id":"https:\/\/www.cos-sco.ca\/fr\/#\/schema\/logo\/image\/","url":"https:\/\/www.cos-sco.ca\/wp-content\/uploads\/2025\/10\/logo.png","contentUrl":"https:\/\/www.cos-sco.ca\/wp-content\/uploads\/2025\/10\/logo.png","width":316,"height":180,"caption":"COS-SCO"},"image":{"@id":"https:\/\/www.cos-sco.ca\/fr\/#\/schema\/logo\/image\/"}}]}},"_links":{"self":[{"href":"https:\/\/www.cos-sco.ca\/fr\/wp-json\/wp\/v2\/pages\/16054","targetHints":{"allow":["GET"]}}],"collection":[{"href":"https:\/\/www.cos-sco.ca\/fr\/wp-json\/wp\/v2\/pages"}],"about":[{"href":"https:\/\/www.cos-sco.ca\/fr\/wp-json\/wp\/v2\/types\/page"}],"author":[{"embeddable":true,"href":"https:\/\/www.cos-sco.ca\/fr\/wp-json\/wp\/v2\/users\/3"}],"replies":[{"embeddable":true,"href":"https:\/\/www.cos-sco.ca\/fr\/wp-json\/wp\/v2\/comments?post=16054"}],"version-history":[{"count":2,"href":"https:\/\/www.cos-sco.ca\/fr\/wp-json\/wp\/v2\/pages\/16054\/revisions"}],"predecessor-version":[{"id":16385,"href":"https:\/\/www.cos-sco.ca\/fr\/wp-json\/wp\/v2\/pages\/16054\/revisions\/16385"}],"up":[{"embeddable":true,"href":"https:\/\/www.cos-sco.ca\/fr\/wp-json\/wp\/v2\/pages\/15379"}],"wp:attachment":[{"href":"https:\/\/www.cos-sco.ca\/fr\/wp-json\/wp\/v2\/media?parent=16054"}],"curies":[{"name":"wp","href":"https:\/\/api.w.org\/{rel}","templated":true}]}}