{"id":16048,"date":"2025-12-11T11:39:51","date_gmt":"2025-12-11T16:39:51","guid":{"rendered":"https:\/\/www.cos-sco.ca\/about-us\/board-and-councils\/council-on-advocacy\/"},"modified":"2025-12-11T11:43:47","modified_gmt":"2025-12-11T16:43:47","slug":"council-on-advocacy","status":"publish","type":"page","link":"https:\/\/www.cos-sco.ca\/fr\/about-us\/board-and-councils\/council-on-advocacy\/","title":{"rendered":"Conseil des grands enjeux de la profession"},"content":{"rendered":"\n<div class=\"wp-block-cover alignfull\" style=\"min-height:343px;aspect-ratio:unset;\"><img loading=\"lazy\" decoding=\"async\" width=\"1024\" height=\"702\" class=\"wp-block-cover__image-background wp-image-208 size-large\" alt=\"\" src=\"https:\/\/www.cos-sco.ca\/wp-content\/uploads\/2025\/10\/impact-bg-1024x702.png\" data-object-fit=\"cover\" srcset=\"https:\/\/www.cos-sco.ca\/wp-content\/uploads\/2025\/10\/impact-bg-1024x702.png 1024w, https:\/\/www.cos-sco.ca\/wp-content\/uploads\/2025\/10\/impact-bg-300x206.png 300w, https:\/\/www.cos-sco.ca\/wp-content\/uploads\/2025\/10\/impact-bg-768x526.png 768w, https:\/\/www.cos-sco.ca\/wp-content\/uploads\/2025\/10\/impact-bg-1536x1052.png 1536w, https:\/\/www.cos-sco.ca\/wp-content\/uploads\/2025\/10\/impact-bg-2048x1403.png 2048w\" sizes=\"auto, (max-width: 1024px) 100vw, 1024px\" \/><span aria-hidden=\"true\" class=\"wp-block-cover__background has-background-dim\" style=\"background-color:#3f4460\"><\/span><div class=\"wp-block-cover__inner-container is-layout-constrained wp-block-cover-is-layout-constrained\">\n<h1 class=\"wp-block-heading has-text-align-center\">Conseil des grands enjeux de la profession<\/h1>\n<\/div><\/div>\n\n\n<div class=\"yoast-breadcrumbs\"><span><span><a href=\"https:\/\/www.cos-sco.ca\/fr\/\">Home<\/a><\/span> \/ <span class=\"breadcrumb_last\" aria-current=\"page\">Conseil des grands enjeux de la profession<\/span><\/span><\/div>\n\n\n<p class=\"has-text-align-center\"><strong>\u00c9nonc\u00e9 de mission<\/strong><\/p>\n\n\n\n<p class=\"has-text-align-center\">La Soci\u00e9t\u00e9 canadienne d\u2019ophtalmologie (SCO) a pour mission de favoriser la prestation optimale de soins oculovisuels m\u00e9dicaux et chirurgicaux \u00e0 la population canadienne. \u00c0 cette fin, elle favorise l\u2019excellence en ophtalmologie et offre des services de soutien \u00e0 ses membres en exercice.<\/p>\n\n\n\n<p class=\"has-text-align-center\">La SCO pr\u00e9conise la meilleure sant\u00e9 oculovisuelle possible pour tous les Canadiens.<\/p>\n\n\n\n<p class=\"has-text-align-center\">La SCO fait progresser la sant\u00e9 oculovisuelle en travaillant \u00e0 l\u2019am\u00e9lioration des normes canadiennes de soins oculovisuels gr\u00e2ce aux efforts de son Conseil d\u2019administration et de ses diff\u00e9rents conseils et comit\u00e9s, et aussi gr\u00e2ce aux liens qu\u2019elle entretient avec les organisations nationales et internationales d\u2019ophtalmologie et de soins oculovisuels.<\/p>\n\n\n\n<h3 class=\"wp-block-heading has-text-align-center\">Message du pr\u00e9sident du Conseil des grands enjeux de la profession, la Dre Nina Ahuja<\/h3>\n\n\n\n<figure class=\"wp-block-image aligncenter size-full is-resized\" style=\"margin-left:var(--wp--preset--spacing--md)\"><img loading=\"lazy\" decoding=\"async\" width=\"345\" height=\"274\" src=\"https:\/\/www.cos-sco.ca\/wp-content\/uploads\/2025\/12\/8be219cf6a7a5ed7a807380db0481cb42f3d72cf.png\" alt=\"\" class=\"wp-image-15859\" style=\"width:254px;height:auto\" srcset=\"https:\/\/www.cos-sco.ca\/wp-content\/uploads\/2025\/12\/8be219cf6a7a5ed7a807380db0481cb42f3d72cf.png 345w, https:\/\/www.cos-sco.ca\/wp-content\/uploads\/2025\/12\/8be219cf6a7a5ed7a807380db0481cb42f3d72cf-300x238.png 300w\" sizes=\"auto, (max-width: 345px) 100vw, 345px\" \/><\/figure>\n\n\n\n<p>Nous sommes \u00e0 un moment charni\u00e8re de notre profession, alors que les tendances g\u00e9n\u00e9rales \u00e0 la privatisation pr\u00e9sentent \u00e0 la fois des d\u00e9fis et des possibilit\u00e9s pour l\u2019ophtalmologie au Canada. \u00c0 l\u2019heure actuelle, il est essentiel que nous sensibilisions le public et que nous restions unis en tant que groupe coh\u00e9rent d\u2019ophtalmologistes. Notre engagement \u00e0 prot\u00e9ger les int\u00e9r\u00eats de nos patients et \u00e0 d\u00e9fendre notre profession est plus important que jamais.<\/p>\n\n\n\n<p>En tant que pr\u00e9sidente du Conseil des grands enjeux de la profession, je suis honor\u00e9e de repr\u00e9senter les m\u00e9decins et chirurgiens ophtalmologistes du Canada. Notre Conseil s\u2019engage \u00e0 travailler de fa\u00e7on strat\u00e9gique avec les gouvernements, les partenaires de l\u2019industrie et les membres des professions param\u00e9dicales pour aborder les questions cl\u00e9s en mati\u00e8re de repr\u00e9sentation. Notre objectif est de mettre en \u00e9vidence les comp\u00e9tences et les contributions uniques des ophtalmologistes dans le domaine des soins oculaires chirurgicaux et m\u00e9dicaux aupr\u00e8s du public, des m\u00e9decins, des m\u00e9dias, du gouvernement et des d\u00e9cideurs en sant\u00e9, conform\u00e9ment \u00e0 la mission de la Soci\u00e9t\u00e9 canadienne d\u2019ophtalmologie qui est de pr\u00e9server le don de la vue pour l\u2019ensemble de la population canadienne. Vous pouvez lire notre <a href=\"https:\/\/www.cos-sco.ca\/fr\/advocacy\/\">d\u00e9claration de plaidoyer ici<\/a>.<\/p>\n\n\n\n<p>Gr\u00e2ce \u00e0 votre g\u00e9n\u00e9reux soutien au moyen du <a href=\"https:\/\/www.cos-sco.ca\/fr\/advocacy\/public-awareness-fund\/\">Fonds de promotion et de sensibilisation publique<\/a> de la SCO, la SCO a pu faire entendre votre voix aupr\u00e8s du gouvernement, du public et d\u2019autres intervenants. En travaillant de fa\u00e7on collaborative et en tirant profit de notre expertise collective, nous pouvons am\u00e9liorer notre capacit\u00e9 d\u2019adaptation au paysage en constante \u00e9volution des soins de sant\u00e9 et faire en sorte que notre profession continue de s\u2019\u00e9panouir.<\/p>\n\n\n\n<p>Au nom du Conseil, je vous remercie de votre soutien ind\u00e9fectible et de votre engagement envers nos patients et notre profession.<\/p>\n","protected":false},"excerpt":{"rendered":"<p>\u00c9nonc\u00e9 de mission La Soci\u00e9t\u00e9 canadienne d\u2019ophtalmologie (SCO) a pour mission de favoriser la prestation optimale de soins oculovisuels m\u00e9dicaux et chirurgicaux \u00e0 la population canadienne. \u00c0 cette fin, elle favorise l\u2019excellence en ophtalmologie et offre des services de soutien \u00e0 ses membres en exercice. La SCO pr\u00e9conise la meilleure sant\u00e9 oculovisuelle possible pour tous [&hellip;]<\/p>\n","protected":false},"author":3,"featured_media":0,"parent":15379,"menu_order":0,"comment_status":"closed","ping_status":"closed","template":"","meta":{"footnotes":""},"class_list":["post-16048","page","type-page","status-publish","hentry"],"yoast_head":"<!-- This site is optimized with the Yoast SEO plugin v27.3 - https:\/\/yoast.com\/product\/yoast-seo-wordpress\/ -->\n<title>Conseil des grands enjeux de la profession - COS-SCO<\/title>\n<meta name=\"robots\" content=\"index, follow, max-snippet:-1, max-image-preview:large, max-video-preview:-1\" \/>\n<link rel=\"canonical\" href=\"https:\/\/www.cos-sco.ca\/fr\/about-us\/board-and-councils\/council-on-advocacy\/\" \/>\n<meta property=\"og:locale\" content=\"fr_FR\" \/>\n<meta property=\"og:type\" content=\"article\" \/>\n<meta property=\"og:title\" content=\"Conseil des grands enjeux de la profession - COS-SCO\" \/>\n<meta property=\"og:description\" content=\"\u00c9nonc\u00e9 de mission La Soci\u00e9t\u00e9 canadienne d\u2019ophtalmologie (SCO) a pour mission de favoriser la prestation optimale de soins oculovisuels m\u00e9dicaux et chirurgicaux \u00e0 la population canadienne. \u00c0 cette fin, elle favorise l\u2019excellence en ophtalmologie et offre des services de soutien \u00e0 ses membres en exercice. La SCO pr\u00e9conise la meilleure sant\u00e9 oculovisuelle possible pour tous [&hellip;]\" \/>\n<meta property=\"og:url\" content=\"https:\/\/www.cos-sco.ca\/fr\/about-us\/board-and-councils\/council-on-advocacy\/\" \/>\n<meta property=\"og:site_name\" content=\"COS-SCO\" \/>\n<meta property=\"article:modified_time\" content=\"2025-12-11T16:43:47+00:00\" \/>\n<meta property=\"og:image\" content=\"https:\/\/www.cos-sco.ca\/wp-content\/uploads\/2025\/10\/impact-bg-1024x702.png\" \/>\n<meta name=\"twitter:card\" content=\"summary_large_image\" \/>\n<meta name=\"twitter:label1\" content=\"Dur\u00e9e de lecture estim\u00e9e\" \/>\n\t<meta name=\"twitter:data1\" content=\"3 minutes\" \/>\n<script type=\"application\/ld+json\" class=\"yoast-schema-graph\">{\"@context\":\"https:\\\/\\\/schema.org\",\"@graph\":[{\"@type\":\"WebPage\",\"@id\":\"https:\\\/\\\/www.cos-sco.ca\\\/fr\\\/about-us\\\/board-and-councils\\\/council-on-advocacy\\\/\",\"url\":\"https:\\\/\\\/www.cos-sco.ca\\\/fr\\\/about-us\\\/board-and-councils\\\/council-on-advocacy\\\/\",\"name\":\"Conseil des grands enjeux de la profession - COS-SCO\",\"isPartOf\":{\"@id\":\"https:\\\/\\\/www.cos-sco.ca\\\/fr\\\/#website\"},\"primaryImageOfPage\":{\"@id\":\"https:\\\/\\\/www.cos-sco.ca\\\/fr\\\/about-us\\\/board-and-councils\\\/council-on-advocacy\\\/#primaryimage\"},\"image\":{\"@id\":\"https:\\\/\\\/www.cos-sco.ca\\\/fr\\\/about-us\\\/board-and-councils\\\/council-on-advocacy\\\/#primaryimage\"},\"thumbnailUrl\":\"https:\\\/\\\/www.cos-sco.ca\\\/wp-content\\\/uploads\\\/2025\\\/10\\\/impact-bg-1024x702.png\",\"datePublished\":\"2025-12-11T16:39:51+00:00\",\"dateModified\":\"2025-12-11T16:43:47+00:00\",\"breadcrumb\":{\"@id\":\"https:\\\/\\\/www.cos-sco.ca\\\/fr\\\/about-us\\\/board-and-councils\\\/council-on-advocacy\\\/#breadcrumb\"},\"inLanguage\":\"fr-FR\",\"potentialAction\":[{\"@type\":\"ReadAction\",\"target\":[\"https:\\\/\\\/www.cos-sco.ca\\\/fr\\\/about-us\\\/board-and-councils\\\/council-on-advocacy\\\/\"]}]},{\"@type\":\"ImageObject\",\"inLanguage\":\"fr-FR\",\"@id\":\"https:\\\/\\\/www.cos-sco.ca\\\/fr\\\/about-us\\\/board-and-councils\\\/council-on-advocacy\\\/#primaryimage\",\"url\":\"https:\\\/\\\/www.cos-sco.ca\\\/wp-content\\\/uploads\\\/2025\\\/10\\\/impact-bg-1024x702.png\",\"contentUrl\":\"https:\\\/\\\/www.cos-sco.ca\\\/wp-content\\\/uploads\\\/2025\\\/10\\\/impact-bg-1024x702.png\"},{\"@type\":\"BreadcrumbList\",\"@id\":\"https:\\\/\\\/www.cos-sco.ca\\\/fr\\\/about-us\\\/board-and-councils\\\/council-on-advocacy\\\/#breadcrumb\",\"itemListElement\":[{\"@type\":\"ListItem\",\"position\":1,\"name\":\"Home\",\"item\":\"https:\\\/\\\/www.cos-sco.ca\\\/fr\\\/\"},{\"@type\":\"ListItem\",\"position\":2,\"name\":\"Conseil des grands enjeux de la profession\"}]},{\"@type\":\"WebSite\",\"@id\":\"https:\\\/\\\/www.cos-sco.ca\\\/fr\\\/#website\",\"url\":\"https:\\\/\\\/www.cos-sco.ca\\\/fr\\\/\",\"name\":\"COS-SCO\",\"description\":\"\",\"publisher\":{\"@id\":\"https:\\\/\\\/www.cos-sco.ca\\\/fr\\\/#organization\"},\"potentialAction\":[{\"@type\":\"SearchAction\",\"target\":{\"@type\":\"EntryPoint\",\"urlTemplate\":\"https:\\\/\\\/www.cos-sco.ca\\\/fr\\\/?s={search_term_string}\"},\"query-input\":{\"@type\":\"PropertyValueSpecification\",\"valueRequired\":true,\"valueName\":\"search_term_string\"}}],\"inLanguage\":\"fr-FR\"},{\"@type\":\"Organization\",\"@id\":\"https:\\\/\\\/www.cos-sco.ca\\\/fr\\\/#organization\",\"name\":\"COS-SCO\",\"url\":\"https:\\\/\\\/www.cos-sco.ca\\\/fr\\\/\",\"logo\":{\"@type\":\"ImageObject\",\"inLanguage\":\"fr-FR\",\"@id\":\"https:\\\/\\\/www.cos-sco.ca\\\/fr\\\/#\\\/schema\\\/logo\\\/image\\\/\",\"url\":\"https:\\\/\\\/www.cos-sco.ca\\\/wp-content\\\/uploads\\\/2025\\\/10\\\/logo.png\",\"contentUrl\":\"https:\\\/\\\/www.cos-sco.ca\\\/wp-content\\\/uploads\\\/2025\\\/10\\\/logo.png\",\"width\":316,\"height\":180,\"caption\":\"COS-SCO\"},\"image\":{\"@id\":\"https:\\\/\\\/www.cos-sco.ca\\\/fr\\\/#\\\/schema\\\/logo\\\/image\\\/\"}}]}<\/script>\n<!-- \/ Yoast SEO plugin. -->","yoast_head_json":{"title":"Conseil des grands enjeux de la profession - COS-SCO","robots":{"index":"index","follow":"follow","max-snippet":"max-snippet:-1","max-image-preview":"max-image-preview:large","max-video-preview":"max-video-preview:-1"},"canonical":"https:\/\/www.cos-sco.ca\/fr\/about-us\/board-and-councils\/council-on-advocacy\/","og_locale":"fr_FR","og_type":"article","og_title":"Conseil des grands enjeux de la profession - COS-SCO","og_description":"\u00c9nonc\u00e9 de mission La Soci\u00e9t\u00e9 canadienne d\u2019ophtalmologie (SCO) a pour mission de favoriser la prestation optimale de soins oculovisuels m\u00e9dicaux et chirurgicaux \u00e0 la population canadienne. \u00c0 cette fin, elle favorise l\u2019excellence en ophtalmologie et offre des services de soutien \u00e0 ses membres en exercice. La SCO pr\u00e9conise la meilleure sant\u00e9 oculovisuelle possible pour tous [&hellip;]","og_url":"https:\/\/www.cos-sco.ca\/fr\/about-us\/board-and-councils\/council-on-advocacy\/","og_site_name":"COS-SCO","article_modified_time":"2025-12-11T16:43:47+00:00","og_image":[{"url":"https:\/\/www.cos-sco.ca\/wp-content\/uploads\/2025\/10\/impact-bg-1024x702.png","type":"","width":"","height":""}],"twitter_card":"summary_large_image","twitter_misc":{"Dur\u00e9e de lecture estim\u00e9e":"3 minutes"},"schema":{"@context":"https:\/\/schema.org","@graph":[{"@type":"WebPage","@id":"https:\/\/www.cos-sco.ca\/fr\/about-us\/board-and-councils\/council-on-advocacy\/","url":"https:\/\/www.cos-sco.ca\/fr\/about-us\/board-and-councils\/council-on-advocacy\/","name":"Conseil des grands enjeux de la profession - COS-SCO","isPartOf":{"@id":"https:\/\/www.cos-sco.ca\/fr\/#website"},"primaryImageOfPage":{"@id":"https:\/\/www.cos-sco.ca\/fr\/about-us\/board-and-councils\/council-on-advocacy\/#primaryimage"},"image":{"@id":"https:\/\/www.cos-sco.ca\/fr\/about-us\/board-and-councils\/council-on-advocacy\/#primaryimage"},"thumbnailUrl":"https:\/\/www.cos-sco.ca\/wp-content\/uploads\/2025\/10\/impact-bg-1024x702.png","datePublished":"2025-12-11T16:39:51+00:00","dateModified":"2025-12-11T16:43:47+00:00","breadcrumb":{"@id":"https:\/\/www.cos-sco.ca\/fr\/about-us\/board-and-councils\/council-on-advocacy\/#breadcrumb"},"inLanguage":"fr-FR","potentialAction":[{"@type":"ReadAction","target":["https:\/\/www.cos-sco.ca\/fr\/about-us\/board-and-councils\/council-on-advocacy\/"]}]},{"@type":"ImageObject","inLanguage":"fr-FR","@id":"https:\/\/www.cos-sco.ca\/fr\/about-us\/board-and-councils\/council-on-advocacy\/#primaryimage","url":"https:\/\/www.cos-sco.ca\/wp-content\/uploads\/2025\/10\/impact-bg-1024x702.png","contentUrl":"https:\/\/www.cos-sco.ca\/wp-content\/uploads\/2025\/10\/impact-bg-1024x702.png"},{"@type":"BreadcrumbList","@id":"https:\/\/www.cos-sco.ca\/fr\/about-us\/board-and-councils\/council-on-advocacy\/#breadcrumb","itemListElement":[{"@type":"ListItem","position":1,"name":"Home","item":"https:\/\/www.cos-sco.ca\/fr\/"},{"@type":"ListItem","position":2,"name":"Conseil des grands enjeux de la profession"}]},{"@type":"WebSite","@id":"https:\/\/www.cos-sco.ca\/fr\/#website","url":"https:\/\/www.cos-sco.ca\/fr\/","name":"COS-SCO","description":"","publisher":{"@id":"https:\/\/www.cos-sco.ca\/fr\/#organization"},"potentialAction":[{"@type":"SearchAction","target":{"@type":"EntryPoint","urlTemplate":"https:\/\/www.cos-sco.ca\/fr\/?s={search_term_string}"},"query-input":{"@type":"PropertyValueSpecification","valueRequired":true,"valueName":"search_term_string"}}],"inLanguage":"fr-FR"},{"@type":"Organization","@id":"https:\/\/www.cos-sco.ca\/fr\/#organization","name":"COS-SCO","url":"https:\/\/www.cos-sco.ca\/fr\/","logo":{"@type":"ImageObject","inLanguage":"fr-FR","@id":"https:\/\/www.cos-sco.ca\/fr\/#\/schema\/logo\/image\/","url":"https:\/\/www.cos-sco.ca\/wp-content\/uploads\/2025\/10\/logo.png","contentUrl":"https:\/\/www.cos-sco.ca\/wp-content\/uploads\/2025\/10\/logo.png","width":316,"height":180,"caption":"COS-SCO"},"image":{"@id":"https:\/\/www.cos-sco.ca\/fr\/#\/schema\/logo\/image\/"}}]}},"_links":{"self":[{"href":"https:\/\/www.cos-sco.ca\/fr\/wp-json\/wp\/v2\/pages\/16048","targetHints":{"allow":["GET"]}}],"collection":[{"href":"https:\/\/www.cos-sco.ca\/fr\/wp-json\/wp\/v2\/pages"}],"about":[{"href":"https:\/\/www.cos-sco.ca\/fr\/wp-json\/wp\/v2\/types\/page"}],"author":[{"embeddable":true,"href":"https:\/\/www.cos-sco.ca\/fr\/wp-json\/wp\/v2\/users\/3"}],"replies":[{"embeddable":true,"href":"https:\/\/www.cos-sco.ca\/fr\/wp-json\/wp\/v2\/comments?post=16048"}],"version-history":[{"count":1,"href":"https:\/\/www.cos-sco.ca\/fr\/wp-json\/wp\/v2\/pages\/16048\/revisions"}],"predecessor-version":[{"id":16050,"href":"https:\/\/www.cos-sco.ca\/fr\/wp-json\/wp\/v2\/pages\/16048\/revisions\/16050"}],"up":[{"embeddable":true,"href":"https:\/\/www.cos-sco.ca\/fr\/wp-json\/wp\/v2\/pages\/15379"}],"wp:attachment":[{"href":"https:\/\/www.cos-sco.ca\/fr\/wp-json\/wp\/v2\/media?parent=16048"}],"curies":[{"name":"wp","href":"https:\/\/api.w.org\/{rel}","templated":true}]}}