{"id":16010,"date":"2025-12-11T11:09:42","date_gmt":"2025-12-11T16:09:42","guid":{"rendered":"https:\/\/www.cos-sco.ca\/about-us\/board-and-councils\/ergonomics-and-injury-prevention-working-group\/"},"modified":"2026-03-03T13:14:58","modified_gmt":"2026-03-03T18:14:58","slug":"ergonomics-and-injury-prevention-working-group","status":"publish","type":"page","link":"https:\/\/www.cos-sco.ca\/fr\/about-us\/board-and-councils\/ergonomics-and-injury-prevention-working-group\/","title":{"rendered":"Groupe de travail sur l\u2019ergonomie et la pr\u00e9vention des blessures"},"content":{"rendered":"\n<div class=\"wp-block-cover alignfull\" style=\"min-height:343px;aspect-ratio:unset;\"><img loading=\"lazy\" decoding=\"async\" width=\"1024\" height=\"702\" class=\"wp-block-cover__image-background wp-image-208 size-large\" alt=\"\" src=\"https:\/\/www.cos-sco.ca\/wp-content\/uploads\/2025\/10\/impact-bg-1024x702.png\" data-object-fit=\"cover\" srcset=\"https:\/\/www.cos-sco.ca\/wp-content\/uploads\/2025\/10\/impact-bg-1024x702.png 1024w, https:\/\/www.cos-sco.ca\/wp-content\/uploads\/2025\/10\/impact-bg-300x206.png 300w, https:\/\/www.cos-sco.ca\/wp-content\/uploads\/2025\/10\/impact-bg-768x526.png 768w, https:\/\/www.cos-sco.ca\/wp-content\/uploads\/2025\/10\/impact-bg-1536x1052.png 1536w, https:\/\/www.cos-sco.ca\/wp-content\/uploads\/2025\/10\/impact-bg-2048x1403.png 2048w\" sizes=\"auto, (max-width: 1024px) 100vw, 1024px\" \/><span aria-hidden=\"true\" class=\"wp-block-cover__background has-background-dim\" style=\"background-color:#3f4460\"><\/span><div class=\"wp-block-cover__inner-container is-layout-constrained wp-block-cover-is-layout-constrained\">\n<h1 class=\"wp-block-heading has-text-align-center\">Groupe de travail sur l\u2019ergonomie et la pr\u00e9vention des blessures<\/h1>\n<\/div><\/div>\n\n\n<div class=\"yoast-breadcrumbs\"><span><span><a href=\"https:\/\/www.cos-sco.ca\/fr\/\">Home<\/a><\/span> \/ <span class=\"breadcrumb_last\" aria-current=\"page\">Groupe de travail sur l\u2019ergonomie et la pr\u00e9vention des blessures<\/span><\/span><\/div>\n\n\n<p>Le Groupe de travail sur l\u2019ergonomie et la pr\u00e9vention des blessures vise \u00e0 sensibiliser les ophtalmologistes et stagiaires canadiens aux strat\u00e9gies ergonomiques \u2013 \u00e0 la maison, \u00e0 la clinique ou en salle d\u2019op\u00e9ration \u2013 permettant d\u2019att\u00e9nuer les risques li\u00e9s aux blessures professionnelles. Les initiatives incluront des webinaires, des s\u00e9ances en personne au Congr\u00e8s annuel de la SCO, des campagnes dans les m\u00e9dias sociaux et la pr\u00e9paration de mat\u00e9riel de formation destin\u00e9 aux m\u00e9decins \u00e0 toutes les \u00e9tapes de leur carri\u00e8re. Nous sommes l\u00e0 pour vous aider!<\/p>\n\n\n\n<figure class=\"wp-block-image aligncenter size-full\"><img loading=\"lazy\" decoding=\"async\" width=\"1024\" height=\"136\" src=\"https:\/\/www.cos-sco.ca\/wp-content\/uploads\/2025\/12\/Affinity-2021-lockup-horizontal-FR-1024x136-1.png\" alt=\"\" class=\"wp-image-16015\" srcset=\"https:\/\/www.cos-sco.ca\/wp-content\/uploads\/2025\/12\/Affinity-2021-lockup-horizontal-FR-1024x136-1.png 1024w, https:\/\/www.cos-sco.ca\/wp-content\/uploads\/2025\/12\/Affinity-2021-lockup-horizontal-FR-1024x136-1-300x40.png 300w, https:\/\/www.cos-sco.ca\/wp-content\/uploads\/2025\/12\/Affinity-2021-lockup-horizontal-FR-1024x136-1-768x102.png 768w\" sizes=\"auto, (max-width: 1024px) 100vw, 1024px\" \/><\/figure>\n\n\n\n<p class=\"has-text-align-center\"><em>L\u2019Association m\u00e9dicale canadienne, Gestion financi\u00e8re MD inc. et la Banque Scotia sont fi\u00e8res d\u2019appuyer la campagne d\u2019ergonomie et de pr\u00e9vention des blessures de la SCO, l\u2019une des nombreuses initiatives couvertes par leur engagement \u00e0 hauteur de 115 millions de dollars en vue de soutenir la profession m\u00e9dicale et de faire progresser la sant\u00e9 au Canada.<\/em><\/p>\n\n\n\n<p class=\"has-text-align-center\"><strong>Vous avez rat\u00e9 le webinaire de la SCO sur l\u2019ergonomie et la pr\u00e9vention des blessures?<br><\/strong>Voyez <a href=\"https:\/\/youtu.be\/aZAusMaIpg4\" target=\"_blank\" rel=\"noreferrer noopener\">l\u2019enregistrement complet sur YouTube<\/a> pour apprendre des strat\u00e9gies pratiques qui vous permettront de rester en sant\u00e9 dans votre pratique.<\/p>\n\n\n\n<figure class=\"wp-block-image aligncenter size-full is-resized\" style=\"margin-top:var(--wp--preset--spacing--md);margin-bottom:var(--wp--preset--spacing--md)\"><img loading=\"lazy\" decoding=\"async\" width=\"887\" height=\"1024\" src=\"https:\/\/www.cos-sco.ca\/wp-content\/uploads\/2025\/11\/Ergonomics-icon-colour-887x1024-1.jpg\" alt=\"\" class=\"wp-image-15797\" style=\"width:328px;height:auto\" srcset=\"https:\/\/www.cos-sco.ca\/wp-content\/uploads\/2025\/11\/Ergonomics-icon-colour-887x1024-1.jpg 887w, https:\/\/www.cos-sco.ca\/wp-content\/uploads\/2025\/11\/Ergonomics-icon-colour-887x1024-1-260x300.jpg 260w, https:\/\/www.cos-sco.ca\/wp-content\/uploads\/2025\/11\/Ergonomics-icon-colour-887x1024-1-768x887.jpg 768w\" sizes=\"auto, (max-width: 887px) 100vw, 887px\" \/><\/figure>\n\n\n\n<div class=\"wp-block-columns alignfull has-grey-1-background-color has-background is-layout-flex wp-container-core-columns-is-layout-28f84493 wp-block-columns-is-layout-flex\">\n<div class=\"wp-block-column is-layout-flow wp-block-column-is-layout-flow\">\n<figure class=\"wp-block-image aligncenter size-full is-resized\"><img loading=\"lazy\" decoding=\"async\" width=\"566\" height=\"854\" src=\"https:\/\/www.cos-sco.ca\/wp-content\/uploads\/2025\/12\/image-1.png\" alt=\"\" class=\"wp-image-16020\" style=\"aspect-ratio:0.6628689798032108;width:142px;height:auto\" srcset=\"https:\/\/www.cos-sco.ca\/wp-content\/uploads\/2025\/12\/image-1.png 566w, https:\/\/www.cos-sco.ca\/wp-content\/uploads\/2025\/12\/image-1-199x300.png 199w\" sizes=\"auto, (max-width: 566px) 100vw, 566px\" \/><\/figure>\n\n\n\n<p class=\"has-text-align-center\"><strong><strong>Nous sommes l\u00e0 pour vous aider&nbsp;!<\/strong><\/strong><br>Partagez cette affiche, qui donne des conseils pour pr\u00e9server la force et la sant\u00e9 de votre dos, de votre cou et de votre corps.<br><a href=\"https:\/\/www.cos-sco.ca\/wp-content\/uploads\/2025\/12\/Eye-on-ergonomics-poster-French-electronic.pdf\" target=\"_blank\" rel=\"noreferrer noopener\">Format \u00e9lectronique<\/a> | <a href=\"https:\/\/www.cos-sco.ca\/wp-content\/uploads\/2025\/12\/Eye-on-ergonomics-poster-French-print.pdf\" target=\"_blank\" rel=\"noreferrer noopener\">Format imprim\u00e9<\/a> | <a href=\"https:\/\/www.cos-sco.ca\/wp-content\/uploads\/2025\/12\/Eye-on-ergonomics-poster-French-web.pdf\" target=\"_blank\" rel=\"noreferrer noopener\">Web<\/a><\/p>\n<\/div>\n<\/div>\n\n\n\n<h2 class=\"wp-block-heading has-text-align-center\">Members<\/h2>\n\n\n\n<div class=\"wp-block-group is-layout-constrained wp-container-core-group-is-layout-417e90ee wp-block-group-is-layout-constrained\" style=\"padding-top:var(--wp--preset--spacing--md);padding-bottom:var(--wp--preset--spacing--md)\">\n<figure class=\"wp-block-table has-table-padding has-dark-table-header is-style-stripes\"><table class=\"has-fixed-layout\"><thead><tr><th class=\"has-text-align-center\" data-align=\"center\">Nom<\/th><th class=\"has-text-align-center\" data-align=\"center\">Titre<\/th><\/tr><\/thead><tbody><tr><td class=\"has-text-align-center\" data-align=\"center\">R. Rishi Gupta, MD<\/td><td class=\"has-text-align-center\" data-align=\"center\">Chair<\/td><\/tr><tr><td class=\"has-text-align-center\" data-align=\"center\">Yusuf Ahmed, MD<\/td><td class=\"has-text-align-center\" data-align=\"center\"><\/td><\/tr><tr><td class=\"has-text-align-center\" data-align=\"center\">Cyril Archambault, MD<\/td><td class=\"has-text-align-center\" data-align=\"center\"><\/td><\/tr><tr><td class=\"has-text-align-center\" data-align=\"center\">Kashif Baig, MD<\/td><td class=\"has-text-align-center\" data-align=\"center\"><\/td><\/tr><tr><td class=\"has-text-align-center\" data-align=\"center\">Lorne Bellan, MD<\/td><td class=\"has-text-align-center\" data-align=\"center\"><\/td><\/tr><tr><td class=\"has-text-align-center\" data-align=\"center\">Devin Betsch, MD<\/td><td class=\"has-text-align-center\" data-align=\"center\"><\/td><\/tr><tr><td class=\"has-text-align-center\" data-align=\"center\">Jamie Bhamra, MD<\/td><td class=\"has-text-align-center\" data-align=\"center\"><\/td><\/tr><tr><td class=\"has-text-align-center\" data-align=\"center\">Mostafa Bondok, MD<\/td><td class=\"has-text-align-center\" data-align=\"center\"><\/td><\/tr><tr><td class=\"has-text-align-center\" data-align=\"center\">Mike Dollin, MD<\/td><td class=\"has-text-align-center\" data-align=\"center\"><\/td><\/tr><tr><td class=\"has-text-align-center\" data-align=\"center\">Harald Gjerde, MD<\/td><td class=\"has-text-align-center\" data-align=\"center\"><\/td><\/tr><tr><td class=\"has-text-align-center\" data-align=\"center\">Patrick Gooi, MD<\/td><td class=\"has-text-align-center\" data-align=\"center\"><\/td><\/tr><tr><td class=\"has-text-align-center\" data-align=\"center\">Femida Kherani, MD<\/td><td class=\"has-text-align-center\" data-align=\"center\"><\/td><\/tr><tr><td class=\"has-text-align-center\" data-align=\"center\">Freddy Lee, MD<\/td><td class=\"has-text-align-center\" data-align=\"center\"><\/td><\/tr><tr><td class=\"has-text-align-center\" data-align=\"center\">Rookaya Mather, MD<\/td><td class=\"has-text-align-center\" data-align=\"center\"><\/td><\/tr><tr><td class=\"has-text-align-center\" data-align=\"center\">Saama Sabeti, MD<\/td><td class=\"has-text-align-center\" data-align=\"center\"><\/td><\/tr><tr><td class=\"has-text-align-center\" data-align=\"center\">Ojas Srivastava, MD<\/td><td class=\"has-text-align-center\" data-align=\"center\"><\/td><\/tr><tr><td class=\"has-text-align-center\" data-align=\"center\">Elisabeth Fowler, COS<\/td><td class=\"has-text-align-center\" data-align=\"center\"><\/td><\/tr><tr><td class=\"has-text-align-center\" data-align=\"center\">Danika Nieuwkoop, COS<\/td><td class=\"has-text-align-center\" data-align=\"center\"><\/td><\/tr><tr><td class=\"has-text-align-center\" data-align=\"center\">Stephanie Nou, COS<\/td><td class=\"has-text-align-center\" data-align=\"center\"><\/td><\/tr><tr><td class=\"has-text-align-center\" data-align=\"center\">Kim Tytler, COS<\/td><td class=\"has-text-align-center\" data-align=\"center\"><\/td><\/tr><\/tbody><\/table><\/figure>\n<\/div>\n","protected":false},"excerpt":{"rendered":"<p>Le Groupe de travail sur l\u2019ergonomie et la pr\u00e9vention des blessures vise \u00e0 sensibiliser les ophtalmologistes et stagiaires canadiens aux strat\u00e9gies ergonomiques \u2013 \u00e0 la maison, \u00e0 la clinique ou en salle d\u2019op\u00e9ration \u2013 permettant d\u2019att\u00e9nuer les risques li\u00e9s aux blessures professionnelles. Les initiatives incluront des webinaires, des s\u00e9ances en personne au Congr\u00e8s annuel de [&hellip;]<\/p>\n","protected":false},"author":3,"featured_media":0,"parent":15379,"menu_order":0,"comment_status":"closed","ping_status":"closed","template":"","meta":{"footnotes":""},"class_list":["post-16010","page","type-page","status-publish","hentry"],"yoast_head":"<!-- This site is optimized with the Yoast SEO plugin v27.3 - https:\/\/yoast.com\/product\/yoast-seo-wordpress\/ -->\n<title>Groupe de travail sur l\u2019ergonomie et la pr\u00e9vention des blessures - COS-SCO<\/title>\n<meta name=\"robots\" content=\"index, follow, max-snippet:-1, max-image-preview:large, max-video-preview:-1\" \/>\n<link rel=\"canonical\" href=\"https:\/\/www.cos-sco.ca\/fr\/about-us\/board-and-councils\/ergonomics-and-injury-prevention-working-group\/\" \/>\n<meta property=\"og:locale\" content=\"fr_FR\" \/>\n<meta property=\"og:type\" content=\"article\" \/>\n<meta property=\"og:title\" content=\"Groupe de travail sur l\u2019ergonomie et la pr\u00e9vention des blessures - COS-SCO\" \/>\n<meta property=\"og:description\" content=\"Le Groupe de travail sur l\u2019ergonomie et la pr\u00e9vention des blessures vise \u00e0 sensibiliser les ophtalmologistes et stagiaires canadiens aux strat\u00e9gies ergonomiques \u2013 \u00e0 la maison, \u00e0 la clinique ou en salle d\u2019op\u00e9ration \u2013 permettant d\u2019att\u00e9nuer les risques li\u00e9s aux blessures professionnelles. Les initiatives incluront des webinaires, des s\u00e9ances en personne au Congr\u00e8s annuel de [&hellip;]\" \/>\n<meta property=\"og:url\" content=\"https:\/\/www.cos-sco.ca\/fr\/about-us\/board-and-councils\/ergonomics-and-injury-prevention-working-group\/\" \/>\n<meta property=\"og:site_name\" content=\"COS-SCO\" \/>\n<meta property=\"article:modified_time\" content=\"2026-03-03T18:14:58+00:00\" \/>\n<meta property=\"og:image\" content=\"https:\/\/www.cos-sco.ca\/wp-content\/uploads\/2025\/10\/impact-bg-1024x702.png\" \/>\n<meta name=\"twitter:card\" content=\"summary_large_image\" \/>\n<meta name=\"twitter:label1\" content=\"Dur\u00e9e de lecture estim\u00e9e\" \/>\n\t<meta name=\"twitter:data1\" content=\"3 minutes\" \/>\n<script type=\"application\/ld+json\" class=\"yoast-schema-graph\">{\"@context\":\"https:\\\/\\\/schema.org\",\"@graph\":[{\"@type\":\"WebPage\",\"@id\":\"https:\\\/\\\/www.cos-sco.ca\\\/fr\\\/about-us\\\/board-and-councils\\\/ergonomics-and-injury-prevention-working-group\\\/\",\"url\":\"https:\\\/\\\/www.cos-sco.ca\\\/fr\\\/about-us\\\/board-and-councils\\\/ergonomics-and-injury-prevention-working-group\\\/\",\"name\":\"Groupe de travail sur l\u2019ergonomie et la pr\u00e9vention des blessures - COS-SCO\",\"isPartOf\":{\"@id\":\"https:\\\/\\\/www.cos-sco.ca\\\/fr\\\/#website\"},\"primaryImageOfPage\":{\"@id\":\"https:\\\/\\\/www.cos-sco.ca\\\/fr\\\/about-us\\\/board-and-councils\\\/ergonomics-and-injury-prevention-working-group\\\/#primaryimage\"},\"image\":{\"@id\":\"https:\\\/\\\/www.cos-sco.ca\\\/fr\\\/about-us\\\/board-and-councils\\\/ergonomics-and-injury-prevention-working-group\\\/#primaryimage\"},\"thumbnailUrl\":\"https:\\\/\\\/www.cos-sco.ca\\\/wp-content\\\/uploads\\\/2025\\\/10\\\/impact-bg-1024x702.png\",\"datePublished\":\"2025-12-11T16:09:42+00:00\",\"dateModified\":\"2026-03-03T18:14:58+00:00\",\"breadcrumb\":{\"@id\":\"https:\\\/\\\/www.cos-sco.ca\\\/fr\\\/about-us\\\/board-and-councils\\\/ergonomics-and-injury-prevention-working-group\\\/#breadcrumb\"},\"inLanguage\":\"fr-FR\",\"potentialAction\":[{\"@type\":\"ReadAction\",\"target\":[\"https:\\\/\\\/www.cos-sco.ca\\\/fr\\\/about-us\\\/board-and-councils\\\/ergonomics-and-injury-prevention-working-group\\\/\"]}]},{\"@type\":\"ImageObject\",\"inLanguage\":\"fr-FR\",\"@id\":\"https:\\\/\\\/www.cos-sco.ca\\\/fr\\\/about-us\\\/board-and-councils\\\/ergonomics-and-injury-prevention-working-group\\\/#primaryimage\",\"url\":\"https:\\\/\\\/www.cos-sco.ca\\\/wp-content\\\/uploads\\\/2025\\\/10\\\/impact-bg-1024x702.png\",\"contentUrl\":\"https:\\\/\\\/www.cos-sco.ca\\\/wp-content\\\/uploads\\\/2025\\\/10\\\/impact-bg-1024x702.png\"},{\"@type\":\"BreadcrumbList\",\"@id\":\"https:\\\/\\\/www.cos-sco.ca\\\/fr\\\/about-us\\\/board-and-councils\\\/ergonomics-and-injury-prevention-working-group\\\/#breadcrumb\",\"itemListElement\":[{\"@type\":\"ListItem\",\"position\":1,\"name\":\"Home\",\"item\":\"https:\\\/\\\/www.cos-sco.ca\\\/fr\\\/\"},{\"@type\":\"ListItem\",\"position\":2,\"name\":\"Groupe de travail sur l\u2019ergonomie et la pr\u00e9vention des blessures\"}]},{\"@type\":\"WebSite\",\"@id\":\"https:\\\/\\\/www.cos-sco.ca\\\/fr\\\/#website\",\"url\":\"https:\\\/\\\/www.cos-sco.ca\\\/fr\\\/\",\"name\":\"COS-SCO\",\"description\":\"\",\"publisher\":{\"@id\":\"https:\\\/\\\/www.cos-sco.ca\\\/fr\\\/#organization\"},\"potentialAction\":[{\"@type\":\"SearchAction\",\"target\":{\"@type\":\"EntryPoint\",\"urlTemplate\":\"https:\\\/\\\/www.cos-sco.ca\\\/fr\\\/?s={search_term_string}\"},\"query-input\":{\"@type\":\"PropertyValueSpecification\",\"valueRequired\":true,\"valueName\":\"search_term_string\"}}],\"inLanguage\":\"fr-FR\"},{\"@type\":\"Organization\",\"@id\":\"https:\\\/\\\/www.cos-sco.ca\\\/fr\\\/#organization\",\"name\":\"COS-SCO\",\"url\":\"https:\\\/\\\/www.cos-sco.ca\\\/fr\\\/\",\"logo\":{\"@type\":\"ImageObject\",\"inLanguage\":\"fr-FR\",\"@id\":\"https:\\\/\\\/www.cos-sco.ca\\\/fr\\\/#\\\/schema\\\/logo\\\/image\\\/\",\"url\":\"https:\\\/\\\/www.cos-sco.ca\\\/wp-content\\\/uploads\\\/2025\\\/10\\\/logo.png\",\"contentUrl\":\"https:\\\/\\\/www.cos-sco.ca\\\/wp-content\\\/uploads\\\/2025\\\/10\\\/logo.png\",\"width\":316,\"height\":180,\"caption\":\"COS-SCO\"},\"image\":{\"@id\":\"https:\\\/\\\/www.cos-sco.ca\\\/fr\\\/#\\\/schema\\\/logo\\\/image\\\/\"}}]}<\/script>\n<!-- \/ Yoast SEO plugin. -->","yoast_head_json":{"title":"Groupe de travail sur l\u2019ergonomie et la pr\u00e9vention des blessures - COS-SCO","robots":{"index":"index","follow":"follow","max-snippet":"max-snippet:-1","max-image-preview":"max-image-preview:large","max-video-preview":"max-video-preview:-1"},"canonical":"https:\/\/www.cos-sco.ca\/fr\/about-us\/board-and-councils\/ergonomics-and-injury-prevention-working-group\/","og_locale":"fr_FR","og_type":"article","og_title":"Groupe de travail sur l\u2019ergonomie et la pr\u00e9vention des blessures - COS-SCO","og_description":"Le Groupe de travail sur l\u2019ergonomie et la pr\u00e9vention des blessures vise \u00e0 sensibiliser les ophtalmologistes et stagiaires canadiens aux strat\u00e9gies ergonomiques \u2013 \u00e0 la maison, \u00e0 la clinique ou en salle d\u2019op\u00e9ration \u2013 permettant d\u2019att\u00e9nuer les risques li\u00e9s aux blessures professionnelles. Les initiatives incluront des webinaires, des s\u00e9ances en personne au Congr\u00e8s annuel de [&hellip;]","og_url":"https:\/\/www.cos-sco.ca\/fr\/about-us\/board-and-councils\/ergonomics-and-injury-prevention-working-group\/","og_site_name":"COS-SCO","article_modified_time":"2026-03-03T18:14:58+00:00","og_image":[{"url":"https:\/\/www.cos-sco.ca\/wp-content\/uploads\/2025\/10\/impact-bg-1024x702.png","type":"","width":"","height":""}],"twitter_card":"summary_large_image","twitter_misc":{"Dur\u00e9e de lecture estim\u00e9e":"3 minutes"},"schema":{"@context":"https:\/\/schema.org","@graph":[{"@type":"WebPage","@id":"https:\/\/www.cos-sco.ca\/fr\/about-us\/board-and-councils\/ergonomics-and-injury-prevention-working-group\/","url":"https:\/\/www.cos-sco.ca\/fr\/about-us\/board-and-councils\/ergonomics-and-injury-prevention-working-group\/","name":"Groupe de travail sur l\u2019ergonomie et la pr\u00e9vention des blessures - COS-SCO","isPartOf":{"@id":"https:\/\/www.cos-sco.ca\/fr\/#website"},"primaryImageOfPage":{"@id":"https:\/\/www.cos-sco.ca\/fr\/about-us\/board-and-councils\/ergonomics-and-injury-prevention-working-group\/#primaryimage"},"image":{"@id":"https:\/\/www.cos-sco.ca\/fr\/about-us\/board-and-councils\/ergonomics-and-injury-prevention-working-group\/#primaryimage"},"thumbnailUrl":"https:\/\/www.cos-sco.ca\/wp-content\/uploads\/2025\/10\/impact-bg-1024x702.png","datePublished":"2025-12-11T16:09:42+00:00","dateModified":"2026-03-03T18:14:58+00:00","breadcrumb":{"@id":"https:\/\/www.cos-sco.ca\/fr\/about-us\/board-and-councils\/ergonomics-and-injury-prevention-working-group\/#breadcrumb"},"inLanguage":"fr-FR","potentialAction":[{"@type":"ReadAction","target":["https:\/\/www.cos-sco.ca\/fr\/about-us\/board-and-councils\/ergonomics-and-injury-prevention-working-group\/"]}]},{"@type":"ImageObject","inLanguage":"fr-FR","@id":"https:\/\/www.cos-sco.ca\/fr\/about-us\/board-and-councils\/ergonomics-and-injury-prevention-working-group\/#primaryimage","url":"https:\/\/www.cos-sco.ca\/wp-content\/uploads\/2025\/10\/impact-bg-1024x702.png","contentUrl":"https:\/\/www.cos-sco.ca\/wp-content\/uploads\/2025\/10\/impact-bg-1024x702.png"},{"@type":"BreadcrumbList","@id":"https:\/\/www.cos-sco.ca\/fr\/about-us\/board-and-councils\/ergonomics-and-injury-prevention-working-group\/#breadcrumb","itemListElement":[{"@type":"ListItem","position":1,"name":"Home","item":"https:\/\/www.cos-sco.ca\/fr\/"},{"@type":"ListItem","position":2,"name":"Groupe de travail sur l\u2019ergonomie et la pr\u00e9vention des blessures"}]},{"@type":"WebSite","@id":"https:\/\/www.cos-sco.ca\/fr\/#website","url":"https:\/\/www.cos-sco.ca\/fr\/","name":"COS-SCO","description":"","publisher":{"@id":"https:\/\/www.cos-sco.ca\/fr\/#organization"},"potentialAction":[{"@type":"SearchAction","target":{"@type":"EntryPoint","urlTemplate":"https:\/\/www.cos-sco.ca\/fr\/?s={search_term_string}"},"query-input":{"@type":"PropertyValueSpecification","valueRequired":true,"valueName":"search_term_string"}}],"inLanguage":"fr-FR"},{"@type":"Organization","@id":"https:\/\/www.cos-sco.ca\/fr\/#organization","name":"COS-SCO","url":"https:\/\/www.cos-sco.ca\/fr\/","logo":{"@type":"ImageObject","inLanguage":"fr-FR","@id":"https:\/\/www.cos-sco.ca\/fr\/#\/schema\/logo\/image\/","url":"https:\/\/www.cos-sco.ca\/wp-content\/uploads\/2025\/10\/logo.png","contentUrl":"https:\/\/www.cos-sco.ca\/wp-content\/uploads\/2025\/10\/logo.png","width":316,"height":180,"caption":"COS-SCO"},"image":{"@id":"https:\/\/www.cos-sco.ca\/fr\/#\/schema\/logo\/image\/"}}]}},"_links":{"self":[{"href":"https:\/\/www.cos-sco.ca\/fr\/wp-json\/wp\/v2\/pages\/16010","targetHints":{"allow":["GET"]}}],"collection":[{"href":"https:\/\/www.cos-sco.ca\/fr\/wp-json\/wp\/v2\/pages"}],"about":[{"href":"https:\/\/www.cos-sco.ca\/fr\/wp-json\/wp\/v2\/types\/page"}],"author":[{"embeddable":true,"href":"https:\/\/www.cos-sco.ca\/fr\/wp-json\/wp\/v2\/users\/3"}],"replies":[{"embeddable":true,"href":"https:\/\/www.cos-sco.ca\/fr\/wp-json\/wp\/v2\/comments?post=16010"}],"version-history":[{"count":3,"href":"https:\/\/www.cos-sco.ca\/fr\/wp-json\/wp\/v2\/pages\/16010\/revisions"}],"predecessor-version":[{"id":16731,"href":"https:\/\/www.cos-sco.ca\/fr\/wp-json\/wp\/v2\/pages\/16010\/revisions\/16731"}],"up":[{"embeddable":true,"href":"https:\/\/www.cos-sco.ca\/fr\/wp-json\/wp\/v2\/pages\/15379"}],"wp:attachment":[{"href":"https:\/\/www.cos-sco.ca\/fr\/wp-json\/wp\/v2\/media?parent=16010"}],"curies":[{"name":"wp","href":"https:\/\/api.w.org\/{rel}","templated":true}]}}