{"id":15979,"date":"2025-12-11T10:48:00","date_gmt":"2025-12-11T15:48:00","guid":{"rendered":"https:\/\/www.cos-sco.ca\/about-us\/board-and-councils\/council-on-continuing-professional-development-cpd\/"},"modified":"2026-01-05T13:58:31","modified_gmt":"2026-01-05T18:58:31","slug":"council-on-continuing-professional-development-cpd","status":"publish","type":"page","link":"https:\/\/www.cos-sco.ca\/fr\/about-us\/board-and-councils\/council-on-continuing-professional-development-cpd\/","title":{"rendered":"Conseil du d\u00e9veloppement professionnel continu (DPC)"},"content":{"rendered":"\n<div class=\"wp-block-cover alignfull\" style=\"min-height:343px;aspect-ratio:unset;\"><img loading=\"lazy\" decoding=\"async\" width=\"1024\" height=\"702\" class=\"wp-block-cover__image-background wp-image-208 size-large\" alt=\"\" src=\"https:\/\/www.cos-sco.ca\/wp-content\/uploads\/2025\/10\/impact-bg-1024x702.png\" data-object-fit=\"cover\" srcset=\"https:\/\/www.cos-sco.ca\/wp-content\/uploads\/2025\/10\/impact-bg-1024x702.png 1024w, https:\/\/www.cos-sco.ca\/wp-content\/uploads\/2025\/10\/impact-bg-300x206.png 300w, https:\/\/www.cos-sco.ca\/wp-content\/uploads\/2025\/10\/impact-bg-768x526.png 768w, https:\/\/www.cos-sco.ca\/wp-content\/uploads\/2025\/10\/impact-bg-1536x1052.png 1536w, https:\/\/www.cos-sco.ca\/wp-content\/uploads\/2025\/10\/impact-bg-2048x1403.png 2048w\" sizes=\"auto, (max-width: 1024px) 100vw, 1024px\" \/><span aria-hidden=\"true\" class=\"wp-block-cover__background has-background-dim\" style=\"background-color:#3f4460\"><\/span><div class=\"wp-block-cover__inner-container is-layout-constrained wp-block-cover-is-layout-constrained\">\n<h1 class=\"wp-block-heading has-text-align-center\">Conseil du d\u00e9veloppement professionnel continu (DPC)<\/h1>\n<\/div><\/div>\n\n\n<div class=\"yoast-breadcrumbs\"><span><span><a href=\"https:\/\/www.cos-sco.ca\/fr\/\">Home<\/a><\/span> \/ <span class=\"breadcrumb_last\" aria-current=\"page\">Conseil du d\u00e9veloppement professionnel continu (DPC)<\/span><\/span><\/div>\n\n\n<p class=\"has-text-align-center\"><strong><strong>Apprenez, dirigez, innovez&nbsp;: DPC \u00e0 la SCO<\/strong><\/strong><\/p>\n\n\n\n<p class=\"has-text-align-center\">Faciliter des possibilit\u00e9s d\u2019apprentissage continu de qualit\u00e9 et innovantes pour les ophtalmologistes au Canada afin d\u2019assurer l\u2019excellence des soins ophtalmologiques.<\/p>\n\n\n\n<p class=\"has-text-align-center\">Ce Conseil planifie, \u00e9labore, guide, approuve et surveille les activit\u00e9s de DPC de la Soci\u00e9t\u00e9 canadienne d\u2019ophtalmologie et agr\u00e9e les activit\u00e9s de DPC destin\u00e9es aux ophtalmologistes du Canada au nom du Coll\u00e8ge royal des m\u00e9decins et chirurgiens du Canada (CRCMC) \u00e0 titre de prestataire d\u2019activit\u00e9s de DPC agr\u00e9\u00e9.<\/p>\n\n\n\n<h2 class=\"wp-block-heading has-text-align-center\">Conseil du d\u00e9veloppement professionnel continu<\/h2>\n\n\n\n<div class=\"wp-block-group is-layout-constrained wp-container-core-group-is-layout-417e90ee wp-block-group-is-layout-constrained\" style=\"padding-top:var(--wp--preset--spacing--md);padding-bottom:var(--wp--preset--spacing--md)\">\n<figure class=\"wp-block-table is-style-stripes has-table-padding has-dark-table-header\"><table class=\"has-fixed-layout\"><thead><tr><th class=\"has-text-align-center\" data-align=\"center\">Nom<\/th><th class=\"has-text-align-center\" data-align=\"center\">Titre<\/th><\/tr><\/thead><tbody><tr><td class=\"has-text-align-center\" data-align=\"center\">Dr. Cynthia Qian<\/td><td class=\"has-text-align-center\" data-align=\"center\">Chair, Council on Continuing Professional Development (CPD); Chair, Maintenance of Certification Committee (MOC)<\/td><\/tr><tr><td class=\"has-text-align-center\" data-align=\"center\">Dr. Mona Harissi-Dagher<\/td><td class=\"has-text-align-center\" data-align=\"center\">COS President<\/td><\/tr><tr><td class=\"has-text-align-center\" data-align=\"center\">Dr. Adam Muzychuk<\/td><td class=\"has-text-align-center\" data-align=\"center\">Chair, Annual Meeting Planning Committee (AMPC)<\/td><\/tr><tr><td class=\"has-text-align-center\" data-align=\"center\">Dr. Nina Ahuja<\/td><td class=\"has-text-align-center\" data-align=\"center\">Chair, Council on Advocacy (Observer)<\/td><\/tr><tr><td class=\"has-text-align-center\" data-align=\"center\">Dr. Marie-Jos\u00e9e Aubin<\/td><td class=\"has-text-align-center\" data-align=\"center\">Chair, Practice Resource Committee<\/td><\/tr><tr><td class=\"has-text-align-center\" data-align=\"center\">Dr. Varun Chaudhary<\/td><td class=\"has-text-align-center\" data-align=\"center\">Editor-in-Chief, CJO<\/td><\/tr><\/tbody><\/table><\/figure>\n<\/div>\n","protected":false},"excerpt":{"rendered":"<p>Apprenez, dirigez, innovez&nbsp;: DPC \u00e0 la SCO Faciliter des possibilit\u00e9s d\u2019apprentissage continu de qualit\u00e9 et innovantes pour les ophtalmologistes au Canada afin d\u2019assurer l\u2019excellence des soins ophtalmologiques. Ce Conseil planifie, \u00e9labore, guide, approuve et surveille les activit\u00e9s de DPC de la Soci\u00e9t\u00e9 canadienne d\u2019ophtalmologie et agr\u00e9e les activit\u00e9s de DPC destin\u00e9es aux ophtalmologistes du Canada [&hellip;]<\/p>\n","protected":false},"author":4,"featured_media":0,"parent":15379,"menu_order":0,"comment_status":"closed","ping_status":"closed","template":"","meta":{"footnotes":""},"class_list":["post-15979","page","type-page","status-publish","hentry"],"yoast_head":"<!-- This site is optimized with the Yoast SEO plugin v27.3 - https:\/\/yoast.com\/product\/yoast-seo-wordpress\/ -->\n<title>Conseil du d\u00e9veloppement professionnel continu (DPC) - COS-SCO<\/title>\n<meta name=\"robots\" content=\"index, follow, max-snippet:-1, max-image-preview:large, max-video-preview:-1\" \/>\n<link rel=\"canonical\" href=\"https:\/\/www.cos-sco.ca\/fr\/about-us\/board-and-councils\/council-on-continuing-professional-development-cpd\/\" \/>\n<meta property=\"og:locale\" content=\"fr_FR\" \/>\n<meta property=\"og:type\" content=\"article\" \/>\n<meta property=\"og:title\" content=\"Conseil du d\u00e9veloppement professionnel continu (DPC) - COS-SCO\" \/>\n<meta property=\"og:description\" content=\"Apprenez, dirigez, innovez&nbsp;: DPC \u00e0 la SCO Faciliter des possibilit\u00e9s d\u2019apprentissage continu de qualit\u00e9 et innovantes pour les ophtalmologistes au Canada afin d\u2019assurer l\u2019excellence des soins ophtalmologiques. Ce Conseil planifie, \u00e9labore, guide, approuve et surveille les activit\u00e9s de DPC de la Soci\u00e9t\u00e9 canadienne d\u2019ophtalmologie et agr\u00e9e les activit\u00e9s de DPC destin\u00e9es aux ophtalmologistes du Canada [&hellip;]\" \/>\n<meta property=\"og:url\" content=\"https:\/\/www.cos-sco.ca\/fr\/about-us\/board-and-councils\/council-on-continuing-professional-development-cpd\/\" \/>\n<meta property=\"og:site_name\" content=\"COS-SCO\" \/>\n<meta property=\"article:modified_time\" content=\"2026-01-05T18:58:31+00:00\" \/>\n<meta property=\"og:image\" content=\"https:\/\/www.cos-sco.ca\/wp-content\/uploads\/2025\/10\/impact-bg-1024x702.png\" \/>\n<meta name=\"twitter:card\" content=\"summary_large_image\" \/>\n<meta name=\"twitter:label1\" content=\"Dur\u00e9e de lecture estim\u00e9e\" \/>\n\t<meta name=\"twitter:data1\" content=\"1 minute\" \/>\n<script type=\"application\/ld+json\" class=\"yoast-schema-graph\">{\"@context\":\"https:\\\/\\\/schema.org\",\"@graph\":[{\"@type\":\"WebPage\",\"@id\":\"https:\\\/\\\/www.cos-sco.ca\\\/fr\\\/about-us\\\/board-and-councils\\\/council-on-continuing-professional-development-cpd\\\/\",\"url\":\"https:\\\/\\\/www.cos-sco.ca\\\/fr\\\/about-us\\\/board-and-councils\\\/council-on-continuing-professional-development-cpd\\\/\",\"name\":\"Conseil du d\u00e9veloppement professionnel continu (DPC) - COS-SCO\",\"isPartOf\":{\"@id\":\"https:\\\/\\\/www.cos-sco.ca\\\/fr\\\/#website\"},\"primaryImageOfPage\":{\"@id\":\"https:\\\/\\\/www.cos-sco.ca\\\/fr\\\/about-us\\\/board-and-councils\\\/council-on-continuing-professional-development-cpd\\\/#primaryimage\"},\"image\":{\"@id\":\"https:\\\/\\\/www.cos-sco.ca\\\/fr\\\/about-us\\\/board-and-councils\\\/council-on-continuing-professional-development-cpd\\\/#primaryimage\"},\"thumbnailUrl\":\"https:\\\/\\\/www.cos-sco.ca\\\/wp-content\\\/uploads\\\/2025\\\/10\\\/impact-bg-1024x702.png\",\"datePublished\":\"2025-12-11T15:48:00+00:00\",\"dateModified\":\"2026-01-05T18:58:31+00:00\",\"breadcrumb\":{\"@id\":\"https:\\\/\\\/www.cos-sco.ca\\\/fr\\\/about-us\\\/board-and-councils\\\/council-on-continuing-professional-development-cpd\\\/#breadcrumb\"},\"inLanguage\":\"fr-FR\",\"potentialAction\":[{\"@type\":\"ReadAction\",\"target\":[\"https:\\\/\\\/www.cos-sco.ca\\\/fr\\\/about-us\\\/board-and-councils\\\/council-on-continuing-professional-development-cpd\\\/\"]}]},{\"@type\":\"ImageObject\",\"inLanguage\":\"fr-FR\",\"@id\":\"https:\\\/\\\/www.cos-sco.ca\\\/fr\\\/about-us\\\/board-and-councils\\\/council-on-continuing-professional-development-cpd\\\/#primaryimage\",\"url\":\"https:\\\/\\\/www.cos-sco.ca\\\/wp-content\\\/uploads\\\/2025\\\/10\\\/impact-bg-1024x702.png\",\"contentUrl\":\"https:\\\/\\\/www.cos-sco.ca\\\/wp-content\\\/uploads\\\/2025\\\/10\\\/impact-bg-1024x702.png\"},{\"@type\":\"BreadcrumbList\",\"@id\":\"https:\\\/\\\/www.cos-sco.ca\\\/fr\\\/about-us\\\/board-and-councils\\\/council-on-continuing-professional-development-cpd\\\/#breadcrumb\",\"itemListElement\":[{\"@type\":\"ListItem\",\"position\":1,\"name\":\"Home\",\"item\":\"https:\\\/\\\/www.cos-sco.ca\\\/fr\\\/\"},{\"@type\":\"ListItem\",\"position\":2,\"name\":\"Conseil du d\u00e9veloppement professionnel continu (DPC)\"}]},{\"@type\":\"WebSite\",\"@id\":\"https:\\\/\\\/www.cos-sco.ca\\\/fr\\\/#website\",\"url\":\"https:\\\/\\\/www.cos-sco.ca\\\/fr\\\/\",\"name\":\"COS-SCO\",\"description\":\"\",\"publisher\":{\"@id\":\"https:\\\/\\\/www.cos-sco.ca\\\/fr\\\/#organization\"},\"potentialAction\":[{\"@type\":\"SearchAction\",\"target\":{\"@type\":\"EntryPoint\",\"urlTemplate\":\"https:\\\/\\\/www.cos-sco.ca\\\/fr\\\/?s={search_term_string}\"},\"query-input\":{\"@type\":\"PropertyValueSpecification\",\"valueRequired\":true,\"valueName\":\"search_term_string\"}}],\"inLanguage\":\"fr-FR\"},{\"@type\":\"Organization\",\"@id\":\"https:\\\/\\\/www.cos-sco.ca\\\/fr\\\/#organization\",\"name\":\"COS-SCO\",\"url\":\"https:\\\/\\\/www.cos-sco.ca\\\/fr\\\/\",\"logo\":{\"@type\":\"ImageObject\",\"inLanguage\":\"fr-FR\",\"@id\":\"https:\\\/\\\/www.cos-sco.ca\\\/fr\\\/#\\\/schema\\\/logo\\\/image\\\/\",\"url\":\"https:\\\/\\\/www.cos-sco.ca\\\/wp-content\\\/uploads\\\/2025\\\/10\\\/logo.png\",\"contentUrl\":\"https:\\\/\\\/www.cos-sco.ca\\\/wp-content\\\/uploads\\\/2025\\\/10\\\/logo.png\",\"width\":316,\"height\":180,\"caption\":\"COS-SCO\"},\"image\":{\"@id\":\"https:\\\/\\\/www.cos-sco.ca\\\/fr\\\/#\\\/schema\\\/logo\\\/image\\\/\"}}]}<\/script>\n<!-- \/ Yoast SEO plugin. -->","yoast_head_json":{"title":"Conseil du d\u00e9veloppement professionnel continu (DPC) - COS-SCO","robots":{"index":"index","follow":"follow","max-snippet":"max-snippet:-1","max-image-preview":"max-image-preview:large","max-video-preview":"max-video-preview:-1"},"canonical":"https:\/\/www.cos-sco.ca\/fr\/about-us\/board-and-councils\/council-on-continuing-professional-development-cpd\/","og_locale":"fr_FR","og_type":"article","og_title":"Conseil du d\u00e9veloppement professionnel continu (DPC) - COS-SCO","og_description":"Apprenez, dirigez, innovez&nbsp;: DPC \u00e0 la SCO Faciliter des possibilit\u00e9s d\u2019apprentissage continu de qualit\u00e9 et innovantes pour les ophtalmologistes au Canada afin d\u2019assurer l\u2019excellence des soins ophtalmologiques. Ce Conseil planifie, \u00e9labore, guide, approuve et surveille les activit\u00e9s de DPC de la Soci\u00e9t\u00e9 canadienne d\u2019ophtalmologie et agr\u00e9e les activit\u00e9s de DPC destin\u00e9es aux ophtalmologistes du Canada [&hellip;]","og_url":"https:\/\/www.cos-sco.ca\/fr\/about-us\/board-and-councils\/council-on-continuing-professional-development-cpd\/","og_site_name":"COS-SCO","article_modified_time":"2026-01-05T18:58:31+00:00","og_image":[{"url":"https:\/\/www.cos-sco.ca\/wp-content\/uploads\/2025\/10\/impact-bg-1024x702.png","type":"","width":"","height":""}],"twitter_card":"summary_large_image","twitter_misc":{"Dur\u00e9e de lecture estim\u00e9e":"1 minute"},"schema":{"@context":"https:\/\/schema.org","@graph":[{"@type":"WebPage","@id":"https:\/\/www.cos-sco.ca\/fr\/about-us\/board-and-councils\/council-on-continuing-professional-development-cpd\/","url":"https:\/\/www.cos-sco.ca\/fr\/about-us\/board-and-councils\/council-on-continuing-professional-development-cpd\/","name":"Conseil du d\u00e9veloppement professionnel continu (DPC) - COS-SCO","isPartOf":{"@id":"https:\/\/www.cos-sco.ca\/fr\/#website"},"primaryImageOfPage":{"@id":"https:\/\/www.cos-sco.ca\/fr\/about-us\/board-and-councils\/council-on-continuing-professional-development-cpd\/#primaryimage"},"image":{"@id":"https:\/\/www.cos-sco.ca\/fr\/about-us\/board-and-councils\/council-on-continuing-professional-development-cpd\/#primaryimage"},"thumbnailUrl":"https:\/\/www.cos-sco.ca\/wp-content\/uploads\/2025\/10\/impact-bg-1024x702.png","datePublished":"2025-12-11T15:48:00+00:00","dateModified":"2026-01-05T18:58:31+00:00","breadcrumb":{"@id":"https:\/\/www.cos-sco.ca\/fr\/about-us\/board-and-councils\/council-on-continuing-professional-development-cpd\/#breadcrumb"},"inLanguage":"fr-FR","potentialAction":[{"@type":"ReadAction","target":["https:\/\/www.cos-sco.ca\/fr\/about-us\/board-and-councils\/council-on-continuing-professional-development-cpd\/"]}]},{"@type":"ImageObject","inLanguage":"fr-FR","@id":"https:\/\/www.cos-sco.ca\/fr\/about-us\/board-and-councils\/council-on-continuing-professional-development-cpd\/#primaryimage","url":"https:\/\/www.cos-sco.ca\/wp-content\/uploads\/2025\/10\/impact-bg-1024x702.png","contentUrl":"https:\/\/www.cos-sco.ca\/wp-content\/uploads\/2025\/10\/impact-bg-1024x702.png"},{"@type":"BreadcrumbList","@id":"https:\/\/www.cos-sco.ca\/fr\/about-us\/board-and-councils\/council-on-continuing-professional-development-cpd\/#breadcrumb","itemListElement":[{"@type":"ListItem","position":1,"name":"Home","item":"https:\/\/www.cos-sco.ca\/fr\/"},{"@type":"ListItem","position":2,"name":"Conseil du d\u00e9veloppement professionnel continu (DPC)"}]},{"@type":"WebSite","@id":"https:\/\/www.cos-sco.ca\/fr\/#website","url":"https:\/\/www.cos-sco.ca\/fr\/","name":"COS-SCO","description":"","publisher":{"@id":"https:\/\/www.cos-sco.ca\/fr\/#organization"},"potentialAction":[{"@type":"SearchAction","target":{"@type":"EntryPoint","urlTemplate":"https:\/\/www.cos-sco.ca\/fr\/?s={search_term_string}"},"query-input":{"@type":"PropertyValueSpecification","valueRequired":true,"valueName":"search_term_string"}}],"inLanguage":"fr-FR"},{"@type":"Organization","@id":"https:\/\/www.cos-sco.ca\/fr\/#organization","name":"COS-SCO","url":"https:\/\/www.cos-sco.ca\/fr\/","logo":{"@type":"ImageObject","inLanguage":"fr-FR","@id":"https:\/\/www.cos-sco.ca\/fr\/#\/schema\/logo\/image\/","url":"https:\/\/www.cos-sco.ca\/wp-content\/uploads\/2025\/10\/logo.png","contentUrl":"https:\/\/www.cos-sco.ca\/wp-content\/uploads\/2025\/10\/logo.png","width":316,"height":180,"caption":"COS-SCO"},"image":{"@id":"https:\/\/www.cos-sco.ca\/fr\/#\/schema\/logo\/image\/"}}]}},"_links":{"self":[{"href":"https:\/\/www.cos-sco.ca\/fr\/wp-json\/wp\/v2\/pages\/15979","targetHints":{"allow":["GET"]}}],"collection":[{"href":"https:\/\/www.cos-sco.ca\/fr\/wp-json\/wp\/v2\/pages"}],"about":[{"href":"https:\/\/www.cos-sco.ca\/fr\/wp-json\/wp\/v2\/types\/page"}],"author":[{"embeddable":true,"href":"https:\/\/www.cos-sco.ca\/fr\/wp-json\/wp\/v2\/users\/4"}],"replies":[{"embeddable":true,"href":"https:\/\/www.cos-sco.ca\/fr\/wp-json\/wp\/v2\/comments?post=15979"}],"version-history":[{"count":2,"href":"https:\/\/www.cos-sco.ca\/fr\/wp-json\/wp\/v2\/pages\/15979\/revisions"}],"predecessor-version":[{"id":16387,"href":"https:\/\/www.cos-sco.ca\/fr\/wp-json\/wp\/v2\/pages\/15979\/revisions\/16387"}],"up":[{"embeddable":true,"href":"https:\/\/www.cos-sco.ca\/fr\/wp-json\/wp\/v2\/pages\/15379"}],"wp:attachment":[{"href":"https:\/\/www.cos-sco.ca\/fr\/wp-json\/wp\/v2\/media?parent=15979"}],"curies":[{"name":"wp","href":"https:\/\/api.w.org\/{rel}","templated":true}]}}