{"id":15641,"date":"2025-11-25T09:27:21","date_gmt":"2025-11-25T14:27:21","guid":{"rendered":"https:\/\/cos-sco.machinedev.ca\/?page_id=15641"},"modified":"2026-04-20T09:23:46","modified_gmt":"2026-04-20T13:23:46","slug":"contact-us","status":"publish","type":"page","link":"https:\/\/www.cos-sco.ca\/fr\/about-us\/contact-us\/","title":{"rendered":"Contactez-Nous"},"content":{"rendered":"\n<div class=\"wp-block-cover alignfull\" style=\"min-height:343px;aspect-ratio:unset;\"><img loading=\"lazy\" decoding=\"async\" width=\"1024\" height=\"702\" class=\"wp-block-cover__image-background wp-image-208 size-large\" alt=\"\" src=\"https:\/\/www.cos-sco.ca\/wp-content\/uploads\/2025\/10\/impact-bg-1024x702.png\" data-object-fit=\"cover\" srcset=\"https:\/\/www.cos-sco.ca\/wp-content\/uploads\/2025\/10\/impact-bg-1024x702.png 1024w, https:\/\/www.cos-sco.ca\/wp-content\/uploads\/2025\/10\/impact-bg-300x206.png 300w, https:\/\/www.cos-sco.ca\/wp-content\/uploads\/2025\/10\/impact-bg-768x526.png 768w, https:\/\/www.cos-sco.ca\/wp-content\/uploads\/2025\/10\/impact-bg-1536x1052.png 1536w, https:\/\/www.cos-sco.ca\/wp-content\/uploads\/2025\/10\/impact-bg-2048x1403.png 2048w\" sizes=\"auto, (max-width: 1024px) 100vw, 1024px\" \/><span aria-hidden=\"true\" class=\"wp-block-cover__background has-background-dim\" style=\"background-color:#3f4460\"><\/span><div class=\"wp-block-cover__inner-container is-layout-constrained wp-block-cover-is-layout-constrained\">\n<h1 class=\"wp-block-heading has-text-align-center\">Contactez-Nous<\/h1>\n<\/div><\/div>\n\n\n<div class=\"yoast-breadcrumbs\"><span><span><a href=\"https:\/\/www.cos-sco.ca\/fr\/\">Home<\/a><\/span> \/ <span class=\"breadcrumb_last\" aria-current=\"page\">Contactez-Nous<\/span><\/span><\/div>\n\n\n<p><\/p>\n\n\n\n<h2 class=\"wp-block-heading\">Notre \u00e9quipe COS<\/h2>\n\n\n\n<p>Vous trouverez ci-dessous les coordonn\u00e9es vous permettant de communiquer directement avec l\u2019\u00e9quipe dirigeante de la SCO et d\u2019autres membres du personnel.<\/p>\n\n\n\n<p><strong>Veuillez noter&nbsp;:<\/strong>&nbsp;La SCO ne fournit pas de conseils m\u00e9dicaux, et ne r\u00e9pond pas aux demandes de commentaires directs ou de renseignements pr\u00e9cis concernant les patients.<\/p>\n\n\n\n<h4 class=\"wp-block-heading\">Gouvernance<\/h4>\n\n\n\n<p><strong>Directrice g\u00e9n\u00e9rale<\/strong><br>Elisabeth Fowler<br><a href=\"mailto:efowler@cos-sco.ca\">efowler@cos-sco.ca<\/a><br><a href=\"tel:613.729.6779\">613.729.6779 poste 225<\/a><\/p>\n\n\n\n<p><strong>Coordonnatrice \u00e0 la gouvernance<\/strong><br>Kate Cooke<br><a href=\"mailto:coordinator@cos-sco.ca\">coordinator@cos-sco.ca<\/a><br><a href=\"tel:613.729.6779\">613.729.6779 poste 230<\/a><\/p>\n\n\n\n<h4 class=\"wp-block-heading\">Activit\u00e9s li\u00e9es \u00e0 l\u2019adh\u00e9sion et aux \u00e9v\u00e9nements<\/h4>\n\n\n\n<p><strong>Gestionnaire, Adh\u00e9sions et organisation des r\u00e9unions<\/strong><br>Rita Afeltra<br><a href=\"mailto:rafeltra@cos-sco.ca\">rafeltra@cos-sco.ca<\/a><br><a href=\"tel:613.729.6779\">613.729.6779 poste 300<\/a><\/p>\n\n\n\n<p><strong>Gestionnaire des \u00e9v\u00e9nements, commandites et expositions<\/strong><br>Christine Bruce<br><a href=\"mailto:cbruce@cos-sco.ca\">cbruce@cos-sco.ca<\/a><br><a href=\"tel:613.729.6779\">613.729.6779 poste 226<\/a><\/p>\n\n\n\n<p><strong>Coordonnatrice, Adh\u00e9sions et \u00e9v\u00e9nements<\/strong><br>Laura Kemp<br><a href=\"mailto:lkemp@cos-sco.ca\">lkemp@cos-sco.ca<\/a><br><a href=\"tel:613.729.6779\">613.729.6779 poste 224<\/a><\/p>\n\n\n\n<h4 class=\"wp-block-heading\">Communications, repr\u00e9sentation et affaires publiques<\/h4>\n\n\n\n<p><strong>Gestionnaire, Communications et affaires publiques<\/strong><br>Kim Tytler<br><a href=\"mailto:kim@cos-sco.ca\">kim@cos-sco.ca<\/a><br><a href=\"tel:613.729.6779\">613.729.6779 poste 231<\/a><\/p>\n\n\n\n<p><strong>Coordonnatrice, Communications et affaires publiques<\/strong><br>Moneika Ramsinghani<br><a href=\"mailto:mramsinghani@cos-sco.ca\">mramsinghani@cos-sco.ca<\/a><br><a href=\"tel:613.729.6779\">613.729.6779 poste 236<\/a><\/p>\n\n\n\n<p><strong>R\u00e9dactrice g\u00e9rante, Journal canadien d\u2019ophtalmologie<\/strong><br>Suzanne Purkis<br><a href=\"mailto:cjo@cos-sco.ca\">cjo@cos-sco.ca<\/a><br><a href=\"tel:613.667.1487\">613.667.1487<\/a><\/p>\n\n\n\n<h4 class=\"wp-block-heading\">D\u00e9veloppement professionnel continu<\/h4>\n\n\n\n<p><strong>Gestionnaire, D\u00e9veloppement professionnel continu (contrat)<\/strong><br>Elizabeth Donohue<br><a href=\"mailto:edonohue@cos-sco.ca\" type=\"mailto\" id=\"mailto:edonohue@cos-sco.ca\">edonohue@cos-sco.ca<\/a><br><a href=\"tel:613.729.6779\">613.729.6779 poste 235<\/a><\/p>\n\n\n\n<p><strong>Charg\u00e9e de projet, D\u00e9veloppement professionnel continu (en cong\u00e9 parental)<\/strong><br>Jill Garner<br><a href=\"mailto:jgarner@cos-sco.ca\">jgarner@cos-sco.ca<\/a><br><a href=\"tel:613.729.6779\">613.729.6779<\/a><\/p>\n\n\n\n<p><strong>Charg\u00e9e de projet, D\u00e9veloppement professionnel continu (par int\u00e9rim)<\/strong><br>Shannon Frizzell<br><a href=\"mailto:sfrizzell@cos-sco.ca\">sfrizzell@cos-sco.ca<\/a><br><a href=\"tel:613.729.6779\">613.729.6779 poste 223<\/a><\/p>\n\n\n\n<p><strong>Coordonnatrice, D\u00e9veloppement professionnel continu<\/strong><br>Katy Eades<br><a href=\"mailto:keades@cos-sco.ca\">keades@cos-sco.ca<\/a><br><a href=\"tel:613.729.6779\">613.729.6779 poste 222<\/a><\/p>\n\n\n\n<p><strong>Coordonnatrice administrative<\/strong><br><a href=\"mailto:keades@cos-sco.ca\">keades@cos-sco.ca<\/a><br><a href=\"tel:613.729.6779\">613.729.6779 poste 229<\/a><\/p>\n","protected":false},"excerpt":{"rendered":"<p>Notre \u00e9quipe COS Vous trouverez ci-dessous les coordonn\u00e9es vous permettant de communiquer directement avec l\u2019\u00e9quipe dirigeante de la SCO et d\u2019autres membres du personnel. Veuillez noter&nbsp;:&nbsp;La SCO ne fournit pas de conseils m\u00e9dicaux, et ne r\u00e9pond pas aux demandes de commentaires directs ou de renseignements pr\u00e9cis concernant les patients. Gouvernance Directrice g\u00e9n\u00e9raleElisabeth Fowlerefowler@cos-sco.ca613.729.6779 poste 225 [&hellip;]<\/p>\n","protected":false},"author":5,"featured_media":0,"parent":15648,"menu_order":0,"comment_status":"closed","ping_status":"closed","template":"","meta":{"footnotes":""},"class_list":["post-15641","page","type-page","status-publish","hentry"],"yoast_head":"<!-- This site is optimized with the Yoast SEO plugin v27.4 - https:\/\/yoast.com\/product\/yoast-seo-wordpress\/ -->\n<title>Contactez-Nous - COS-SCO<\/title>\n<meta name=\"robots\" content=\"index, follow, max-snippet:-1, max-image-preview:large, max-video-preview:-1\" \/>\n<link rel=\"canonical\" href=\"https:\/\/www.cos-sco.ca\/fr\/about-us\/contact-us\/\" \/>\n<meta property=\"og:locale\" content=\"fr_FR\" \/>\n<meta property=\"og:type\" content=\"article\" \/>\n<meta property=\"og:title\" content=\"Contactez-Nous - COS-SCO\" \/>\n<meta property=\"og:description\" content=\"Notre \u00e9quipe COS Vous trouverez ci-dessous les coordonn\u00e9es vous permettant de communiquer directement avec l\u2019\u00e9quipe dirigeante de la SCO et d\u2019autres membres du personnel. Veuillez noter&nbsp;:&nbsp;La SCO ne fournit pas de conseils m\u00e9dicaux, et ne r\u00e9pond pas aux demandes de commentaires directs ou de renseignements pr\u00e9cis concernant les patients. Gouvernance Directrice g\u00e9n\u00e9raleElisabeth Fowlerefowler@cos-sco.ca613.729.6779 poste 225 [&hellip;]\" \/>\n<meta property=\"og:url\" content=\"https:\/\/www.cos-sco.ca\/fr\/about-us\/contact-us\/\" \/>\n<meta property=\"og:site_name\" content=\"COS-SCO\" \/>\n<meta property=\"article:modified_time\" content=\"2026-04-20T13:23:46+00:00\" \/>\n<meta property=\"og:image\" content=\"https:\/\/www.cos-sco.ca\/wp-content\/uploads\/2025\/10\/impact-bg-1024x702.png\" \/>\n<meta name=\"twitter:card\" content=\"summary_large_image\" \/>\n<meta name=\"twitter:label1\" content=\"Dur\u00e9e de lecture estim\u00e9e\" \/>\n\t<meta name=\"twitter:data1\" content=\"2 minutes\" \/>\n<script type=\"application\/ld+json\" class=\"yoast-schema-graph\">{\"@context\":\"https:\\\/\\\/schema.org\",\"@graph\":[{\"@type\":\"WebPage\",\"@id\":\"https:\\\/\\\/www.cos-sco.ca\\\/fr\\\/about-us\\\/contact-us\\\/\",\"url\":\"https:\\\/\\\/www.cos-sco.ca\\\/fr\\\/about-us\\\/contact-us\\\/\",\"name\":\"Contactez-Nous - COS-SCO\",\"isPartOf\":{\"@id\":\"https:\\\/\\\/www.cos-sco.ca\\\/fr\\\/#website\"},\"primaryImageOfPage\":{\"@id\":\"https:\\\/\\\/www.cos-sco.ca\\\/fr\\\/about-us\\\/contact-us\\\/#primaryimage\"},\"image\":{\"@id\":\"https:\\\/\\\/www.cos-sco.ca\\\/fr\\\/about-us\\\/contact-us\\\/#primaryimage\"},\"thumbnailUrl\":\"https:\\\/\\\/www.cos-sco.ca\\\/wp-content\\\/uploads\\\/2025\\\/10\\\/impact-bg-1024x702.png\",\"datePublished\":\"2025-11-25T14:27:21+00:00\",\"dateModified\":\"2026-04-20T13:23:46+00:00\",\"breadcrumb\":{\"@id\":\"https:\\\/\\\/www.cos-sco.ca\\\/fr\\\/about-us\\\/contact-us\\\/#breadcrumb\"},\"inLanguage\":\"fr-FR\",\"potentialAction\":[{\"@type\":\"ReadAction\",\"target\":[\"https:\\\/\\\/www.cos-sco.ca\\\/fr\\\/about-us\\\/contact-us\\\/\"]}]},{\"@type\":\"ImageObject\",\"inLanguage\":\"fr-FR\",\"@id\":\"https:\\\/\\\/www.cos-sco.ca\\\/fr\\\/about-us\\\/contact-us\\\/#primaryimage\",\"url\":\"https:\\\/\\\/www.cos-sco.ca\\\/wp-content\\\/uploads\\\/2025\\\/10\\\/impact-bg-1024x702.png\",\"contentUrl\":\"https:\\\/\\\/www.cos-sco.ca\\\/wp-content\\\/uploads\\\/2025\\\/10\\\/impact-bg-1024x702.png\"},{\"@type\":\"BreadcrumbList\",\"@id\":\"https:\\\/\\\/www.cos-sco.ca\\\/fr\\\/about-us\\\/contact-us\\\/#breadcrumb\",\"itemListElement\":[{\"@type\":\"ListItem\",\"position\":1,\"name\":\"Home\",\"item\":\"https:\\\/\\\/www.cos-sco.ca\\\/fr\\\/\"},{\"@type\":\"ListItem\",\"position\":2,\"name\":\"Contactez-Nous\"}]},{\"@type\":\"WebSite\",\"@id\":\"https:\\\/\\\/www.cos-sco.ca\\\/fr\\\/#website\",\"url\":\"https:\\\/\\\/www.cos-sco.ca\\\/fr\\\/\",\"name\":\"COS-SCO\",\"description\":\"\",\"publisher\":{\"@id\":\"https:\\\/\\\/www.cos-sco.ca\\\/fr\\\/#organization\"},\"potentialAction\":[{\"@type\":\"SearchAction\",\"target\":{\"@type\":\"EntryPoint\",\"urlTemplate\":\"https:\\\/\\\/www.cos-sco.ca\\\/fr\\\/?s={search_term_string}\"},\"query-input\":{\"@type\":\"PropertyValueSpecification\",\"valueRequired\":true,\"valueName\":\"search_term_string\"}}],\"inLanguage\":\"fr-FR\"},{\"@type\":\"Organization\",\"@id\":\"https:\\\/\\\/www.cos-sco.ca\\\/fr\\\/#organization\",\"name\":\"COS-SCO\",\"url\":\"https:\\\/\\\/www.cos-sco.ca\\\/fr\\\/\",\"logo\":{\"@type\":\"ImageObject\",\"inLanguage\":\"fr-FR\",\"@id\":\"https:\\\/\\\/www.cos-sco.ca\\\/fr\\\/#\\\/schema\\\/logo\\\/image\\\/\",\"url\":\"https:\\\/\\\/www.cos-sco.ca\\\/wp-content\\\/uploads\\\/2025\\\/10\\\/logo.png\",\"contentUrl\":\"https:\\\/\\\/www.cos-sco.ca\\\/wp-content\\\/uploads\\\/2025\\\/10\\\/logo.png\",\"width\":316,\"height\":180,\"caption\":\"COS-SCO\"},\"image\":{\"@id\":\"https:\\\/\\\/www.cos-sco.ca\\\/fr\\\/#\\\/schema\\\/logo\\\/image\\\/\"}}]}<\/script>\n<!-- \/ Yoast SEO plugin. -->","yoast_head_json":{"title":"Contactez-Nous - COS-SCO","robots":{"index":"index","follow":"follow","max-snippet":"max-snippet:-1","max-image-preview":"max-image-preview:large","max-video-preview":"max-video-preview:-1"},"canonical":"https:\/\/www.cos-sco.ca\/fr\/about-us\/contact-us\/","og_locale":"fr_FR","og_type":"article","og_title":"Contactez-Nous - COS-SCO","og_description":"Notre \u00e9quipe COS Vous trouverez ci-dessous les coordonn\u00e9es vous permettant de communiquer directement avec l\u2019\u00e9quipe dirigeante de la SCO et d\u2019autres membres du personnel. Veuillez noter&nbsp;:&nbsp;La SCO ne fournit pas de conseils m\u00e9dicaux, et ne r\u00e9pond pas aux demandes de commentaires directs ou de renseignements pr\u00e9cis concernant les patients. Gouvernance Directrice g\u00e9n\u00e9raleElisabeth Fowlerefowler@cos-sco.ca613.729.6779 poste 225 [&hellip;]","og_url":"https:\/\/www.cos-sco.ca\/fr\/about-us\/contact-us\/","og_site_name":"COS-SCO","article_modified_time":"2026-04-20T13:23:46+00:00","og_image":[{"url":"https:\/\/www.cos-sco.ca\/wp-content\/uploads\/2025\/10\/impact-bg-1024x702.png","type":"","width":"","height":""}],"twitter_card":"summary_large_image","twitter_misc":{"Dur\u00e9e de lecture estim\u00e9e":"2 minutes"},"schema":{"@context":"https:\/\/schema.org","@graph":[{"@type":"WebPage","@id":"https:\/\/www.cos-sco.ca\/fr\/about-us\/contact-us\/","url":"https:\/\/www.cos-sco.ca\/fr\/about-us\/contact-us\/","name":"Contactez-Nous - COS-SCO","isPartOf":{"@id":"https:\/\/www.cos-sco.ca\/fr\/#website"},"primaryImageOfPage":{"@id":"https:\/\/www.cos-sco.ca\/fr\/about-us\/contact-us\/#primaryimage"},"image":{"@id":"https:\/\/www.cos-sco.ca\/fr\/about-us\/contact-us\/#primaryimage"},"thumbnailUrl":"https:\/\/www.cos-sco.ca\/wp-content\/uploads\/2025\/10\/impact-bg-1024x702.png","datePublished":"2025-11-25T14:27:21+00:00","dateModified":"2026-04-20T13:23:46+00:00","breadcrumb":{"@id":"https:\/\/www.cos-sco.ca\/fr\/about-us\/contact-us\/#breadcrumb"},"inLanguage":"fr-FR","potentialAction":[{"@type":"ReadAction","target":["https:\/\/www.cos-sco.ca\/fr\/about-us\/contact-us\/"]}]},{"@type":"ImageObject","inLanguage":"fr-FR","@id":"https:\/\/www.cos-sco.ca\/fr\/about-us\/contact-us\/#primaryimage","url":"https:\/\/www.cos-sco.ca\/wp-content\/uploads\/2025\/10\/impact-bg-1024x702.png","contentUrl":"https:\/\/www.cos-sco.ca\/wp-content\/uploads\/2025\/10\/impact-bg-1024x702.png"},{"@type":"BreadcrumbList","@id":"https:\/\/www.cos-sco.ca\/fr\/about-us\/contact-us\/#breadcrumb","itemListElement":[{"@type":"ListItem","position":1,"name":"Home","item":"https:\/\/www.cos-sco.ca\/fr\/"},{"@type":"ListItem","position":2,"name":"Contactez-Nous"}]},{"@type":"WebSite","@id":"https:\/\/www.cos-sco.ca\/fr\/#website","url":"https:\/\/www.cos-sco.ca\/fr\/","name":"COS-SCO","description":"","publisher":{"@id":"https:\/\/www.cos-sco.ca\/fr\/#organization"},"potentialAction":[{"@type":"SearchAction","target":{"@type":"EntryPoint","urlTemplate":"https:\/\/www.cos-sco.ca\/fr\/?s={search_term_string}"},"query-input":{"@type":"PropertyValueSpecification","valueRequired":true,"valueName":"search_term_string"}}],"inLanguage":"fr-FR"},{"@type":"Organization","@id":"https:\/\/www.cos-sco.ca\/fr\/#organization","name":"COS-SCO","url":"https:\/\/www.cos-sco.ca\/fr\/","logo":{"@type":"ImageObject","inLanguage":"fr-FR","@id":"https:\/\/www.cos-sco.ca\/fr\/#\/schema\/logo\/image\/","url":"https:\/\/www.cos-sco.ca\/wp-content\/uploads\/2025\/10\/logo.png","contentUrl":"https:\/\/www.cos-sco.ca\/wp-content\/uploads\/2025\/10\/logo.png","width":316,"height":180,"caption":"COS-SCO"},"image":{"@id":"https:\/\/www.cos-sco.ca\/fr\/#\/schema\/logo\/image\/"}}]}},"_links":{"self":[{"href":"https:\/\/www.cos-sco.ca\/fr\/wp-json\/wp\/v2\/pages\/15641","targetHints":{"allow":["GET"]}}],"collection":[{"href":"https:\/\/www.cos-sco.ca\/fr\/wp-json\/wp\/v2\/pages"}],"about":[{"href":"https:\/\/www.cos-sco.ca\/fr\/wp-json\/wp\/v2\/types\/page"}],"author":[{"embeddable":true,"href":"https:\/\/www.cos-sco.ca\/fr\/wp-json\/wp\/v2\/users\/5"}],"replies":[{"embeddable":true,"href":"https:\/\/www.cos-sco.ca\/fr\/wp-json\/wp\/v2\/comments?post=15641"}],"version-history":[{"count":3,"href":"https:\/\/www.cos-sco.ca\/fr\/wp-json\/wp\/v2\/pages\/15641\/revisions"}],"predecessor-version":[{"id":17167,"href":"https:\/\/www.cos-sco.ca\/fr\/wp-json\/wp\/v2\/pages\/15641\/revisions\/17167"}],"up":[{"embeddable":true,"href":"https:\/\/www.cos-sco.ca\/fr\/wp-json\/wp\/v2\/pages\/15648"}],"wp:attachment":[{"href":"https:\/\/www.cos-sco.ca\/fr\/wp-json\/wp\/v2\/media?parent=15641"}],"curies":[{"name":"wp","href":"https:\/\/api.w.org\/{rel}","templated":true}]}}