{"id":15409,"date":"2025-11-24T09:12:55","date_gmt":"2025-11-24T14:12:55","guid":{"rendered":"https:\/\/cos-sco.machinedev.ca\/acupo\/resources\/"},"modified":"2026-03-13T11:58:20","modified_gmt":"2026-03-13T15:58:20","slug":"resources","status":"publish","type":"page","link":"https:\/\/www.cos-sco.ca\/fr\/acupo\/resources\/","title":{"rendered":"Resources"},"content":{"rendered":"\n<div class=\"wp-block-group alignfull has-white-color has-blue-2-background-color has-text-color has-background has-link-color wp-elements-d1152ce33e8584b6a0e56759c34ec089 is-layout-constrained wp-container-core-group-is-layout-6a4ef328 wp-block-group-is-layout-constrained\" style=\"margin-bottom:var(--wp--preset--spacing--lg);padding-top:var(--wp--preset--spacing--none);padding-right:0;padding-bottom:0;padding-left:0\">\n<div class=\"wp-block-columns alignfull is-layout-flex wp-container-core-columns-is-layout-28f84493 wp-block-columns-is-layout-flex\">\n<div class=\"wp-block-column column-left-container-padding has-blue-2-background-color has-background is-layout-flow wp-block-column-is-layout-flow\" style=\"padding-top:var(--wp--preset--spacing--md);padding-bottom:var(--wp--preset--spacing--none);flex-basis:50%\">\n<figure class=\"wp-block-image size-full is-resized\"><img loading=\"lazy\" decoding=\"async\" width=\"845\" height=\"226\" src=\"https:\/\/www.cos-sco.ca\/wp-content\/uploads\/2026\/03\/ACUPO-logo-FR-white.png\" alt=\"\" class=\"wp-image-16962\" style=\"width:250px\" srcset=\"https:\/\/www.cos-sco.ca\/wp-content\/uploads\/2026\/03\/ACUPO-logo-FR-white.png 845w, https:\/\/www.cos-sco.ca\/wp-content\/uploads\/2026\/03\/ACUPO-logo-FR-white-300x80.png 300w, https:\/\/www.cos-sco.ca\/wp-content\/uploads\/2026\/03\/ACUPO-logo-FR-white-768x205.png 768w\" sizes=\"auto, (max-width: 845px) 100vw, 845px\" \/><\/figure>\n\n\n\n<h1 class=\"wp-block-heading\">Engagement et leadership<\/h1>\n\n\n\n<p>Explorez les initiatives de repr\u00e9sentation et de leadership de l\u2019ACUPO pour promouvoir l\u2019importance de l\u2019ophtalmologie dans le paysage de la sant\u00e9 mondiale au Canada.<\/p>\n\n\n<div class=\"yoast-breadcrumbs\"><span><span><a href=\"https:\/\/www.cos-sco.ca\/fr\/\">Home<\/a><\/span> \/ <span class=\"breadcrumb_last\" aria-current=\"page\">Resources<\/span><\/span><\/div><\/div>\n\n\n\n<div class=\"wp-block-column is-layout-flow wp-block-column-is-layout-flow\" style=\"flex-basis:66.66%\">\n<div class=\"wp-block-cover\" style=\"min-height:542px;aspect-ratio:unset;\"><img loading=\"lazy\" decoding=\"async\" width=\"1933\" height=\"485\" class=\"wp-block-cover__image-background wp-image-15234 size-full\" alt=\"\" src=\"https:\/\/www.cos-sco.ca\/wp-content\/uploads\/2025\/11\/resources_image.png\" style=\"object-position:52% 0%\" data-object-fit=\"cover\" data-object-position=\"52% 0%\" srcset=\"https:\/\/www.cos-sco.ca\/wp-content\/uploads\/2025\/11\/resources_image.png 1933w, https:\/\/www.cos-sco.ca\/wp-content\/uploads\/2025\/11\/resources_image-300x75.png 300w, https:\/\/www.cos-sco.ca\/wp-content\/uploads\/2025\/11\/resources_image-1024x257.png 1024w, https:\/\/www.cos-sco.ca\/wp-content\/uploads\/2025\/11\/resources_image-768x193.png 768w, https:\/\/www.cos-sco.ca\/wp-content\/uploads\/2025\/11\/resources_image-1536x385.png 1536w\" sizes=\"auto, (max-width: 1933px) 100vw, 1933px\" \/><span aria-hidden=\"true\" class=\"wp-block-cover__background has-background-dim-0 has-background-dim\" style=\"background-color:#73717f\"><\/span><div class=\"wp-block-cover__inner-container is-layout-constrained wp-block-cover-is-layout-constrained\">\n<p class=\"has-text-align-center has-large-font-size\"><\/p>\n<\/div><\/div>\n<\/div>\n<\/div>\n<\/div>\n\n\n\n<div class=\"wp-block-group has-blue-3-background-color has-background is-layout-constrained wp-container-core-group-is-layout-3135bc61 wp-block-group-is-layout-constrained\" style=\"border-radius:20px;margin-top:var(--wp--preset--spacing--lg);padding-top:0;padding-right:var(--wp--preset--spacing--none);padding-bottom:0;padding-left:var(--wp--preset--spacing--none)\">\n<div class=\"wp-block-columns are-vertically-aligned-center is-layout-flex wp-container-core-columns-is-layout-28232c24 wp-block-columns-is-layout-flex\">\n<div class=\"wp-block-column is-vertically-aligned-center is-layout-flow wp-block-column-is-layout-flow\">\n<div class=\"wp-block-cover\" style=\"border-top-left-radius:20px;border-top-right-radius:0px;border-bottom-left-radius:20px;border-bottom-right-radius:0px\"><img loading=\"lazy\" decoding=\"async\" width=\"478\" height=\"313\" class=\"wp-block-cover__image-background wp-image-15237 size-full\" alt=\"\" src=\"https:\/\/www.cos-sco.ca\/wp-content\/uploads\/2025\/11\/mg_8291_ophthalmology-sept-2020.webp\" data-object-fit=\"cover\" srcset=\"https:\/\/www.cos-sco.ca\/wp-content\/uploads\/2025\/11\/mg_8291_ophthalmology-sept-2020.webp 478w, https:\/\/www.cos-sco.ca\/wp-content\/uploads\/2025\/11\/mg_8291_ophthalmology-sept-2020-300x196.webp 300w\" sizes=\"auto, (max-width: 478px) 100vw, 478px\" \/><span aria-hidden=\"true\" class=\"wp-block-cover__background has-background-dim-0 has-background-dim\"><\/span><div class=\"wp-block-cover__inner-container is-layout-constrained wp-block-cover-is-layout-constrained\">\n<p class=\"has-text-align-center has-large-font-size\"><\/p>\n<\/div><\/div>\n<\/div>\n\n\n\n<div class=\"wp-block-column is-vertically-aligned-center is-layout-flow wp-block-column-is-layout-flow\">\n<div class=\"wp-block-group is-layout-constrained wp-container-core-group-is-layout-565266ad wp-block-group-is-layout-constrained\" style=\"padding-top:var(--wp--preset--spacing--md);padding-right:var(--wp--preset--spacing--md);padding-bottom:var(--wp--preset--spacing--md);padding-left:var(--wp--preset--spacing--md)\">\n<h2 class=\"wp-block-heading\">D\u00e9veloppement du leadership<\/h2>\n\n\n\n<p>L&rsquo;ACUPO vise \u00e0 promouvoir le d\u00e9veloppement du leadership et la planification de la rel\u00e8ve parmi ses membres et dans tous les centres universitaires d&rsquo;ophtalmologie au Canada.<\/p>\n<\/div>\n<\/div>\n<\/div>\n<\/div>\n\n\n\n<h2 class=\"wp-block-heading has-text-align-center\" style=\"padding-top:var(--wp--preset--spacing--md)\">Nos partenaires<\/h2>\n\n\n<div class=\"logo-carousel-wrapper-frontend\"><div class=\"logo-carousel-item\"><a href=\"https:\/\/physicianleaders.ca\/\" target=\"_blank\" rel=\"noopener\"><img decoding=\"async\" src=\"https:\/\/www.cos-sco.ca\/wp-content\/uploads\/2025\/11\/Canadian-Society-of-Physician-Leaders.webp\" alt=\"\" style=\"margin: 0 auto;max-width: 250px;\" \/><\/a><div class=\"logo-carousel-title\">Canadian Society of Physician Leaders<\/div><\/div><div class=\"logo-carousel-item\"><a href=\"https:\/\/cchl-ccls.ca\/\" target=\"_blank\" rel=\"noopener\"><img decoding=\"async\" src=\"https:\/\/www.cos-sco.ca\/wp-content\/uploads\/2025\/11\/Canadian-College-of-Health-Leaders.webp\" alt=\"\" style=\"margin: 0 auto;max-width: 250px;\" \/><\/a><div class=\"logo-carousel-title\">Canadian College of Health Leaders<\/div><\/div><div class=\"logo-carousel-item\"><a href=\"https:\/\/community.docsinleadership.com\/\" target=\"_blank\" rel=\"noopener\"><img decoding=\"async\" src=\"https:\/\/www.cos-sco.ca\/wp-content\/uploads\/2025\/11\/Docs-in-Leadership.webp\" alt=\"\" style=\"margin: 0 auto;max-width: 250px;\" \/><\/a><div class=\"logo-carousel-title\">Docs in Leadership<\/div><\/div><div class=\"logo-carousel-item\"><a href=\"https:\/\/www.cos-sco.ca\/\" target=\"_blank\" rel=\"noopener\"><img decoding=\"async\" src=\"https:\/\/www.cos-sco.ca\/wp-content\/uploads\/2025\/11\/Canadian-Ophthalmological-Society-COS.webp\" alt=\"\" style=\"margin: 0 auto;max-width: 250px;\" \/><\/a><div class=\"logo-carousel-title\">Canadian Ophthalmological Society<\/div><\/div><div class=\"logo-carousel-item\"><a href=\"https:\/\/aupo.org\/\" target=\"_blank\" rel=\"noopener\"><img decoding=\"async\" src=\"https:\/\/www.cos-sco.ca\/wp-content\/uploads\/2025\/11\/Association-of-University-Professors-_of-Ophthalmology-AUPO-USA.webp\" alt=\"\" style=\"margin: 0 auto;max-width: 250px;\" \/><\/a><div class=\"logo-carousel-title\">Association of University Professors of Ophthalmology (AUPO &#8211; USA)<\/div><\/div><div class=\"logo-carousel-item\"><a href=\"https:\/\/medicine.dal.ca\/departments\/department-sites\/ophthalmology.html\" target=\"_blank\" rel=\"noopener\"><img decoding=\"async\" src=\"https:\/\/www.cos-sco.ca\/wp-content\/uploads\/2025\/11\/Dalhousie-University-Halifax_100.webp\" alt=\"\" style=\"margin: 0 auto;max-width: 250px;\" \/><\/a><div class=\"logo-carousel-title\">Dalhousie University, Halifax<\/div><\/div><div class=\"logo-carousel-item\"><a href=\"https:\/\/www.mcgill.ca\/ophthalmology\/\" target=\"_blank\" rel=\"noopener\"><img decoding=\"async\" src=\"https:\/\/www.cos-sco.ca\/wp-content\/uploads\/2025\/11\/McGill-University_100.webp\" alt=\"\" style=\"margin: 0 auto;max-width: 250px;\" \/><\/a><div class=\"logo-carousel-title\">McGill University, Montr\u00e9al<\/div><\/div><div class=\"logo-carousel-item\"><a href=\"https:\/\/surgery.mcmaster.ca\/divisions\/ophthalmology\" target=\"_blank\" rel=\"noopener\"><img decoding=\"async\" src=\"https:\/\/www.cos-sco.ca\/wp-content\/uploads\/2025\/11\/McMaster-University-Hamilton_100.webp\" alt=\"\" style=\"margin: 0 auto;max-width: 250px;\" \/><\/a><div class=\"logo-carousel-title\">McMaster University, Hamilton<\/div><\/div><div class=\"logo-carousel-item\"><a href=\"https:\/\/www.ualberta.ca\/ophthalmology\/index.html\" target=\"_blank\" rel=\"noopener\"><img decoding=\"async\" src=\"https:\/\/www.cos-sco.ca\/wp-content\/uploads\/2025\/11\/University-of-Alberta-Edmonton_100.webp\" alt=\"\" style=\"margin: 0 auto;max-width: 250px;\" \/><\/a><div class=\"logo-carousel-title\">University of Alberta, Edmonton<\/div><\/div><div class=\"logo-carousel-item\"><a href=\"https:\/\/ophthalmology.med.ubc.ca\/\" target=\"_blank\" rel=\"noopener\"><img decoding=\"async\" src=\"https:\/\/www.cos-sco.ca\/wp-content\/uploads\/2025\/11\/university_of_british_columbia_100.webp\" alt=\"\" style=\"margin: 0 auto;max-width: 250px;\" \/><\/a><div class=\"logo-carousel-title\">University of British Columbia, Vancouver<\/div><\/div><div class=\"logo-carousel-item\"><a href=\"https:\/\/www.calgaryopthalmology.ca\/\" target=\"_blank\" rel=\"noopener\"><img decoding=\"async\" src=\"https:\/\/www.cos-sco.ca\/wp-content\/uploads\/2025\/11\/University-of-Calgary-Calgary_100.webp\" alt=\"\" style=\"margin: 0 auto;max-width: 250px;\" \/><\/a><div class=\"logo-carousel-title\">University of Calgary, Calgary<\/div><\/div><div class=\"logo-carousel-item\"><a href=\"https:\/\/www.fmed.ulaval.ca\/faculte-et-reseau\/a-propos-de-la-faculte\/departements\/departement-dophtalmologie-et-doto-rhino-laryngologie-chirurgie-cervico-faciale\" target=\"_blank\" rel=\"noopener\"><img decoding=\"async\" src=\"https:\/\/www.cos-sco.ca\/wp-content\/uploads\/2025\/11\/Universite-laval_100.webp\" alt=\"\" style=\"margin: 0 auto;max-width: 250px;\" \/><\/a><div class=\"logo-carousel-title\">Universit\u00e9 Laval, Qu\u00e9bec<\/div><\/div><div class=\"logo-carousel-item\"><a href=\"https:\/\/umanitoba.ca\/medicine\/department-ophthalmology\" target=\"_blank\" rel=\"noopener\"><img decoding=\"async\" src=\"https:\/\/www.cos-sco.ca\/wp-content\/uploads\/2025\/11\/University-of-Manitoba-Winnipeg_100.webp\" alt=\"\" style=\"margin: 0 auto;max-width: 250px;\" \/><\/a><div class=\"logo-carousel-title\">University of Manitoba, Winnipeg<\/div><\/div><div class=\"logo-carousel-item\"><a href=\"https:\/\/www.umontreal.ca\/carrieres\/\" target=\"_blank\" rel=\"noopener\"><img decoding=\"async\" src=\"https:\/\/www.cos-sco.ca\/wp-content\/uploads\/2025\/11\/Universite-de-Montreal_100.webp\" alt=\"\" style=\"margin: 0 auto;max-width: 250px;\" \/><\/a><div class=\"logo-carousel-title\">Universit\u00e9 de Montr\u00e9al, Montr\u00e9al<\/div><\/div><div class=\"logo-carousel-item\"><a href=\"https:\/\/www.uottawa.ca\/faculty-medicine\/ophthalmology\" target=\"_blank\" rel=\"noopener\"><img decoding=\"async\" src=\"https:\/\/www.cos-sco.ca\/wp-content\/uploads\/2025\/11\/University-of-Ottawa-Ottawa_100.webp\" alt=\"\" style=\"margin: 0 auto;max-width: 250px;\" \/><\/a><div class=\"logo-carousel-title\">University of Ottawa, Ottawa<\/div><\/div><div class=\"logo-carousel-item\"><a href=\"https:\/\/medicine.usask.ca\/department\/clinical\/ophthalmology.php\" target=\"_blank\" rel=\"noopener\"><img decoding=\"async\" src=\"https:\/\/www.cos-sco.ca\/wp-content\/uploads\/2025\/11\/university-of-saskatchewan_100.webp\" alt=\"\" style=\"margin: 0 auto;max-width: 250px;\" \/><\/a><div class=\"logo-carousel-title\">University of Saskatchewan, Saskatoon<\/div><\/div><div class=\"logo-carousel-item\"><a href=\"https:\/\/www.usherbrooke.ca\/dep-chirurgie\/programmes\/postdoctoral#acc-7633-1306\" target=\"_blank\" rel=\"noopener\"><img decoding=\"async\" src=\"https:\/\/www.cos-sco.ca\/wp-content\/uploads\/2025\/11\/universite-de-sherbrooke_100.webp\" alt=\"\" style=\"margin: 0 auto;max-width: 250px;\" \/><\/a><div class=\"logo-carousel-title\">Universit\u00e9 de Sherbrooke, Sherbrooke<\/div><\/div><div class=\"logo-carousel-item\"><a href=\"https:\/\/ophthalmology.utoronto.ca\/\" target=\"_blank\" rel=\"noopener\"><img decoding=\"async\" src=\"https:\/\/www.cos-sco.ca\/wp-content\/uploads\/2025\/11\/University_of_Toronto_100.webp\" alt=\"\" style=\"margin: 0 auto;max-width: 250px;\" \/><\/a><div class=\"logo-carousel-title\">University of Toronto, Toronto<\/div><\/div><div class=\"logo-carousel-item\"><a href=\"https:\/\/ophthalmology.queensu.ca\/\" target=\"_blank\" rel=\"noopener\"><img decoding=\"async\" src=\"https:\/\/www.cos-sco.ca\/wp-content\/uploads\/2025\/11\/Queens-university_100.webp\" alt=\"\" style=\"margin: 0 auto;max-width: 250px;\" \/><\/a><div class=\"logo-carousel-title\">Queen&#039;s University, Kingston<\/div><\/div><div class=\"logo-carousel-item\"><a href=\"https:\/\/www.schulich.uwo.ca\/ophthalmology\/ivey_eye_institute\/index.html\" target=\"_blank\" rel=\"noopener\"><img decoding=\"async\" src=\"https:\/\/www.cos-sco.ca\/wp-content\/uploads\/2025\/11\/Western-University-London_100.webp\" alt=\"\" style=\"margin: 0 auto;max-width: 250px;\" \/><\/a><div class=\"logo-carousel-title\">Western University, London<\/div><\/div><\/div>","protected":false},"excerpt":{"rendered":"<p>Engagement et leadership Explorez les initiatives de repr\u00e9sentation et de leadership de l\u2019ACUPO pour promouvoir l\u2019importance de l\u2019ophtalmologie dans le paysage de la sant\u00e9 mondiale au Canada. D\u00e9veloppement du leadership L&rsquo;ACUPO vise \u00e0 promouvoir le d\u00e9veloppement du leadership et la planification de la rel\u00e8ve parmi ses membres et dans tous les centres universitaires d&rsquo;ophtalmologie au [&hellip;]<\/p>\n","protected":false},"author":3,"featured_media":0,"parent":15310,"menu_order":0,"comment_status":"closed","ping_status":"closed","template":"","meta":{"footnotes":""},"class_list":["post-15409","page","type-page","status-publish","hentry"],"yoast_head":"<!-- This site is optimized with the Yoast SEO plugin v27.4 - https:\/\/yoast.com\/product\/yoast-seo-wordpress\/ -->\n<title>Resources - COS-SCO<\/title>\n<meta name=\"robots\" content=\"index, follow, max-snippet:-1, max-image-preview:large, max-video-preview:-1\" \/>\n<link rel=\"canonical\" href=\"https:\/\/www.cos-sco.ca\/fr\/acupo\/resources\/\" \/>\n<meta property=\"og:locale\" content=\"fr_FR\" \/>\n<meta property=\"og:type\" content=\"article\" \/>\n<meta property=\"og:title\" content=\"Resources - COS-SCO\" \/>\n<meta property=\"og:description\" content=\"Engagement et leadership Explorez les initiatives de repr\u00e9sentation et de leadership de l\u2019ACUPO pour promouvoir l\u2019importance de l\u2019ophtalmologie dans le paysage de la sant\u00e9 mondiale au Canada. D\u00e9veloppement du leadership L&rsquo;ACUPO vise \u00e0 promouvoir le d\u00e9veloppement du leadership et la planification de la rel\u00e8ve parmi ses membres et dans tous les centres universitaires d&rsquo;ophtalmologie au [&hellip;]\" \/>\n<meta property=\"og:url\" content=\"https:\/\/www.cos-sco.ca\/fr\/acupo\/resources\/\" \/>\n<meta property=\"og:site_name\" content=\"COS-SCO\" \/>\n<meta property=\"article:modified_time\" content=\"2026-03-13T15:58:20+00:00\" \/>\n<meta property=\"og:image\" content=\"https:\/\/www.cos-sco.ca\/wp-content\/uploads\/2026\/03\/ACUPO-logo-FR-white.png\" \/>\n<meta name=\"twitter:card\" content=\"summary_large_image\" \/>\n<meta name=\"twitter:label1\" content=\"Dur\u00e9e de lecture estim\u00e9e\" \/>\n\t<meta name=\"twitter:data1\" content=\"1 minute\" \/>\n<script type=\"application\/ld+json\" class=\"yoast-schema-graph\">{\"@context\":\"https:\\\/\\\/schema.org\",\"@graph\":[{\"@type\":\"WebPage\",\"@id\":\"https:\\\/\\\/www.cos-sco.ca\\\/fr\\\/acupo\\\/resources\\\/\",\"url\":\"https:\\\/\\\/www.cos-sco.ca\\\/fr\\\/acupo\\\/resources\\\/\",\"name\":\"Resources - COS-SCO\",\"isPartOf\":{\"@id\":\"https:\\\/\\\/www.cos-sco.ca\\\/fr\\\/#website\"},\"primaryImageOfPage\":{\"@id\":\"https:\\\/\\\/www.cos-sco.ca\\\/fr\\\/acupo\\\/resources\\\/#primaryimage\"},\"image\":{\"@id\":\"https:\\\/\\\/www.cos-sco.ca\\\/fr\\\/acupo\\\/resources\\\/#primaryimage\"},\"thumbnailUrl\":\"https:\\\/\\\/www.cos-sco.ca\\\/wp-content\\\/uploads\\\/2026\\\/03\\\/ACUPO-logo-FR-white.png\",\"datePublished\":\"2025-11-24T14:12:55+00:00\",\"dateModified\":\"2026-03-13T15:58:20+00:00\",\"breadcrumb\":{\"@id\":\"https:\\\/\\\/www.cos-sco.ca\\\/fr\\\/acupo\\\/resources\\\/#breadcrumb\"},\"inLanguage\":\"fr-FR\",\"potentialAction\":[{\"@type\":\"ReadAction\",\"target\":[\"https:\\\/\\\/www.cos-sco.ca\\\/fr\\\/acupo\\\/resources\\\/\"]}]},{\"@type\":\"ImageObject\",\"inLanguage\":\"fr-FR\",\"@id\":\"https:\\\/\\\/www.cos-sco.ca\\\/fr\\\/acupo\\\/resources\\\/#primaryimage\",\"url\":\"https:\\\/\\\/www.cos-sco.ca\\\/wp-content\\\/uploads\\\/2026\\\/03\\\/ACUPO-logo-FR-white.png\",\"contentUrl\":\"https:\\\/\\\/www.cos-sco.ca\\\/wp-content\\\/uploads\\\/2026\\\/03\\\/ACUPO-logo-FR-white.png\"},{\"@type\":\"BreadcrumbList\",\"@id\":\"https:\\\/\\\/www.cos-sco.ca\\\/fr\\\/acupo\\\/resources\\\/#breadcrumb\",\"itemListElement\":[{\"@type\":\"ListItem\",\"position\":1,\"name\":\"Home\",\"item\":\"https:\\\/\\\/www.cos-sco.ca\\\/fr\\\/\"},{\"@type\":\"ListItem\",\"position\":2,\"name\":\"Resources\"}]},{\"@type\":\"WebSite\",\"@id\":\"https:\\\/\\\/www.cos-sco.ca\\\/fr\\\/#website\",\"url\":\"https:\\\/\\\/www.cos-sco.ca\\\/fr\\\/\",\"name\":\"COS-SCO\",\"description\":\"\",\"publisher\":{\"@id\":\"https:\\\/\\\/www.cos-sco.ca\\\/fr\\\/#organization\"},\"potentialAction\":[{\"@type\":\"SearchAction\",\"target\":{\"@type\":\"EntryPoint\",\"urlTemplate\":\"https:\\\/\\\/www.cos-sco.ca\\\/fr\\\/?s={search_term_string}\"},\"query-input\":{\"@type\":\"PropertyValueSpecification\",\"valueRequired\":true,\"valueName\":\"search_term_string\"}}],\"inLanguage\":\"fr-FR\"},{\"@type\":\"Organization\",\"@id\":\"https:\\\/\\\/www.cos-sco.ca\\\/fr\\\/#organization\",\"name\":\"COS-SCO\",\"url\":\"https:\\\/\\\/www.cos-sco.ca\\\/fr\\\/\",\"logo\":{\"@type\":\"ImageObject\",\"inLanguage\":\"fr-FR\",\"@id\":\"https:\\\/\\\/www.cos-sco.ca\\\/fr\\\/#\\\/schema\\\/logo\\\/image\\\/\",\"url\":\"https:\\\/\\\/www.cos-sco.ca\\\/wp-content\\\/uploads\\\/2025\\\/10\\\/logo.png\",\"contentUrl\":\"https:\\\/\\\/www.cos-sco.ca\\\/wp-content\\\/uploads\\\/2025\\\/10\\\/logo.png\",\"width\":316,\"height\":180,\"caption\":\"COS-SCO\"},\"image\":{\"@id\":\"https:\\\/\\\/www.cos-sco.ca\\\/fr\\\/#\\\/schema\\\/logo\\\/image\\\/\"}}]}<\/script>\n<!-- \/ Yoast SEO plugin. -->","yoast_head_json":{"title":"Resources - COS-SCO","robots":{"index":"index","follow":"follow","max-snippet":"max-snippet:-1","max-image-preview":"max-image-preview:large","max-video-preview":"max-video-preview:-1"},"canonical":"https:\/\/www.cos-sco.ca\/fr\/acupo\/resources\/","og_locale":"fr_FR","og_type":"article","og_title":"Resources - COS-SCO","og_description":"Engagement et leadership Explorez les initiatives de repr\u00e9sentation et de leadership de l\u2019ACUPO pour promouvoir l\u2019importance de l\u2019ophtalmologie dans le paysage de la sant\u00e9 mondiale au Canada. D\u00e9veloppement du leadership L&rsquo;ACUPO vise \u00e0 promouvoir le d\u00e9veloppement du leadership et la planification de la rel\u00e8ve parmi ses membres et dans tous les centres universitaires d&rsquo;ophtalmologie au [&hellip;]","og_url":"https:\/\/www.cos-sco.ca\/fr\/acupo\/resources\/","og_site_name":"COS-SCO","article_modified_time":"2026-03-13T15:58:20+00:00","og_image":[{"url":"https:\/\/www.cos-sco.ca\/wp-content\/uploads\/2026\/03\/ACUPO-logo-FR-white.png","type":"","width":"","height":""}],"twitter_card":"summary_large_image","twitter_misc":{"Dur\u00e9e de lecture estim\u00e9e":"1 minute"},"schema":{"@context":"https:\/\/schema.org","@graph":[{"@type":"WebPage","@id":"https:\/\/www.cos-sco.ca\/fr\/acupo\/resources\/","url":"https:\/\/www.cos-sco.ca\/fr\/acupo\/resources\/","name":"Resources - COS-SCO","isPartOf":{"@id":"https:\/\/www.cos-sco.ca\/fr\/#website"},"primaryImageOfPage":{"@id":"https:\/\/www.cos-sco.ca\/fr\/acupo\/resources\/#primaryimage"},"image":{"@id":"https:\/\/www.cos-sco.ca\/fr\/acupo\/resources\/#primaryimage"},"thumbnailUrl":"https:\/\/www.cos-sco.ca\/wp-content\/uploads\/2026\/03\/ACUPO-logo-FR-white.png","datePublished":"2025-11-24T14:12:55+00:00","dateModified":"2026-03-13T15:58:20+00:00","breadcrumb":{"@id":"https:\/\/www.cos-sco.ca\/fr\/acupo\/resources\/#breadcrumb"},"inLanguage":"fr-FR","potentialAction":[{"@type":"ReadAction","target":["https:\/\/www.cos-sco.ca\/fr\/acupo\/resources\/"]}]},{"@type":"ImageObject","inLanguage":"fr-FR","@id":"https:\/\/www.cos-sco.ca\/fr\/acupo\/resources\/#primaryimage","url":"https:\/\/www.cos-sco.ca\/wp-content\/uploads\/2026\/03\/ACUPO-logo-FR-white.png","contentUrl":"https:\/\/www.cos-sco.ca\/wp-content\/uploads\/2026\/03\/ACUPO-logo-FR-white.png"},{"@type":"BreadcrumbList","@id":"https:\/\/www.cos-sco.ca\/fr\/acupo\/resources\/#breadcrumb","itemListElement":[{"@type":"ListItem","position":1,"name":"Home","item":"https:\/\/www.cos-sco.ca\/fr\/"},{"@type":"ListItem","position":2,"name":"Resources"}]},{"@type":"WebSite","@id":"https:\/\/www.cos-sco.ca\/fr\/#website","url":"https:\/\/www.cos-sco.ca\/fr\/","name":"COS-SCO","description":"","publisher":{"@id":"https:\/\/www.cos-sco.ca\/fr\/#organization"},"potentialAction":[{"@type":"SearchAction","target":{"@type":"EntryPoint","urlTemplate":"https:\/\/www.cos-sco.ca\/fr\/?s={search_term_string}"},"query-input":{"@type":"PropertyValueSpecification","valueRequired":true,"valueName":"search_term_string"}}],"inLanguage":"fr-FR"},{"@type":"Organization","@id":"https:\/\/www.cos-sco.ca\/fr\/#organization","name":"COS-SCO","url":"https:\/\/www.cos-sco.ca\/fr\/","logo":{"@type":"ImageObject","inLanguage":"fr-FR","@id":"https:\/\/www.cos-sco.ca\/fr\/#\/schema\/logo\/image\/","url":"https:\/\/www.cos-sco.ca\/wp-content\/uploads\/2025\/10\/logo.png","contentUrl":"https:\/\/www.cos-sco.ca\/wp-content\/uploads\/2025\/10\/logo.png","width":316,"height":180,"caption":"COS-SCO"},"image":{"@id":"https:\/\/www.cos-sco.ca\/fr\/#\/schema\/logo\/image\/"}}]}},"_links":{"self":[{"href":"https:\/\/www.cos-sco.ca\/fr\/wp-json\/wp\/v2\/pages\/15409","targetHints":{"allow":["GET"]}}],"collection":[{"href":"https:\/\/www.cos-sco.ca\/fr\/wp-json\/wp\/v2\/pages"}],"about":[{"href":"https:\/\/www.cos-sco.ca\/fr\/wp-json\/wp\/v2\/types\/page"}],"author":[{"embeddable":true,"href":"https:\/\/www.cos-sco.ca\/fr\/wp-json\/wp\/v2\/users\/3"}],"replies":[{"embeddable":true,"href":"https:\/\/www.cos-sco.ca\/fr\/wp-json\/wp\/v2\/comments?post=15409"}],"version-history":[{"count":3,"href":"https:\/\/www.cos-sco.ca\/fr\/wp-json\/wp\/v2\/pages\/15409\/revisions"}],"predecessor-version":[{"id":16972,"href":"https:\/\/www.cos-sco.ca\/fr\/wp-json\/wp\/v2\/pages\/15409\/revisions\/16972"}],"up":[{"embeddable":true,"href":"https:\/\/www.cos-sco.ca\/fr\/wp-json\/wp\/v2\/pages\/15310"}],"wp:attachment":[{"href":"https:\/\/www.cos-sco.ca\/fr\/wp-json\/wp\/v2\/media?parent=15409"}],"curies":[{"name":"wp","href":"https:\/\/api.w.org\/{rel}","templated":true}]}}