{"id":15373,"date":"2025-11-06T13:31:02","date_gmt":"2025-11-06T18:31:02","guid":{"rendered":"https:\/\/cos-sco.machinedev.ca\/?page_id=15373"},"modified":"2026-03-13T09:09:51","modified_gmt":"2026-03-13T13:09:51","slug":"advocacy","status":"publish","type":"page","link":"https:\/\/www.cos-sco.ca\/fr\/advocacy\/","title":{"rendered":"Advocacy"},"content":{"rendered":"\n<div class=\"wp-block-cover alignfull\" style=\"min-height:343px;aspect-ratio:unset;\"><img loading=\"lazy\" decoding=\"async\" width=\"1024\" height=\"702\" class=\"wp-block-cover__image-background wp-image-208 size-large\" alt=\"\" src=\"https:\/\/www.cos-sco.ca\/wp-content\/uploads\/2025\/10\/impact-bg-1024x702.png\" data-object-fit=\"cover\" srcset=\"https:\/\/www.cos-sco.ca\/wp-content\/uploads\/2025\/10\/impact-bg-1024x702.png 1024w, https:\/\/www.cos-sco.ca\/wp-content\/uploads\/2025\/10\/impact-bg-300x206.png 300w, https:\/\/www.cos-sco.ca\/wp-content\/uploads\/2025\/10\/impact-bg-768x526.png 768w, https:\/\/www.cos-sco.ca\/wp-content\/uploads\/2025\/10\/impact-bg-1536x1052.png 1536w, https:\/\/www.cos-sco.ca\/wp-content\/uploads\/2025\/10\/impact-bg-2048x1403.png 2048w\" sizes=\"auto, (max-width: 1024px) 100vw, 1024px\" \/><span aria-hidden=\"true\" class=\"wp-block-cover__background has-background-dim\" style=\"background-color:#3f4460\"><\/span><div class=\"wp-block-cover__inner-container is-layout-constrained wp-container-core-cover-is-layout-71c83769 wp-block-cover-is-layout-constrained\">\n<h1 class=\"wp-block-heading has-text-align-center\">Repr\u00e9sentation<\/h1>\n<\/div><\/div>\n\n\n\n<div class=\"wp-block-group has-white-color has-blue-2-background-color has-text-color has-background has-link-color wp-elements-65a51e3be3f9fd659a8ed6257ae3e44e is-layout-constrained wp-container-core-group-is-layout-3135bc61 wp-block-group-is-layout-constrained\" style=\"border-radius:20px;margin-top:var(--wp--preset--spacing--lg);padding-top:0;padding-right:var(--wp--preset--spacing--none);padding-bottom:0;padding-left:var(--wp--preset--spacing--none)\">\n<div class=\"wp-block-columns are-vertically-aligned-center is-layout-flex wp-container-core-columns-is-layout-99f27695 wp-block-columns-is-layout-flex\" style=\"padding-top:0;padding-right:var(--wp--preset--spacing--none);padding-bottom:0;padding-left:var(--wp--preset--spacing--none)\">\n<div class=\"wp-block-column is-vertically-aligned-center is-layout-flow wp-block-column-is-layout-flow\" style=\"padding-top:var(--wp--preset--spacing--md);padding-right:var(--wp--preset--spacing--md);padding-bottom:var(--wp--preset--spacing--md);padding-left:var(--wp--preset--spacing--md)\">\n<h2 class=\"wp-block-heading\"><strong><strong>D\u00e9claration de plaidoyer<\/strong><\/strong><\/h2>\n\n\n\n<p>La Soci\u00e9t\u00e9 canadienne d\u2019ophtalmologie&nbsp;(SCO) joue un r\u00f4le essentiel pour garantir l\u2019excellence des soins oculaires partout au Canada. La SCO s\u2019efforce d\u2019aider ses membres \u2013 des m\u00e9decins et chirurgiens ophtalmologistes \u00e0 l\u2019avant-garde des soins oculaires \u2013 \u00e0 fournir des soins oculaires exemplaires. En collaboration avec ses alli\u00e9s des soins de sant\u00e9 oculaires et du gouvernement, la Soci\u00e9t\u00e9 d\u00e9sire am\u00e9liorer les politiques et initiatives relatives \u00e0 la sant\u00e9 visuelle.<\/p>\n\n\n\n<p>Gr\u00e2ce \u00e0 des alliances strat\u00e9giques et \u00e0 des efforts de repr\u00e9sentation consciencieux, la SCO vise \u00e0 rehausser la sensibilisation, \u00e0 mobiliser les ressources, \u00e0 pr\u00e9venir la c\u00e9cit\u00e9, \u00e0 pr\u00e9server la vision et \u00e0 am\u00e9liorer la sant\u00e9 oculaire en g\u00e9n\u00e9ral. Notre mission souligne l\u2019importance de l\u2019action collective et de la coop\u00e9ration pour pr\u00e9server le pr\u00e9cieux don de la vue pour l\u2019ensemble de la population canadienne.<\/p>\n\n\n<div class=\"yoast-breadcrumbs\"><span><span><a href=\"https:\/\/www.cos-sco.ca\/fr\/\">Home<\/a><\/span> \/ <span class=\"breadcrumb_last\" aria-current=\"page\">Advocacy<\/span><\/span><\/div><\/div>\n\n\n\n<div class=\"wp-block-column is-vertically-aligned-center is-layout-flow wp-block-column-is-layout-flow\" style=\"padding-top:var(--wp--preset--spacing--md);padding-right:var(--wp--preset--spacing--md);padding-bottom:var(--wp--preset--spacing--md);padding-left:var(--wp--preset--spacing--md)\">\n<div class=\"wp-block-cover is-light\" style=\"border-top-left-radius:20px;border-top-right-radius:20px;border-bottom-left-radius:20px;border-bottom-right-radius:20px\"><img loading=\"lazy\" decoding=\"async\" width=\"1024\" height=\"683\" class=\"wp-block-cover__image-background wp-image-1307 size-large\" alt=\"\" src=\"https:\/\/www.cos-sco.ca\/wp-content\/uploads\/2025\/11\/CanadianOphthalmologicalSociety5-1024x683.jpg\" data-object-fit=\"cover\" srcset=\"https:\/\/www.cos-sco.ca\/wp-content\/uploads\/2025\/11\/CanadianOphthalmologicalSociety5-1024x683.jpg 1024w, https:\/\/www.cos-sco.ca\/wp-content\/uploads\/2025\/11\/CanadianOphthalmologicalSociety5-300x200.jpg 300w, https:\/\/www.cos-sco.ca\/wp-content\/uploads\/2025\/11\/CanadianOphthalmologicalSociety5-768x512.jpg 768w, https:\/\/www.cos-sco.ca\/wp-content\/uploads\/2025\/11\/CanadianOphthalmologicalSociety5-1536x1024.jpg 1536w, https:\/\/www.cos-sco.ca\/wp-content\/uploads\/2025\/11\/CanadianOphthalmologicalSociety5-2048x1365.jpg 2048w\" sizes=\"auto, (max-width: 1024px) 100vw, 1024px\" \/><span aria-hidden=\"true\" class=\"wp-block-cover__background has-background-dim-0 has-background-dim\"><\/span><div class=\"wp-block-cover__inner-container is-layout-constrained wp-block-cover-is-layout-constrained\">\n<p class=\"has-text-align-center has-large-font-size\"><\/p>\n<\/div><\/div>\n<\/div>\n<\/div>\n<\/div>\n\n\n\n<div class=\"wp-block-group is-layout-constrained wp-container-core-group-is-layout-3156e74c wp-block-group-is-layout-constrained\">\n<div class=\"wp-block-columns is-layout-flex wp-container-core-columns-is-layout-28f84493 wp-block-columns-is-layout-flex\">\n<div class=\"wp-block-column is-layout-flow wp-block-column-is-layout-flow\">\n<div class=\"wp-block-group has-background-accent-dark small has-white-color has-blue-2-background-color has-text-color has-background has-link-color wp-elements-c96bd885d2da8513999abbd25f118901 is-layout-constrained wp-block-group-is-layout-constrained\" style=\"border-radius:20px;margin-top:0;margin-bottom:0\">\n<div class=\"wp-block-group is-layout-constrained wp-container-core-group-is-layout-e4d5999e wp-block-group-is-layout-constrained\" style=\"padding-top:var(--wp--preset--spacing--none);padding-bottom:var(--wp--preset--spacing--none)\">\n<h2 class=\"wp-block-heading has-text-align-left\">Coalition des partenaires en sant\u00e9 oculaire<\/h2>\n\n\n\n<div class=\"wp-block-buttons is-content-justification-left is-layout-flex wp-container-core-buttons-is-layout-fc4fd283 wp-block-buttons-is-layout-flex\">\n<div class=\"wp-block-button\"><a class=\"wp-block-button__link wp-element-button\" href=\"https:\/\/www.cos-sco.ca\/fr\/advocacy\/coalition-des-partenaires-en-sante-oculaire\/\">Regarder<\/a><\/div>\n<\/div>\n<\/div>\n<\/div>\n<\/div>\n\n\n\n<div class=\"wp-block-column is-layout-flow wp-block-column-is-layout-flow\">\n<div class=\"wp-block-group has-background-accent-dark small has-white-color has-blue-2-background-color has-text-color has-background has-link-color wp-elements-b0a32e03d9fae8d1d2c78f264dff8e49 is-layout-constrained wp-block-group-is-layout-constrained\" style=\"border-radius:20px;margin-top:0;margin-bottom:0\">\n<div class=\"wp-block-group is-layout-constrained wp-container-core-group-is-layout-e4d5999e wp-block-group-is-layout-constrained\" style=\"padding-top:var(--wp--preset--spacing--none);padding-bottom:var(--wp--preset--spacing--none)\">\n<h2 class=\"wp-block-heading has-text-align-left\">Conseil des grands enjeux de la profession<\/h2>\n\n\n\n<div class=\"wp-block-buttons is-content-justification-left is-layout-flex wp-container-core-buttons-is-layout-fc4fd283 wp-block-buttons-is-layout-flex\">\n<div class=\"wp-block-button\"><a class=\"wp-block-button__link wp-element-button\" href=\"https:\/\/www.cos-sco.ca\/fr\/about-us\/board-and-councils\/council-on-advocacy\/\" target=\"_blank\" rel=\"noreferrer noopener\">Regarder<\/a><\/div>\n<\/div>\n<\/div>\n<\/div>\n<\/div>\n<\/div>\n\n\n\n<div class=\"wp-block-columns is-layout-flex wp-container-core-columns-is-layout-28f84493 wp-block-columns-is-layout-flex\">\n<div class=\"wp-block-column is-layout-flow wp-block-column-is-layout-flow\">\n<div class=\"wp-block-group has-background-accent-dark small has-white-color has-blue-2-background-color has-text-color has-background has-link-color wp-elements-56d526ef312e4143c69b776659621428 is-layout-constrained wp-block-group-is-layout-constrained\" style=\"border-radius:20px;margin-top:0;margin-bottom:0\">\n<div class=\"wp-block-group is-layout-constrained wp-container-core-group-is-layout-e4d5999e wp-block-group-is-layout-constrained\" style=\"padding-top:var(--wp--preset--spacing--none);padding-bottom:var(--wp--preset--spacing--none)\">\n<h2 class=\"wp-block-heading has-text-align-left\">Tableau de reconnaissance du fonds de promotion et de sensibilisation publique<\/h2>\n\n\n\n<div class=\"wp-block-buttons is-content-justification-left is-layout-flex wp-container-core-buttons-is-layout-fc4fd283 wp-block-buttons-is-layout-flex\">\n<div class=\"wp-block-button\"><a class=\"wp-block-button__link wp-element-button\" href=\"https:\/\/www.cos-sco.ca\/fr\/advocacy\/public-awareness-fund\/\">Regarder<\/a><\/div>\n<\/div>\n<\/div>\n<\/div>\n<\/div>\n\n\n\n<div class=\"wp-block-column is-layout-flow wp-block-column-is-layout-flow\">\n<div class=\"wp-block-group has-background-accent-dark small has-white-color has-blue-2-background-color has-text-color has-background has-link-color wp-elements-77092ff8d3a41d943a716a30c522a921 is-layout-constrained wp-block-group-is-layout-constrained\" style=\"border-radius:20px;margin-top:0;margin-bottom:0\">\n<div class=\"wp-block-group is-layout-constrained wp-container-core-group-is-layout-e4d5999e wp-block-group-is-layout-constrained\" style=\"padding-top:var(--wp--preset--spacing--none);padding-bottom:var(--wp--preset--spacing--none)\">\n<h2 class=\"wp-block-heading has-text-align-left\">D\u00e9clarations de position et de politique<\/h2>\n\n\n\n<div class=\"wp-block-buttons is-content-justification-left is-layout-flex wp-container-core-buttons-is-layout-fc4fd283 wp-block-buttons-is-layout-flex\">\n<div class=\"wp-block-button\"><a class=\"wp-block-button__link wp-element-button\" href=\"https:\/\/www.cosprc.ca\/fr\/centre-info\/info-content\/enonce-de-principes-et-lignes-directrices\/\" target=\"_blank\" rel=\"noreferrer noopener\">Regarder<\/a><\/div>\n<\/div>\n<\/div>\n<\/div>\n<\/div>\n<\/div>\n\n\n\n<div class=\"wp-block-columns is-layout-flex wp-container-core-columns-is-layout-28f84493 wp-block-columns-is-layout-flex\">\n<div class=\"wp-block-column is-layout-flow wp-block-column-is-layout-flow\">\n<div class=\"wp-block-group has-background-accent-dark small has-white-color has-blue-2-background-color has-text-color has-background has-link-color wp-elements-a7cc3e0ab9001274fd59436eec8ad622 is-layout-constrained wp-block-group-is-layout-constrained\" style=\"border-radius:20px;margin-top:0;margin-bottom:0\">\n<div class=\"wp-block-group is-layout-constrained wp-container-core-group-is-layout-e4d5999e wp-block-group-is-layout-constrained\" style=\"padding-top:var(--wp--preset--spacing--none);padding-bottom:var(--wp--preset--spacing--none)\">\n<h2 class=\"wp-block-heading has-text-align-left\">Relations gouvernementales<\/h2>\n\n\n\n<div class=\"wp-block-buttons is-content-justification-left is-layout-flex wp-container-core-buttons-is-layout-fc4fd283 wp-block-buttons-is-layout-flex\">\n<div class=\"wp-block-button\"><a class=\"wp-block-button__link wp-element-button\" href=\"https:\/\/www.cos-sco.ca\/fr\/advocacy\/government-relations\/\">Regarder<\/a><\/div>\n<\/div>\n<\/div>\n<\/div>\n<\/div>\n\n\n\n<div class=\"wp-block-column is-layout-flow wp-block-column-is-layout-flow\">\n<div class=\"wp-block-group has-background-accent-dark small has-white-color has-blue-2-background-color has-text-color has-background has-link-color wp-elements-e2b7cef49b81df3b7a17bd1a65b678a1 is-layout-constrained wp-block-group-is-layout-constrained\" style=\"border-radius:20px;margin-top:0;margin-bottom:0\">\n<div class=\"wp-block-group is-layout-constrained wp-container-core-group-is-layout-e4d5999e wp-block-group-is-layout-constrained\" style=\"padding-top:var(--wp--preset--spacing--none);padding-bottom:var(--wp--preset--spacing--none)\">\n<h2 class=\"wp-block-heading has-text-align-left\">Conf\u00e9rence de presse novembre 2025<\/h2>\n\n\n\n<div class=\"wp-block-buttons is-content-justification-left is-layout-flex wp-container-core-buttons-is-layout-fc4fd283 wp-block-buttons-is-layout-flex\">\n<div class=\"wp-block-button\"><a class=\"wp-block-button__link wp-element-button\" href=\"https:\/\/www.youtube.com\/watch?v=N_lzRYvF-qw&amp;t=3s\" target=\"_blank\" rel=\"noreferrer noopener\">Regarder<\/a><\/div>\n<\/div>\n<\/div>\n<\/div>\n<\/div>\n<\/div>\n\n\n\n<div class=\"wp-block-columns is-layout-flex wp-container-core-columns-is-layout-28f84493 wp-block-columns-is-layout-flex\">\n<div class=\"wp-block-column is-layout-flow wp-block-column-is-layout-flow\">\n<div class=\"wp-block-group has-background-accent-dark small has-white-color has-blue-2-background-color has-text-color has-background has-link-color wp-elements-27156ad924b54aca7b6f2ff252fd02e2 is-layout-constrained wp-block-group-is-layout-constrained\" style=\"border-radius:20px;margin-top:0;margin-bottom:0\">\n<div class=\"wp-block-group is-layout-constrained wp-container-core-group-is-layout-e4d5999e wp-block-group-is-layout-constrained\" style=\"padding-top:var(--wp--preset--spacing--none);padding-bottom:var(--wp--preset--spacing--none)\">\n<h2 class=\"wp-block-heading has-text-align-left\">Sant\u00e9 et bien-\u00eatre des m\u00e9decins<\/h2>\n\n\n\n<div class=\"wp-block-buttons is-content-justification-left is-layout-flex wp-container-core-buttons-is-layout-fc4fd283 wp-block-buttons-is-layout-flex\">\n<div class=\"wp-block-button\"><a class=\"wp-block-button__link wp-element-button\" href=\"https:\/\/www.cos-sco.ca\/fr\/advocacy\/physician-wellness\/\">Regarder<\/a><\/div>\n<\/div>\n<\/div>\n<\/div>\n<\/div>\n\n\n\n<div class=\"wp-block-column is-layout-flow wp-block-column-is-layout-flow\"><\/div>\n<\/div>\n<\/div>\n\n\n\n<p><\/p>\n","protected":false},"excerpt":{"rendered":"<p>D\u00e9claration de plaidoyer La Soci\u00e9t\u00e9 canadienne d\u2019ophtalmologie&nbsp;(SCO) joue un r\u00f4le essentiel pour garantir l\u2019excellence des soins oculaires partout au Canada. La SCO s\u2019efforce d\u2019aider ses membres \u2013 des m\u00e9decins et chirurgiens ophtalmologistes \u00e0 l\u2019avant-garde des soins oculaires \u2013 \u00e0 fournir des soins oculaires exemplaires. En collaboration avec ses alli\u00e9s des soins de sant\u00e9 oculaires et [&hellip;]<\/p>\n","protected":false},"author":5,"featured_media":0,"parent":0,"menu_order":0,"comment_status":"closed","ping_status":"closed","template":"","meta":{"footnotes":""},"class_list":["post-15373","page","type-page","status-publish","hentry"],"yoast_head":"<!-- This site is optimized with the Yoast SEO plugin v27.4 - https:\/\/yoast.com\/product\/yoast-seo-wordpress\/ -->\n<title>Advocacy - COS-SCO<\/title>\n<meta name=\"robots\" content=\"index, follow, max-snippet:-1, max-image-preview:large, max-video-preview:-1\" \/>\n<link rel=\"canonical\" href=\"https:\/\/www.cos-sco.ca\/fr\/advocacy\/\" \/>\n<meta property=\"og:locale\" content=\"fr_FR\" \/>\n<meta property=\"og:type\" content=\"article\" \/>\n<meta property=\"og:title\" content=\"Advocacy - COS-SCO\" \/>\n<meta property=\"og:description\" content=\"D\u00e9claration de plaidoyer La Soci\u00e9t\u00e9 canadienne d\u2019ophtalmologie&nbsp;(SCO) joue un r\u00f4le essentiel pour garantir l\u2019excellence des soins oculaires partout au Canada. La SCO s\u2019efforce d\u2019aider ses membres \u2013 des m\u00e9decins et chirurgiens ophtalmologistes \u00e0 l\u2019avant-garde des soins oculaires \u2013 \u00e0 fournir des soins oculaires exemplaires. En collaboration avec ses alli\u00e9s des soins de sant\u00e9 oculaires et [&hellip;]\" \/>\n<meta property=\"og:url\" content=\"https:\/\/www.cos-sco.ca\/fr\/advocacy\/\" \/>\n<meta property=\"og:site_name\" content=\"COS-SCO\" \/>\n<meta property=\"article:modified_time\" content=\"2026-03-13T13:09:51+00:00\" \/>\n<meta property=\"og:image\" content=\"https:\/\/www.cos-sco.ca\/wp-content\/uploads\/2025\/10\/impact-bg-1024x702.png\" \/>\n<meta name=\"twitter:card\" content=\"summary_large_image\" \/>\n<meta name=\"twitter:label1\" content=\"Dur\u00e9e de lecture estim\u00e9e\" \/>\n\t<meta name=\"twitter:data1\" content=\"2 minutes\" \/>\n<script type=\"application\/ld+json\" class=\"yoast-schema-graph\">{\"@context\":\"https:\\\/\\\/schema.org\",\"@graph\":[{\"@type\":\"WebPage\",\"@id\":\"https:\\\/\\\/www.cos-sco.ca\\\/fr\\\/advocacy\\\/\",\"url\":\"https:\\\/\\\/www.cos-sco.ca\\\/fr\\\/advocacy\\\/\",\"name\":\"Advocacy - COS-SCO\",\"isPartOf\":{\"@id\":\"https:\\\/\\\/www.cos-sco.ca\\\/fr\\\/#website\"},\"primaryImageOfPage\":{\"@id\":\"https:\\\/\\\/www.cos-sco.ca\\\/fr\\\/advocacy\\\/#primaryimage\"},\"image\":{\"@id\":\"https:\\\/\\\/www.cos-sco.ca\\\/fr\\\/advocacy\\\/#primaryimage\"},\"thumbnailUrl\":\"https:\\\/\\\/www.cos-sco.ca\\\/wp-content\\\/uploads\\\/2025\\\/10\\\/impact-bg-1024x702.png\",\"datePublished\":\"2025-11-06T18:31:02+00:00\",\"dateModified\":\"2026-03-13T13:09:51+00:00\",\"breadcrumb\":{\"@id\":\"https:\\\/\\\/www.cos-sco.ca\\\/fr\\\/advocacy\\\/#breadcrumb\"},\"inLanguage\":\"fr-FR\",\"potentialAction\":[{\"@type\":\"ReadAction\",\"target\":[\"https:\\\/\\\/www.cos-sco.ca\\\/fr\\\/advocacy\\\/\"]}]},{\"@type\":\"ImageObject\",\"inLanguage\":\"fr-FR\",\"@id\":\"https:\\\/\\\/www.cos-sco.ca\\\/fr\\\/advocacy\\\/#primaryimage\",\"url\":\"https:\\\/\\\/www.cos-sco.ca\\\/wp-content\\\/uploads\\\/2025\\\/10\\\/impact-bg-1024x702.png\",\"contentUrl\":\"https:\\\/\\\/www.cos-sco.ca\\\/wp-content\\\/uploads\\\/2025\\\/10\\\/impact-bg-1024x702.png\"},{\"@type\":\"BreadcrumbList\",\"@id\":\"https:\\\/\\\/www.cos-sco.ca\\\/fr\\\/advocacy\\\/#breadcrumb\",\"itemListElement\":[{\"@type\":\"ListItem\",\"position\":1,\"name\":\"Home\",\"item\":\"https:\\\/\\\/www.cos-sco.ca\\\/fr\\\/\"},{\"@type\":\"ListItem\",\"position\":2,\"name\":\"Advocacy\"}]},{\"@type\":\"WebSite\",\"@id\":\"https:\\\/\\\/www.cos-sco.ca\\\/fr\\\/#website\",\"url\":\"https:\\\/\\\/www.cos-sco.ca\\\/fr\\\/\",\"name\":\"COS-SCO\",\"description\":\"\",\"publisher\":{\"@id\":\"https:\\\/\\\/www.cos-sco.ca\\\/fr\\\/#organization\"},\"potentialAction\":[{\"@type\":\"SearchAction\",\"target\":{\"@type\":\"EntryPoint\",\"urlTemplate\":\"https:\\\/\\\/www.cos-sco.ca\\\/fr\\\/?s={search_term_string}\"},\"query-input\":{\"@type\":\"PropertyValueSpecification\",\"valueRequired\":true,\"valueName\":\"search_term_string\"}}],\"inLanguage\":\"fr-FR\"},{\"@type\":\"Organization\",\"@id\":\"https:\\\/\\\/www.cos-sco.ca\\\/fr\\\/#organization\",\"name\":\"COS-SCO\",\"url\":\"https:\\\/\\\/www.cos-sco.ca\\\/fr\\\/\",\"logo\":{\"@type\":\"ImageObject\",\"inLanguage\":\"fr-FR\",\"@id\":\"https:\\\/\\\/www.cos-sco.ca\\\/fr\\\/#\\\/schema\\\/logo\\\/image\\\/\",\"url\":\"https:\\\/\\\/www.cos-sco.ca\\\/wp-content\\\/uploads\\\/2025\\\/10\\\/logo.png\",\"contentUrl\":\"https:\\\/\\\/www.cos-sco.ca\\\/wp-content\\\/uploads\\\/2025\\\/10\\\/logo.png\",\"width\":316,\"height\":180,\"caption\":\"COS-SCO\"},\"image\":{\"@id\":\"https:\\\/\\\/www.cos-sco.ca\\\/fr\\\/#\\\/schema\\\/logo\\\/image\\\/\"}}]}<\/script>\n<!-- \/ Yoast SEO plugin. -->","yoast_head_json":{"title":"Advocacy - COS-SCO","robots":{"index":"index","follow":"follow","max-snippet":"max-snippet:-1","max-image-preview":"max-image-preview:large","max-video-preview":"max-video-preview:-1"},"canonical":"https:\/\/www.cos-sco.ca\/fr\/advocacy\/","og_locale":"fr_FR","og_type":"article","og_title":"Advocacy - COS-SCO","og_description":"D\u00e9claration de plaidoyer La Soci\u00e9t\u00e9 canadienne d\u2019ophtalmologie&nbsp;(SCO) joue un r\u00f4le essentiel pour garantir l\u2019excellence des soins oculaires partout au Canada. La SCO s\u2019efforce d\u2019aider ses membres \u2013 des m\u00e9decins et chirurgiens ophtalmologistes \u00e0 l\u2019avant-garde des soins oculaires \u2013 \u00e0 fournir des soins oculaires exemplaires. En collaboration avec ses alli\u00e9s des soins de sant\u00e9 oculaires et [&hellip;]","og_url":"https:\/\/www.cos-sco.ca\/fr\/advocacy\/","og_site_name":"COS-SCO","article_modified_time":"2026-03-13T13:09:51+00:00","og_image":[{"url":"https:\/\/www.cos-sco.ca\/wp-content\/uploads\/2025\/10\/impact-bg-1024x702.png","type":"","width":"","height":""}],"twitter_card":"summary_large_image","twitter_misc":{"Dur\u00e9e de lecture estim\u00e9e":"2 minutes"},"schema":{"@context":"https:\/\/schema.org","@graph":[{"@type":"WebPage","@id":"https:\/\/www.cos-sco.ca\/fr\/advocacy\/","url":"https:\/\/www.cos-sco.ca\/fr\/advocacy\/","name":"Advocacy - COS-SCO","isPartOf":{"@id":"https:\/\/www.cos-sco.ca\/fr\/#website"},"primaryImageOfPage":{"@id":"https:\/\/www.cos-sco.ca\/fr\/advocacy\/#primaryimage"},"image":{"@id":"https:\/\/www.cos-sco.ca\/fr\/advocacy\/#primaryimage"},"thumbnailUrl":"https:\/\/www.cos-sco.ca\/wp-content\/uploads\/2025\/10\/impact-bg-1024x702.png","datePublished":"2025-11-06T18:31:02+00:00","dateModified":"2026-03-13T13:09:51+00:00","breadcrumb":{"@id":"https:\/\/www.cos-sco.ca\/fr\/advocacy\/#breadcrumb"},"inLanguage":"fr-FR","potentialAction":[{"@type":"ReadAction","target":["https:\/\/www.cos-sco.ca\/fr\/advocacy\/"]}]},{"@type":"ImageObject","inLanguage":"fr-FR","@id":"https:\/\/www.cos-sco.ca\/fr\/advocacy\/#primaryimage","url":"https:\/\/www.cos-sco.ca\/wp-content\/uploads\/2025\/10\/impact-bg-1024x702.png","contentUrl":"https:\/\/www.cos-sco.ca\/wp-content\/uploads\/2025\/10\/impact-bg-1024x702.png"},{"@type":"BreadcrumbList","@id":"https:\/\/www.cos-sco.ca\/fr\/advocacy\/#breadcrumb","itemListElement":[{"@type":"ListItem","position":1,"name":"Home","item":"https:\/\/www.cos-sco.ca\/fr\/"},{"@type":"ListItem","position":2,"name":"Advocacy"}]},{"@type":"WebSite","@id":"https:\/\/www.cos-sco.ca\/fr\/#website","url":"https:\/\/www.cos-sco.ca\/fr\/","name":"COS-SCO","description":"","publisher":{"@id":"https:\/\/www.cos-sco.ca\/fr\/#organization"},"potentialAction":[{"@type":"SearchAction","target":{"@type":"EntryPoint","urlTemplate":"https:\/\/www.cos-sco.ca\/fr\/?s={search_term_string}"},"query-input":{"@type":"PropertyValueSpecification","valueRequired":true,"valueName":"search_term_string"}}],"inLanguage":"fr-FR"},{"@type":"Organization","@id":"https:\/\/www.cos-sco.ca\/fr\/#organization","name":"COS-SCO","url":"https:\/\/www.cos-sco.ca\/fr\/","logo":{"@type":"ImageObject","inLanguage":"fr-FR","@id":"https:\/\/www.cos-sco.ca\/fr\/#\/schema\/logo\/image\/","url":"https:\/\/www.cos-sco.ca\/wp-content\/uploads\/2025\/10\/logo.png","contentUrl":"https:\/\/www.cos-sco.ca\/wp-content\/uploads\/2025\/10\/logo.png","width":316,"height":180,"caption":"COS-SCO"},"image":{"@id":"https:\/\/www.cos-sco.ca\/fr\/#\/schema\/logo\/image\/"}}]}},"_links":{"self":[{"href":"https:\/\/www.cos-sco.ca\/fr\/wp-json\/wp\/v2\/pages\/15373","targetHints":{"allow":["GET"]}}],"collection":[{"href":"https:\/\/www.cos-sco.ca\/fr\/wp-json\/wp\/v2\/pages"}],"about":[{"href":"https:\/\/www.cos-sco.ca\/fr\/wp-json\/wp\/v2\/types\/page"}],"author":[{"embeddable":true,"href":"https:\/\/www.cos-sco.ca\/fr\/wp-json\/wp\/v2\/users\/5"}],"replies":[{"embeddable":true,"href":"https:\/\/www.cos-sco.ca\/fr\/wp-json\/wp\/v2\/comments?post=15373"}],"version-history":[{"count":14,"href":"https:\/\/www.cos-sco.ca\/fr\/wp-json\/wp\/v2\/pages\/15373\/revisions"}],"predecessor-version":[{"id":16911,"href":"https:\/\/www.cos-sco.ca\/fr\/wp-json\/wp\/v2\/pages\/15373\/revisions\/16911"}],"wp:attachment":[{"href":"https:\/\/www.cos-sco.ca\/fr\/wp-json\/wp\/v2\/media?parent=15373"}],"curies":[{"name":"wp","href":"https:\/\/api.w.org\/{rel}","templated":true}]}}