{"id":15310,"date":"2025-11-17T11:48:36","date_gmt":"2025-11-17T16:48:36","guid":{"rendered":"https:\/\/cos-sco.machinedev.ca\/acupo\/"},"modified":"2026-03-13T11:52:34","modified_gmt":"2026-03-13T15:52:34","slug":"acupo","status":"publish","type":"page","link":"https:\/\/www.cos-sco.ca\/fr\/acupo\/","title":{"rendered":"Association of Canadian University Professors of Ophthalmology"},"content":{"rendered":"\n<div class=\"wp-block-group alignfull has-white-color has-blue-2-background-color has-text-color has-background has-link-color wp-elements-6e7eb83a334747157ca8e5a36d68a51b is-layout-constrained wp-container-core-group-is-layout-6a4ef328 wp-block-group-is-layout-constrained\" style=\"margin-bottom:var(--wp--preset--spacing--lg);padding-top:var(--wp--preset--spacing--none);padding-right:0;padding-bottom:0;padding-left:0\">\n<div class=\"wp-block-columns alignfull is-layout-flex wp-container-core-columns-is-layout-28f84493 wp-block-columns-is-layout-flex\">\n<div class=\"wp-block-column column-left-container-padding has-blue-2-background-color has-background is-layout-flow wp-block-column-is-layout-flow\" style=\"padding-top:var(--wp--preset--spacing--lg);padding-bottom:var(--wp--preset--spacing--lg);flex-basis:50%\">\n<figure class=\"wp-block-image size-full is-resized\"><img loading=\"lazy\" decoding=\"async\" width=\"845\" height=\"226\" src=\"https:\/\/www.cos-sco.ca\/wp-content\/uploads\/2026\/03\/ACUPO-logo-FR-white.png\" alt=\"\" class=\"wp-image-16962\" style=\"aspect-ratio:3.3687581699346407;width:250px\" srcset=\"https:\/\/www.cos-sco.ca\/wp-content\/uploads\/2026\/03\/ACUPO-logo-FR-white.png 845w, https:\/\/www.cos-sco.ca\/wp-content\/uploads\/2026\/03\/ACUPO-logo-FR-white-300x80.png 300w, https:\/\/www.cos-sco.ca\/wp-content\/uploads\/2026\/03\/ACUPO-logo-FR-white-768x205.png 768w\" sizes=\"auto, (max-width: 845px) 100vw, 845px\" \/><\/figure>\n\n\n\n<h1 class=\"wp-block-heading\">Bienvenue \u00e0 l\u2019ACUPO<\/h1>\n\n\n\n<p>Informer, inspirer et soutenir les ophtalmologistes de demain<\/p>\n\n\n\n<p><br>L\u2019Association des professeurs universitaires canadiens en ophtalmologie (ACUPO) est la voix de l\u2019ophtalmologie universitaire au Canada. Ses membres sont les chefs de d\u00e9partement de toutes les institutions universitaires d\u2019ophtalmologie au Canada et repr\u00e9sentent la fine pointe du leadership en ophtalmologie.<\/p>\n\n\n<div class=\"yoast-breadcrumbs\"><span><span><a href=\"https:\/\/www.cos-sco.ca\/fr\/\">Home<\/a><\/span> \/ <span class=\"breadcrumb_last\" aria-current=\"page\">Association of Canadian University Professors of Ophthalmology<\/span><\/span><\/div><\/div>\n\n\n\n<div class=\"wp-block-column is-layout-flow wp-block-column-is-layout-flow\" style=\"flex-basis:66.66%\">\n<div class=\"wp-block-cover cover-full-height\" style=\"min-height:542px;aspect-ratio:unset;\"><img loading=\"lazy\" decoding=\"async\" width=\"1920\" height=\"455\" class=\"wp-block-cover__image-background wp-image-14778 size-full\" alt=\"\" src=\"https:\/\/www.cos-sco.ca\/wp-content\/uploads\/2025\/11\/homepage_image.png\" style=\"object-position:69% 65%\" data-object-fit=\"cover\" data-object-position=\"69% 65%\" srcset=\"https:\/\/www.cos-sco.ca\/wp-content\/uploads\/2025\/11\/homepage_image.png 1920w, https:\/\/www.cos-sco.ca\/wp-content\/uploads\/2025\/11\/homepage_image-300x71.png 300w, https:\/\/www.cos-sco.ca\/wp-content\/uploads\/2025\/11\/homepage_image-1024x243.png 1024w, https:\/\/www.cos-sco.ca\/wp-content\/uploads\/2025\/11\/homepage_image-768x182.png 768w, https:\/\/www.cos-sco.ca\/wp-content\/uploads\/2025\/11\/homepage_image-1536x364.png 1536w\" sizes=\"auto, (max-width: 1920px) 100vw, 1920px\" \/><span aria-hidden=\"true\" class=\"wp-block-cover__background has-background-dim-0 has-background-dim\" style=\"background-color:#2c475e\"><\/span><div class=\"wp-block-cover__inner-container is-layout-constrained wp-block-cover-is-layout-constrained\">\n<p class=\"has-text-align-center has-large-font-size\"><\/p>\n<\/div><\/div>\n<\/div>\n<\/div>\n<\/div>\n\n\n\n<h2 class=\"wp-block-heading\">Qui sommes nous<\/h2>\n\n\n\n<h3 class=\"wp-block-heading\" style=\"text-transform:none\"><strong>TOUJOURS PLUS LOIN<\/strong><\/h3>\n\n\n\n<p>L\u2019ACUPO : Les pionniers de l\u2019\u00e9ducation ophtalmologique moderne<\/p>\n\n\n\n<h3 class=\"wp-block-heading\" style=\"text-transform:none\"><strong>NOTRE MISSION<\/strong><\/h3>\n\n\n\n<p>Nous travaillons \u00e0 collaborer et \u00e0 d\u00e9fendre les normes les plus \u00e9lev\u00e9es en mati\u00e8re d\u2019\u00e9ducation, de recherche et de meilleures pratiques fond\u00e9es sur des donn\u00e9es probantes en ophtalmologie.<\/p>\n\n\n\n<h3 class=\"wp-block-heading\" style=\"text-transform:none\"><strong>NOTRE VISION<\/strong><\/h3>\n\n\n\n<p>En tant que chefs de file de l\u2019ophtalmologie universitaire au Canada, notre vision est la promotion d\u2019une formation m\u00e9dicale exceptionnelle en ophtalmologie, de la recherche sur la vision et de soins de haute qualit\u00e9 aux patients au Canada.<\/p>\n\n\n\n<div class=\"wp-block-buttons is-layout-flex wp-block-buttons-is-layout-flex\" style=\"padding-bottom:var(--wp--preset--spacing--md)\">\n<div class=\"wp-block-button\"><a class=\"wp-block-button__link wp-element-button\" href=\"https:\/\/www.cos-sco.ca\/fr\/acupo\/about\/\">Explorez davantage<\/a><\/div>\n<\/div>\n\n\n\n<div class=\"wp-block-group section--callouts-match-height is-layout-constrained wp-block-group-is-layout-constrained\">\n<div class=\"wp-block-columns justify-columns-center is-layout-flex wp-container-core-columns-is-layout-28f84493 wp-block-columns-is-layout-flex\">\n<div class=\"wp-block-column is-layout-flow wp-block-column-is-layout-flow\" style=\"flex-basis:33.33%\">\n<div class=\"wp-block-group newsroom-card newsroom-card--mini is-layout-constrained wp-container-core-group-is-layout-639b5052 wp-block-group-is-layout-constrained\" style=\"border-radius:20px;padding-top:0;padding-right:0;padding-bottom:0;padding-left:0\">\n<figure class=\"wp-block-image size-full is-resized\"><img loading=\"lazy\" decoding=\"async\" width=\"387\" height=\"254\" src=\"https:\/\/www.cos-sco.ca\/wp-content\/uploads\/2025\/11\/qeii_ophthalmology_mg_0922.webp\" alt=\"\" class=\"wp-image-14773\" style=\"aspect-ratio:1.7777777777777777;object-fit:cover;width:480px;height:auto\" srcset=\"https:\/\/www.cos-sco.ca\/wp-content\/uploads\/2025\/11\/qeii_ophthalmology_mg_0922.webp 387w, https:\/\/www.cos-sco.ca\/wp-content\/uploads\/2025\/11\/qeii_ophthalmology_mg_0922-300x197.webp 300w\" sizes=\"auto, (max-width: 387px) 100vw, 387px\" \/><\/figure>\n\n\n\n<div class=\"wp-block-group section--callouts-match-height--inner has-blue-2-background-color has-background is-layout-constrained wp-container-core-group-is-layout-565266ad wp-block-group-is-layout-constrained\" style=\"padding-top:var(--wp--preset--spacing--md);padding-right:var(--wp--preset--spacing--md);padding-bottom:var(--wp--preset--spacing--md);padding-left:var(--wp--preset--spacing--md)\">\n<div class=\"wp-block-group is-layout-constrained wp-block-group-is-layout-constrained\" style=\"padding-top:0;padding-bottom:0\">\n<h3 class=\"wp-block-heading has-white-color has-text-color has-link-color wp-elements-697697267c68857ad6a66f1b5af2340d\">\u00c9ducation<\/h3>\n\n\n\n<p class=\"has-white-color has-text-color has-link-color wp-elements-00de2ef4019fa9c76def622df4b7d54e\">\u00c0 l\u2019ACUPO, nous croyons en l\u2019autonomisation des professeurs en ophtalmologie afin de fournir aux \u00e9tudiants les connaissances, les comp\u00e9tences et les opportunit\u00e9s n\u00e9cessaires pour devenir des leaders influents dans leur domaine et atteindre l\u2019excellence professionnelle.<\/p>\n<\/div>\n\n\n\n<div class=\"wp-block-buttons is-layout-flex wp-block-buttons-is-layout-flex\" style=\"padding-top:var(--wp--preset--spacing--sm)\">\n<div class=\"wp-block-button\"><a class=\"wp-block-button__link wp-element-button\" href=\"https:\/\/www.cos-sco.ca\/fr\/acupo\/education\/\">\u00c9ducation<\/a><\/div>\n<\/div>\n<\/div>\n<\/div>\n<\/div>\n\n\n\n<div class=\"wp-block-column is-layout-flow wp-block-column-is-layout-flow\" style=\"flex-basis:33.33%\">\n<div class=\"wp-block-group newsroom-card newsroom-card--mini is-layout-constrained wp-container-core-group-is-layout-639b5052 wp-block-group-is-layout-constrained\" style=\"border-radius:20px;padding-top:0;padding-right:0;padding-bottom:0;padding-left:0\">\n<figure class=\"wp-block-image size-full is-resized\"><img loading=\"lazy\" decoding=\"async\" width=\"387\" height=\"254\" src=\"https:\/\/www.cos-sco.ca\/wp-content\/uploads\/2025\/11\/mg_8342_ophthalmology-sept-2020.webp\" alt=\"\" class=\"wp-image-14775\" style=\"aspect-ratio:1.7777777777777777;object-fit:cover;width:480px;height:auto\" srcset=\"https:\/\/www.cos-sco.ca\/wp-content\/uploads\/2025\/11\/mg_8342_ophthalmology-sept-2020.webp 387w, https:\/\/www.cos-sco.ca\/wp-content\/uploads\/2025\/11\/mg_8342_ophthalmology-sept-2020-300x197.webp 300w\" sizes=\"auto, (max-width: 387px) 100vw, 387px\" \/><\/figure>\n\n\n\n<div class=\"wp-block-group section--callouts-match-height--inner has-blue-2-background-color has-background is-layout-constrained wp-container-core-group-is-layout-565266ad wp-block-group-is-layout-constrained\" style=\"padding-top:var(--wp--preset--spacing--md);padding-right:var(--wp--preset--spacing--md);padding-bottom:var(--wp--preset--spacing--md);padding-left:var(--wp--preset--spacing--md)\">\n<div class=\"wp-block-group is-layout-constrained wp-block-group-is-layout-constrained\" style=\"padding-top:0;padding-bottom:0\">\n<h3 class=\"wp-block-heading has-white-color has-text-color has-link-color wp-elements-9df0c658dd07ed871e2d272697572453\">Recherche<\/h3>\n\n\n\n<p class=\"has-white-color has-text-color has-link-color wp-elements-ca6f6bd2d71286200292f4c2ede632c7\">Explorez les derni\u00e8res recherches en ophtalmologie provenant de nos universit\u00e9s membres.<\/p>\n<\/div>\n\n\n\n<div class=\"wp-block-buttons is-layout-flex wp-block-buttons-is-layout-flex\" style=\"padding-top:var(--wp--preset--spacing--sm)\">\n<div class=\"wp-block-button\"><a class=\"wp-block-button__link wp-element-button\" href=\"https:\/\/www.cos-sco.ca\/fr\/acupo\/research\/\">Recherche<\/a><\/div>\n<\/div>\n<\/div>\n<\/div>\n<\/div>\n<\/div>\n<\/div>\n\n\n\n<p><\/p>\n","protected":false},"excerpt":{"rendered":"<p>Bienvenue \u00e0 l\u2019ACUPO Informer, inspirer et soutenir les ophtalmologistes de demain L\u2019Association des professeurs universitaires canadiens en ophtalmologie (ACUPO) est la voix de l\u2019ophtalmologie universitaire au Canada. Ses membres sont les chefs de d\u00e9partement de toutes les institutions universitaires d\u2019ophtalmologie au Canada et repr\u00e9sentent la fine pointe du leadership en ophtalmologie. Qui sommes nous TOUJOURS [&hellip;]<\/p>\n","protected":false},"author":3,"featured_media":0,"parent":0,"menu_order":0,"comment_status":"closed","ping_status":"closed","template":"","meta":{"footnotes":""},"class_list":["post-15310","page","type-page","status-publish","hentry"],"yoast_head":"<!-- This site is optimized with the Yoast SEO plugin v27.4 - https:\/\/yoast.com\/product\/yoast-seo-wordpress\/ -->\n<title>Association of Canadian University Professors of Ophthalmology - COS-SCO<\/title>\n<meta name=\"robots\" content=\"index, follow, max-snippet:-1, max-image-preview:large, max-video-preview:-1\" \/>\n<link rel=\"canonical\" href=\"https:\/\/www.cos-sco.ca\/fr\/acupo\/\" \/>\n<meta property=\"og:locale\" content=\"fr_FR\" \/>\n<meta property=\"og:type\" content=\"article\" \/>\n<meta property=\"og:title\" content=\"Association of Canadian University Professors of Ophthalmology - COS-SCO\" \/>\n<meta property=\"og:description\" content=\"Bienvenue \u00e0 l\u2019ACUPO Informer, inspirer et soutenir les ophtalmologistes de demain L\u2019Association des professeurs universitaires canadiens en ophtalmologie (ACUPO) est la voix de l\u2019ophtalmologie universitaire au Canada. Ses membres sont les chefs de d\u00e9partement de toutes les institutions universitaires d\u2019ophtalmologie au Canada et repr\u00e9sentent la fine pointe du leadership en ophtalmologie. Qui sommes nous TOUJOURS [&hellip;]\" \/>\n<meta property=\"og:url\" content=\"https:\/\/www.cos-sco.ca\/fr\/acupo\/\" \/>\n<meta property=\"og:site_name\" content=\"COS-SCO\" \/>\n<meta property=\"article:modified_time\" content=\"2026-03-13T15:52:34+00:00\" \/>\n<meta property=\"og:image\" content=\"https:\/\/www.cos-sco.ca\/wp-content\/uploads\/2026\/03\/ACUPO-logo-FR-white.png\" \/>\n<meta name=\"twitter:card\" content=\"summary_large_image\" \/>\n<meta name=\"twitter:label1\" content=\"Dur\u00e9e de lecture estim\u00e9e\" \/>\n\t<meta name=\"twitter:data1\" content=\"2 minutes\" \/>\n<script type=\"application\/ld+json\" class=\"yoast-schema-graph\">{\"@context\":\"https:\\\/\\\/schema.org\",\"@graph\":[{\"@type\":\"WebPage\",\"@id\":\"https:\\\/\\\/www.cos-sco.ca\\\/fr\\\/acupo\\\/\",\"url\":\"https:\\\/\\\/www.cos-sco.ca\\\/fr\\\/acupo\\\/\",\"name\":\"Association of Canadian University Professors of Ophthalmology - COS-SCO\",\"isPartOf\":{\"@id\":\"https:\\\/\\\/www.cos-sco.ca\\\/fr\\\/#website\"},\"primaryImageOfPage\":{\"@id\":\"https:\\\/\\\/www.cos-sco.ca\\\/fr\\\/acupo\\\/#primaryimage\"},\"image\":{\"@id\":\"https:\\\/\\\/www.cos-sco.ca\\\/fr\\\/acupo\\\/#primaryimage\"},\"thumbnailUrl\":\"https:\\\/\\\/www.cos-sco.ca\\\/wp-content\\\/uploads\\\/2026\\\/03\\\/ACUPO-logo-FR-white.png\",\"datePublished\":\"2025-11-17T16:48:36+00:00\",\"dateModified\":\"2026-03-13T15:52:34+00:00\",\"breadcrumb\":{\"@id\":\"https:\\\/\\\/www.cos-sco.ca\\\/fr\\\/acupo\\\/#breadcrumb\"},\"inLanguage\":\"fr-FR\",\"potentialAction\":[{\"@type\":\"ReadAction\",\"target\":[\"https:\\\/\\\/www.cos-sco.ca\\\/fr\\\/acupo\\\/\"]}]},{\"@type\":\"ImageObject\",\"inLanguage\":\"fr-FR\",\"@id\":\"https:\\\/\\\/www.cos-sco.ca\\\/fr\\\/acupo\\\/#primaryimage\",\"url\":\"https:\\\/\\\/www.cos-sco.ca\\\/wp-content\\\/uploads\\\/2026\\\/03\\\/ACUPO-logo-FR-white.png\",\"contentUrl\":\"https:\\\/\\\/www.cos-sco.ca\\\/wp-content\\\/uploads\\\/2026\\\/03\\\/ACUPO-logo-FR-white.png\"},{\"@type\":\"BreadcrumbList\",\"@id\":\"https:\\\/\\\/www.cos-sco.ca\\\/fr\\\/acupo\\\/#breadcrumb\",\"itemListElement\":[{\"@type\":\"ListItem\",\"position\":1,\"name\":\"Home\",\"item\":\"https:\\\/\\\/www.cos-sco.ca\\\/fr\\\/\"},{\"@type\":\"ListItem\",\"position\":2,\"name\":\"Association of Canadian University Professors of Ophthalmology\"}]},{\"@type\":\"WebSite\",\"@id\":\"https:\\\/\\\/www.cos-sco.ca\\\/fr\\\/#website\",\"url\":\"https:\\\/\\\/www.cos-sco.ca\\\/fr\\\/\",\"name\":\"COS-SCO\",\"description\":\"\",\"publisher\":{\"@id\":\"https:\\\/\\\/www.cos-sco.ca\\\/fr\\\/#organization\"},\"potentialAction\":[{\"@type\":\"SearchAction\",\"target\":{\"@type\":\"EntryPoint\",\"urlTemplate\":\"https:\\\/\\\/www.cos-sco.ca\\\/fr\\\/?s={search_term_string}\"},\"query-input\":{\"@type\":\"PropertyValueSpecification\",\"valueRequired\":true,\"valueName\":\"search_term_string\"}}],\"inLanguage\":\"fr-FR\"},{\"@type\":\"Organization\",\"@id\":\"https:\\\/\\\/www.cos-sco.ca\\\/fr\\\/#organization\",\"name\":\"COS-SCO\",\"url\":\"https:\\\/\\\/www.cos-sco.ca\\\/fr\\\/\",\"logo\":{\"@type\":\"ImageObject\",\"inLanguage\":\"fr-FR\",\"@id\":\"https:\\\/\\\/www.cos-sco.ca\\\/fr\\\/#\\\/schema\\\/logo\\\/image\\\/\",\"url\":\"https:\\\/\\\/www.cos-sco.ca\\\/wp-content\\\/uploads\\\/2025\\\/10\\\/logo.png\",\"contentUrl\":\"https:\\\/\\\/www.cos-sco.ca\\\/wp-content\\\/uploads\\\/2025\\\/10\\\/logo.png\",\"width\":316,\"height\":180,\"caption\":\"COS-SCO\"},\"image\":{\"@id\":\"https:\\\/\\\/www.cos-sco.ca\\\/fr\\\/#\\\/schema\\\/logo\\\/image\\\/\"}}]}<\/script>\n<!-- \/ Yoast SEO plugin. -->","yoast_head_json":{"title":"Association of Canadian University Professors of Ophthalmology - COS-SCO","robots":{"index":"index","follow":"follow","max-snippet":"max-snippet:-1","max-image-preview":"max-image-preview:large","max-video-preview":"max-video-preview:-1"},"canonical":"https:\/\/www.cos-sco.ca\/fr\/acupo\/","og_locale":"fr_FR","og_type":"article","og_title":"Association of Canadian University Professors of Ophthalmology - COS-SCO","og_description":"Bienvenue \u00e0 l\u2019ACUPO Informer, inspirer et soutenir les ophtalmologistes de demain L\u2019Association des professeurs universitaires canadiens en ophtalmologie (ACUPO) est la voix de l\u2019ophtalmologie universitaire au Canada. Ses membres sont les chefs de d\u00e9partement de toutes les institutions universitaires d\u2019ophtalmologie au Canada et repr\u00e9sentent la fine pointe du leadership en ophtalmologie. Qui sommes nous TOUJOURS [&hellip;]","og_url":"https:\/\/www.cos-sco.ca\/fr\/acupo\/","og_site_name":"COS-SCO","article_modified_time":"2026-03-13T15:52:34+00:00","og_image":[{"url":"https:\/\/www.cos-sco.ca\/wp-content\/uploads\/2026\/03\/ACUPO-logo-FR-white.png","type":"","width":"","height":""}],"twitter_card":"summary_large_image","twitter_misc":{"Dur\u00e9e de lecture estim\u00e9e":"2 minutes"},"schema":{"@context":"https:\/\/schema.org","@graph":[{"@type":"WebPage","@id":"https:\/\/www.cos-sco.ca\/fr\/acupo\/","url":"https:\/\/www.cos-sco.ca\/fr\/acupo\/","name":"Association of Canadian University Professors of Ophthalmology - COS-SCO","isPartOf":{"@id":"https:\/\/www.cos-sco.ca\/fr\/#website"},"primaryImageOfPage":{"@id":"https:\/\/www.cos-sco.ca\/fr\/acupo\/#primaryimage"},"image":{"@id":"https:\/\/www.cos-sco.ca\/fr\/acupo\/#primaryimage"},"thumbnailUrl":"https:\/\/www.cos-sco.ca\/wp-content\/uploads\/2026\/03\/ACUPO-logo-FR-white.png","datePublished":"2025-11-17T16:48:36+00:00","dateModified":"2026-03-13T15:52:34+00:00","breadcrumb":{"@id":"https:\/\/www.cos-sco.ca\/fr\/acupo\/#breadcrumb"},"inLanguage":"fr-FR","potentialAction":[{"@type":"ReadAction","target":["https:\/\/www.cos-sco.ca\/fr\/acupo\/"]}]},{"@type":"ImageObject","inLanguage":"fr-FR","@id":"https:\/\/www.cos-sco.ca\/fr\/acupo\/#primaryimage","url":"https:\/\/www.cos-sco.ca\/wp-content\/uploads\/2026\/03\/ACUPO-logo-FR-white.png","contentUrl":"https:\/\/www.cos-sco.ca\/wp-content\/uploads\/2026\/03\/ACUPO-logo-FR-white.png"},{"@type":"BreadcrumbList","@id":"https:\/\/www.cos-sco.ca\/fr\/acupo\/#breadcrumb","itemListElement":[{"@type":"ListItem","position":1,"name":"Home","item":"https:\/\/www.cos-sco.ca\/fr\/"},{"@type":"ListItem","position":2,"name":"Association of Canadian University Professors of Ophthalmology"}]},{"@type":"WebSite","@id":"https:\/\/www.cos-sco.ca\/fr\/#website","url":"https:\/\/www.cos-sco.ca\/fr\/","name":"COS-SCO","description":"","publisher":{"@id":"https:\/\/www.cos-sco.ca\/fr\/#organization"},"potentialAction":[{"@type":"SearchAction","target":{"@type":"EntryPoint","urlTemplate":"https:\/\/www.cos-sco.ca\/fr\/?s={search_term_string}"},"query-input":{"@type":"PropertyValueSpecification","valueRequired":true,"valueName":"search_term_string"}}],"inLanguage":"fr-FR"},{"@type":"Organization","@id":"https:\/\/www.cos-sco.ca\/fr\/#organization","name":"COS-SCO","url":"https:\/\/www.cos-sco.ca\/fr\/","logo":{"@type":"ImageObject","inLanguage":"fr-FR","@id":"https:\/\/www.cos-sco.ca\/fr\/#\/schema\/logo\/image\/","url":"https:\/\/www.cos-sco.ca\/wp-content\/uploads\/2025\/10\/logo.png","contentUrl":"https:\/\/www.cos-sco.ca\/wp-content\/uploads\/2025\/10\/logo.png","width":316,"height":180,"caption":"COS-SCO"},"image":{"@id":"https:\/\/www.cos-sco.ca\/fr\/#\/schema\/logo\/image\/"}}]}},"_links":{"self":[{"href":"https:\/\/www.cos-sco.ca\/fr\/wp-json\/wp\/v2\/pages\/15310","targetHints":{"allow":["GET"]}}],"collection":[{"href":"https:\/\/www.cos-sco.ca\/fr\/wp-json\/wp\/v2\/pages"}],"about":[{"href":"https:\/\/www.cos-sco.ca\/fr\/wp-json\/wp\/v2\/types\/page"}],"author":[{"embeddable":true,"href":"https:\/\/www.cos-sco.ca\/fr\/wp-json\/wp\/v2\/users\/3"}],"replies":[{"embeddable":true,"href":"https:\/\/www.cos-sco.ca\/fr\/wp-json\/wp\/v2\/comments?post=15310"}],"version-history":[{"count":9,"href":"https:\/\/www.cos-sco.ca\/fr\/wp-json\/wp\/v2\/pages\/15310\/revisions"}],"predecessor-version":[{"id":16966,"href":"https:\/\/www.cos-sco.ca\/fr\/wp-json\/wp\/v2\/pages\/15310\/revisions\/16966"}],"wp:attachment":[{"href":"https:\/\/www.cos-sco.ca\/fr\/wp-json\/wp\/v2\/media?parent=15310"}],"curies":[{"name":"wp","href":"https:\/\/api.w.org\/{rel}","templated":true}]}}