{"id":15197,"date":"2025-11-21T14:58:36","date_gmt":"2025-11-21T19:58:36","guid":{"rendered":"https:\/\/cos-sco.machinedev.ca\/?page_id=15197"},"modified":"2026-03-06T10:28:57","modified_gmt":"2026-03-06T15:28:57","slug":"eye-care-team","status":"publish","type":"page","link":"https:\/\/www.cos-sco.ca\/fr\/eye-care-team\/","title":{"rendered":"Eye Care Team"},"content":{"rendered":"\n<div class=\"wp-block-cover alignfull\" style=\"min-height:343px;aspect-ratio:unset;\"><img loading=\"lazy\" decoding=\"async\" width=\"1024\" height=\"702\" class=\"wp-block-cover__image-background wp-image-208 size-large\" alt=\"\" src=\"https:\/\/www.cos-sco.ca\/wp-content\/uploads\/2025\/10\/impact-bg-1024x702.png\" data-object-fit=\"cover\" srcset=\"https:\/\/www.cos-sco.ca\/wp-content\/uploads\/2025\/10\/impact-bg-1024x702.png 1024w, https:\/\/www.cos-sco.ca\/wp-content\/uploads\/2025\/10\/impact-bg-300x206.png 300w, https:\/\/www.cos-sco.ca\/wp-content\/uploads\/2025\/10\/impact-bg-768x526.png 768w, https:\/\/www.cos-sco.ca\/wp-content\/uploads\/2025\/10\/impact-bg-1536x1052.png 1536w, https:\/\/www.cos-sco.ca\/wp-content\/uploads\/2025\/10\/impact-bg-2048x1403.png 2048w\" sizes=\"auto, (max-width: 1024px) 100vw, 1024px\" \/><span aria-hidden=\"true\" class=\"wp-block-cover__background has-background-dim\" style=\"background-color:#3f4460\"><\/span><div class=\"wp-block-cover__inner-container is-layout-constrained wp-block-cover-is-layout-constrained\">\n<h1 class=\"wp-block-heading has-text-align-center\">Votre Ophtalmologiste et l\u2019\u00e9quipe de soins oculaires<\/h1>\n<\/div><\/div>\n\n\n<div class=\"yoast-breadcrumbs\"><span><span><a href=\"https:\/\/www.cos-sco.ca\/fr\/\">Home<\/a><\/span> \/ <span class=\"breadcrumb_last\" aria-current=\"page\">Eye Care Team<\/span><\/span><\/div>\n\n\n<div style=\"height:29px\" aria-hidden=\"true\" class=\"wp-block-spacer\"><\/div>\n\n\n\n<p>Selon vos besoins en soins des yeux, voici quatre cat\u00e9gories de praticiens qui peuvent intervenir \u00e0 diverses \u00e9tapes des soins de sant\u00e9 oculaire au cours de votre vie :<\/p>\n\n\n\n<p><\/p>\n\n\n\n<h3 class=\"wp-block-heading\">Votre \u00e9quipe des soins de sant\u00e9 oculaire<\/h3>\n\n\n\n<div class=\"wp-block-group is-layout-constrained wp-block-group-is-layout-constrained\">\n<div class=\"wp-block-columns is-layout-flex wp-container-core-columns-is-layout-28f84493 wp-block-columns-is-layout-flex\">\n<div class=\"wp-block-column is-layout-flow wp-block-column-is-layout-flow\">\n<details class=\"wp-block-details is-layout-flow wp-block-details-is-layout-flow\"><summary>Les ophtalmologistes<\/summary>\n<p>Les ophtalmologistes sont des m\u00e9decins et chirurgiens qui ont un niveau de formation sup\u00e9rieur, les chefs m\u00e9dicaux d\u00e9sign\u00e9s de l\u2019\u00e9quipe des soins de sant\u00e9 oculaire.<\/p>\n\n\n\n<p>Ce sont des m\u00e9decins sp\u00e9cialistes agr\u00e9\u00e9s de la vue et des soins oculaires, qui pratiquent des interventions chirurgicales et m\u00e9dicales, de m\u00eame que le diagnostic, le traitement et la pr\u00e9vention des maladies oculaires graves.<\/p>\n\n\n\n<p>Les ophtalmologistes font l\u2019examen complet de l\u2019\u0153il, effectuent des op\u00e9rations chirurgicales, prescrivent et administrent les m\u00e9dicaments et d\u00e9terminent la prescription id\u00e9ale pour les verres correcteurs.<\/p>\n\n\n\n<p>Les ophtalmologistes sont des m\u00e9decins qui, apr\u00e8s leur promotion de la facult\u00e9 de m\u00e9decine, font plusieurs ann\u00e9es de sp\u00e9cialisation postuniversitaires en mati\u00e8re de diagnostic et de traitement des maladies oculaires.<\/p>\n<\/details>\n\n\n\n<details class=\"wp-block-details is-layout-flow wp-block-details-is-layout-flow\"><summary>Les optom\u00e9tristes<\/summary>\n<p>Les optom\u00e9tristes sont des fournisseurs de soins de sant\u00e9 primaires, des sp\u00e9cialistes de l\u2019examen, du diagnostic, du traitement, de la gestion et de la pr\u00e9vention des maladies et des probl\u00e8mes de l\u2019appareil oculaire, de la vue et des structures connexes ainsi que du diagnostic des manifestations oculaires de d\u00e9r\u00e8glement syst\u00e9mique.<\/p>\n\n\n\n<p>Un programme de quatre ans de doctorat en optom\u00e9trie suit le baccalaur\u00e9at \u00e8s science.<\/p>\n<\/details>\n\n\n\n<details class=\"wp-block-details is-layout-flow wp-block-details-is-layout-flow\"><summary>Les opticiens<\/summary>\n<p>Les opticiens sont des professionnels agr\u00e9\u00e9s, form\u00e9s pour vous aider \u00e0 mieux voir, que vous voyiez mal de pr\u00e8s ou de loin ou ayez une vue basse \u00e0 cause de probl\u00e8mes de sant\u00e9 visuelle plus complexes.<\/p>\n\n\n\n<p>Les opticiens autoris\u00e9s re\u00e7oivent une formation sp\u00e9cialis\u00e9e leur permettant de concevoir, de mettre au point et de distribuer les appareils optiques, les lentilles corn\u00e9ennes, les appareils pour vision faible et les appareils oculaires proth\u00e9tiques.<\/p>\n\n\n\n<p>Ils interpr\u00e8tent les ordonnances r\u00e9dig\u00e9es par les ophtalmologistes (docteurs en m\u00e9decine) et les optom\u00e9tristes (professionnels des soins oculaires qui n\u2019ont pas de formation m\u00e9dicale), afin de d\u00e9terminer les sp\u00e9cifications des appareils ophtalmiques n\u00e9cessaires pour corriger la vision d\u2019une personne.<\/p>\n<\/details>\n<\/div>\n<\/div>\n<\/div>\n\n\n\n<p>Apprenez-en plus sur votre \u00e9quipe des soins oculovisuels, la sant\u00e9 oculaire et la fa\u00e7on de prot\u00e9ger votre vue sur le site&nbsp;<a href=\"https:\/\/www.seethepossibilities.ca\/?lang=fr\">Voir les possibilit\u00e9s<\/a>. Nous y proposons des renseignements de confiance sur les affections oculaires, les traitements et le r\u00f4le des diff\u00e9rents professionnels des soins oculovisuels.<\/p>\n\n\n\n<h3 class=\"wp-block-heading\">Les praticiens en m\u00e9decine<\/h3>\n\n\n\n<div class=\"wp-block-group is-layout-constrained wp-block-group-is-layout-constrained\">\n<div class=\"wp-block-columns is-layout-flex wp-container-core-columns-is-layout-28f84493 wp-block-columns-is-layout-flex\">\n<div class=\"wp-block-column is-layout-flow wp-block-column-is-layout-flow\">\n<details class=\"wp-block-details is-layout-flow wp-block-details-is-layout-flow\"><summary>L\u2019ophtalmologiste<\/summary>\n<p>Les ophtalmologistes sont des m\u00e9decins qui, apr\u00e8s leur promotion de la facult\u00e9 de m\u00e9decine, font plusieurs ann\u00e9es de sp\u00e9cialisation en mati\u00e8re de diagnostic et de traitement de maladies oculaires.<\/p>\n\n\n\n<p>Cette formation commence par l\u2019acquisition d\u2019une exp\u00e9rience g\u00e9n\u00e9rale dans le traitement des probl\u00e8mes de sant\u00e9, dans les services d\u2019urgence, les soins p\u00e9diatriques et certaines disciplines telles que la neurologie et l\u2019endocrinologie.<\/p>\n\n\n\n<p>Les ophtalmologistes re\u00e7oivent aussi une formation clinique tr\u00e8s intense concernant les phases aigu\u00ebs et le caract\u00e8re chronique des maladies et une importante exp\u00e9rience de suivi de longue dur\u00e9e de maladies oculaires, tels le glaucome, la r\u00e9tinopathie diab\u00e9tique, la cataracte et les maladies d\u00e9g\u00e9n\u00e9ratives.<\/p>\n\n\n\n<p>Les 24 derniers mois de sp\u00e9cialisation comprennent aussi une formation chirurgicale intensive. Plusieurs ophtalmologistes poursuivent encore leur formation pendant une ann\u00e9e ou deux dans une des diverses sous-sp\u00e9cialit\u00e9s.<\/p>\n\n\n\n<p>Chef d\u2019\u00e9quipe naturel de l\u2019\u00e9quipe des soins oculaires de sa collectivit\u00e9 ou de son h\u00f4pital, l\u2019ophtalmologiste travaille \u00e9troitement avec les autres membres de l\u2019\u00e9quipe, notamment les orthoptistes, les techniciens et les technologues en ophtalmologie, le personnel infirmier et les autres m\u00e9decins. Dans plusieurs localit\u00e9s, l\u2019\u00e9quipe collabore \u00e9troitement avec les optom\u00e9tristes.<\/p>\n\n\n\n<p>Les ophtalmologistes offrent une approche globale aux sympt\u00f4mes et aux maladies oculaires.<\/p>\n\n\n\n<p>Outre le diagnostic et le traitement des maladies oculaires par des \u00e9quipes m\u00e9dicales ou chirurgicales, les ophtalmologistes font une \u00e9valuation compl\u00e8te de l\u2019\u0153il et de la vue, laquelle peut comprendre la prescription de verres correcteurs.<\/p>\n\n\n\n<p>Les ophtalmologistes font aussi de la chirurgie k\u00e9rator\u00e9fractive \u00e0 l\u2019aide de protocoles op\u00e9ratoires ou de techniques au laser pour corriger divers probl\u00e8mes.<\/p>\n<\/details>\n\n\n\n<details class=\"wp-block-details is-layout-flow wp-block-details-is-layout-flow\"><summary>Le m\u00e9decin de famille<\/summary>\n<p>Les m\u00e9decins de famille jouent un r\u00f4le central dans la prestation des soins m\u00e9dicaux au Canada et ce r\u00f4le comprend la pr\u00e9vention et le traitement des maladies oculaires.<\/p>\n\n\n\n<p>Leurs connaissances g\u00e9n\u00e9rales de la m\u00e9decine leur permettent d\u2019associer les sympt\u00f4mes et les signes des probl\u00e8mes oculaires aux maladies de l\u2019organisme, et leurs connaissances de la microbiologie leur permettent de reconna\u00eetre et de traiter les infections oculaires ordinaires.<\/p>\n\n\n\n<p>Au besoin, ces omnipraticiens jouent aussi un r\u00f4le important dans l\u2019orientation des patients vers le professionnel de la sant\u00e9 comp\u00e9tent, \u00e0 savoir, l\u2019ophtalmologiste pour diagnostiquer et traiter une maladie oculaire ou l\u2019optom\u00e9triste pour une \u00e9valuation oculovisuelle.<\/p>\n<\/details>\n\n\n\n<details class=\"wp-block-details is-layout-flow wp-block-details-is-layout-flow\"><summary>L\u2019urgentologue<\/summary>\n<p>Plusieurs des urgentologues qui travaillent dans les services d\u2019urgence des h\u00f4pitaux ont maintenant re\u00e7u une formation en urgentologie et d\u2019autres sont des omnipraticiens qui ont d\u00e9velopp\u00e9 une comp\u00e9tence clinique en soins d\u2019urgence.<\/p>\n\n\n\n<p>Ces m\u00e9decins ont le savoir-faire clinique pour traiter, en situation d\u2019urgence, les blessures \u00e0 l\u2019\u0153il et les phases aigu\u00ebs des maladies oculaires. Apr\u00e8s ces premiers soins, ils confient les patients \u00e0 des ophtalmologistes.<\/p>\n<\/details>\n\n\n\n<details class=\"wp-block-details is-layout-flow wp-block-details-is-layout-flow\"><summary>Le p\u00e9diatre<\/summary>\n<p>Les p\u00e9diatres sont des m\u00e9decins qui ont re\u00e7u une formation sp\u00e9cialis\u00e9e pour reconna\u00eetre et soigner les maladies chez les enfants et les adolescents.<\/p>\n\n\n\n<p>Comme membres actifs de l\u2019\u00e9quipe des soins oculaires, ils jouent un r\u00f4le essentiel dans la reconnaissance des signes et des sympt\u00f4mes des maladies oculaires chez les jeunes patients.<\/p>\n<\/details>\n\n\n\n<details class=\"wp-block-details is-layout-flow wp-block-details-is-layout-flow\"><summary>L\u2019interniste<\/summary>\n<p>L\u2019interniste est un autre membre important de l\u2019\u00e9quipe. Son r\u00f4le ressemble \u00e0 celui du p\u00e9diatre, mais il exerce aupr\u00e8s de personnes plus \u00e2g\u00e9es.<\/p>\n\n\n\n<p>Sp\u00e9cialistes des maladies organiques, ils reconnaissent aussi les signes et les sympt\u00f4mes des maladies oculaires et collaborent avec les ophtalmologistes pour soigner les patients qui ont des troubles neurologiques ou certaines maladies telles que l\u2019hypertension art\u00e9rielle, le diab\u00e8te, les maladies r\u00e9nales et autres.<\/p>\n<\/details>\n<\/div>\n<\/div>\n<\/div>\n\n\n\n<h3 class=\"wp-block-heading\">Les praticiens ayant une formation m\u00e9dicale<\/h3>\n\n\n\n<div class=\"wp-block-group is-layout-constrained wp-block-group-is-layout-constrained\">\n<div class=\"wp-block-columns is-layout-flex wp-container-core-columns-is-layout-28f84493 wp-block-columns-is-layout-flex\">\n<div class=\"wp-block-column is-layout-flow wp-block-column-is-layout-flow\">\n<details class=\"wp-block-details is-layout-flow wp-block-details-is-layout-flow\"><summary>L\u2019orthoptiste<\/summary>\n<p>L\u2019orthoptiste re\u00e7oit une formation particuli\u00e8re pour reconna\u00eetre et soigner, par d\u2019autres moyens que m\u00e9dicaux ou chirurgicaux, les anomalies de la vision binoculaire qui concernent ordinairement le parall\u00e9lisme des yeux.<\/p>\n\n\n\n<p>Les orthoptistes travaillent avec l\u2019ophtalmologiste pour faire une \u00e9valuation normalis\u00e9e de la motilit\u00e9 oculaire, importante pour le diagnostic du strabisme et de l\u2019amblyopie (l\u2019\u0153il paresseux) et pour le suivi de longue dur\u00e9e pendant le traitement avec des verres ou le suivi postop\u00e9ratoire d\u2019une correction chirurgicale.<\/p>\n\n\n\n<p>Les orthoptistes ont une solide association professionnelle, la Soci\u00e9t\u00e9 canadienne d\u2019orthoptique, et ils sont r\u00e9gis par le Conseil Canadien d\u2019orthoptique (CCO) qui \u00e9tablit les normes d\u2019entr\u00e9e dans la profession.<\/p>\n\n\n\n<p>Le CCO veille aussi \u00e0 l\u2019agr\u00e9ment des programmes de formation en orthoptique et il fait passer aux finissants les examens \u00e9crits et cliniques d\u2019admission dans la profession.<\/p>\n<\/details>\n\n\n\n<details class=\"wp-block-details is-layout-flow wp-block-details-is-layout-flow\"><summary>Le personnel infirmier en ophtalmologie<\/summary>\n<p>Le personnel infirmier en ophtalmologie prend soin des personnes souffrant de probl\u00e8mes oculaires, notamment par les \u00e9valuations pr\u00e9op\u00e9ratoires des patients avant la chirurgie oculaire.<\/p>\n\n\n\n<p>La pr\u00e9sence du personnel infirmier en ophtalmologie est essentielle pendant les op\u00e9rations, car il aide l\u2019\u00e9quipe chirurgicale et agit comme infirmier instrumentaliste ou infirmier en service interne. Il installe le patient avec pr\u00e9caution et de fa\u00e7on s\u00e9curitaire aux fins de la chirurgie, v\u00e9rifie le champ op\u00e9ratoire et tend au chirurgien les instruments requis.<\/p>\n<\/details>\n<\/div>\n<\/div>\n<\/div>\n\n\n\n<h3 class=\"wp-block-heading\">Les praticiens sans formation m\u00e9dicale<\/h3>\n\n\n\n<div class=\"wp-block-group is-layout-constrained wp-block-group-is-layout-constrained\">\n<div class=\"wp-block-columns is-layout-flex wp-container-core-columns-is-layout-28f84493 wp-block-columns-is-layout-flex\">\n<div class=\"wp-block-column is-layout-flow wp-block-column-is-layout-flow\">\n<details class=\"wp-block-details is-layout-flow wp-block-details-is-layout-flow\"><summary>L\u2019optom\u00e9triste<\/summary>\n<p>L\u2019optom\u00e9triste est un professionnel de la sant\u00e9 qui a la formation requise pour \u00e9valuer l\u2019\u0153il, l\u2019appareil visuel, les troubles de motricit\u00e9 sensorielle et oculaire de m\u00eame que les d\u00e9r\u00e8glements de l\u2019\u0153il et l\u2019organe de la vue.<\/p>\n\n\n\n<p>L\u2019optom\u00e9triste d\u00e9termine et \u00e9value les donn\u00e9es cliniques et les sympt\u00f4mes et il offre au patient les solutions appropri\u00e9es selon les normes reconnues dans l\u2019exercice de l\u2019optom\u00e9trie.<\/p>\n\n\n\n<p>L\u2019optom\u00e9triste prescrit et distribue les appareils correcteurs et de pr\u00e9vention et il collabore de pr\u00e8s avec les autres membres de l\u2019\u00e9quipe des soins oculaires pour s\u2019assurer que les patients sont dirig\u00e9s \u00e0 la bonne adresse, compte tenu de leurs besoins diagnostiques et th\u00e9rapeutiques.<\/p>\n<\/details>\n\n\n\n<details class=\"wp-block-details is-layout-flow wp-block-details-is-layout-flow\"><summary>L\u2019opticien<\/summary>\n<p>L\u2019opticien est une personne qui fournit, met au point et distribue les appareils optiques, interpr\u00e8te les ordonnances r\u00e9dig\u00e9es par l\u2019ophtalmologiste ou l\u2019optom\u00e9triste, ajuste ou adapte les appareils optiques.<\/p>\n\n\n\n<p>On l\u2019appelle aussi opticien d\u2019ordonnance ou distributeur d\u2019appareils oculaires.<\/p>\n<\/details>\n<\/div>\n<\/div>\n<\/div>\n\n\n\n<p><\/p>\n","protected":false},"excerpt":{"rendered":"<p>Selon vos besoins en soins des yeux, voici quatre cat\u00e9gories de praticiens qui peuvent intervenir \u00e0 diverses \u00e9tapes des soins de sant\u00e9 oculaire au cours de votre vie : Votre \u00e9quipe des soins de sant\u00e9 oculaire Apprenez-en plus sur votre \u00e9quipe des soins oculovisuels, la sant\u00e9 oculaire et la fa\u00e7on de prot\u00e9ger votre vue sur [&hellip;]<\/p>\n","protected":false},"author":5,"featured_media":0,"parent":0,"menu_order":0,"comment_status":"closed","ping_status":"closed","template":"","meta":{"footnotes":""},"class_list":["post-15197","page","type-page","status-publish","hentry"],"yoast_head":"<!-- This site is optimized with the Yoast SEO plugin v27.3 - https:\/\/yoast.com\/product\/yoast-seo-wordpress\/ -->\n<title>Eye Care Team - COS-SCO<\/title>\n<meta name=\"robots\" content=\"index, follow, max-snippet:-1, max-image-preview:large, max-video-preview:-1\" \/>\n<link rel=\"canonical\" href=\"https:\/\/www.cos-sco.ca\/fr\/eye-care-team\/\" \/>\n<meta property=\"og:locale\" content=\"fr_FR\" \/>\n<meta property=\"og:type\" content=\"article\" \/>\n<meta property=\"og:title\" content=\"Eye Care Team - COS-SCO\" \/>\n<meta property=\"og:description\" content=\"Selon vos besoins en soins des yeux, voici quatre cat\u00e9gories de praticiens qui peuvent intervenir \u00e0 diverses \u00e9tapes des soins de sant\u00e9 oculaire au cours de votre vie : Votre \u00e9quipe des soins de sant\u00e9 oculaire Apprenez-en plus sur votre \u00e9quipe des soins oculovisuels, la sant\u00e9 oculaire et la fa\u00e7on de prot\u00e9ger votre vue sur [&hellip;]\" \/>\n<meta property=\"og:url\" content=\"https:\/\/www.cos-sco.ca\/fr\/eye-care-team\/\" \/>\n<meta property=\"og:site_name\" content=\"COS-SCO\" \/>\n<meta property=\"article:modified_time\" content=\"2026-03-06T15:28:57+00:00\" \/>\n<meta property=\"og:image\" content=\"https:\/\/www.cos-sco.ca\/wp-content\/uploads\/2025\/10\/impact-bg-1024x702.png\" \/>\n<meta name=\"twitter:card\" content=\"summary_large_image\" \/>\n<meta name=\"twitter:label1\" content=\"Dur\u00e9e de lecture estim\u00e9e\" \/>\n\t<meta name=\"twitter:data1\" content=\"6 minutes\" \/>\n<script type=\"application\/ld+json\" class=\"yoast-schema-graph\">{\"@context\":\"https:\\\/\\\/schema.org\",\"@graph\":[{\"@type\":\"WebPage\",\"@id\":\"https:\\\/\\\/www.cos-sco.ca\\\/fr\\\/eye-care-team\\\/\",\"url\":\"https:\\\/\\\/www.cos-sco.ca\\\/fr\\\/eye-care-team\\\/\",\"name\":\"Eye Care Team - COS-SCO\",\"isPartOf\":{\"@id\":\"https:\\\/\\\/www.cos-sco.ca\\\/fr\\\/#website\"},\"primaryImageOfPage\":{\"@id\":\"https:\\\/\\\/www.cos-sco.ca\\\/fr\\\/eye-care-team\\\/#primaryimage\"},\"image\":{\"@id\":\"https:\\\/\\\/www.cos-sco.ca\\\/fr\\\/eye-care-team\\\/#primaryimage\"},\"thumbnailUrl\":\"https:\\\/\\\/www.cos-sco.ca\\\/wp-content\\\/uploads\\\/2025\\\/10\\\/impact-bg-1024x702.png\",\"datePublished\":\"2025-11-21T19:58:36+00:00\",\"dateModified\":\"2026-03-06T15:28:57+00:00\",\"breadcrumb\":{\"@id\":\"https:\\\/\\\/www.cos-sco.ca\\\/fr\\\/eye-care-team\\\/#breadcrumb\"},\"inLanguage\":\"fr-FR\",\"potentialAction\":[{\"@type\":\"ReadAction\",\"target\":[\"https:\\\/\\\/www.cos-sco.ca\\\/fr\\\/eye-care-team\\\/\"]}]},{\"@type\":\"ImageObject\",\"inLanguage\":\"fr-FR\",\"@id\":\"https:\\\/\\\/www.cos-sco.ca\\\/fr\\\/eye-care-team\\\/#primaryimage\",\"url\":\"https:\\\/\\\/www.cos-sco.ca\\\/wp-content\\\/uploads\\\/2025\\\/10\\\/impact-bg-1024x702.png\",\"contentUrl\":\"https:\\\/\\\/www.cos-sco.ca\\\/wp-content\\\/uploads\\\/2025\\\/10\\\/impact-bg-1024x702.png\"},{\"@type\":\"BreadcrumbList\",\"@id\":\"https:\\\/\\\/www.cos-sco.ca\\\/fr\\\/eye-care-team\\\/#breadcrumb\",\"itemListElement\":[{\"@type\":\"ListItem\",\"position\":1,\"name\":\"Home\",\"item\":\"https:\\\/\\\/www.cos-sco.ca\\\/fr\\\/\"},{\"@type\":\"ListItem\",\"position\":2,\"name\":\"Eye Care Team\"}]},{\"@type\":\"WebSite\",\"@id\":\"https:\\\/\\\/www.cos-sco.ca\\\/fr\\\/#website\",\"url\":\"https:\\\/\\\/www.cos-sco.ca\\\/fr\\\/\",\"name\":\"COS-SCO\",\"description\":\"\",\"publisher\":{\"@id\":\"https:\\\/\\\/www.cos-sco.ca\\\/fr\\\/#organization\"},\"potentialAction\":[{\"@type\":\"SearchAction\",\"target\":{\"@type\":\"EntryPoint\",\"urlTemplate\":\"https:\\\/\\\/www.cos-sco.ca\\\/fr\\\/?s={search_term_string}\"},\"query-input\":{\"@type\":\"PropertyValueSpecification\",\"valueRequired\":true,\"valueName\":\"search_term_string\"}}],\"inLanguage\":\"fr-FR\"},{\"@type\":\"Organization\",\"@id\":\"https:\\\/\\\/www.cos-sco.ca\\\/fr\\\/#organization\",\"name\":\"COS-SCO\",\"url\":\"https:\\\/\\\/www.cos-sco.ca\\\/fr\\\/\",\"logo\":{\"@type\":\"ImageObject\",\"inLanguage\":\"fr-FR\",\"@id\":\"https:\\\/\\\/www.cos-sco.ca\\\/fr\\\/#\\\/schema\\\/logo\\\/image\\\/\",\"url\":\"https:\\\/\\\/www.cos-sco.ca\\\/wp-content\\\/uploads\\\/2025\\\/10\\\/logo.png\",\"contentUrl\":\"https:\\\/\\\/www.cos-sco.ca\\\/wp-content\\\/uploads\\\/2025\\\/10\\\/logo.png\",\"width\":316,\"height\":180,\"caption\":\"COS-SCO\"},\"image\":{\"@id\":\"https:\\\/\\\/www.cos-sco.ca\\\/fr\\\/#\\\/schema\\\/logo\\\/image\\\/\"}}]}<\/script>\n<!-- \/ Yoast SEO plugin. -->","yoast_head_json":{"title":"Eye Care Team - COS-SCO","robots":{"index":"index","follow":"follow","max-snippet":"max-snippet:-1","max-image-preview":"max-image-preview:large","max-video-preview":"max-video-preview:-1"},"canonical":"https:\/\/www.cos-sco.ca\/fr\/eye-care-team\/","og_locale":"fr_FR","og_type":"article","og_title":"Eye Care Team - COS-SCO","og_description":"Selon vos besoins en soins des yeux, voici quatre cat\u00e9gories de praticiens qui peuvent intervenir \u00e0 diverses \u00e9tapes des soins de sant\u00e9 oculaire au cours de votre vie : Votre \u00e9quipe des soins de sant\u00e9 oculaire Apprenez-en plus sur votre \u00e9quipe des soins oculovisuels, la sant\u00e9 oculaire et la fa\u00e7on de prot\u00e9ger votre vue sur [&hellip;]","og_url":"https:\/\/www.cos-sco.ca\/fr\/eye-care-team\/","og_site_name":"COS-SCO","article_modified_time":"2026-03-06T15:28:57+00:00","og_image":[{"url":"https:\/\/www.cos-sco.ca\/wp-content\/uploads\/2025\/10\/impact-bg-1024x702.png","type":"","width":"","height":""}],"twitter_card":"summary_large_image","twitter_misc":{"Dur\u00e9e de lecture estim\u00e9e":"6 minutes"},"schema":{"@context":"https:\/\/schema.org","@graph":[{"@type":"WebPage","@id":"https:\/\/www.cos-sco.ca\/fr\/eye-care-team\/","url":"https:\/\/www.cos-sco.ca\/fr\/eye-care-team\/","name":"Eye Care Team - COS-SCO","isPartOf":{"@id":"https:\/\/www.cos-sco.ca\/fr\/#website"},"primaryImageOfPage":{"@id":"https:\/\/www.cos-sco.ca\/fr\/eye-care-team\/#primaryimage"},"image":{"@id":"https:\/\/www.cos-sco.ca\/fr\/eye-care-team\/#primaryimage"},"thumbnailUrl":"https:\/\/www.cos-sco.ca\/wp-content\/uploads\/2025\/10\/impact-bg-1024x702.png","datePublished":"2025-11-21T19:58:36+00:00","dateModified":"2026-03-06T15:28:57+00:00","breadcrumb":{"@id":"https:\/\/www.cos-sco.ca\/fr\/eye-care-team\/#breadcrumb"},"inLanguage":"fr-FR","potentialAction":[{"@type":"ReadAction","target":["https:\/\/www.cos-sco.ca\/fr\/eye-care-team\/"]}]},{"@type":"ImageObject","inLanguage":"fr-FR","@id":"https:\/\/www.cos-sco.ca\/fr\/eye-care-team\/#primaryimage","url":"https:\/\/www.cos-sco.ca\/wp-content\/uploads\/2025\/10\/impact-bg-1024x702.png","contentUrl":"https:\/\/www.cos-sco.ca\/wp-content\/uploads\/2025\/10\/impact-bg-1024x702.png"},{"@type":"BreadcrumbList","@id":"https:\/\/www.cos-sco.ca\/fr\/eye-care-team\/#breadcrumb","itemListElement":[{"@type":"ListItem","position":1,"name":"Home","item":"https:\/\/www.cos-sco.ca\/fr\/"},{"@type":"ListItem","position":2,"name":"Eye Care Team"}]},{"@type":"WebSite","@id":"https:\/\/www.cos-sco.ca\/fr\/#website","url":"https:\/\/www.cos-sco.ca\/fr\/","name":"COS-SCO","description":"","publisher":{"@id":"https:\/\/www.cos-sco.ca\/fr\/#organization"},"potentialAction":[{"@type":"SearchAction","target":{"@type":"EntryPoint","urlTemplate":"https:\/\/www.cos-sco.ca\/fr\/?s={search_term_string}"},"query-input":{"@type":"PropertyValueSpecification","valueRequired":true,"valueName":"search_term_string"}}],"inLanguage":"fr-FR"},{"@type":"Organization","@id":"https:\/\/www.cos-sco.ca\/fr\/#organization","name":"COS-SCO","url":"https:\/\/www.cos-sco.ca\/fr\/","logo":{"@type":"ImageObject","inLanguage":"fr-FR","@id":"https:\/\/www.cos-sco.ca\/fr\/#\/schema\/logo\/image\/","url":"https:\/\/www.cos-sco.ca\/wp-content\/uploads\/2025\/10\/logo.png","contentUrl":"https:\/\/www.cos-sco.ca\/wp-content\/uploads\/2025\/10\/logo.png","width":316,"height":180,"caption":"COS-SCO"},"image":{"@id":"https:\/\/www.cos-sco.ca\/fr\/#\/schema\/logo\/image\/"}}]}},"_links":{"self":[{"href":"https:\/\/www.cos-sco.ca\/fr\/wp-json\/wp\/v2\/pages\/15197","targetHints":{"allow":["GET"]}}],"collection":[{"href":"https:\/\/www.cos-sco.ca\/fr\/wp-json\/wp\/v2\/pages"}],"about":[{"href":"https:\/\/www.cos-sco.ca\/fr\/wp-json\/wp\/v2\/types\/page"}],"author":[{"embeddable":true,"href":"https:\/\/www.cos-sco.ca\/fr\/wp-json\/wp\/v2\/users\/5"}],"replies":[{"embeddable":true,"href":"https:\/\/www.cos-sco.ca\/fr\/wp-json\/wp\/v2\/comments?post=15197"}],"version-history":[{"count":3,"href":"https:\/\/www.cos-sco.ca\/fr\/wp-json\/wp\/v2\/pages\/15197\/revisions"}],"predecessor-version":[{"id":16786,"href":"https:\/\/www.cos-sco.ca\/fr\/wp-json\/wp\/v2\/pages\/15197\/revisions\/16786"}],"wp:attachment":[{"href":"https:\/\/www.cos-sco.ca\/fr\/wp-json\/wp\/v2\/media?parent=15197"}],"curies":[{"name":"wp","href":"https:\/\/api.w.org\/{rel}","templated":true}]}}