{"id":15135,"date":"2025-11-21T13:47:41","date_gmt":"2025-11-21T18:47:41","guid":{"rendered":"https:\/\/cos-sco.machinedev.ca\/?page_id=15135"},"modified":"2026-03-06T10:35:58","modified_gmt":"2026-03-06T15:35:58","slug":"previous-presidents","status":"publish","type":"page","link":"https:\/\/www.cos-sco.ca\/fr\/about-us\/previous-presidents\/","title":{"rendered":"Previous Presidents"},"content":{"rendered":"\n<div class=\"wp-block-cover alignfull\" style=\"min-height:343px;aspect-ratio:unset;\"><img loading=\"lazy\" decoding=\"async\" width=\"1024\" height=\"702\" class=\"wp-block-cover__image-background wp-image-208 size-large\" alt=\"\" src=\"https:\/\/www.cos-sco.ca\/wp-content\/uploads\/2025\/10\/impact-bg-1024x702.png\" data-object-fit=\"cover\" srcset=\"https:\/\/www.cos-sco.ca\/wp-content\/uploads\/2025\/10\/impact-bg-1024x702.png 1024w, https:\/\/www.cos-sco.ca\/wp-content\/uploads\/2025\/10\/impact-bg-300x206.png 300w, https:\/\/www.cos-sco.ca\/wp-content\/uploads\/2025\/10\/impact-bg-768x526.png 768w, https:\/\/www.cos-sco.ca\/wp-content\/uploads\/2025\/10\/impact-bg-1536x1052.png 1536w, https:\/\/www.cos-sco.ca\/wp-content\/uploads\/2025\/10\/impact-bg-2048x1403.png 2048w\" sizes=\"auto, (max-width: 1024px) 100vw, 1024px\" \/><span aria-hidden=\"true\" class=\"wp-block-cover__background has-background-dim\" style=\"background-color:#3f4460\"><\/span><div class=\"wp-block-cover__inner-container is-layout-constrained wp-block-cover-is-layout-constrained\">\n<h1 class=\"wp-block-heading has-text-align-center\">Pr\u00e9sidents pr\u00e9c\u00e9dents<\/h1>\n<\/div><\/div>\n\n\n<div class=\"yoast-breadcrumbs\"><span><span><a href=\"https:\/\/www.cos-sco.ca\/fr\/\">Home<\/a><\/span> \/ <span class=\"breadcrumb_last\" aria-current=\"page\">Previous Presidents<\/span><\/span><\/div>\n\n\n<p class=\"has-text-align-left\"><strong>Conseil d\u2019administration \u2013 pr\u00e9sidents de 1938 jusqu\u2019\u00e0 aujourd\u2019hui<\/strong><\/p>\n\n\n\n<div class=\"wp-block-columns is-layout-flex wp-container-core-columns-is-layout-28f84493 wp-block-columns-is-layout-flex\">\n<div class=\"wp-block-column is-layout-flow wp-block-column-is-layout-flow\">\n<p>2024-2026<\/p>\n\n\n\n<p>2022-2024<\/p>\n\n\n\n<p>2020-2022<\/p>\n\n\n\n<p>2018-2020<\/p>\n\n\n\n<p>2016-2018<\/p>\n\n\n\n<p>2014\u20132016<\/p>\n\n\n\n<p>2012-2014<\/p>\n\n\n\n<p>2010-2012<\/p>\n\n\n\n<p>2008-2010<\/p>\n\n\n\n<p>2006\u20132008<\/p>\n\n\n\n<p>2004\u20132006<\/p>\n\n\n\n<p>2002\u20132004<\/p>\n\n\n\n<p>2000\u20132002<\/p>\n\n\n\n<p>1998\u20132000<\/p>\n\n\n\n<p>1996\u20131998<\/p>\n\n\n\n<p>1994\u20131996<\/p>\n\n\n\n<p>1992\u20131994<\/p>\n\n\n\n<p>1992<\/p>\n\n\n\n<p>1991<\/p>\n\n\n\n<p>1990<\/p>\n\n\n\n<p>1989<\/p>\n\n\n\n<p>1988<\/p>\n\n\n\n<p>1987<\/p>\n\n\n\n<p>1986<\/p>\n\n\n\n<p>1985<\/p>\n\n\n\n<p>1984<\/p>\n\n\n\n<p>1983<\/p>\n\n\n\n<p>1982<\/p>\n\n\n\n<p>1981<\/p>\n\n\n\n<p>1980<\/p>\n\n\n\n<p>1979<\/p>\n\n\n\n<p>1978<\/p>\n\n\n\n<p>1977<\/p>\n\n\n\n<p>1976<\/p>\n\n\n\n<p>1975<\/p>\n\n\n\n<p>1974<\/p>\n\n\n\n<p>1973<\/p>\n\n\n\n<p>1972<\/p>\n\n\n\n<p>1971<\/p>\n\n\n\n<p>1970<\/p>\n\n\n\n<p>1969<\/p>\n\n\n\n<p>1968<\/p>\n\n\n\n<p>1967<\/p>\n\n\n\n<p>1966<\/p>\n\n\n\n<p>1965<\/p>\n\n\n\n<p>1964<\/p>\n\n\n\n<p>1963<\/p>\n\n\n\n<p>1962<\/p>\n\n\n\n<p>1961<\/p>\n\n\n\n<p>1960<\/p>\n\n\n\n<p>1959<\/p>\n\n\n\n<p>1958<\/p>\n\n\n\n<p>1957<\/p>\n\n\n\n<p>1956<\/p>\n\n\n\n<p>1955<\/p>\n\n\n\n<p>1954<\/p>\n\n\n\n<p>1953<\/p>\n\n\n\n<p>1952<\/p>\n\n\n\n<p>1951<\/p>\n\n\n\n<p>1950<\/p>\n\n\n\n<p>1949<\/p>\n\n\n\n<p>1948<\/p>\n\n\n\n<p>1947<\/p>\n\n\n\n<p>1946<\/p>\n\n\n\n<p>1945<\/p>\n\n\n\n<p>1944<\/p>\n\n\n\n<p>1943<\/p>\n\n\n\n<p>1942<\/p>\n\n\n\n<p>1941<\/p>\n\n\n\n<p>1940<\/p>\n\n\n\n<p>1938\u20131939<\/p>\n<\/div>\n\n\n\n<div class=\"wp-block-column is-layout-flow wp-block-column-is-layout-flow\">\n<p>Mona Dagher, MD<\/p>\n\n\n\n<p>Phil Hooper, MD<\/p>\n\n\n\n<p>Colin Mann, MD<\/p>\n\n\n\n<p>Yvonne Buys, MD<\/p>\n\n\n\n<p>Guillermo Rocha, MD<\/p>\n\n\n\n<p>Allan Slomovic, MD<\/p>\n\n\n\n<p>Paul Rafuse, MD<\/p>\n\n\n\n<p>Fran\u00e7ois Cod\u00e8re, MD<\/p>\n\n\n\n<p>Lorne Bellan, MD<\/p>\n\n\n\n<p>Alan Cruess, MD<\/p>\n\n\n\n<p>Sherif El-Defrawy, MD<\/p>\n\n\n\n<p>Duncan Anderson, MD<\/p>\n\n\n\n<p>Susan Lindley, MD<\/p>\n\n\n\n<p>Daniel O\u2019Brien, MD<\/p>\n\n\n\n<p>Patricia K. Teal, MD<\/p>\n\n\n\n<p>Frank V. Buffam, MD<\/p>\n\n\n\n<p>Raymond LeBlanc, MD<\/p>\n\n\n\n<p>D. Lorenzetti, MD<\/p>\n\n\n\n<p>Ide Dub\u00e9, MD<\/p>\n\n\n\n<p>Rand Simpson, MD<\/p>\n\n\n\n<p>Ralph Schneider, MD<\/p>\n\n\n\n<p>J.S.F. Richards, MD<\/p>\n\n\n\n<p>Harold Stein, MD<\/p>\n\n\n\n<p>John Valberg, MD<\/p>\n\n\n\n<p>Alain Rousseau, MD<\/p>\n\n\n\n<p>Rod Morgan, MD<\/p>\n\n\n\n<p>A.T. Laxdal, MD<\/p>\n\n\n\n<p>Roch Gagnon, MD<\/p>\n\n\n\n<p>C.B. Mortimer, MD<\/p>\n\n\n\n<p>Gordon S. Harris, MD<\/p>\n\n\n\n<p>Sean B. Murphy, MD<\/p>\n\n\n\n<p>John H. Quigley, MD<\/p>\n\n\n\n<p>John D. Parker, MD<\/p>\n\n\n\n<p>Jean M. de Margerie, MD<\/p>\n\n\n\n<p>Stephen M. Drance, MD<\/p>\n\n\n\n<p>J. Page Harshman, MD<\/p>\n\n\n\n<p>Charles Dyson, MD<\/p>\n\n\n\n<p>William M.G. Wilson, MD<\/p>\n\n\n\n<p>J. Clem McCulloch, MD<\/p>\n\n\n\n<p>Michel Mathieu, MD<\/p>\n\n\n\n<p>R. Gordon C. Kelly, MD<\/p>\n\n\n\n<p>John S. Crawford, MD<\/p>\n\n\n\n<p>Robert E. Smart, MD<\/p>\n\n\n\n<p>Donald M. MacRae, MD<\/p>\n\n\n\n<p>Alfred J. Elliot, MD<\/p>\n\n\n\n<p>J.A. Ren\u00e9 Charbonneau, MD<\/p>\n\n\n\n<p>Harry M. Macrae, MD<\/p>\n\n\n\n<p> Robert M. Ramsay, MD<\/p>\n\n\n\n<p>Benjamin Alexander, MD <\/p>\n\n\n\n<p>Norman L. Elvin, MD<\/p>\n\n\n\n<p>A. Lloyd Morgan, MD<\/p>\n\n\n\n<p>John V. Nicholls, MD <\/p>\n\n\n\n<p>John A. McLean, MD<\/p>\n\n\n\n<p>Henri Pichette, MD<\/p>\n\n\n\n<p>Percy B. MacFarlane, MD<\/p>\n\n\n\n<p>Mark R. Marshall, MD<\/p>\n\n\n\n<p>Kenneth B. Johnston, MD<\/p>\n\n\n\n<p>A.E. MacDonald, MD<\/p>\n\n\n\n<p>G. Stewart Ramsey, MD<\/p>\n\n\n\n<p>Roger F. Nicholls, MD<\/p>\n\n\n\n<p>Jules Brault, MD<\/p>\n\n\n\n<p>Robert J.P. McCulloch, MD<\/p>\n\n\n\n<p>John A. MacMillan, MD<\/p>\n\n\n\n<p>Walter W. Wright, MD<\/p>\n\n\n\n<p>Wilbert G. Fraser, MD<\/p>\n\n\n\n<p>Robert E. Mathers, MD<\/p>\n\n\n\n<p>Colin A. Campbell, MD<\/p>\n\n\n\n<p>Frederick T. Tooke, MD <\/p>\n\n\n\n<p>Joseph Vaillancourt, MD<\/p>\n\n\n\n<p>William H. Lowry, MD<\/p>\n\n\n\n<p>William G.M. Byers, MD<\/p>\n<\/div>\n\n\n\n<div class=\"wp-block-column is-layout-flow wp-block-column-is-layout-flow\">\n<p>(Qu\u00e9bec)<\/p>\n\n\n\n<p>(Ontario)<\/p>\n\n\n\n<p>(Nouvelle-\u00c9cosse)<\/p>\n\n\n\n<p>(Ontario)<\/p>\n\n\n\n<p>(Manitoba)<\/p>\n\n\n\n<p>(Ontario)<\/p>\n\n\n\n<p>(Nouvelle-\u00c9cosse)<\/p>\n\n\n\n<p>(Qu\u00e9bec)<\/p>\n\n\n\n<p>(Manitoba)<\/p>\n\n\n\n<p>(Nouvelle-\u00c9cosse)<\/p>\n\n\n\n<p>(Ontario)<\/p>\n\n\n\n<p>(Colombie-Britannique)<\/p>\n\n\n\n<p>(Qu\u00e9bec)<\/p>\n\n\n\n<p>(Nouvelle-\u00c9cosse)<\/p>\n\n\n\n<p>(Ontario)<\/p>\n\n\n\n<p>(Colombie-Britannique)<\/p>\n\n\n\n<p>(Nouvelle-\u00c9cosse)<\/p>\n\n\n\n<p>(Qu\u00e9bec)<\/p>\n\n\n\n<p>(Qu\u00e9bec)<\/p>\n\n\n\n<p>(Ontario)<\/p>\n\n\n\n<p>(Saskatchewan)<\/p>\n\n\n\n<p>(Colombie-Britannique)<\/p>\n\n\n\n<p>(Ontario)<\/p>\n\n\n\n<p>(Ontario)<\/p>\n\n\n\n<p>(Qu\u00e9bec)<\/p>\n\n\n\n<p>(Alberta)<\/p>\n\n\n\n<p>(Colombie-Britannique)<\/p>\n\n\n\n<p>(Qu\u00e9bec)<\/p>\n\n\n\n<p>(Ontario)<\/p>\n\n\n\n<p>(Colombie-Britannique)<\/p>\n\n\n\n<p>(Qu\u00e9bec)<\/p>\n\n\n\n<p>(Nouvelle-\u00c9cosse)<\/p>\n\n\n\n<p>(Ontario)<\/p>\n\n\n\n<p>(Qu\u00e9bec)<\/p>\n\n\n\n<p>(Colombie-Britannique)<\/p>\n\n\n\n<p>(Ontario)<\/p>\n\n\n\n<p>(Ontario)<\/p>\n\n\n\n<p>(Colombie-Britannique)<\/p>\n\n\n\n<p>(Ontario)<\/p>\n\n\n\n<p>(Qu\u00e9bec)<\/p>\n\n\n\n<p>(Ontario)<\/p>\n\n\n\n<p>(Ontario)<\/p>\n\n\n\n<p>(Ontario)<\/p>\n\n\n\n<p>(Nouvelle-\u00c9cosse)<\/p>\n\n\n\n<p>(Colombie-Britannique)<\/p>\n\n\n\n<p>(Qu\u00e9bec)<\/p>\n\n\n\n<p>(Ontario)<\/p>\n\n\n\n<p>(Manitoba)<\/p>\n\n\n\n<p>(Qu\u00e9bec)<\/p>\n\n\n\n<p>(Manitoba)<\/p>\n\n\n\n<p>(Ontario)<\/p>\n\n\n\n<p>(Qu\u00e9bec)<\/p>\n\n\n\n<p>(Colombie-Britannique)<\/p>\n\n\n\n<p>(Qu\u00e9bec)<\/p>\n\n\n\n<p>(Ontario)<\/p>\n\n\n\n<p>(Alberta)<\/p>\n\n\n\n<p>(Qu\u00e9bec)<\/p>\n\n\n\n<p>(Ontario)<\/p>\n\n\n\n<p>(Qu\u00e9bec)<\/p>\n\n\n\n<p>(Alberta)<\/p>\n\n\n\n<p>(Qu\u00e9bec)<\/p>\n\n\n\n<p>(Ontario)<\/p>\n\n\n\n<p>(Qu\u00e9bec)<\/p>\n\n\n\n<p>(Ontario)<\/p>\n\n\n\n<p>(Ontario)<\/p>\n\n\n\n<p>(Nouvelle-\u00c9cosse)<\/p>\n\n\n\n<p>(Ontario)<\/p>\n\n\n\n<p>(Qu\u00e9bec)<\/p>\n\n\n\n<p>(Qu\u00e9bec)<\/p>\n\n\n\n<p>(Ontario)<\/p>\n\n\n\n<p>(Qu\u00e9bec)<\/p>\n<\/div>\n<\/div>\n","protected":false},"excerpt":{"rendered":"<p>Conseil d\u2019administration \u2013 pr\u00e9sidents de 1938 jusqu\u2019\u00e0 aujourd\u2019hui 2024-2026 2022-2024 2020-2022 2018-2020 2016-2018 2014\u20132016 2012-2014 2010-2012 2008-2010 2006\u20132008 2004\u20132006 2002\u20132004 2000\u20132002 1998\u20132000 1996\u20131998 1994\u20131996 1992\u20131994 1992 1991 1990 1989 1988 1987 1986 1985 1984 1983 1982 1981 1980 1979 1978 1977 1976 1975 1974 1973 1972 1971 1970 1969 1968 1967 1966 1965 1964 1963 [&hellip;]<\/p>\n","protected":false},"author":5,"featured_media":0,"parent":15648,"menu_order":0,"comment_status":"closed","ping_status":"closed","template":"","meta":{"footnotes":""},"class_list":["post-15135","page","type-page","status-publish","hentry"],"yoast_head":"<!-- This site is optimized with the Yoast SEO plugin v27.4 - https:\/\/yoast.com\/product\/yoast-seo-wordpress\/ -->\n<title>Previous Presidents - COS-SCO<\/title>\n<meta name=\"robots\" content=\"index, follow, max-snippet:-1, max-image-preview:large, max-video-preview:-1\" \/>\n<link rel=\"canonical\" href=\"https:\/\/www.cos-sco.ca\/fr\/about-us\/previous-presidents\/\" \/>\n<meta property=\"og:locale\" content=\"fr_FR\" \/>\n<meta property=\"og:type\" content=\"article\" \/>\n<meta property=\"og:title\" content=\"Previous Presidents - COS-SCO\" \/>\n<meta property=\"og:description\" content=\"Conseil d\u2019administration \u2013 pr\u00e9sidents de 1938 jusqu\u2019\u00e0 aujourd\u2019hui 2024-2026 2022-2024 2020-2022 2018-2020 2016-2018 2014\u20132016 2012-2014 2010-2012 2008-2010 2006\u20132008 2004\u20132006 2002\u20132004 2000\u20132002 1998\u20132000 1996\u20131998 1994\u20131996 1992\u20131994 1992 1991 1990 1989 1988 1987 1986 1985 1984 1983 1982 1981 1980 1979 1978 1977 1976 1975 1974 1973 1972 1971 1970 1969 1968 1967 1966 1965 1964 1963 [&hellip;]\" \/>\n<meta property=\"og:url\" content=\"https:\/\/www.cos-sco.ca\/fr\/about-us\/previous-presidents\/\" \/>\n<meta property=\"og:site_name\" content=\"COS-SCO\" \/>\n<meta property=\"article:modified_time\" content=\"2026-03-06T15:35:58+00:00\" \/>\n<meta property=\"og:image\" content=\"https:\/\/www.cos-sco.ca\/wp-content\/uploads\/2025\/10\/impact-bg-1024x702.png\" \/>\n<meta name=\"twitter:card\" content=\"summary_large_image\" \/>\n<meta name=\"twitter:label1\" content=\"Dur\u00e9e de lecture estim\u00e9e\" \/>\n\t<meta name=\"twitter:data1\" content=\"2 minutes\" \/>\n<script type=\"application\/ld+json\" class=\"yoast-schema-graph\">{\"@context\":\"https:\\\/\\\/schema.org\",\"@graph\":[{\"@type\":\"WebPage\",\"@id\":\"https:\\\/\\\/www.cos-sco.ca\\\/fr\\\/about-us\\\/previous-presidents\\\/\",\"url\":\"https:\\\/\\\/www.cos-sco.ca\\\/fr\\\/about-us\\\/previous-presidents\\\/\",\"name\":\"Previous Presidents - COS-SCO\",\"isPartOf\":{\"@id\":\"https:\\\/\\\/www.cos-sco.ca\\\/fr\\\/#website\"},\"primaryImageOfPage\":{\"@id\":\"https:\\\/\\\/www.cos-sco.ca\\\/fr\\\/about-us\\\/previous-presidents\\\/#primaryimage\"},\"image\":{\"@id\":\"https:\\\/\\\/www.cos-sco.ca\\\/fr\\\/about-us\\\/previous-presidents\\\/#primaryimage\"},\"thumbnailUrl\":\"https:\\\/\\\/www.cos-sco.ca\\\/wp-content\\\/uploads\\\/2025\\\/10\\\/impact-bg-1024x702.png\",\"datePublished\":\"2025-11-21T18:47:41+00:00\",\"dateModified\":\"2026-03-06T15:35:58+00:00\",\"breadcrumb\":{\"@id\":\"https:\\\/\\\/www.cos-sco.ca\\\/fr\\\/about-us\\\/previous-presidents\\\/#breadcrumb\"},\"inLanguage\":\"fr-FR\",\"potentialAction\":[{\"@type\":\"ReadAction\",\"target\":[\"https:\\\/\\\/www.cos-sco.ca\\\/fr\\\/about-us\\\/previous-presidents\\\/\"]}]},{\"@type\":\"ImageObject\",\"inLanguage\":\"fr-FR\",\"@id\":\"https:\\\/\\\/www.cos-sco.ca\\\/fr\\\/about-us\\\/previous-presidents\\\/#primaryimage\",\"url\":\"https:\\\/\\\/www.cos-sco.ca\\\/wp-content\\\/uploads\\\/2025\\\/10\\\/impact-bg-1024x702.png\",\"contentUrl\":\"https:\\\/\\\/www.cos-sco.ca\\\/wp-content\\\/uploads\\\/2025\\\/10\\\/impact-bg-1024x702.png\"},{\"@type\":\"BreadcrumbList\",\"@id\":\"https:\\\/\\\/www.cos-sco.ca\\\/fr\\\/about-us\\\/previous-presidents\\\/#breadcrumb\",\"itemListElement\":[{\"@type\":\"ListItem\",\"position\":1,\"name\":\"Home\",\"item\":\"https:\\\/\\\/www.cos-sco.ca\\\/fr\\\/\"},{\"@type\":\"ListItem\",\"position\":2,\"name\":\"Previous Presidents\"}]},{\"@type\":\"WebSite\",\"@id\":\"https:\\\/\\\/www.cos-sco.ca\\\/fr\\\/#website\",\"url\":\"https:\\\/\\\/www.cos-sco.ca\\\/fr\\\/\",\"name\":\"COS-SCO\",\"description\":\"\",\"publisher\":{\"@id\":\"https:\\\/\\\/www.cos-sco.ca\\\/fr\\\/#organization\"},\"potentialAction\":[{\"@type\":\"SearchAction\",\"target\":{\"@type\":\"EntryPoint\",\"urlTemplate\":\"https:\\\/\\\/www.cos-sco.ca\\\/fr\\\/?s={search_term_string}\"},\"query-input\":{\"@type\":\"PropertyValueSpecification\",\"valueRequired\":true,\"valueName\":\"search_term_string\"}}],\"inLanguage\":\"fr-FR\"},{\"@type\":\"Organization\",\"@id\":\"https:\\\/\\\/www.cos-sco.ca\\\/fr\\\/#organization\",\"name\":\"COS-SCO\",\"url\":\"https:\\\/\\\/www.cos-sco.ca\\\/fr\\\/\",\"logo\":{\"@type\":\"ImageObject\",\"inLanguage\":\"fr-FR\",\"@id\":\"https:\\\/\\\/www.cos-sco.ca\\\/fr\\\/#\\\/schema\\\/logo\\\/image\\\/\",\"url\":\"https:\\\/\\\/www.cos-sco.ca\\\/wp-content\\\/uploads\\\/2025\\\/10\\\/logo.png\",\"contentUrl\":\"https:\\\/\\\/www.cos-sco.ca\\\/wp-content\\\/uploads\\\/2025\\\/10\\\/logo.png\",\"width\":316,\"height\":180,\"caption\":\"COS-SCO\"},\"image\":{\"@id\":\"https:\\\/\\\/www.cos-sco.ca\\\/fr\\\/#\\\/schema\\\/logo\\\/image\\\/\"}}]}<\/script>\n<!-- \/ Yoast SEO plugin. -->","yoast_head_json":{"title":"Previous Presidents - COS-SCO","robots":{"index":"index","follow":"follow","max-snippet":"max-snippet:-1","max-image-preview":"max-image-preview:large","max-video-preview":"max-video-preview:-1"},"canonical":"https:\/\/www.cos-sco.ca\/fr\/about-us\/previous-presidents\/","og_locale":"fr_FR","og_type":"article","og_title":"Previous Presidents - COS-SCO","og_description":"Conseil d\u2019administration \u2013 pr\u00e9sidents de 1938 jusqu\u2019\u00e0 aujourd\u2019hui 2024-2026 2022-2024 2020-2022 2018-2020 2016-2018 2014\u20132016 2012-2014 2010-2012 2008-2010 2006\u20132008 2004\u20132006 2002\u20132004 2000\u20132002 1998\u20132000 1996\u20131998 1994\u20131996 1992\u20131994 1992 1991 1990 1989 1988 1987 1986 1985 1984 1983 1982 1981 1980 1979 1978 1977 1976 1975 1974 1973 1972 1971 1970 1969 1968 1967 1966 1965 1964 1963 [&hellip;]","og_url":"https:\/\/www.cos-sco.ca\/fr\/about-us\/previous-presidents\/","og_site_name":"COS-SCO","article_modified_time":"2026-03-06T15:35:58+00:00","og_image":[{"url":"https:\/\/www.cos-sco.ca\/wp-content\/uploads\/2025\/10\/impact-bg-1024x702.png","type":"","width":"","height":""}],"twitter_card":"summary_large_image","twitter_misc":{"Dur\u00e9e de lecture estim\u00e9e":"2 minutes"},"schema":{"@context":"https:\/\/schema.org","@graph":[{"@type":"WebPage","@id":"https:\/\/www.cos-sco.ca\/fr\/about-us\/previous-presidents\/","url":"https:\/\/www.cos-sco.ca\/fr\/about-us\/previous-presidents\/","name":"Previous Presidents - COS-SCO","isPartOf":{"@id":"https:\/\/www.cos-sco.ca\/fr\/#website"},"primaryImageOfPage":{"@id":"https:\/\/www.cos-sco.ca\/fr\/about-us\/previous-presidents\/#primaryimage"},"image":{"@id":"https:\/\/www.cos-sco.ca\/fr\/about-us\/previous-presidents\/#primaryimage"},"thumbnailUrl":"https:\/\/www.cos-sco.ca\/wp-content\/uploads\/2025\/10\/impact-bg-1024x702.png","datePublished":"2025-11-21T18:47:41+00:00","dateModified":"2026-03-06T15:35:58+00:00","breadcrumb":{"@id":"https:\/\/www.cos-sco.ca\/fr\/about-us\/previous-presidents\/#breadcrumb"},"inLanguage":"fr-FR","potentialAction":[{"@type":"ReadAction","target":["https:\/\/www.cos-sco.ca\/fr\/about-us\/previous-presidents\/"]}]},{"@type":"ImageObject","inLanguage":"fr-FR","@id":"https:\/\/www.cos-sco.ca\/fr\/about-us\/previous-presidents\/#primaryimage","url":"https:\/\/www.cos-sco.ca\/wp-content\/uploads\/2025\/10\/impact-bg-1024x702.png","contentUrl":"https:\/\/www.cos-sco.ca\/wp-content\/uploads\/2025\/10\/impact-bg-1024x702.png"},{"@type":"BreadcrumbList","@id":"https:\/\/www.cos-sco.ca\/fr\/about-us\/previous-presidents\/#breadcrumb","itemListElement":[{"@type":"ListItem","position":1,"name":"Home","item":"https:\/\/www.cos-sco.ca\/fr\/"},{"@type":"ListItem","position":2,"name":"Previous Presidents"}]},{"@type":"WebSite","@id":"https:\/\/www.cos-sco.ca\/fr\/#website","url":"https:\/\/www.cos-sco.ca\/fr\/","name":"COS-SCO","description":"","publisher":{"@id":"https:\/\/www.cos-sco.ca\/fr\/#organization"},"potentialAction":[{"@type":"SearchAction","target":{"@type":"EntryPoint","urlTemplate":"https:\/\/www.cos-sco.ca\/fr\/?s={search_term_string}"},"query-input":{"@type":"PropertyValueSpecification","valueRequired":true,"valueName":"search_term_string"}}],"inLanguage":"fr-FR"},{"@type":"Organization","@id":"https:\/\/www.cos-sco.ca\/fr\/#organization","name":"COS-SCO","url":"https:\/\/www.cos-sco.ca\/fr\/","logo":{"@type":"ImageObject","inLanguage":"fr-FR","@id":"https:\/\/www.cos-sco.ca\/fr\/#\/schema\/logo\/image\/","url":"https:\/\/www.cos-sco.ca\/wp-content\/uploads\/2025\/10\/logo.png","contentUrl":"https:\/\/www.cos-sco.ca\/wp-content\/uploads\/2025\/10\/logo.png","width":316,"height":180,"caption":"COS-SCO"},"image":{"@id":"https:\/\/www.cos-sco.ca\/fr\/#\/schema\/logo\/image\/"}}]}},"_links":{"self":[{"href":"https:\/\/www.cos-sco.ca\/fr\/wp-json\/wp\/v2\/pages\/15135","targetHints":{"allow":["GET"]}}],"collection":[{"href":"https:\/\/www.cos-sco.ca\/fr\/wp-json\/wp\/v2\/pages"}],"about":[{"href":"https:\/\/www.cos-sco.ca\/fr\/wp-json\/wp\/v2\/types\/page"}],"author":[{"embeddable":true,"href":"https:\/\/www.cos-sco.ca\/fr\/wp-json\/wp\/v2\/users\/5"}],"replies":[{"embeddable":true,"href":"https:\/\/www.cos-sco.ca\/fr\/wp-json\/wp\/v2\/comments?post=15135"}],"version-history":[{"count":2,"href":"https:\/\/www.cos-sco.ca\/fr\/wp-json\/wp\/v2\/pages\/15135\/revisions"}],"predecessor-version":[{"id":16791,"href":"https:\/\/www.cos-sco.ca\/fr\/wp-json\/wp\/v2\/pages\/15135\/revisions\/16791"}],"up":[{"embeddable":true,"href":"https:\/\/www.cos-sco.ca\/fr\/wp-json\/wp\/v2\/pages\/15648"}],"wp:attachment":[{"href":"https:\/\/www.cos-sco.ca\/fr\/wp-json\/wp\/v2\/media?parent=15135"}],"curies":[{"name":"wp","href":"https:\/\/api.w.org\/{rel}","templated":true}]}}