{"id":15021,"date":"2025-11-07T12:03:33","date_gmt":"2025-11-07T17:03:33","guid":{"rendered":"https:\/\/cos-sco.machinedev.ca\/?page_id=15021"},"modified":"2026-03-30T14:52:26","modified_gmt":"2026-03-30T18:52:26","slug":"annual-meetings-and-exhibitions","status":"publish","type":"page","link":"https:\/\/www.cos-sco.ca\/fr\/education-and-resources\/annual-meetings-and-exhibitions\/","title":{"rendered":"Annual Meetings and Exhibitions"},"content":{"rendered":"\n<div class=\"wp-block-cover alignfull\" style=\"min-height:343px;aspect-ratio:unset;\"><img loading=\"lazy\" decoding=\"async\" width=\"1024\" height=\"702\" class=\"wp-block-cover__image-background wp-image-208 size-large\" alt=\"\" src=\"https:\/\/www.cos-sco.ca\/wp-content\/uploads\/2025\/10\/impact-bg-1024x702.png\" data-object-fit=\"cover\" srcset=\"https:\/\/www.cos-sco.ca\/wp-content\/uploads\/2025\/10\/impact-bg-1024x702.png 1024w, https:\/\/www.cos-sco.ca\/wp-content\/uploads\/2025\/10\/impact-bg-300x206.png 300w, https:\/\/www.cos-sco.ca\/wp-content\/uploads\/2025\/10\/impact-bg-768x526.png 768w, https:\/\/www.cos-sco.ca\/wp-content\/uploads\/2025\/10\/impact-bg-1536x1052.png 1536w, https:\/\/www.cos-sco.ca\/wp-content\/uploads\/2025\/10\/impact-bg-2048x1403.png 2048w\" sizes=\"auto, (max-width: 1024px) 100vw, 1024px\" \/><span aria-hidden=\"true\" class=\"wp-block-cover__background has-background-dim\" style=\"background-color:#3f4460\"><\/span><div class=\"wp-block-cover__inner-container is-layout-constrained wp-block-cover-is-layout-constrained\">\n<h1 class=\"wp-block-heading has-text-align-center\">Congr\u00e8s annuels et expositions<\/h1>\n<\/div><\/div>\n\n\n<div class=\"yoast-breadcrumbs\"><span><span><a href=\"https:\/\/www.cos-sco.ca\/fr\/\">Home<\/a><\/span> \/ <span class=\"breadcrumb_last\" aria-current=\"page\">Annual Meetings and Exhibitions<\/span><\/span><\/div>\n\n\n<div class=\"wp-block-media-text has-media-on-the-right is-stacked-on-mobile\" style=\"padding-top:var(--wp--preset--spacing--lg);padding-bottom:var(--wp--preset--spacing--none)\"><div class=\"wp-block-media-text__content\">\n<h2 class=\"wp-block-heading\">Prochain Congr\u00e8s\u00a0:\u00a0<a href=\"https:\/\/sites.grenadine.co\/sites\/cos-sco\/en\/2026-cos-meeting-and-exhibition-montreal\" target=\"_blank\" rel=\"noreferrer noopener\">Congr\u00e8s annuel et exposition de la SCO 2026<\/a><\/h2>\n\n\n\n<p>Joignez-vous \u00e0 nous au Contre des congr\u00e8s de Vancouver Convention Centre (l\u2019\u00e9difice de l\u2019Est) o\u00f9 se r\u00e9uniront des ophtalmologistes et des professionnels des soins de la vue de tout le spectre de la sant\u00e9 visuelle, de la recherche aux soins aux patients.<\/p>\n\n\n\n<p>Ce congr\u00e8s compte un corps professoral international et canadien exceptionnel qui pr\u00e9sente les derni\u00e8res avanc\u00e9es en mati\u00e8re de recherche et de pratique en ophtalmologie. Le Congr\u00e8s annuel et exposition de la SCO comprend des conf\u00e9rences invit\u00e9es, des articles scientifiques, des laboratoires humides et des ateliers, ainsi que des possibilit\u00e9s de r\u00e9seautage et une vaste exposition d\u2019\u00e9quipements et de services ophtalmologiques.<\/p>\n\n\n\n<p>En savoir plus sur le site officiel du congr\u00e8s : <a href=\"http:\/\/cos-sco.ca\/COS2026\">cos-sco.ca\/COS2026<\/a><\/p>\n<\/div><figure class=\"wp-block-media-text__media\"><img loading=\"lazy\" decoding=\"async\" width=\"1024\" height=\"257\" src=\"https:\/\/www.cos-sco.ca\/wp-content\/uploads\/2025\/11\/Badge-4x1_with-wheel-1024x257-1.jpg\" alt=\"\" class=\"wp-image-1212 size-full\" srcset=\"https:\/\/www.cos-sco.ca\/wp-content\/uploads\/2025\/11\/Badge-4x1_with-wheel-1024x257-1.jpg 1024w, https:\/\/www.cos-sco.ca\/wp-content\/uploads\/2025\/11\/Badge-4x1_with-wheel-1024x257-1-300x75.jpg 300w, https:\/\/www.cos-sco.ca\/wp-content\/uploads\/2025\/11\/Badge-4x1_with-wheel-1024x257-1-768x193.jpg 768w\" sizes=\"auto, (max-width: 1024px) 100vw, 1024px\" \/><\/figure><\/div>\n\n\n\n<h3 class=\"wp-block-heading\">Congr\u00e8s annuels pr\u00e9c\u00e9dents<\/h3>\n\n\n\n<p>Pour des d\u00e9tails et renseignements sur les congr\u00e8s annuels pass\u00e9s de la SCO, veuillez cliquer sur l\u2019ann\u00e9e plus bas :<\/p>\n\n\n\n<div class=\"wp-block-columns is-not-stacked-on-mobile is-layout-flex wp-container-core-columns-is-layout-28f84493 wp-block-columns-is-layout-flex\">\n<div class=\"wp-block-column is-layout-flow wp-block-column-is-layout-flow\">\n<p><a href=\"http:\/\/cos-sco.ca\/SCO2025\" target=\"_blank\" rel=\"noreferrer noopener\">2025<\/a><\/p>\n\n\n\n<p><a href=\"https:\/\/cos-sco.secure-platform.com\/site\" target=\"_blank\" rel=\"noreferrer noopener\">2024<\/a><\/p>\n\n\n\n<p><a href=\"https:\/\/sites.grenadine.co\/sites\/cos-sco\/en\/2023-cos-annual-meeting-and-exhibition\/\" target=\"_blank\" rel=\"noreferrer noopener\">2023<\/a><\/p>\n\n\n\n<p><a href=\"https:\/\/sites.grenadine.co\/sites\/cos-sco\/fr\/2022-cos-annual-meeting-and-exhibition\" target=\"_blank\" rel=\"noreferrer noopener\">2022<\/a><\/p>\n\n\n\n<p><a href=\"https:\/\/sites.grenadine.co\/sites\/cos-sco\/fr\/cos2021\/home\" target=\"_blank\" rel=\"noreferrer noopener\">2021<\/a><\/p>\n<\/div>\n\n\n\n<div class=\"wp-block-column is-layout-flow wp-block-column-is-layout-flow\">\n<p><a href=\"https:\/\/www.cos-sco.ca\/vancouver2020\/fr\/accuel\/index.html\" target=\"_blank\" rel=\"noreferrer noopener\">2020<\/a><\/p>\n\n\n\n<p><a href=\"https:\/\/sites.grenadine.co\/sites\/cos-sco\/fr\/quebec2019\" target=\"_blank\" rel=\"noreferrer noopener\">2019<\/a><\/p>\n\n\n\n<p><a href=\"https:\/\/sites.grenadine.co\/sites\/cos-sco\/fr\/toronto2018\/home\" target=\"_blank\" rel=\"noreferrer noopener\">2018<\/a><\/p>\n\n\n\n<p><a href=\"https:\/\/cos-sco.ca\/montreal2017\/fr\/accueil\/index.html\" target=\"_blank\" rel=\"noreferrer noopener\">2017<\/a><\/p>\n\n\n\n<p><a href=\"https:\/\/cos-sco.ca\/ottawa2016\/fr\/accueil\/index.html\" target=\"_blank\" rel=\"noreferrer noopener\">2016<\/a><\/p>\n<\/div>\n\n\n\n<div class=\"wp-block-column is-layout-flow wp-block-column-is-layout-flow\">\n<p><a href=\"https:\/\/www.cos-sco.ca\/victoria2015\/fr\/index.html\" target=\"_blank\" rel=\"noreferrer noopener\">2015<\/a><\/p>\n\n\n\n<p><a href=\"https:\/\/www.cos-sco.ca\/halifax2014\/index_f.php.html\" target=\"_blank\" rel=\"noreferrer noopener\">2014<\/a><\/p>\n\n\n\n<p><a href=\"https:\/\/www.cos-sco.ca\/Montreal2013\/index_f.php.html\" target=\"_blank\" rel=\"noreferrer noopener\">2013<\/a><\/p>\n\n\n\n<p><a href=\"https:\/\/www.cos-sco.ca\/toronto2012\/index_f.php.html\" target=\"_blank\" rel=\"noreferrer noopener\">2012<\/a><\/p>\n\n\n\n<p><a href=\"https:\/\/www.cos-sco.ca\/vancouver2011\/index_f.php.html\" target=\"_blank\" rel=\"noreferrer noopener\">2011<\/a><\/p>\n<\/div>\n<\/div>\n","protected":false},"excerpt":{"rendered":"<p>Prochain Congr\u00e8s\u00a0:\u00a0Congr\u00e8s annuel et exposition de la SCO 2026 Joignez-vous \u00e0 nous au Contre des congr\u00e8s de Vancouver Convention Centre (l\u2019\u00e9difice de l\u2019Est) o\u00f9 se r\u00e9uniront des ophtalmologistes et des professionnels des soins de la vue de tout le spectre de la sant\u00e9 visuelle, de la recherche aux soins aux patients. Ce congr\u00e8s compte un [&hellip;]<\/p>\n","protected":false},"author":5,"featured_media":0,"parent":17013,"menu_order":0,"comment_status":"closed","ping_status":"closed","template":"","meta":{"footnotes":""},"class_list":["post-15021","page","type-page","status-publish","hentry"],"yoast_head":"<!-- This site is optimized with the Yoast SEO plugin v27.4 - https:\/\/yoast.com\/product\/yoast-seo-wordpress\/ -->\n<title>Annual Meetings and Exhibitions - COS-SCO<\/title>\n<meta name=\"robots\" content=\"index, follow, max-snippet:-1, max-image-preview:large, max-video-preview:-1\" \/>\n<link rel=\"canonical\" href=\"https:\/\/www.cos-sco.ca\/fr\/education-and-resources\/annual-meetings-and-exhibitions\/\" \/>\n<meta property=\"og:locale\" content=\"fr_FR\" \/>\n<meta property=\"og:type\" content=\"article\" \/>\n<meta property=\"og:title\" content=\"Annual Meetings and Exhibitions - COS-SCO\" \/>\n<meta property=\"og:description\" content=\"Prochain Congr\u00e8s\u00a0:\u00a0Congr\u00e8s annuel et exposition de la SCO 2026 Joignez-vous \u00e0 nous au Contre des congr\u00e8s de Vancouver Convention Centre (l\u2019\u00e9difice de l\u2019Est) o\u00f9 se r\u00e9uniront des ophtalmologistes et des professionnels des soins de la vue de tout le spectre de la sant\u00e9 visuelle, de la recherche aux soins aux patients. Ce congr\u00e8s compte un [&hellip;]\" \/>\n<meta property=\"og:url\" content=\"https:\/\/www.cos-sco.ca\/fr\/education-and-resources\/annual-meetings-and-exhibitions\/\" \/>\n<meta property=\"og:site_name\" content=\"COS-SCO\" \/>\n<meta property=\"article:modified_time\" content=\"2026-03-30T18:52:26+00:00\" \/>\n<meta property=\"og:image\" content=\"https:\/\/www.cos-sco.ca\/wp-content\/uploads\/2025\/10\/impact-bg-1024x702.png\" \/>\n<meta name=\"twitter:card\" content=\"summary_large_image\" \/>\n<meta name=\"twitter:label1\" content=\"Dur\u00e9e de lecture estim\u00e9e\" \/>\n\t<meta name=\"twitter:data1\" content=\"2 minutes\" \/>\n<script type=\"application\/ld+json\" class=\"yoast-schema-graph\">{\"@context\":\"https:\\\/\\\/schema.org\",\"@graph\":[{\"@type\":\"WebPage\",\"@id\":\"https:\\\/\\\/www.cos-sco.ca\\\/fr\\\/education-and-resources\\\/annual-meetings-and-exhibitions\\\/\",\"url\":\"https:\\\/\\\/www.cos-sco.ca\\\/fr\\\/education-and-resources\\\/annual-meetings-and-exhibitions\\\/\",\"name\":\"Annual Meetings and Exhibitions - COS-SCO\",\"isPartOf\":{\"@id\":\"https:\\\/\\\/www.cos-sco.ca\\\/fr\\\/#website\"},\"primaryImageOfPage\":{\"@id\":\"https:\\\/\\\/www.cos-sco.ca\\\/fr\\\/education-and-resources\\\/annual-meetings-and-exhibitions\\\/#primaryimage\"},\"image\":{\"@id\":\"https:\\\/\\\/www.cos-sco.ca\\\/fr\\\/education-and-resources\\\/annual-meetings-and-exhibitions\\\/#primaryimage\"},\"thumbnailUrl\":\"https:\\\/\\\/www.cos-sco.ca\\\/wp-content\\\/uploads\\\/2025\\\/10\\\/impact-bg-1024x702.png\",\"datePublished\":\"2025-11-07T17:03:33+00:00\",\"dateModified\":\"2026-03-30T18:52:26+00:00\",\"breadcrumb\":{\"@id\":\"https:\\\/\\\/www.cos-sco.ca\\\/fr\\\/education-and-resources\\\/annual-meetings-and-exhibitions\\\/#breadcrumb\"},\"inLanguage\":\"fr-FR\",\"potentialAction\":[{\"@type\":\"ReadAction\",\"target\":[\"https:\\\/\\\/www.cos-sco.ca\\\/fr\\\/education-and-resources\\\/annual-meetings-and-exhibitions\\\/\"]}]},{\"@type\":\"ImageObject\",\"inLanguage\":\"fr-FR\",\"@id\":\"https:\\\/\\\/www.cos-sco.ca\\\/fr\\\/education-and-resources\\\/annual-meetings-and-exhibitions\\\/#primaryimage\",\"url\":\"https:\\\/\\\/www.cos-sco.ca\\\/wp-content\\\/uploads\\\/2025\\\/10\\\/impact-bg-1024x702.png\",\"contentUrl\":\"https:\\\/\\\/www.cos-sco.ca\\\/wp-content\\\/uploads\\\/2025\\\/10\\\/impact-bg-1024x702.png\"},{\"@type\":\"BreadcrumbList\",\"@id\":\"https:\\\/\\\/www.cos-sco.ca\\\/fr\\\/education-and-resources\\\/annual-meetings-and-exhibitions\\\/#breadcrumb\",\"itemListElement\":[{\"@type\":\"ListItem\",\"position\":1,\"name\":\"Home\",\"item\":\"https:\\\/\\\/www.cos-sco.ca\\\/fr\\\/\"},{\"@type\":\"ListItem\",\"position\":2,\"name\":\"Annual Meetings and Exhibitions\"}]},{\"@type\":\"WebSite\",\"@id\":\"https:\\\/\\\/www.cos-sco.ca\\\/fr\\\/#website\",\"url\":\"https:\\\/\\\/www.cos-sco.ca\\\/fr\\\/\",\"name\":\"COS-SCO\",\"description\":\"\",\"publisher\":{\"@id\":\"https:\\\/\\\/www.cos-sco.ca\\\/fr\\\/#organization\"},\"potentialAction\":[{\"@type\":\"SearchAction\",\"target\":{\"@type\":\"EntryPoint\",\"urlTemplate\":\"https:\\\/\\\/www.cos-sco.ca\\\/fr\\\/?s={search_term_string}\"},\"query-input\":{\"@type\":\"PropertyValueSpecification\",\"valueRequired\":true,\"valueName\":\"search_term_string\"}}],\"inLanguage\":\"fr-FR\"},{\"@type\":\"Organization\",\"@id\":\"https:\\\/\\\/www.cos-sco.ca\\\/fr\\\/#organization\",\"name\":\"COS-SCO\",\"url\":\"https:\\\/\\\/www.cos-sco.ca\\\/fr\\\/\",\"logo\":{\"@type\":\"ImageObject\",\"inLanguage\":\"fr-FR\",\"@id\":\"https:\\\/\\\/www.cos-sco.ca\\\/fr\\\/#\\\/schema\\\/logo\\\/image\\\/\",\"url\":\"https:\\\/\\\/www.cos-sco.ca\\\/wp-content\\\/uploads\\\/2025\\\/10\\\/logo.png\",\"contentUrl\":\"https:\\\/\\\/www.cos-sco.ca\\\/wp-content\\\/uploads\\\/2025\\\/10\\\/logo.png\",\"width\":316,\"height\":180,\"caption\":\"COS-SCO\"},\"image\":{\"@id\":\"https:\\\/\\\/www.cos-sco.ca\\\/fr\\\/#\\\/schema\\\/logo\\\/image\\\/\"}}]}<\/script>\n<!-- \/ Yoast SEO plugin. -->","yoast_head_json":{"title":"Annual Meetings and Exhibitions - COS-SCO","robots":{"index":"index","follow":"follow","max-snippet":"max-snippet:-1","max-image-preview":"max-image-preview:large","max-video-preview":"max-video-preview:-1"},"canonical":"https:\/\/www.cos-sco.ca\/fr\/education-and-resources\/annual-meetings-and-exhibitions\/","og_locale":"fr_FR","og_type":"article","og_title":"Annual Meetings and Exhibitions - COS-SCO","og_description":"Prochain Congr\u00e8s\u00a0:\u00a0Congr\u00e8s annuel et exposition de la SCO 2026 Joignez-vous \u00e0 nous au Contre des congr\u00e8s de Vancouver Convention Centre (l\u2019\u00e9difice de l\u2019Est) o\u00f9 se r\u00e9uniront des ophtalmologistes et des professionnels des soins de la vue de tout le spectre de la sant\u00e9 visuelle, de la recherche aux soins aux patients. Ce congr\u00e8s compte un [&hellip;]","og_url":"https:\/\/www.cos-sco.ca\/fr\/education-and-resources\/annual-meetings-and-exhibitions\/","og_site_name":"COS-SCO","article_modified_time":"2026-03-30T18:52:26+00:00","og_image":[{"url":"https:\/\/www.cos-sco.ca\/wp-content\/uploads\/2025\/10\/impact-bg-1024x702.png","type":"","width":"","height":""}],"twitter_card":"summary_large_image","twitter_misc":{"Dur\u00e9e de lecture estim\u00e9e":"2 minutes"},"schema":{"@context":"https:\/\/schema.org","@graph":[{"@type":"WebPage","@id":"https:\/\/www.cos-sco.ca\/fr\/education-and-resources\/annual-meetings-and-exhibitions\/","url":"https:\/\/www.cos-sco.ca\/fr\/education-and-resources\/annual-meetings-and-exhibitions\/","name":"Annual Meetings and Exhibitions - COS-SCO","isPartOf":{"@id":"https:\/\/www.cos-sco.ca\/fr\/#website"},"primaryImageOfPage":{"@id":"https:\/\/www.cos-sco.ca\/fr\/education-and-resources\/annual-meetings-and-exhibitions\/#primaryimage"},"image":{"@id":"https:\/\/www.cos-sco.ca\/fr\/education-and-resources\/annual-meetings-and-exhibitions\/#primaryimage"},"thumbnailUrl":"https:\/\/www.cos-sco.ca\/wp-content\/uploads\/2025\/10\/impact-bg-1024x702.png","datePublished":"2025-11-07T17:03:33+00:00","dateModified":"2026-03-30T18:52:26+00:00","breadcrumb":{"@id":"https:\/\/www.cos-sco.ca\/fr\/education-and-resources\/annual-meetings-and-exhibitions\/#breadcrumb"},"inLanguage":"fr-FR","potentialAction":[{"@type":"ReadAction","target":["https:\/\/www.cos-sco.ca\/fr\/education-and-resources\/annual-meetings-and-exhibitions\/"]}]},{"@type":"ImageObject","inLanguage":"fr-FR","@id":"https:\/\/www.cos-sco.ca\/fr\/education-and-resources\/annual-meetings-and-exhibitions\/#primaryimage","url":"https:\/\/www.cos-sco.ca\/wp-content\/uploads\/2025\/10\/impact-bg-1024x702.png","contentUrl":"https:\/\/www.cos-sco.ca\/wp-content\/uploads\/2025\/10\/impact-bg-1024x702.png"},{"@type":"BreadcrumbList","@id":"https:\/\/www.cos-sco.ca\/fr\/education-and-resources\/annual-meetings-and-exhibitions\/#breadcrumb","itemListElement":[{"@type":"ListItem","position":1,"name":"Home","item":"https:\/\/www.cos-sco.ca\/fr\/"},{"@type":"ListItem","position":2,"name":"Annual Meetings and Exhibitions"}]},{"@type":"WebSite","@id":"https:\/\/www.cos-sco.ca\/fr\/#website","url":"https:\/\/www.cos-sco.ca\/fr\/","name":"COS-SCO","description":"","publisher":{"@id":"https:\/\/www.cos-sco.ca\/fr\/#organization"},"potentialAction":[{"@type":"SearchAction","target":{"@type":"EntryPoint","urlTemplate":"https:\/\/www.cos-sco.ca\/fr\/?s={search_term_string}"},"query-input":{"@type":"PropertyValueSpecification","valueRequired":true,"valueName":"search_term_string"}}],"inLanguage":"fr-FR"},{"@type":"Organization","@id":"https:\/\/www.cos-sco.ca\/fr\/#organization","name":"COS-SCO","url":"https:\/\/www.cos-sco.ca\/fr\/","logo":{"@type":"ImageObject","inLanguage":"fr-FR","@id":"https:\/\/www.cos-sco.ca\/fr\/#\/schema\/logo\/image\/","url":"https:\/\/www.cos-sco.ca\/wp-content\/uploads\/2025\/10\/logo.png","contentUrl":"https:\/\/www.cos-sco.ca\/wp-content\/uploads\/2025\/10\/logo.png","width":316,"height":180,"caption":"COS-SCO"},"image":{"@id":"https:\/\/www.cos-sco.ca\/fr\/#\/schema\/logo\/image\/"}}]}},"_links":{"self":[{"href":"https:\/\/www.cos-sco.ca\/fr\/wp-json\/wp\/v2\/pages\/15021","targetHints":{"allow":["GET"]}}],"collection":[{"href":"https:\/\/www.cos-sco.ca\/fr\/wp-json\/wp\/v2\/pages"}],"about":[{"href":"https:\/\/www.cos-sco.ca\/fr\/wp-json\/wp\/v2\/types\/page"}],"author":[{"embeddable":true,"href":"https:\/\/www.cos-sco.ca\/fr\/wp-json\/wp\/v2\/users\/5"}],"replies":[{"embeddable":true,"href":"https:\/\/www.cos-sco.ca\/fr\/wp-json\/wp\/v2\/comments?post=15021"}],"version-history":[{"count":4,"href":"https:\/\/www.cos-sco.ca\/fr\/wp-json\/wp\/v2\/pages\/15021\/revisions"}],"predecessor-version":[{"id":15948,"href":"https:\/\/www.cos-sco.ca\/fr\/wp-json\/wp\/v2\/pages\/15021\/revisions\/15948"}],"up":[{"embeddable":true,"href":"https:\/\/www.cos-sco.ca\/fr\/wp-json\/wp\/v2\/pages\/17013"}],"wp:attachment":[{"href":"https:\/\/www.cos-sco.ca\/fr\/wp-json\/wp\/v2\/media?parent=15021"}],"curies":[{"name":"wp","href":"https:\/\/api.w.org\/{rel}","templated":true}]}}