{"id":15019,"date":"2025-11-06T13:42:42","date_gmt":"2025-11-06T18:42:42","guid":{"rendered":"https:\/\/cos-sco.machinedev.ca\/?page_id=15019"},"modified":"2026-03-06T10:01:35","modified_gmt":"2026-03-06T15:01:35","slug":"eyecan-podcast","status":"publish","type":"page","link":"https:\/\/www.cos-sco.ca\/fr\/communications\/eyecan-podcast\/","title":{"rendered":"EyeCan Podcast"},"content":{"rendered":"\n<div class=\"wp-block-cover alignfull\" style=\"min-height:343px;aspect-ratio:unset;\"><img loading=\"lazy\" decoding=\"async\" width=\"1024\" height=\"702\" class=\"wp-block-cover__image-background wp-image-208 size-large\" alt=\"\" src=\"https:\/\/www.cos-sco.ca\/wp-content\/uploads\/2025\/10\/impact-bg-1024x702.png\" data-object-fit=\"cover\" srcset=\"https:\/\/www.cos-sco.ca\/wp-content\/uploads\/2025\/10\/impact-bg-1024x702.png 1024w, https:\/\/www.cos-sco.ca\/wp-content\/uploads\/2025\/10\/impact-bg-300x206.png 300w, https:\/\/www.cos-sco.ca\/wp-content\/uploads\/2025\/10\/impact-bg-768x526.png 768w, https:\/\/www.cos-sco.ca\/wp-content\/uploads\/2025\/10\/impact-bg-1536x1052.png 1536w, https:\/\/www.cos-sco.ca\/wp-content\/uploads\/2025\/10\/impact-bg-2048x1403.png 2048w\" sizes=\"auto, (max-width: 1024px) 100vw, 1024px\" \/><span aria-hidden=\"true\" class=\"wp-block-cover__background has-background-dim\" style=\"background-color:#3f4460\"><\/span><div class=\"wp-block-cover__inner-container is-layout-constrained wp-block-cover-is-layout-constrained\">\n<h1 class=\"wp-block-heading has-text-align-center\">Balado EyeCan<\/h1>\n<\/div><\/div>\n\n\n<div class=\"yoast-breadcrumbs\"><span><span><a href=\"https:\/\/www.cos-sco.ca\/fr\/\">Home<\/a><\/span> \/ <span class=\"breadcrumb_last\" aria-current=\"page\">EyeCan Podcast<\/span><\/span><\/div>\n\n\n<div class=\"wp-block-group has-blue-3-background-color has-background is-layout-constrained wp-container-core-group-is-layout-3135bc61 wp-block-group-is-layout-constrained\" style=\"border-radius:20px;margin-top:var(--wp--preset--spacing--lg);padding-top:0;padding-right:var(--wp--preset--spacing--none);padding-bottom:0;padding-left:var(--wp--preset--spacing--none)\">\n<div class=\"wp-block-columns are-vertically-aligned-center is-layout-flex wp-container-core-columns-is-layout-28232c24 wp-block-columns-is-layout-flex\">\n<div class=\"wp-block-column is-vertically-aligned-center is-layout-flow wp-block-column-is-layout-flow\">\n<div class=\"wp-block-cover is-light\" style=\"border-top-left-radius:20px;border-top-right-radius:0px;border-bottom-left-radius:20px;border-bottom-right-radius:0px\"><img loading=\"lazy\" decoding=\"async\" width=\"466\" height=\"296\" class=\"wp-block-cover__image-background wp-image-933 size-full\" alt=\"\" src=\"https:\/\/www.cos-sco.ca\/wp-content\/uploads\/2025\/11\/EyeCan-Logo-lg.jpg\" data-object-fit=\"cover\" srcset=\"https:\/\/www.cos-sco.ca\/wp-content\/uploads\/2025\/11\/EyeCan-Logo-lg.jpg 466w, https:\/\/www.cos-sco.ca\/wp-content\/uploads\/2025\/11\/EyeCan-Logo-lg-300x191.jpg 300w\" sizes=\"auto, (max-width: 466px) 100vw, 466px\" \/><span aria-hidden=\"true\" class=\"wp-block-cover__background has-background-dim-0 has-background-dim\"><\/span><div class=\"wp-block-cover__inner-container is-layout-constrained wp-block-cover-is-layout-constrained\">\n<p class=\"has-text-align-center has-large-font-size\"><\/p>\n<\/div><\/div>\n<\/div>\n\n\n\n<div class=\"wp-block-column is-vertically-aligned-center is-layout-flow wp-block-column-is-layout-flow\">\n<div class=\"wp-block-group is-layout-constrained wp-container-core-group-is-layout-565266ad wp-block-group-is-layout-constrained\" style=\"padding-top:var(--wp--preset--spacing--md);padding-right:var(--wp--preset--spacing--md);padding-bottom:var(--wp--preset--spacing--md);padding-left:var(--wp--preset--spacing--md)\">\n<p>Le balado met en vedette des invit\u00e9s de partout au Canada ainsi que des praticiens novateurs du monde entier qui discutent de diff\u00e9rents sujets et de leur incidence sur l\u2019ophtalmologie. Les sujets vont des techniques et technologies \u00e9mergentes au renforcement de la r\u00e9silience individuelle en tant que m\u00e9decins canadiens. Dans tout cela, ce balado vise \u00e0 cr\u00e9er des liens au sein de la communaut\u00e9 de l\u2019ophtalmologie, \u00e0 partager nos exp\u00e9riences et \u00e0 promouvoir v\u00e9ritablement la valeur que la profession apporte \u00e0 la vie des patients.<\/p>\n\n\n\n<p class=\"has-text-dark-color has-text-color has-link-color wp-elements-8f2fcce824eeb77ae2dd2f48075fc89e\"><strong>Nous avons d\u00e9plac\u00e9 tous les \u00e9pisodes vers le Carrefour de ressources pour la pratique<\/strong>. Vous trouverez toutes les saisons du balado&nbsp;<a href=\"https:\/\/www.cosprc.ca\/fr\/cos-the-eyecan-podcast\/\" target=\"_blank\" rel=\"noreferrer noopener\">ici<\/a>.<\/p>\n\n\n\n<p class=\"has-text-dark-color has-text-color has-link-color wp-elements-4de8885fa46f52a00c77857436a538ab\">Veuillez communiquer avec&nbsp;<a href=\"mailto:kim@cos-sco.ca\">Kim Tytler<\/a>, gestionnaire, Communications et affaires publiques, si vous avez des id\u00e9es d\u2019\u00e9pisodes ou si vous d\u00e9sirez obtenir de plus amples renseignements.<\/p>\n<\/div>\n<\/div>\n<\/div>\n<\/div>\n\n\n\n<h4 class=\"wp-block-heading\">Les 5 derniers \u00e9pisodes \u2013 \u00c0 \u00e9couter maintenant<\/h4>\n\n\n\n<div id='buzzsprout-small-player-limit-5'><\/div><script type='text\/javascript' charset='utf-8' src='https:\/\/www.buzzsprout.com\/1508230.js?artist=&#038;container_id=buzzsprout-small-player-limit-5&#038;limit=5&#038;player=small'><\/script>\n","protected":false},"excerpt":{"rendered":"<p>Le balado met en vedette des invit\u00e9s de partout au Canada ainsi que des praticiens novateurs du monde entier qui discutent de diff\u00e9rents sujets et de leur incidence sur l\u2019ophtalmologie. Les sujets vont des techniques et technologies \u00e9mergentes au renforcement de la r\u00e9silience individuelle en tant que m\u00e9decins canadiens. Dans tout cela, ce balado vise [&hellip;]<\/p>\n","protected":false},"author":5,"featured_media":0,"parent":15375,"menu_order":0,"comment_status":"closed","ping_status":"closed","template":"","meta":{"footnotes":""},"class_list":["post-15019","page","type-page","status-publish","hentry"],"yoast_head":"<!-- This site is optimized with the Yoast SEO plugin v27.3 - https:\/\/yoast.com\/product\/yoast-seo-wordpress\/ -->\n<title>EyeCan Podcast - COS-SCO<\/title>\n<meta name=\"robots\" content=\"index, follow, max-snippet:-1, max-image-preview:large, max-video-preview:-1\" \/>\n<link rel=\"canonical\" href=\"https:\/\/www.cos-sco.ca\/fr\/communications\/eyecan-podcast\/\" \/>\n<meta property=\"og:locale\" content=\"fr_FR\" \/>\n<meta property=\"og:type\" content=\"article\" \/>\n<meta property=\"og:title\" content=\"EyeCan Podcast - COS-SCO\" \/>\n<meta property=\"og:description\" content=\"Le balado met en vedette des invit\u00e9s de partout au Canada ainsi que des praticiens novateurs du monde entier qui discutent de diff\u00e9rents sujets et de leur incidence sur l\u2019ophtalmologie. Les sujets vont des techniques et technologies \u00e9mergentes au renforcement de la r\u00e9silience individuelle en tant que m\u00e9decins canadiens. Dans tout cela, ce balado vise [&hellip;]\" \/>\n<meta property=\"og:url\" content=\"https:\/\/www.cos-sco.ca\/fr\/communications\/eyecan-podcast\/\" \/>\n<meta property=\"og:site_name\" content=\"COS-SCO\" \/>\n<meta property=\"article:modified_time\" content=\"2026-03-06T15:01:35+00:00\" \/>\n<meta property=\"og:image\" content=\"https:\/\/www.cos-sco.ca\/wp-content\/uploads\/2025\/10\/impact-bg-1024x702.png\" \/>\n<meta name=\"twitter:card\" content=\"summary_large_image\" \/>\n<meta name=\"twitter:label1\" content=\"Dur\u00e9e de lecture estim\u00e9e\" \/>\n\t<meta name=\"twitter:data1\" content=\"2 minutes\" \/>\n<script type=\"application\/ld+json\" class=\"yoast-schema-graph\">{\"@context\":\"https:\\\/\\\/schema.org\",\"@graph\":[{\"@type\":\"WebPage\",\"@id\":\"https:\\\/\\\/www.cos-sco.ca\\\/fr\\\/communications\\\/eyecan-podcast\\\/\",\"url\":\"https:\\\/\\\/www.cos-sco.ca\\\/fr\\\/communications\\\/eyecan-podcast\\\/\",\"name\":\"EyeCan Podcast - COS-SCO\",\"isPartOf\":{\"@id\":\"https:\\\/\\\/www.cos-sco.ca\\\/fr\\\/#website\"},\"primaryImageOfPage\":{\"@id\":\"https:\\\/\\\/www.cos-sco.ca\\\/fr\\\/communications\\\/eyecan-podcast\\\/#primaryimage\"},\"image\":{\"@id\":\"https:\\\/\\\/www.cos-sco.ca\\\/fr\\\/communications\\\/eyecan-podcast\\\/#primaryimage\"},\"thumbnailUrl\":\"https:\\\/\\\/www.cos-sco.ca\\\/wp-content\\\/uploads\\\/2025\\\/10\\\/impact-bg-1024x702.png\",\"datePublished\":\"2025-11-06T18:42:42+00:00\",\"dateModified\":\"2026-03-06T15:01:35+00:00\",\"breadcrumb\":{\"@id\":\"https:\\\/\\\/www.cos-sco.ca\\\/fr\\\/communications\\\/eyecan-podcast\\\/#breadcrumb\"},\"inLanguage\":\"fr-FR\",\"potentialAction\":[{\"@type\":\"ReadAction\",\"target\":[\"https:\\\/\\\/www.cos-sco.ca\\\/fr\\\/communications\\\/eyecan-podcast\\\/\"]}]},{\"@type\":\"ImageObject\",\"inLanguage\":\"fr-FR\",\"@id\":\"https:\\\/\\\/www.cos-sco.ca\\\/fr\\\/communications\\\/eyecan-podcast\\\/#primaryimage\",\"url\":\"https:\\\/\\\/www.cos-sco.ca\\\/wp-content\\\/uploads\\\/2025\\\/10\\\/impact-bg-1024x702.png\",\"contentUrl\":\"https:\\\/\\\/www.cos-sco.ca\\\/wp-content\\\/uploads\\\/2025\\\/10\\\/impact-bg-1024x702.png\"},{\"@type\":\"BreadcrumbList\",\"@id\":\"https:\\\/\\\/www.cos-sco.ca\\\/fr\\\/communications\\\/eyecan-podcast\\\/#breadcrumb\",\"itemListElement\":[{\"@type\":\"ListItem\",\"position\":1,\"name\":\"Home\",\"item\":\"https:\\\/\\\/www.cos-sco.ca\\\/fr\\\/\"},{\"@type\":\"ListItem\",\"position\":2,\"name\":\"EyeCan Podcast\"}]},{\"@type\":\"WebSite\",\"@id\":\"https:\\\/\\\/www.cos-sco.ca\\\/fr\\\/#website\",\"url\":\"https:\\\/\\\/www.cos-sco.ca\\\/fr\\\/\",\"name\":\"COS-SCO\",\"description\":\"\",\"publisher\":{\"@id\":\"https:\\\/\\\/www.cos-sco.ca\\\/fr\\\/#organization\"},\"potentialAction\":[{\"@type\":\"SearchAction\",\"target\":{\"@type\":\"EntryPoint\",\"urlTemplate\":\"https:\\\/\\\/www.cos-sco.ca\\\/fr\\\/?s={search_term_string}\"},\"query-input\":{\"@type\":\"PropertyValueSpecification\",\"valueRequired\":true,\"valueName\":\"search_term_string\"}}],\"inLanguage\":\"fr-FR\"},{\"@type\":\"Organization\",\"@id\":\"https:\\\/\\\/www.cos-sco.ca\\\/fr\\\/#organization\",\"name\":\"COS-SCO\",\"url\":\"https:\\\/\\\/www.cos-sco.ca\\\/fr\\\/\",\"logo\":{\"@type\":\"ImageObject\",\"inLanguage\":\"fr-FR\",\"@id\":\"https:\\\/\\\/www.cos-sco.ca\\\/fr\\\/#\\\/schema\\\/logo\\\/image\\\/\",\"url\":\"https:\\\/\\\/www.cos-sco.ca\\\/wp-content\\\/uploads\\\/2025\\\/10\\\/logo.png\",\"contentUrl\":\"https:\\\/\\\/www.cos-sco.ca\\\/wp-content\\\/uploads\\\/2025\\\/10\\\/logo.png\",\"width\":316,\"height\":180,\"caption\":\"COS-SCO\"},\"image\":{\"@id\":\"https:\\\/\\\/www.cos-sco.ca\\\/fr\\\/#\\\/schema\\\/logo\\\/image\\\/\"}}]}<\/script>\n<!-- \/ Yoast SEO plugin. -->","yoast_head_json":{"title":"EyeCan Podcast - COS-SCO","robots":{"index":"index","follow":"follow","max-snippet":"max-snippet:-1","max-image-preview":"max-image-preview:large","max-video-preview":"max-video-preview:-1"},"canonical":"https:\/\/www.cos-sco.ca\/fr\/communications\/eyecan-podcast\/","og_locale":"fr_FR","og_type":"article","og_title":"EyeCan Podcast - COS-SCO","og_description":"Le balado met en vedette des invit\u00e9s de partout au Canada ainsi que des praticiens novateurs du monde entier qui discutent de diff\u00e9rents sujets et de leur incidence sur l\u2019ophtalmologie. Les sujets vont des techniques et technologies \u00e9mergentes au renforcement de la r\u00e9silience individuelle en tant que m\u00e9decins canadiens. Dans tout cela, ce balado vise [&hellip;]","og_url":"https:\/\/www.cos-sco.ca\/fr\/communications\/eyecan-podcast\/","og_site_name":"COS-SCO","article_modified_time":"2026-03-06T15:01:35+00:00","og_image":[{"url":"https:\/\/www.cos-sco.ca\/wp-content\/uploads\/2025\/10\/impact-bg-1024x702.png","type":"","width":"","height":""}],"twitter_card":"summary_large_image","twitter_misc":{"Dur\u00e9e de lecture estim\u00e9e":"2 minutes"},"schema":{"@context":"https:\/\/schema.org","@graph":[{"@type":"WebPage","@id":"https:\/\/www.cos-sco.ca\/fr\/communications\/eyecan-podcast\/","url":"https:\/\/www.cos-sco.ca\/fr\/communications\/eyecan-podcast\/","name":"EyeCan Podcast - COS-SCO","isPartOf":{"@id":"https:\/\/www.cos-sco.ca\/fr\/#website"},"primaryImageOfPage":{"@id":"https:\/\/www.cos-sco.ca\/fr\/communications\/eyecan-podcast\/#primaryimage"},"image":{"@id":"https:\/\/www.cos-sco.ca\/fr\/communications\/eyecan-podcast\/#primaryimage"},"thumbnailUrl":"https:\/\/www.cos-sco.ca\/wp-content\/uploads\/2025\/10\/impact-bg-1024x702.png","datePublished":"2025-11-06T18:42:42+00:00","dateModified":"2026-03-06T15:01:35+00:00","breadcrumb":{"@id":"https:\/\/www.cos-sco.ca\/fr\/communications\/eyecan-podcast\/#breadcrumb"},"inLanguage":"fr-FR","potentialAction":[{"@type":"ReadAction","target":["https:\/\/www.cos-sco.ca\/fr\/communications\/eyecan-podcast\/"]}]},{"@type":"ImageObject","inLanguage":"fr-FR","@id":"https:\/\/www.cos-sco.ca\/fr\/communications\/eyecan-podcast\/#primaryimage","url":"https:\/\/www.cos-sco.ca\/wp-content\/uploads\/2025\/10\/impact-bg-1024x702.png","contentUrl":"https:\/\/www.cos-sco.ca\/wp-content\/uploads\/2025\/10\/impact-bg-1024x702.png"},{"@type":"BreadcrumbList","@id":"https:\/\/www.cos-sco.ca\/fr\/communications\/eyecan-podcast\/#breadcrumb","itemListElement":[{"@type":"ListItem","position":1,"name":"Home","item":"https:\/\/www.cos-sco.ca\/fr\/"},{"@type":"ListItem","position":2,"name":"EyeCan Podcast"}]},{"@type":"WebSite","@id":"https:\/\/www.cos-sco.ca\/fr\/#website","url":"https:\/\/www.cos-sco.ca\/fr\/","name":"COS-SCO","description":"","publisher":{"@id":"https:\/\/www.cos-sco.ca\/fr\/#organization"},"potentialAction":[{"@type":"SearchAction","target":{"@type":"EntryPoint","urlTemplate":"https:\/\/www.cos-sco.ca\/fr\/?s={search_term_string}"},"query-input":{"@type":"PropertyValueSpecification","valueRequired":true,"valueName":"search_term_string"}}],"inLanguage":"fr-FR"},{"@type":"Organization","@id":"https:\/\/www.cos-sco.ca\/fr\/#organization","name":"COS-SCO","url":"https:\/\/www.cos-sco.ca\/fr\/","logo":{"@type":"ImageObject","inLanguage":"fr-FR","@id":"https:\/\/www.cos-sco.ca\/fr\/#\/schema\/logo\/image\/","url":"https:\/\/www.cos-sco.ca\/wp-content\/uploads\/2025\/10\/logo.png","contentUrl":"https:\/\/www.cos-sco.ca\/wp-content\/uploads\/2025\/10\/logo.png","width":316,"height":180,"caption":"COS-SCO"},"image":{"@id":"https:\/\/www.cos-sco.ca\/fr\/#\/schema\/logo\/image\/"}}]}},"_links":{"self":[{"href":"https:\/\/www.cos-sco.ca\/fr\/wp-json\/wp\/v2\/pages\/15019","targetHints":{"allow":["GET"]}}],"collection":[{"href":"https:\/\/www.cos-sco.ca\/fr\/wp-json\/wp\/v2\/pages"}],"about":[{"href":"https:\/\/www.cos-sco.ca\/fr\/wp-json\/wp\/v2\/types\/page"}],"author":[{"embeddable":true,"href":"https:\/\/www.cos-sco.ca\/fr\/wp-json\/wp\/v2\/users\/5"}],"replies":[{"embeddable":true,"href":"https:\/\/www.cos-sco.ca\/fr\/wp-json\/wp\/v2\/comments?post=15019"}],"version-history":[{"count":4,"href":"https:\/\/www.cos-sco.ca\/fr\/wp-json\/wp\/v2\/pages\/15019\/revisions"}],"predecessor-version":[{"id":16782,"href":"https:\/\/www.cos-sco.ca\/fr\/wp-json\/wp\/v2\/pages\/15019\/revisions\/16782"}],"up":[{"embeddable":true,"href":"https:\/\/www.cos-sco.ca\/fr\/wp-json\/wp\/v2\/pages\/15375"}],"wp:attachment":[{"href":"https:\/\/www.cos-sco.ca\/fr\/wp-json\/wp\/v2\/media?parent=15019"}],"curies":[{"name":"wp","href":"https:\/\/api.w.org\/{rel}","templated":true}]}}