{"id":15011,"date":"2025-11-07T12:06:30","date_gmt":"2025-11-07T17:06:30","guid":{"rendered":"https:\/\/cos-sco.machinedev.ca\/?page_id=15011"},"modified":"2026-03-06T09:55:32","modified_gmt":"2026-03-06T14:55:32","slug":"physician-wellness","status":"publish","type":"page","link":"https:\/\/www.cos-sco.ca\/fr\/advocacy\/physician-wellness\/","title":{"rendered":"Physician Wellness"},"content":{"rendered":"\n<div class=\"wp-block-cover alignfull\" style=\"min-height:343px;aspect-ratio:unset;\"><img loading=\"lazy\" decoding=\"async\" width=\"1024\" height=\"702\" class=\"wp-block-cover__image-background wp-image-208 size-large\" alt=\"\" src=\"https:\/\/www.cos-sco.ca\/wp-content\/uploads\/2025\/10\/impact-bg-1024x702.png\" data-object-fit=\"cover\" srcset=\"https:\/\/www.cos-sco.ca\/wp-content\/uploads\/2025\/10\/impact-bg-1024x702.png 1024w, https:\/\/www.cos-sco.ca\/wp-content\/uploads\/2025\/10\/impact-bg-300x206.png 300w, https:\/\/www.cos-sco.ca\/wp-content\/uploads\/2025\/10\/impact-bg-768x526.png 768w, https:\/\/www.cos-sco.ca\/wp-content\/uploads\/2025\/10\/impact-bg-1536x1052.png 1536w, https:\/\/www.cos-sco.ca\/wp-content\/uploads\/2025\/10\/impact-bg-2048x1403.png 2048w\" sizes=\"auto, (max-width: 1024px) 100vw, 1024px\" \/><span aria-hidden=\"true\" class=\"wp-block-cover__background has-background-dim\" style=\"background-color:#3f4460\"><\/span><div class=\"wp-block-cover__inner-container is-layout-constrained wp-block-cover-is-layout-constrained\">\n<h1 class=\"wp-block-heading has-text-align-center\">Sant\u00e9 et bien-\u00eatre des m\u00e9decins<\/h1>\n<\/div><\/div>\n\n\n<div class=\"yoast-breadcrumbs\"><span><span><a href=\"https:\/\/www.cos-sco.ca\/fr\/\">Home<\/a><\/span> \/ <span class=\"breadcrumb_last\" aria-current=\"page\">Physician Wellness<\/span><\/span><\/div>\n\n\n<div style=\"height:25px\" aria-hidden=\"true\" class=\"wp-block-spacer\"><\/div>\n\n\n\n<p>L\u2019\u00e9puisement et la d\u00e9pression dans le milieu m\u00e9dical deviennent de plus en plus courants. La SCO a pr\u00e9par\u00e9 la liste ci-dessous, qui offre \u00e0 nos membres un soutien sur des ressources th\u00e9matiques incluant des webinaires, des cours, des articles, des livres et plus.<\/p>\n\n\n\n<p>M\u00eame si nous faisons tous face \u00e0 des difficult\u00e9s \u00e0 diff\u00e9rents degr\u00e9s, notre culture du silence en m\u00e9decine nous emp\u00eache souvent de partager ouvertement ce que nous vivons. Toutefois, le fait de nous exprimer nous donne non seulement l\u2019occasion d\u2019obtenir de l\u2019aide, mais aide \u00e9galement d\u2019autres personnes qui pourraient h\u00e9siter \u00e0 faire part de ce qu\u2019elles vivent en leur rappelant qu\u2019elles ne sont pas seules.<\/p>\n\n\n\n<p>Si vous avez des pens\u00e9es et des comportements d\u00e9pressifs ou suicidaires, il est important de savoir qu\u2019une aide imm\u00e9diate est \u00e0 votre disposition 24 heures sur 24.&nbsp;<a href=\"https:\/\/fr.suicideprevention.ca\/ressources\/\" target=\"_blank\" rel=\"noreferrer noopener\">Cliquez ici<\/a>&nbsp;pour trouver un centre de crise pr\u00e8s de chez vous et recevoir le soutien dont vous avez besoin.<\/p>\n\n\n\n<div style=\"height:25px\" aria-hidden=\"true\" class=\"wp-block-spacer\"><\/div>\n\n\n\n<h3 class=\"wp-block-heading\">Ressources<\/h3>\n\n\n\n<div class=\"wp-block-group is-layout-constrained wp-block-group-is-layout-constrained\">\n<div class=\"wp-block-columns is-layout-flex wp-container-core-columns-is-layout-28f84493 wp-block-columns-is-layout-flex\">\n<div class=\"wp-block-column is-layout-flow wp-block-column-is-layout-flow\">\n<details class=\"wp-block-details is-layout-flow wp-block-details-is-layout-flow\"><summary><strong>Sachez reconna\u00eetre votre ennemi<\/strong><\/summary>\n<p>Cet article examine les causes fondamentales de l\u2019\u00e9puisement professionnel et propose des solutions pratiques pour renforcer la r\u00e9silience chez les stagiaires.<\/p>\n\n\n\n<p><a href=\"https:\/\/www.escrs.org\/channels\/eurotimes-articles\/know-thy-enemy\/\" target=\"_blank\" rel=\"noreferrer noopener\">Lire l&rsquo;article<\/a><\/p>\n<\/details>\n\n\n\n<details class=\"wp-block-details is-layout-flow wp-block-details-is-layout-flow\"><summary><strong>Pamela Wible, MD (en anglais seulement)<\/strong><\/summary>\n<p>M\u00e9decin et auteure qui plaide en faveur du bien-\u00eatre des professionnels de la sant\u00e9 et des patients, et qui aborde principalement le suicide chez les m\u00e9decins.<\/p>\n\n\n\n<p><a href=\"https:\/\/www.idealmedicalcare.org\/\" target=\"_blank\" rel=\"noreferrer noopener\">En savoir plus<\/a><\/p>\n<\/details>\n\n\n\n<details class=\"wp-block-details is-layout-flow wp-block-details-is-layout-flow\"><summary><strong>Association m\u00e9dicale canadienne<br>Une nouvelle \u00e8re pour la sant\u00e9 et le bien-\u00eatre des m\u00e9decins<\/strong><\/summary>\n<p>Un carrefour pour des ressources sur le bien-\u00eatre des m\u00e9decins, incluant des articles, des webinaires et des outils pour la promotion du bien-\u00eatre et abordant l\u2019\u00e9puisement professionnel et d\u2019autres d\u00e9fis.<\/p>\n\n\n\n<p><a href=\"https:\/\/www.cma.ca\/fr\/carrefour-bien-etre-medecins\" target=\"_blank\" rel=\"noreferrer noopener\">En savoir plus<\/a><\/p>\n<\/details>\n\n\n\n<details class=\"wp-block-details is-layout-flow wp-block-details-is-layout-flow\"><summary><strong>Soci\u00e9t\u00e9 canadienne de psychologie<\/strong><\/summary>\n<p>Recueil de fiches de renseignements sur diff\u00e9rents sujets se rapportant \u00e0 la sant\u00e9 mentale, incluant la d\u00e9pression, l\u2019anxi\u00e9t\u00e9 et le stress, r\u00e9dig\u00e9es par des experts en psychologie.<\/p>\n\n\n\n<p><a href=\"https:\/\/cpa.ca\/fr\/lapsychologiepeutvousaider\/\" target=\"_blank\" rel=\"noreferrer noopener\">En savoir plus<\/a><\/p>\n<\/details>\n\n\n\n<details class=\"wp-block-details is-layout-flow wp-block-details-is-layout-flow\"><summary><strong>\u00c7a va pas aujourd\u2019hui<\/strong><\/summary>\n<p>Initiative de sant\u00e9 mentale en milieu de travail qui fournit des outils et des ressources \u00e0 l\u2019intention des organisations pour promouvoir la sant\u00e9 mentale et r\u00e9duire la stigmatisation.<\/p>\n\n\n\n<p><a href=\"https:\/\/cavapasaujourdhui.ca\/fr\/\" target=\"_blank\" rel=\"noreferrer noopener\">En savoir plus<\/a><\/p>\n<\/details>\n\n\n\n<details class=\"wp-block-details is-layout-flow wp-block-details-is-layout-flow\"><summary><strong>Soutien et ressources en sant\u00e9 mentale du gouvernement du Canada<\/strong><\/summary>\n<p>Ici, vous pouvez acc\u00e9der \u00e0 des ressources de soutien en situation de crise du gouvernement du Canada, par exemple la ligne d\u2019aide 9-8-8 en cas de crise suicidaire, une assistance provinciale ou territoriale, des services de sant\u00e9 mentale, au service Espace mieux-\u00eatre Canada et de l\u2019aide sp\u00e9cialis\u00e9e pour les membres des Premi\u00e8res Nations, les Inuits et les M\u00e9tis ainsi que pour les jeunes.<\/p>\n\n\n\n<p><a href=\"https:\/\/www.canada.ca\/fr\/sante-publique\/services\/services-sante-mentale\/sante-mentale-obtenir-aide.html\" target=\"_blank\" rel=\"noreferrer noopener\">En savoir plus<\/a><\/p>\n<\/details>\n<\/div>\n\n\n\n<div class=\"wp-block-column is-layout-flow wp-block-column-is-layout-flow\">\n<details class=\"wp-block-details is-layout-flow wp-block-details-is-layout-flow\"><summary><strong>Kevin MD (KevinMD.com) (en anglais seulement)<\/strong><\/summary>\n<p>Recueil d\u2019articles et de publications de blogues sur le suicide chez les m\u00e9decins et questions connexes, r\u00e9dig\u00e9s par diff\u00e9rents professionnels de la sant\u00e9.<\/p>\n\n\n\n<p><a href=\"https:\/\/www.kevinmd.com\/?s=Physician+suicide\" target=\"_blank\" rel=\"noreferrer noopener\">En savoir plus<\/a><\/p>\n<\/details>\n\n\n\n<details class=\"wp-block-details is-layout-flow wp-block-details-is-layout-flow\"><summary><strong>Nina Ahuja, MD FRCSC<br>Docs in Leadership<\/strong><\/summary>\n<p>Communaut\u00e9 en ligne \u00e0 l\u2019intention des m\u00e9decins qui s\u2019int\u00e9ressent au d\u00e9veloppement du leadership, \u00e0 l\u2019intelligence \u00e9motionnelle, \u00e0 l\u2019\u00e9ducation et \u00e0 l\u2019avancement professionnel.<\/p>\n\n\n\n<p><a href=\"https:\/\/www.docsinleadership.com\/\" target=\"_blank\" rel=\"noreferrer noopener\">En savoir plus<\/a><\/p>\n<\/details>\n\n\n\n<details class=\"wp-block-details is-layout-flow wp-block-details-is-layout-flow\"><summary><strong>Association m\u00e9dicale canadienne<br>Stigmatisation et suicide chez les m\u00e9decins<\/strong><\/summary>\n<p>Guide sur la pr\u00e9vention du suicide chez les m\u00e9decins (signes, facteurs de risque, cons\u00e9quences) et survol des mesures syst\u00e9miques et individuelles n\u00e9cessaires \u00e0 celle-ci.<\/p>\n\n\n\n<p><a href=\"https:\/\/www.cma.ca\/fr\/carrefour-bien-etre-medecins\/contenu\/stigmatisation-et-suicide-chez-les-medecins\" target=\"_blank\" rel=\"noreferrer noopener\">En savoir plus<\/a><\/p>\n<\/details>\n\n\n\n<details class=\"wp-block-details is-layout-flow wp-block-details-is-layout-flow\"><summary><strong>Association canadienne de sant\u00e9 mentale : Sant\u00e9 mentale en milieu de travail<\/strong><\/summary>\n<p>Programme visant \u00e0 promouvoir la sant\u00e9 mentale en milieu de travail qui offre des ressources et des outils \u00e0 l\u2019intention des employeurs et des employ\u00e9s.<\/p>\n\n\n\n<p><a href=\"https:\/\/cmha.ca\/fr\/ce-que-nous-faisons\/programmes-nationaux\/sante-mental-en-milieu-de-travail\/\" target=\"_blank\" rel=\"noreferrer noopener\">En savoir plus<\/a><\/p>\n<\/details>\n\n\n\n<details class=\"wp-block-details is-layout-flow wp-block-details-is-layout-flow\"><summary><strong>Envisager un Canada sans suicide<\/strong><\/summary>\n<p>Initiative de pr\u00e9vention du suicide qui vise \u00e0 sensibiliser, \u00e0 fournir de l\u2019\u00e9ducation et des ressources et \u00e0 promouvoir l\u2019action pour pr\u00e9venir le suicide et soutenir ceux qui sont touch\u00e9s par le suicide.<\/p>\n\n\n\n<p><a href=\"https:\/\/fr.suicideprevention.ca\/\" target=\"_blank\" rel=\"noreferrer noopener\">En savoir plus<\/a><\/p>\n<\/details>\n<\/div>\n<\/div>\n<\/div>\n\n\n\n<h3 class=\"wp-block-heading\">Vid\u00e9o<\/h3>\n\n\n\n<div class=\"wp-block-group is-layout-flow wp-block-group-is-layout-flow\">\n<div class=\"wp-block-columns is-layout-flex wp-container-core-columns-is-layout-28f84493 wp-block-columns-is-layout-flex\">\n<div class=\"wp-block-column is-layout-flow wp-block-column-is-layout-flow\">\n<details class=\"wp-block-details is-layout-flow wp-block-details-is-layout-flow\"><summary><strong>Comment obtenir une aide confidentielle en sant\u00e9 mentale<\/strong><\/summary>\n<p>13 conseils \u00e0 l\u2019intention des m\u00e9decins d\u00e9pressifs ayant besoin de soins confidentiels en sant\u00e9 mentale.<\/p>\n\n\n\n<p><a href=\"https:\/\/www.idealmedicalcare.org\/depressed-doctor-how-to-get-confidential-mental-health-help-for-physicians\/\" target=\"_blank\" rel=\"noreferrer noopener\">Visionner maintenant<\/a><\/p>\n<\/details>\n<\/div>\n\n\n\n<div class=\"wp-block-column is-layout-flow wp-block-column-is-layout-flow\">\n<details class=\"wp-block-details is-layout-flow wp-block-details-is-layout-flow\"><summary><strong>\u00ab Retirer le masque \u00bb \u2013 Congr\u00e8s am\u00e9ricain de chirurgie, Allocution de la pr\u00e9sidence<\/strong><\/summary>\n<p>Dre Carrie Cunningham discute de la crise en sant\u00e9 mentale qui touche notre communaut\u00e9 et fait part de ses r\u00e9flexions sur ses exp\u00e9riences v\u00e9cues (pr\u00e9sent\u00e9 en anglais).<\/p>\n\n\n\n<p><a href=\"https:\/\/www.youtube.com\/watch?v=JaNBH4UPHv4\" target=\"_blank\" rel=\"noreferrer noopener\">Visionner maintenant<\/a><\/p>\n<\/details>\n<\/div>\n<\/div>\n<\/div>\n\n\n\n<h3 class=\"wp-block-heading\">Balados<\/h3>\n\n\n\n<div class=\"wp-block-group is-layout-flow wp-block-group-is-layout-flow\">\n<div class=\"wp-block-columns is-layout-flex wp-container-core-columns-is-layout-28f84493 wp-block-columns-is-layout-flex\">\n<div class=\"wp-block-column is-layout-flow wp-block-column-is-layout-flow\">\n<details class=\"wp-block-details is-layout-flow wp-block-details-is-layout-flow\"><summary><strong>Balado EyeCan Podcast \u2013 Bien-\u00eatre des m\u00e9decins avec la Dre Nina Ahuja (en anglais seulement)<\/strong><\/summary>\n<p>La Dre Nina Ahuja, m\u00e9decin, partage des conseils et astuces pratiques sur la fa\u00e7on de g\u00e9rer le stress, la conciliation travail-vie personnelle et l\u2019\u00e9panouissement dans la profession m\u00e9dicale.<\/p>\n\n\n\n<p><a href=\"https:\/\/podcasts.apple.com\/ca\/podcast\/eyecan-season-1-episode-6-physician-wellness-w-guest\/id1541770048?i=1000506576306\" target=\"_blank\" rel=\"noreferrer noopener\">\u00c9couter maintenant<\/a><\/p>\n<\/details>\n\n\n\n<details class=\"wp-block-details is-layout-flow wp-block-details-is-layout-flow\"><summary><strong>Balado EyeCan \u2013 Pleine conscience et bien-\u00eatre des m\u00e9decins avec la Dre Agnes Wong (en anglais seulement)<\/strong><\/summary>\n<p>La Dre Agnes Wong explique en quoi la pleine conscience peut contribuer \u00e0 r\u00e9duire le stress, \u00e0 am\u00e9liorer la concentration et \u00e0 rehausser le bien-\u00eatre g\u00e9n\u00e9ral en proposant des conseils pratiques sur la fa\u00e7on d\u2019int\u00e9grer la pleine conscience \u00e0 la vie quotidienne.<\/p>\n\n\n\n<p><a href=\"https:\/\/podcasts.apple.com\/ca\/podcast\/eyecan-season-2-episode-10-mindfulness-and-physician\/id1541770048?i=1000555461219\" target=\"_blank\" rel=\"noreferrer noopener\">\u00c9couter maintenant<\/a><\/p>\n<\/details>\n<\/div>\n<\/div>\n\n\n\n<div class=\"wp-block-column is-layout-flow wp-block-column-is-layout-flow\">\n<details class=\"wp-block-details is-layout-flow wp-block-details-is-layout-flow\"><summary><strong>Balado EyeCan \u2013 Sant\u00e9 et bien-\u00eatre des m\u00e9decins avec la Dre Susan Biali Haas (en anglais seulement)<\/strong><\/summary>\n<p>La Dre Susan Biali Haas, m\u00e9decin et experte en bien-\u00eatre, propose des strat\u00e9gies pratiques pour favoriser l\u2019autogestion de sa sant\u00e9, la r\u00e9silience et le bien-\u00eatre \u00e9motionnel en s\u2019appuyant sur sa propre histoire d\u2019\u00e9puisement professionnel et de r\u00e9tablissement.<\/p>\n\n\n\n<p><a href=\"https:\/\/podcasts.apple.com\/ca\/podcast\/eyecan-season-3-episode-6-physician-health-and\/id1541770048?i=1000602105695\" target=\"_blank\" rel=\"noreferrer noopener\">\u00c9couter maintenant<\/a><\/p>\n<\/details>\n<\/div>\n<\/div>\n\n\n<\/div>\n<p><!-- \/wp:post-content --><\/p>","protected":false},"excerpt":{"rendered":"<p>L\u2019\u00e9puisement et la d\u00e9pression dans le milieu m\u00e9dical deviennent de plus en plus courants. La SCO a pr\u00e9par\u00e9 la liste ci-dessous, qui offre \u00e0 nos membres un soutien sur des ressources th\u00e9matiques incluant des webinaires, des cours, des articles, des livres et plus. M\u00eame si nous faisons tous face \u00e0 des difficult\u00e9s \u00e0 diff\u00e9rents degr\u00e9s, [&hellip;]<\/p>\n","protected":false},"author":5,"featured_media":0,"parent":15373,"menu_order":0,"comment_status":"closed","ping_status":"closed","template":"","meta":{"footnotes":""},"class_list":["post-15011","page","type-page","status-publish","hentry"],"yoast_head":"<!-- This site is optimized with the Yoast SEO plugin v27.4 - https:\/\/yoast.com\/product\/yoast-seo-wordpress\/ -->\n<title>Physician Wellness - COS-SCO<\/title>\n<meta name=\"robots\" content=\"index, follow, max-snippet:-1, max-image-preview:large, max-video-preview:-1\" \/>\n<link rel=\"canonical\" href=\"https:\/\/www.cos-sco.ca\/fr\/advocacy\/physician-wellness\/\" \/>\n<meta property=\"og:locale\" content=\"fr_FR\" \/>\n<meta property=\"og:type\" content=\"article\" \/>\n<meta property=\"og:title\" content=\"Physician Wellness - COS-SCO\" \/>\n<meta property=\"og:description\" content=\"L\u2019\u00e9puisement et la d\u00e9pression dans le milieu m\u00e9dical deviennent de plus en plus courants. La SCO a pr\u00e9par\u00e9 la liste ci-dessous, qui offre \u00e0 nos membres un soutien sur des ressources th\u00e9matiques incluant des webinaires, des cours, des articles, des livres et plus. M\u00eame si nous faisons tous face \u00e0 des difficult\u00e9s \u00e0 diff\u00e9rents degr\u00e9s, [&hellip;]\" \/>\n<meta property=\"og:url\" content=\"https:\/\/www.cos-sco.ca\/fr\/advocacy\/physician-wellness\/\" \/>\n<meta property=\"og:site_name\" content=\"COS-SCO\" \/>\n<meta property=\"article:modified_time\" content=\"2026-03-06T14:55:32+00:00\" \/>\n<meta property=\"og:image\" content=\"https:\/\/www.cos-sco.ca\/wp-content\/uploads\/2025\/10\/impact-bg-1024x702.png\" \/>\n<meta name=\"twitter:card\" content=\"summary_large_image\" \/>\n<meta name=\"twitter:label1\" content=\"Dur\u00e9e de lecture estim\u00e9e\" \/>\n\t<meta name=\"twitter:data1\" content=\"4 minutes\" \/>\n<script type=\"application\/ld+json\" class=\"yoast-schema-graph\">{\"@context\":\"https:\\\/\\\/schema.org\",\"@graph\":[{\"@type\":\"WebPage\",\"@id\":\"https:\\\/\\\/www.cos-sco.ca\\\/fr\\\/advocacy\\\/physician-wellness\\\/\",\"url\":\"https:\\\/\\\/www.cos-sco.ca\\\/fr\\\/advocacy\\\/physician-wellness\\\/\",\"name\":\"Physician Wellness - COS-SCO\",\"isPartOf\":{\"@id\":\"https:\\\/\\\/www.cos-sco.ca\\\/fr\\\/#website\"},\"primaryImageOfPage\":{\"@id\":\"https:\\\/\\\/www.cos-sco.ca\\\/fr\\\/advocacy\\\/physician-wellness\\\/#primaryimage\"},\"image\":{\"@id\":\"https:\\\/\\\/www.cos-sco.ca\\\/fr\\\/advocacy\\\/physician-wellness\\\/#primaryimage\"},\"thumbnailUrl\":\"https:\\\/\\\/www.cos-sco.ca\\\/wp-content\\\/uploads\\\/2025\\\/10\\\/impact-bg-1024x702.png\",\"datePublished\":\"2025-11-07T17:06:30+00:00\",\"dateModified\":\"2026-03-06T14:55:32+00:00\",\"breadcrumb\":{\"@id\":\"https:\\\/\\\/www.cos-sco.ca\\\/fr\\\/advocacy\\\/physician-wellness\\\/#breadcrumb\"},\"inLanguage\":\"fr-FR\",\"potentialAction\":[{\"@type\":\"ReadAction\",\"target\":[\"https:\\\/\\\/www.cos-sco.ca\\\/fr\\\/advocacy\\\/physician-wellness\\\/\"]}]},{\"@type\":\"ImageObject\",\"inLanguage\":\"fr-FR\",\"@id\":\"https:\\\/\\\/www.cos-sco.ca\\\/fr\\\/advocacy\\\/physician-wellness\\\/#primaryimage\",\"url\":\"https:\\\/\\\/www.cos-sco.ca\\\/wp-content\\\/uploads\\\/2025\\\/10\\\/impact-bg-1024x702.png\",\"contentUrl\":\"https:\\\/\\\/www.cos-sco.ca\\\/wp-content\\\/uploads\\\/2025\\\/10\\\/impact-bg-1024x702.png\"},{\"@type\":\"BreadcrumbList\",\"@id\":\"https:\\\/\\\/www.cos-sco.ca\\\/fr\\\/advocacy\\\/physician-wellness\\\/#breadcrumb\",\"itemListElement\":[{\"@type\":\"ListItem\",\"position\":1,\"name\":\"Home\",\"item\":\"https:\\\/\\\/www.cos-sco.ca\\\/fr\\\/\"},{\"@type\":\"ListItem\",\"position\":2,\"name\":\"Physician Wellness\"}]},{\"@type\":\"WebSite\",\"@id\":\"https:\\\/\\\/www.cos-sco.ca\\\/fr\\\/#website\",\"url\":\"https:\\\/\\\/www.cos-sco.ca\\\/fr\\\/\",\"name\":\"COS-SCO\",\"description\":\"\",\"publisher\":{\"@id\":\"https:\\\/\\\/www.cos-sco.ca\\\/fr\\\/#organization\"},\"potentialAction\":[{\"@type\":\"SearchAction\",\"target\":{\"@type\":\"EntryPoint\",\"urlTemplate\":\"https:\\\/\\\/www.cos-sco.ca\\\/fr\\\/?s={search_term_string}\"},\"query-input\":{\"@type\":\"PropertyValueSpecification\",\"valueRequired\":true,\"valueName\":\"search_term_string\"}}],\"inLanguage\":\"fr-FR\"},{\"@type\":\"Organization\",\"@id\":\"https:\\\/\\\/www.cos-sco.ca\\\/fr\\\/#organization\",\"name\":\"COS-SCO\",\"url\":\"https:\\\/\\\/www.cos-sco.ca\\\/fr\\\/\",\"logo\":{\"@type\":\"ImageObject\",\"inLanguage\":\"fr-FR\",\"@id\":\"https:\\\/\\\/www.cos-sco.ca\\\/fr\\\/#\\\/schema\\\/logo\\\/image\\\/\",\"url\":\"https:\\\/\\\/www.cos-sco.ca\\\/wp-content\\\/uploads\\\/2025\\\/10\\\/logo.png\",\"contentUrl\":\"https:\\\/\\\/www.cos-sco.ca\\\/wp-content\\\/uploads\\\/2025\\\/10\\\/logo.png\",\"width\":316,\"height\":180,\"caption\":\"COS-SCO\"},\"image\":{\"@id\":\"https:\\\/\\\/www.cos-sco.ca\\\/fr\\\/#\\\/schema\\\/logo\\\/image\\\/\"}}]}<\/script>\n<!-- \/ Yoast SEO plugin. -->","yoast_head_json":{"title":"Physician Wellness - COS-SCO","robots":{"index":"index","follow":"follow","max-snippet":"max-snippet:-1","max-image-preview":"max-image-preview:large","max-video-preview":"max-video-preview:-1"},"canonical":"https:\/\/www.cos-sco.ca\/fr\/advocacy\/physician-wellness\/","og_locale":"fr_FR","og_type":"article","og_title":"Physician Wellness - COS-SCO","og_description":"L\u2019\u00e9puisement et la d\u00e9pression dans le milieu m\u00e9dical deviennent de plus en plus courants. La SCO a pr\u00e9par\u00e9 la liste ci-dessous, qui offre \u00e0 nos membres un soutien sur des ressources th\u00e9matiques incluant des webinaires, des cours, des articles, des livres et plus. M\u00eame si nous faisons tous face \u00e0 des difficult\u00e9s \u00e0 diff\u00e9rents degr\u00e9s, [&hellip;]","og_url":"https:\/\/www.cos-sco.ca\/fr\/advocacy\/physician-wellness\/","og_site_name":"COS-SCO","article_modified_time":"2026-03-06T14:55:32+00:00","og_image":[{"url":"https:\/\/www.cos-sco.ca\/wp-content\/uploads\/2025\/10\/impact-bg-1024x702.png","type":"","width":"","height":""}],"twitter_card":"summary_large_image","twitter_misc":{"Dur\u00e9e de lecture estim\u00e9e":"4 minutes"},"schema":{"@context":"https:\/\/schema.org","@graph":[{"@type":"WebPage","@id":"https:\/\/www.cos-sco.ca\/fr\/advocacy\/physician-wellness\/","url":"https:\/\/www.cos-sco.ca\/fr\/advocacy\/physician-wellness\/","name":"Physician Wellness - COS-SCO","isPartOf":{"@id":"https:\/\/www.cos-sco.ca\/fr\/#website"},"primaryImageOfPage":{"@id":"https:\/\/www.cos-sco.ca\/fr\/advocacy\/physician-wellness\/#primaryimage"},"image":{"@id":"https:\/\/www.cos-sco.ca\/fr\/advocacy\/physician-wellness\/#primaryimage"},"thumbnailUrl":"https:\/\/www.cos-sco.ca\/wp-content\/uploads\/2025\/10\/impact-bg-1024x702.png","datePublished":"2025-11-07T17:06:30+00:00","dateModified":"2026-03-06T14:55:32+00:00","breadcrumb":{"@id":"https:\/\/www.cos-sco.ca\/fr\/advocacy\/physician-wellness\/#breadcrumb"},"inLanguage":"fr-FR","potentialAction":[{"@type":"ReadAction","target":["https:\/\/www.cos-sco.ca\/fr\/advocacy\/physician-wellness\/"]}]},{"@type":"ImageObject","inLanguage":"fr-FR","@id":"https:\/\/www.cos-sco.ca\/fr\/advocacy\/physician-wellness\/#primaryimage","url":"https:\/\/www.cos-sco.ca\/wp-content\/uploads\/2025\/10\/impact-bg-1024x702.png","contentUrl":"https:\/\/www.cos-sco.ca\/wp-content\/uploads\/2025\/10\/impact-bg-1024x702.png"},{"@type":"BreadcrumbList","@id":"https:\/\/www.cos-sco.ca\/fr\/advocacy\/physician-wellness\/#breadcrumb","itemListElement":[{"@type":"ListItem","position":1,"name":"Home","item":"https:\/\/www.cos-sco.ca\/fr\/"},{"@type":"ListItem","position":2,"name":"Physician Wellness"}]},{"@type":"WebSite","@id":"https:\/\/www.cos-sco.ca\/fr\/#website","url":"https:\/\/www.cos-sco.ca\/fr\/","name":"COS-SCO","description":"","publisher":{"@id":"https:\/\/www.cos-sco.ca\/fr\/#organization"},"potentialAction":[{"@type":"SearchAction","target":{"@type":"EntryPoint","urlTemplate":"https:\/\/www.cos-sco.ca\/fr\/?s={search_term_string}"},"query-input":{"@type":"PropertyValueSpecification","valueRequired":true,"valueName":"search_term_string"}}],"inLanguage":"fr-FR"},{"@type":"Organization","@id":"https:\/\/www.cos-sco.ca\/fr\/#organization","name":"COS-SCO","url":"https:\/\/www.cos-sco.ca\/fr\/","logo":{"@type":"ImageObject","inLanguage":"fr-FR","@id":"https:\/\/www.cos-sco.ca\/fr\/#\/schema\/logo\/image\/","url":"https:\/\/www.cos-sco.ca\/wp-content\/uploads\/2025\/10\/logo.png","contentUrl":"https:\/\/www.cos-sco.ca\/wp-content\/uploads\/2025\/10\/logo.png","width":316,"height":180,"caption":"COS-SCO"},"image":{"@id":"https:\/\/www.cos-sco.ca\/fr\/#\/schema\/logo\/image\/"}}]}},"_links":{"self":[{"href":"https:\/\/www.cos-sco.ca\/fr\/wp-json\/wp\/v2\/pages\/15011","targetHints":{"allow":["GET"]}}],"collection":[{"href":"https:\/\/www.cos-sco.ca\/fr\/wp-json\/wp\/v2\/pages"}],"about":[{"href":"https:\/\/www.cos-sco.ca\/fr\/wp-json\/wp\/v2\/types\/page"}],"author":[{"embeddable":true,"href":"https:\/\/www.cos-sco.ca\/fr\/wp-json\/wp\/v2\/users\/5"}],"replies":[{"embeddable":true,"href":"https:\/\/www.cos-sco.ca\/fr\/wp-json\/wp\/v2\/comments?post=15011"}],"version-history":[{"count":5,"href":"https:\/\/www.cos-sco.ca\/fr\/wp-json\/wp\/v2\/pages\/15011\/revisions"}],"predecessor-version":[{"id":16780,"href":"https:\/\/www.cos-sco.ca\/fr\/wp-json\/wp\/v2\/pages\/15011\/revisions\/16780"}],"up":[{"embeddable":true,"href":"https:\/\/www.cos-sco.ca\/fr\/wp-json\/wp\/v2\/pages\/15373"}],"wp:attachment":[{"href":"https:\/\/www.cos-sco.ca\/fr\/wp-json\/wp\/v2\/media?parent=15011"}],"curies":[{"name":"wp","href":"https:\/\/api.w.org\/{rel}","templated":true}]}}